{"id":13665,"date":"2020-11-08T23:43:47","date_gmt":"2020-11-08T23:43:47","guid":{"rendered":"https:\/\/www.steinberglawfirm.com\/?page_id=13665"},"modified":"2023-01-03T23:39:11","modified_gmt":"2023-01-03T23:39:11","slug":"motorcycle-accident-lawyer","status":"publish","type":"page","link":"https:\/\/steinberglawfirm-staging.clmcloud.app\/es\/ubicaciones\/monte-agradable\/abogado-de-accidentes-de-moto\/","title":{"rendered":"Abogado de accidentes de moto en Mt. Pleasant"},"content":{"rendered":"<h1 class=\"wp-block-heading\">Abogado de accidentes de moto en Mt. Pleasant<\/h1>\n\n\n\n<h2 class=\"wp-block-heading\">Abogado de accidentes de moto en Mt. Pleasant, South Carolina<\/h2>\n\n\n\n<p>Las motocicletas son muy apreciadas por la sensaci\u00f3n de libertad que proporcionan, pero tambi\u00e9n conllevan riesgos para los conductores. El peque\u00f1o tama\u00f1o de las motocicletas hace que sean dif\u00edciles de detectar entre el resto del tr\u00e1fico en la carretera, lo que significa que los accidentes son inevitables. Los motoristas est\u00e1n poco protegidos si se ven implicados en una colisi\u00f3n. Es posible que sufran traumatismos craneales y otras lesiones graves, e incluso la muerte en algunos casos. <a href=\"https:\/\/www.steinberglawfirm.com\/practice-areas\/motorcycle-accidents\/\" target=\"_blank\" rel=\"noopener\">Si ha sufrido lesiones en un accidente de moto debido a la negligencia de otra persona<\/a>puede tener derecho a una indemnizaci\u00f3n.<\/p>\n\n\n\n<p><strong>Estad\u00edsticas de accidentes de moto<\/strong><\/p>\n\n\n\n<p>Seg\u00fan el South Carolina Departamento de Seguridad P\u00fablica, un motociclista muri\u00f3 cada 3,3 d\u00edas en el estado en 2018. Se reportaron 1,938 accidentes de motocicleta, en los cuales 114 personas murieron y 1,641 resultaron heridas. Se produjeron da\u00f1os materiales en 405 casos.<\/p>\n\n\n\n<p>En el 60,5 por ciento de los accidentes de motocicleta, otros veh\u00edculos contribuyeron a la colisi\u00f3n. En el condado de Charleston, donde se encuentra Mt. Pleasant, hubo 195 v\u00edctimas de accidentes de motocicleta en 2018.<\/p>\n\n\n\n<p>Poco m\u00e1s del 4% de los motociclistas de 20 a\u00f1os o menos implicados en un accidente de moto utilizaban el casco. El uso del casco aument\u00f3 a cerca del 38% para los mayores de 21 a\u00f1os. El casco no se utiliz\u00f3 en alrededor del 35% de las colisiones de motocicletas.<\/p>\n\n\n\n<p><strong>Recuperaci\u00f3n de da\u00f1os tras un accidente de moto<\/strong><\/p>\n\n\n\n<p>Si se ha visto perjudicado en un accidente de moto por la negligencia de otra persona, puede obtener una indemnizaci\u00f3n por sus lesiones y p\u00e9rdidas. El sitio web <a href=\"https:\/\/www.steinberglawfirm.com\/attorney\/\" target=\"_blank\" rel=\"noopener\">abogados de accidentes de moto en Steinberg Law Firm<\/a> se asegurar\u00e1 de que reciba la indemnizaci\u00f3n completa que merece, ya que ser\u00e1 vital para su recuperaci\u00f3n. La indemnizaci\u00f3n consiste en p\u00e9rdidas econ\u00f3micas y no econ\u00f3micas, que incluyen, entre otras, las siguientes:<\/p>\n\n\n\n<p>- Gastos m\u00e9dicos (hospitalizaci\u00f3n, medicaci\u00f3n, rehabilitaci\u00f3n)<br>- Desfiguraci\u00f3n<br>- Da\u00f1os materiales a la motocicleta<br>- P\u00e9rdida de ingresos y potencial de ganancia<br>- Angustia emocional<br>- Dolor y sufrimiento<br>- P\u00e9rdida de consorcio<\/p>\n\n\n\n<p>Los da\u00f1os punitivos pueden ser otorgados por accidentes de motocicleta en Mt. Pleasant en los que una persona fue da\u00f1ada debido a la conducta imprudente de otra persona. Si su ser querido muri\u00f3 en un accidente de motocicleta, <a href=\"https:\/\/www.steinberglawfirm.com\/practice-areas\/wrongful-death\/\" target=\"_blank\" rel=\"noopener\">puede tener derecho a una indemnizaci\u00f3n por muerte por negligencia<\/a>. Los compasivos abogados de accidentes de motocicleta de Steinberg Law Firm pueden ayudarle, sea cual sea su situaci\u00f3n.<\/p>\n\n\n\n<p><strong>Por qu\u00e9 se producen los accidentes de moto<\/strong><\/p>\n\n\n\n<p>Los accidentes de motocicleta pueden ocurrir debido a muchas razones diferentes, pero los conductores negligentes son a menudo encontrados culpables. Una de las principales causas de las colisiones es que los dem\u00e1s conductores no se percatan de la presencia de las motocicletas en la carretera debido a su peque\u00f1o tama\u00f1o en relaci\u00f3n con otros veh\u00edculos. Por ejemplo, una colisi\u00f3n puede ocurrir f\u00e1cilmente si un conductor est\u00e1 distra\u00eddo y no presta atenci\u00f3n a la carretera.<\/p>\n\n\n\n<p>La conducci\u00f3n descuidada puede conducir a accidentes de motocicleta que resultan en lesiones graves o la muerte. Una causa com\u00fan de los accidentes es que un conductor viole el derecho de paso del motociclista. Otras causas son que los conductores no comprueben sus puntos ciegos y que no dejen suficiente espacio a los motociclistas en la carretera.<\/p>\n\n\n\n<p>Otras partes, adem\u00e1s de los conductores, tambi\u00e9n pueden ser responsables de las lesiones por accidente de moto. Los accidentes pueden ocurrir debido a las condiciones inseguras de la carretera si una ciudad no ha realizado el mantenimiento. Un bar que sirvi\u00f3 en exceso a un motorista ebrio que choc\u00f3 con usted tambi\u00e9n puede ser culpable de su accidente de motocicleta. A veces, un fabricante de motocicletas puede ser responsable debido a piezas defectuosas de la moto.<\/p>\n\n\n\n<p>Dependiendo de los detalles de su caso, varias partes pueden tener responsabilidad legal por las lesiones de su accidente de motocicleta. Trabajar con un abogado con experiencia en lesiones personales puede ser la manera m\u00e1s efectiva de hacerlos responsables.<\/p>\n\n\n\n<p><strong>Lesiones comunes en accidentes de moto<\/strong><\/p>\n\n\n\n<p>Las lesiones por accidente de moto suelen ser m\u00e1s importantes que las sufridas en los accidentes de coche porque hay poca protecci\u00f3n entre el motorista y la carretera. Cuando una motocicleta es golpeada por un veh\u00edculo que pesa miles de kilos m\u00e1s, es probable que las lesiones del motociclista sean catastr\u00f3ficas.<\/p>\n\n\n\n<p>Es posible recuperarse de las lesiones sufridas en un accidente de moto, pero los choques graves pueden dejar a las v\u00edctimas con discapacidades permanentes. Estas son algunas de las lesiones m\u00e1s comunes:<\/p>\n\n\n\n<p>- <a href=\"https:\/\/www.steinberglawfirm.com\/personal-injury\/serious-injury-cases\/traumatic-brain-injury\/\" target=\"_blank\" rel=\"noopener\">Lesi\u00f3n cerebral traum\u00e1tica<\/a><br>- Huesos rotos como brazos, piernas o costillas<br>- Da\u00f1os en los tejidos blandos<br>- Da\u00f1os en los \u00f3rganos<br>- <a href=\"https:\/\/www.steinberglawfirm.com\/personal-injury\/head-brain-and-spine-injuries\/spinal-column-injuries\/\" target=\"_blank\" rel=\"noopener\">Lesiones medulares como rotura de espalda o cuello<\/a><br>- Erupci\u00f3n en la carretera<br>- Laceraciones<br>- Fracturas faciales<br>-<a href=\"https:\/\/www.steinberglawfirm.com\/personal-injury\/personal-injury-lawyers\/burn-injury-lawyer\/\" target=\"_blank\" rel=\"noopener\"> Quemaduras<\/a><br>- Par\u00e1lisis<\/p>\n\n\n\n<p>Las lesiones craneales y cerebrales son comunes en los accidentes de motocicleta, siendo la lesi\u00f3n cerebral traum\u00e1tica una de las principales causas de muerte de los motociclistas. Seg\u00fan la ley South Carolina, el casco no es obligatorio a menos que el conductor sea menor de 21 a\u00f1os. Sin embargo, el uso del casco puede reducir el riesgo de sufrir una lesi\u00f3n grave e incluso salvar la vida.<\/p>\n\n\n\n<h4 class=\"wp-block-heading\">C\u00f3mo puede ayudarle un abogado de accidentes de moto en Mt. Pleasant<\/h4>\n\n\n\n<p>Existen importantes l\u00edmites de tiempo para presentar una reclamaci\u00f3n por accidente de moto en South Carolina. Si la reclamaci\u00f3n no se presenta en un plazo de tres a\u00f1os a partir de la fecha de la lesi\u00f3n o la muerte, podr\u00eda perder su derecho a reclamar una indemnizaci\u00f3n. Por lo tanto, es una buena idea ponerse en contacto con un abogado lo antes posible.<\/p>\n\n\n\n<p>En South Carolina, las v\u00edctimas de accidentes deben tener menos del 50 por ciento de la culpa de sus lesiones para poder obtener una indemnizaci\u00f3n. Por esta raz\u00f3n, las compa\u00f1\u00edas de seguros pueden intentar echarle la culpa a usted, alegando que fue responsable de sus lesiones.<\/p>\n\n\n\n<p>Un abogado experimentado en accidentes de motocicleta en Mt. Pleasant puede luchar contra sus intentos de evitar el pago de lo que usted merece. Steinberg Law Firm proteger\u00e1 sus derechos y se asegurar\u00e1 de que sus p\u00e9rdidas no sean infravaloradas con un acuerdo a la baja.<\/p>\n\n\n\n<h3 class=\"wp-block-heading\">P\u00f3ngase en contacto con Steinberg Law Firm hoy mismo para una consulta gratuita<\/h3>\n\n\n\n<p>En <a href=\"https:\/\/www.steinberglawfirm.com\/\" target=\"_blank\" rel=\"noopener\">Steinberg Law Firm<\/a>En el caso de los accidentes de motocicleta, reconocemos el trauma y los desaf\u00edos que surgen al sufrir lesiones graves en un accidente de motocicleta. Nuestros abogados compasivos est\u00e1n aqu\u00ed para ayudarle a obtener una compensaci\u00f3n justa por sus lesiones.<\/p>\n\n\n\n<p>Si no est\u00e1 seguro de tener un caso de accidente de moto, <a href=\"https:\/\/www.steinberglawfirm.com\/contact-us\/\" target=\"_blank\" rel=\"noopener\">podemos escuchar su historia y explicarle sus opciones legales<\/a>. <a href=\"tel:843-720-2800\">Ll\u00e1menos hoy mismo<\/a> para un <a href=\"https:\/\/www.steinberglawfirm.com\/free-consultation\/\" target=\"_blank\" rel=\"noopener\">consulta gratuita<\/a>.<\/p>","protected":false},"excerpt":{"rendered":"<p>Abogado de accidentes de motocicleta en Mt. Pleasant Abogado de accidentes de motocicleta en Mt. Pleasant, South Carolina Las motocicletas son amadas por la sensaci\u00f3n de libertad que proporcionan, sin embargo, tambi\u00e9n vienen con riesgos para los conductores. El peque\u00f1o tama\u00f1o de las motocicletas hace que sean dif\u00edciles de detectar entre el resto del tr\u00e1fico en la carretera, lo que significa que los accidentes est\u00e1n destinados a suceder. Los conductores...<\/p>","protected":false},"author":1,"featured_media":20571,"parent":13451,"menu_order":0,"comment_status":"closed","ping_status":"closed","template":"","meta":{"_acf_changed":false,"footnotes":""},"class_list":["post-13665","page","type-page","status-publish","has-post-thumbnail","hentry"],"acf":[],"_links":{"self":[{"href":"https:\/\/steinberglawfirm-staging.clmcloud.app\/es\/wp-json\/wp\/v2\/pages\/13665"}],"collection":[{"href":"https:\/\/steinberglawfirm-staging.clmcloud.app\/es\/wp-json\/wp\/v2\/pages"}],"about":[{"href":"https:\/\/steinberglawfirm-staging.clmcloud.app\/es\/wp-json\/wp\/v2\/types\/page"}],"author":[{"embeddable":true,"href":"https:\/\/steinberglawfirm-staging.clmcloud.app\/es\/wp-json\/wp\/v2\/users\/1"}],"replies":[{"embeddable":true,"href":"https:\/\/steinberglawfirm-staging.clmcloud.app\/es\/wp-json\/wp\/v2\/comments?post=13665"}],"version-history":[{"count":6,"href":"https:\/\/steinberglawfirm-staging.clmcloud.app\/es\/wp-json\/wp\/v2\/pages\/13665\/revisions"}],"predecessor-version":[{"id":23817,"href":"https:\/\/steinberglawfirm-staging.clmcloud.app\/es\/wp-json\/wp\/v2\/pages\/13665\/revisions\/23817"}],"up":[{"embeddable":true,"href":"https:\/\/steinberglawfirm-staging.clmcloud.app\/es\/wp-json\/wp\/v2\/pages\/13451"}],"wp:featuredmedia":[{"embeddable":true,"href":"https:\/\/steinberglawfirm-staging.clmcloud.app\/es\/wp-json\/wp\/v2\/media\/20571"}],"wp:attachment":[{"href":"https:\/\/steinberglawfirm-staging.clmcloud.app\/es\/wp-json\/wp\/v2\/media?parent=13665"}],"curies":[{"name":"wp","href":"https:\/\/api.w.org\/{rel}","templated":true}]}}