{"id":13662,"date":"2020-11-08T23:39:38","date_gmt":"2020-11-08T23:39:38","guid":{"rendered":"https:\/\/www.steinberglawfirm.com\/?page_id=13662"},"modified":"2023-04-20T23:08:09","modified_gmt":"2023-04-20T23:08:09","slug":"truck-accident-lawyer","status":"publish","type":"page","link":"https:\/\/steinberglawfirm-staging.clmcloud.app\/es\/ubicaciones\/monte-agradable\/camion-accidente-abogado\/","title":{"rendered":"Abogado de accidentes de cami\u00f3n en Mt. Pleasant"},"content":{"rendered":"<h1 class=\"wp-block-heading\">Abogado de accidentes de cami\u00f3n en Mt. Pleasant<\/h1>\n\n\n\n<h2 class=\"wp-block-heading\">Abogado de accidentes de cami\u00f3n en Mt. Pleasant, South Carolina<\/h2>\n\n\n\n<p>Los camiones comerciales tienen el potencial de causar enormes da\u00f1os durante una colisi\u00f3n. Los tractocamiones pesan decenas de miles de libras cuando est\u00e1n completamente cargados. Su gran tama\u00f1o puede amplificar la gravedad de las lesiones y da\u00f1os a la propiedad que una persona sufre en un accidente. Debido a que los accidentes de camiones implican complejas regulaciones de veh\u00edculos comerciales, tener una representaci\u00f3n legal con experiencia es vital. Si usted ha sido lesionado en una colisi\u00f3n con un cami\u00f3n grande, un abogado calificado en accidentes de camiones en Mt. Pleasant puede ayudarle a obtener una compensaci\u00f3n.<\/p>\n\n\n\n<p><strong><a href=\"https:\/\/www.steinberglawfirm.com\/truck-accident-report\/\" target=\"_blank\" rel=\"noopener\">Decenas de miles de personas resultan heridas en accidentes de cami\u00f3n cada a\u00f1o<\/a><\/strong><\/p>\n\n\n\n<p>En 2018, hubo 4,951 personas muertas y alrededor de 151,000 personas heridas en accidentes de camiones en todo el pa\u00eds, marcando un aumento del 1 por ciento en las muertes y un aumento del 2 por ciento en las lesiones desde 2017. Un enorme 72% de las personas que resultaron heridas en accidentes de camiones grandes en 2018 eran ocupantes de otros veh\u00edculos, mientras que el 26% eran ocupantes de camiones. El 2% eran peatones, ciclistas y otros no ocupantes.<\/p>\n\n\n\n<p>En 2018, <a href=\"https:\/\/www.steinberglawfirm.com\/practice-areas\/truck-accidents\/fatal-truck-accidents\/\" target=\"_blank\" rel=\"noopener\">South Carolina ten\u00eda 122 camiones grandes implicados en accidentes mortales<\/a> lo que supuso el 2,5% del total de v\u00edctimas mortales de accidentes de camiones en todo el pa\u00eds. Los accidentes de camiones supusieron el 8,3% de todas las colisiones mortales en el estado ese a\u00f1o, una cifra inferior a la media nacional del 9,4%.<\/p>\n\n\n\n<p><strong>C\u00f3mo puede ayudarle el Steinberg Law Firm<\/strong><\/p>\n\n\n\n<p>Steinberg Law Firm entiende que un accidente de cami\u00f3n puede poner su vida patas arriba, dej\u00e1ndole con montones de facturas m\u00e9dicas. Nuestros abogados de accidentes de cami\u00f3n en Mt. Pleasant se dedican a obtener una compensaci\u00f3n justa por sus lesiones.<\/p>\n\n\n\n<p>Las partes responsables suelen tratar de evitar el pago de su parte de la indemnizaci\u00f3n. Las empresas de transporte tienen grandes equipos de abogados que luchan contra sus casos. Steinberg Law Firm no teme enfrentarse a ellos y hacer que las partes negligentes rindan cuentas de sus actos.<\/p>\n\n\n\n<p><a href=\"https:\/\/www.steinberglawfirm.com\/practice-areas\/truck-accidents\/\" target=\"_blank\" rel=\"noopener\">Nuestros abogados de accidentes de camiones investigar\u00e1n a fondo su accidente<\/a>La investigaci\u00f3n de los accidentes de tr\u00e1fico, la recopilaci\u00f3n de pruebas detalladas y el seguimiento de los testigos. Todo, desde las marcas de derrape en el lugar del accidente hasta la videovigilancia, puede desempe\u00f1ar un papel importante en la elaboraci\u00f3n de su reclamaci\u00f3n. Negociaremos en su nombre y nos prepararemos para el juicio si es necesario.<\/p>\n\n\n\n<p><strong>Indemnizaci\u00f3n por accidente de cami\u00f3n<\/strong><\/p>\n\n\n\n<p>Las v\u00edctimas de accidentes de cami\u00f3n no deber\u00edan tener que soportar la carga financiera resultante de una colisi\u00f3n que no provocaron. Si usted ha sido <a href=\"https:\/\/www.steinberglawfirm.com\/personal-injury\/truck-accidents\/semi-truck-accident-injury-attorney\/\" target=\"_blank\" rel=\"noopener\">herido por un semirremolque<\/a>puede reclamar una indemnizaci\u00f3n a la parte responsable. Estos son algunos de los tipos m\u00e1s comunes de da\u00f1os concedidos en casos de accidentes de cami\u00f3n:<\/p>\n\n\n\n<p>- Gastos m\u00e9dicos, incluyendo hospitalizaci\u00f3n, cirug\u00eda y medicamentos<br>- Da\u00f1os materiales a su veh\u00edculo y a los objetos que se encuentren en su interior<br>- P\u00e9rdida de salario por falta de trabajo durante la recuperaci\u00f3n<br>- P\u00e9rdidas de salario futuras derivadas de una incapacidad de larga duraci\u00f3n<br>- Angustia emocional<br>- Dolor y sufrimiento<\/p>\n\n\n\n<p>Los da\u00f1os punitivos se pueden conceder en casos especialmente graves para castigar a un conductor negligente y a la compa\u00f1\u00eda de camiones por una conducta imprudente, como la conducci\u00f3n en estado de ebriedad. Un abogado especializado en accidentes de cami\u00f3n puede ayudarle a calcular el alcance total de los da\u00f1os que merece.<\/p>\n\n\n\n<p><strong>Causas de los accidentes de cami\u00f3n en Mt. Pleasant<\/strong><\/p>\n\n\n\n<p>La negligencia es a menudo la culpable de los accidentes de camiones. Los conductores de camiones que se distraen o no siguen las normas de seguridad pueden causar colisiones importantes. Las compa\u00f1\u00edas de camiones que no mantienen adecuadamente sus veh\u00edculos crean situaciones peligrosas para los dem\u00e1s en la carretera.<\/p>\n\n\n\n<p>Lo que hace que los accidentes de camiones sean diferentes de otras colisiones de veh\u00edculos de motor es lo grandes que son los camiones y las regulaciones que rigen la industria del transporte. Algunas de las principales causas de los accidentes de camiones incluyen:<\/p>\n\n\n\n<p>- <strong>Negligencia del conductor del cami\u00f3n:<\/strong> La conducci\u00f3n distra\u00edda, la conducci\u00f3n bajo los efectos del alcohol o de las drogas y la conducci\u00f3n temeraria son ejemplos de comportamiento negligente del conductor.<\/p>\n\n\n\n<p>- <strong>Exceso de velocidad:<\/strong> Debido a que los semirremolques son tan pesados, un conductor que viaja a gran velocidad tendr\u00e1 dificultades para detenerse a tiempo cuando intente evitar un choque.<\/p>\n\n\n\n<p>- <strong>El mantenimiento de los camiones es deficiente:<\/strong> Los propietarios de camiones son responsables de realizar inspecciones peri\u00f3dicas y un mantenimiento adecuado. Los fallos mec\u00e1nicos, como frenos defectuosos o neum\u00e1ticos viejos, pueden ser peligrosos.<\/p>\n\n\n\n<p>- <strong>Carga inadecuada:<\/strong> No atar la carga correctamente puede hacer que el cami\u00f3n se vuelva inestable. Desplazar la carga o sobrecargarla puede hacer que los conductores pierdan el control de su cami\u00f3n.<\/p>\n\n\n\n<p>- <strong>Libros de registro falsificados:<\/strong> Seg\u00fan la ley federal, los conductores de semirremolques s\u00f3lo pueden conducir un n\u00famero determinado de horas al d\u00eda. Es ilegal cambiar las horas en un libro de registro para que parezca que un conductor est\u00e1 siguiendo las reglas.<\/p>\n\n\n\n<p>- <strong>Mal tiempo:<\/strong> Las condiciones meteorol\u00f3gicas como la lluvia, los vientos fuertes o la nieve pueden crear condiciones de carretera peligrosas para los camiones grandes. Los conductores pueden tener dificultades para mantener el control de su cami\u00f3n en carreteras resbaladizas.<\/p>\n\n\n\n<p><strong>Lesiones por accidente de semirremolque<\/strong><\/p>\n\n\n\n<p>Los tractocamiones completamente cargados pueden pesar hasta 80.000 libras, lo que significa que pueden causar graves da\u00f1os en un accidente. Muchos accidentes de camiones implican m\u00faltiples veh\u00edculos y lesiones catastr\u00f3ficas. Tambi\u00e9n tienen m\u00e1s probabilidades de resultar en la muerte que los accidentes de veh\u00edculos de motor ordinarios.<\/p>\n\n\n\n<p>Las v\u00edctimas pueden incluso quedar con desfiguraci\u00f3n permanente y discapacidades a largo plazo. No importa la lesi\u00f3n, usted merece una compensaci\u00f3n completa para cubrir sus p\u00e9rdidas. Los accidentes de cami\u00f3n pueden causar:<\/p>\n\n\n\n<p>- Cortes, raspones y moretones<br>- <a href=\"https:\/\/www.steinberglawfirm.com\/personal-injury\/truck-accidents\/neck-injury\/\" target=\"_blank\" rel=\"noopener\">Cuello<\/a> y <a href=\"https:\/\/www.steinberglawfirm.com\/personal-injury\/truck-accidents\/back-injuries\/\" target=\"_blank\" rel=\"noopener\">lesiones de espalda<\/a><br>- <a href=\"https:\/\/www.steinberglawfirm.com\/personal-injury\/truck-accidents\/brain-injury\/\" target=\"_blank\" rel=\"noopener\">Lesiones cerebrales traum\u00e1ticas<\/a><br>- Huesos rotos<br>- <a href=\"https:\/\/www.steinberglawfirm.com\/personal-injury\/truck-accidents\/loss-of-limbs\/\" target=\"_blank\" rel=\"noopener\">P\u00e9rdida de extremidades<\/a><br>- Lesiones internas y da\u00f1os en los \u00f3rganos<br>- <a href=\"https:\/\/www.steinberglawfirm.com\/personal-injury\/truck-accidents\/burns\/\" target=\"_blank\" rel=\"noopener\">Quemaduras<\/a><\/p>\n\n\n\n<h3 class=\"wp-block-heading\">Hable con un abogado de accidentes de camiones en el Steinberg Law Firm<\/h3>\n\n\n\n<p>Si usted ha sido gravemente herido en un accidente de cami\u00f3n en Mt. Pleasant, South Carolina, <a href=\"https:\/\/www.steinberglawfirm.com\/contact-us\/\" target=\"_blank\" rel=\"noopener\">p\u00f3ngase en contacto con los abogados especializados en accidentes de camiones del Steinberg Law Firm de inmediato<\/a> para conocer la posibilidad de obtener una indemnizaci\u00f3n. <a href=\"tel:843-720-2800\">Ll\u00e1menos hoy para saber m\u00e1s<\/a>.<\/p>","protected":false},"excerpt":{"rendered":"<p>Abogado de Accidentes de Camiones en Mt. Pleasant Los camiones comerciales tienen el potencial de causar enormes da\u00f1os durante una colisi\u00f3n. Los tractocamiones pesan decenas de miles de libras cuando est\u00e1n completamente cargados. Su gran tama\u00f1o puede amplificar la gravedad de las lesiones y da\u00f1os a la propiedad que una persona sufre en un accidente. Porque los camiones...<\/p>","protected":false},"author":1,"featured_media":20571,"parent":13451,"menu_order":0,"comment_status":"closed","ping_status":"closed","template":"","meta":{"_acf_changed":false,"footnotes":""},"class_list":["post-13662","page","type-page","status-publish","has-post-thumbnail","hentry"],"acf":[],"_links":{"self":[{"href":"https:\/\/steinberglawfirm-staging.clmcloud.app\/es\/wp-json\/wp\/v2\/pages\/13662"}],"collection":[{"href":"https:\/\/steinberglawfirm-staging.clmcloud.app\/es\/wp-json\/wp\/v2\/pages"}],"about":[{"href":"https:\/\/steinberglawfirm-staging.clmcloud.app\/es\/wp-json\/wp\/v2\/types\/page"}],"author":[{"embeddable":true,"href":"https:\/\/steinberglawfirm-staging.clmcloud.app\/es\/wp-json\/wp\/v2\/users\/1"}],"replies":[{"embeddable":true,"href":"https:\/\/steinberglawfirm-staging.clmcloud.app\/es\/wp-json\/wp\/v2\/comments?post=13662"}],"version-history":[{"count":8,"href":"https:\/\/steinberglawfirm-staging.clmcloud.app\/es\/wp-json\/wp\/v2\/pages\/13662\/revisions"}],"predecessor-version":[{"id":24556,"href":"https:\/\/steinberglawfirm-staging.clmcloud.app\/es\/wp-json\/wp\/v2\/pages\/13662\/revisions\/24556"}],"up":[{"embeddable":true,"href":"https:\/\/steinberglawfirm-staging.clmcloud.app\/es\/wp-json\/wp\/v2\/pages\/13451"}],"wp:featuredmedia":[{"embeddable":true,"href":"https:\/\/steinberglawfirm-staging.clmcloud.app\/es\/wp-json\/wp\/v2\/media\/20571"}],"wp:attachment":[{"href":"https:\/\/steinberglawfirm-staging.clmcloud.app\/es\/wp-json\/wp\/v2\/media?parent=13662"}],"curies":[{"name":"wp","href":"https:\/\/api.w.org\/{rel}","templated":true}]}}