{"id":13659,"date":"2020-11-08T23:33:17","date_gmt":"2020-11-08T23:33:17","guid":{"rendered":"https:\/\/www.steinberglawfirm.com\/?page_id=13659"},"modified":"2022-04-21T22:28:37","modified_gmt":"2022-04-21T22:28:37","slug":"brain-injury-attorneys","status":"publish","type":"page","link":"https:\/\/steinberglawfirm-staging.clmcloud.app\/es\/ubicaciones\/monte-agradable\/abogados-especializados-en-lesiones-cerebrales-2\/","title":{"rendered":"Mt. Pleasant, South Carolina Abogado de lesiones cerebrales"},"content":{"rendered":"<h1 class=\"wp-block-heading\">Mt. Pleasant, South Carolina Abogado de lesiones cerebrales<\/h1>\n\n\n\n<p>Dependemos de un cerebro sano para funcionar y llevar una vida plena y saludable, pero \u00bfqu\u00e9 ocurre cuando este \u00f3rgano vital sufre alg\u00fan tipo de da\u00f1o? Una lesi\u00f3n cerebral puede tener efectos debilitantes a largo plazo. Las lesiones cerebrales graves pueden incluso provocar discapacidades de por vida. <a href=\"https:\/\/www.steinberglawfirm.com\/practice-areas\/head-brain-and-spine-injuries\/\" target=\"_blank\" rel=\"noopener\">Si usted o un ser querido ha sufrido una lesi\u00f3n cerebral en South Carolina<\/a> por la imprudencia de alguien, podr\u00eda tener derecho a una indemnizaci\u00f3n por sus p\u00e9rdidas.<\/p>\n\n\n\n<p><strong>Estad\u00edsticas sobre lesiones cerebrales<\/strong><\/p>\n\n\n\n<p>El <a href=\"https:\/\/www.cdc.gov\/traumaticbraininjury\/get_the_facts.html\" target=\"_blank\" rel=\"noopener\">Los Centros para el Control y la Prevenci\u00f3n de Enfermedades han descubierto que las lesiones cerebrales traum\u00e1ticas (TBI) son una de las principales causas de discapacidad y muerte<\/a> en el pa\u00eds. Alrededor de 2,87 millones de personas sufren una lesi\u00f3n cerebral cada a\u00f1o. <a href=\"https:\/\/www.biausa.org\/public-affairs\/public-awareness\/campaigns\/fact-sheet\" target=\"_blank\" rel=\"noopener\">Seg\u00fan la Brain Injury Association of America<\/a> cada 9 segundos se produce una lesi\u00f3n cerebral.<\/p>\n\n\n\n<p>Entre 2006 y 2014 se produjo un aumento del 53% en el n\u00famero de visitas a urgencias derivadas de las LCT. Alrededor de 56.800 traumatismos craneoencef\u00e1licos fueron mortales y unos 80.000 casos dieron lugar a discapacidades de por vida. De hecho, una de cada 60 personas vive con una discapacidad relacionada con una LCT.<\/p>\n\n\n\n<p>Seg\u00fan el Departamento de Salud y Control Ambiental de South Carolina, en el estado se producen m\u00e1s de 1.100 muertes y 11.500 visitas a urgencias debido a las LCT. La causa principal de las muertes por LCT en South Carolina son los accidentes de tr\u00e1fico, con un 33%. La mayor\u00eda de las LCT no mortales se producen por ca\u00eddas, con un 35 por ciento, seguidas de los accidentes de veh\u00edculos de motor, con un 22 por ciento, y los golpes o choques, con un 11 por ciento.<\/p>\n\n\n\n<p><strong>Tipos de lesiones cerebrales<\/strong><\/p>\n\n\n\n<p>El cerebro es responsable del habla, el movimiento, la cognici\u00f3n, los sentidos y otras funciones complejas. Cuando la cabeza sufre un golpe violento, el cerebro puede chocar contra el cr\u00e1neo. Esto puede causar da\u00f1os en el cerebro y perjudicar su funcionamiento normal. Hay dos tipos principales de lesiones cerebrales:<\/p>\n\n\n\n<p>- <strong>Lesiones cerebrales traum\u00e1ticas:<\/strong> Est\u00e1n causadas por una fuerza externa, como una sacudida o un golpe en la cabeza. Tambi\u00e9n pueden producirse por una sacudida violenta o una sacudida repentina del cerebro dentro del cr\u00e1neo. Algunos tipos de <a href=\"https:\/\/www.steinberglawfirm.com\/practice-areas\/serious-injury-cases\/traumatic-brain-injury\/\" target=\"_blank\" rel=\"noopener\">lesiones cerebrales traum\u00e1ticas<\/a> incluyen las conmociones cerebrales, las contusiones, los traumatismos craneales cerrados y las lesiones penetrantes. En los traumatismos craneales cerrados, el cerebro se ve afectado sin que se abra el cr\u00e1neo. Una lesi\u00f3n penetrante, en cambio, es una lesi\u00f3n abierta en la cabeza causada por un disparo, un cuchillo u otro objeto afilado.<\/p>\n\n\n\n<p>- <strong>Lesiones cerebrales adquiridas:<\/strong> Tambi\u00e9n se conocen como lesiones no traum\u00e1ticas que suelen estar asociadas a la presi\u00f3n en el cerebro. Pueden producirse debido a un tumor o a una enfermedad neurol\u00f3gica, como un ictus. Las infecciones cerebrales como la meningitis tambi\u00e9n entran en esta categor\u00eda. Las lesiones an\u00f3xicas\/hipoxia son el resultado de que las c\u00e9lulas cerebrales no reciban suficiente ox\u00edgeno. La falta de ox\u00edgeno puede causar problemas cognitivos, trastornos psicol\u00f3gicos y discapacidades f\u00edsicas.<\/p>\n\n\n\n<p>Las lesiones cerebrales graves suelen requerir un amplio tratamiento y rehabilitaci\u00f3n, lo que puede suponer costosas facturas m\u00e9dicas. No importa el tipo de lesi\u00f3n cerebral que usted o su ser querido haya sufrido, el Steinberg Law Firm est\u00e1 aqu\u00ed para ayudarle a obtener el apoyo y los servicios que necesita. Nuestros experimentados abogados de lesiones cerebrales de Mt. Pleasant buscar\u00e1n la m\u00e1xima compensaci\u00f3n en su nombre.<\/p>\n\n\n\n<p><strong>S\u00edntomas de TBI<\/strong><\/p>\n\n\n\n<p>Hay muchos tipos diferentes de lesiones cerebrales que van de leves a graves. Mientras que algunas LCT pueden ser casos leves, las LCT m\u00e1s graves pueden dar lugar a afecciones graves como el coma, la par\u00e1lisis, los infartos, las convulsiones, los trastornos de la personalidad, la demencia, la enfermedad de Parkinson o el l\u00edquido en el cerebro.<\/p>\n\n\n\n<p>Los s\u00edntomas var\u00edan en funci\u00f3n de la causa, la localizaci\u00f3n y la gravedad del traumatismo inicial. Aunque los s\u00edntomas de algunas lesiones cerebrales traum\u00e1ticas (TBI) pueden ser enga\u00f1osamente sutiles, el da\u00f1o interno puede ser lo suficientemente extenso como para causar complicaciones graves.<\/p>\n\n\n\n<p>Tanto si ha sufrido un golpe en la cabeza practicando deporte como si ha resultado herido en un accidente de tr\u00e1fico, debe acudir a un m\u00e9dico inmediatamente despu\u00e9s del accidente. Los s\u00edntomas de una lesi\u00f3n cerebral pueden no ser f\u00e1cilmente aparentes, y algunos tardan semanas o incluso meses en aparecer. Las LCT a menudo no se diagnostican y, por tanto, no se tratan.<\/p>\n\n\n\n<p>Hay muchos s\u00edntomas diferentes que pueden indicar un posible da\u00f1o cerebral. Por ejemplo, puede sentirse desorientado o confuso, o tener dificultades para hablar despu\u00e9s de un accidente. Tanto usted como sus seres queridos deben estar atentos a los signos m\u00e1s comunes de una LCT:<\/p>\n\n\n\n<p>- Dolores de cabeza<br>- N\u00e1useas<br>- Fatiga<br>- Mareos<br>- P\u00e9rdida de equilibrio<br>- Deterioro de la cognici\u00f3n<br>- P\u00e9rdida de audici\u00f3n o de visi\u00f3n<br>- P\u00e9rdida de memoria<br>- Dificultad de concentraci\u00f3n<br>- Cambios de comportamiento<\/p>\n\n\n\n<p>Las LCT pueden tener un impacto duradero, e incluso permanente, en t\u00e9rminos de complicaciones cognitivas, conductuales, emocionales y f\u00edsicas. Muchos de estos s\u00edntomas pueden convertirse en problemas m\u00e9dicos continuos que generan importantes costes m\u00e9dicos y afectan a su calidad de vida.<\/p>\n\n\n\n<p><strong>Causas comunes de las lesiones cerebrales<\/strong><\/p>\n\n\n\n<p>Como <a href=\"https:\/\/www.steinberglawfirm.com\/\" target=\"_blank\" rel=\"noopener\">abogados expertos en lesiones personales South Carolina, el Steinberg Law Firm<\/a> ha manejado muchos tipos diferentes de casos de lesiones cerebrales. Hay una amplia gama de situaciones en las que las acciones negligentes de otra persona pueden causar una lesi\u00f3n cerebral:<\/p>\n\n\n\n<p>- <a href=\"https:\/\/www.steinberglawfirm.com\/practice-areas\/auto-accidents\/\" target=\"_blank\" rel=\"noopener\">Accidentes de tr\u00e1fico<\/a><br>- <a href=\"https:\/\/www.steinberglawfirm.com\/practice-areas\/truck-accidents\/\" target=\"_blank\" rel=\"noopener\">Accidentes de camiones<\/a><br>- <a href=\"https:\/\/www.steinberglawfirm.com\/practice-areas\/auto-accidents\/pedestrian-accident\/\" target=\"_blank\" rel=\"noopener\">Accidentes de peatones<\/a><br>- <a href=\"https:\/\/www.steinberglawfirm.com\/practice-areas\/bicycle-accidents\/\" target=\"_blank\" rel=\"noopener\">Accidentes de bicicleta<\/a><br>- <a href=\"https:\/\/www.steinberglawfirm.com\/practice-areas\/birth-injury-attorneys\/\" target=\"_blank\" rel=\"noopener\">Lesiones de nacimiento<\/a><br>- <a href=\"https:\/\/www.steinberglawfirm.com\/practice-areas\/medical-malpractice\/\" target=\"_blank\" rel=\"noopener\">Negligencia m\u00e9dica<\/a><br>- <a href=\"https:\/\/www.steinberglawfirm.com\/practice-areas\/workers-compensation\/\" target=\"_blank\" rel=\"noopener\">Accidentes laborales<\/a><br>- <a href=\"https:\/\/www.steinberglawfirm.com\/practice-areas\/premises-liability\/slip-and-fall\/\" target=\"_blank\" rel=\"noopener\">Accidentes por resbalones y ca\u00eddas<\/a><\/p>\n\n\n\n<p>Los accidentes deportivos, el maltrato a las personas mayores y otras lesiones personales tambi\u00e9n pueden causar lesiones cerebrales. Si su lesi\u00f3n cerebral se produjo debido a cualquiera de estos incidentes, puede tener la opci\u00f3n de presentar una demanda por lesiones personales contra la parte negligente. Por ejemplo, si su TBI se produjo por falta de ox\u00edgeno durante un procedimiento m\u00e9dico, puede demandar a los proveedores de atenci\u00f3n m\u00e9dica por negligencia m\u00e9dica. Si sufri\u00f3 una lesi\u00f3n cerebral en el lugar de trabajo, tiene la opci\u00f3n de presentar una reclamaci\u00f3n de indemnizaci\u00f3n por accidente laboral.<\/p>\n\n\n\n<p><strong>Da\u00f1os y perjuicios que puede reclamar por una lesi\u00f3n cerebral<\/strong><\/p>\n\n\n\n<p>Sufrir una lesi\u00f3n cerebral puede cambiar su vida de forma dram\u00e1tica. No s\u00f3lo es probable que tenga que pagar costosas facturas m\u00e9dicas, sino que tambi\u00e9n puede necesitar rehabilitaci\u00f3n continua, dispositivos de asistencia y otros tratamientos para una LCT grave. Los costes pueden acumularse f\u00e1cilmente con el tiempo.<\/p>\n\n\n\n<p>Adem\u00e1s, es posible que no pueda trabajar. La p\u00e9rdida de salarios que experimenta podr\u00eda crear dificultades financieras para su familia. La presentaci\u00f3n de una demanda por da\u00f1os personales por una lesi\u00f3n cerebral le permite obtener una indemnizaci\u00f3n por todas estas p\u00e9rdidas, as\u00ed como da\u00f1os y perjuicios por la angustia mental y otras p\u00e9rdidas intangibles a las que puede enfrentarse en el futuro.<\/p>\n\n\n\n<p>Un abogado cualificado en lesiones personales de Mt. Pleasant le ayudar\u00e1 a conseguir la indemnizaci\u00f3n que se merece. El Steinberg Law Firm luchar\u00e1 para obtener un acuerdo sustancial y responsabilizar a la parte negligente.<\/p>\n\n\n\n<h3 class=\"wp-block-heading\">Averig\u00fce si tiene un caso\/qui\u00e9n es el culpable de su lesi\u00f3n.<\/h3>\n\n\n\n<p>Cuando una lesi\u00f3n cerebral ha sido causada por el descuido o la imprudencia de otra persona, como en un accidente de coche o un accidente por resbal\u00f3n, la persona culpable puede ser legalmente responsable de compensar a la v\u00edctima por las facturas m\u00e9dicas y otros gastos.<\/p>\n\n\n\n<p>Nuestros abogados de lesiones cerebrales entienden las muchas maneras en que un solo accidente puede tener un impacto devastador en la vida de una persona, afectando tambi\u00e9n a sus familias. El Steinberg Law Firm se compromete a perseguir agresivamente la compensaci\u00f3n de su lesi\u00f3n cerebral para que pueda comenzar a recuperarse, sanar y pagar los gastos relacionados con la lesi\u00f3n.<\/p>\n\n\n\n<p>En algunos casos, puede haber m\u00e1s de una parte responsable de su lesi\u00f3n cerebral. Por ejemplo, el conductor de un cami\u00f3n conduc\u00eda un veh\u00edculo defectuoso que acab\u00f3 provocando el accidente. Al mismo tiempo, el conductor pudo tomar algunas medidas para evitar el accidente o tal vez estaba distra\u00eddo.<\/p>\n\n\n\n<p>Desgraciadamente, las compa\u00f1\u00edas de seguros de las partes culpables a menudo intentan evitar el pago de su parte justa por sus lesiones. De hecho, pueden intentar dar la vuelta a la tortilla y hacer que parezca que usted es el culpable del accidente. El mejor curso de acci\u00f3n es no hablar con los ajustadores de seguros por su cuenta, ya que tratar\u00e1n de instarle a llegar a un acuerdo r\u00e1pidamente por una cantidad inferior al valor de su reclamaci\u00f3n. Siempre debe dejar que su abogado se encargue de toda la comunicaci\u00f3n con las compa\u00f1\u00edas de seguros.<\/p>\n\n\n\n<p>El Steinberg Law Firm conoce los entresijos de las t\u00e1cticas habituales de los seguros. <a href=\"https:\/\/www.steinberglawfirm.com\/attorney\/\" target=\"_blank\" rel=\"noopener\">Nuestros abogados especializados en lesiones cerebrales saben exactamente c\u00f3mo tratarlas<\/a>. Podemos contratar a investigadores, especialistas en reconstrucci\u00f3n de accidentes, profesionales de la salud y otros expertos para construir su caso y establecer la gravedad de su lesi\u00f3n cerebral.<\/p>\n\n\n\n<h2 class=\"wp-block-heading\">Contacte con el Steinberg Law Firm hoy mismo<\/h2>\n\n\n\n<p>Si usted o un ser querido ha sufrido una lesi\u00f3n cerebral causada por la negligencia de otra persona, <a href=\"https:\/\/www.steinberglawfirm.com\/contact-us\/\" target=\"_blank\" rel=\"noopener\">contactar con el Steinberg Law Firm de inmediato<\/a>. Nuestros experimentados abogados de lesiones cerebrales de Mt. Pleasant est\u00e1n aqu\u00ed para proporcionar una representaci\u00f3n experimentada a los clientes lesionados. <a href=\"https:\/\/www.steinberglawfirm.com\/free-consultation\/\" target=\"_blank\" rel=\"noopener\">Programe una consulta gratuita hoy mismo<\/a>.<\/p>","protected":false},"excerpt":{"rendered":"<p>Pleasant, South Carolina Abogado de lesiones cerebrales Dependemos de un cerebro sano para funcionar y llevar una vida plena y saludable, pero \u00bfqu\u00e9 sucede cuando este \u00f3rgano vital se da\u00f1a de alguna manera? Una lesi\u00f3n en el cerebro puede tener efectos debilitantes a largo plazo. Las lesiones cerebrales graves pueden incluso provocar discapacidades de por vida. Si usted o un...<\/p>","protected":false},"author":1,"featured_media":20571,"parent":13451,"menu_order":0,"comment_status":"closed","ping_status":"closed","template":"","meta":{"_acf_changed":false,"footnotes":""},"class_list":["post-13659","page","type-page","status-publish","has-post-thumbnail","hentry"],"acf":[],"_links":{"self":[{"href":"https:\/\/steinberglawfirm-staging.clmcloud.app\/es\/wp-json\/wp\/v2\/pages\/13659"}],"collection":[{"href":"https:\/\/steinberglawfirm-staging.clmcloud.app\/es\/wp-json\/wp\/v2\/pages"}],"about":[{"href":"https:\/\/steinberglawfirm-staging.clmcloud.app\/es\/wp-json\/wp\/v2\/types\/page"}],"author":[{"embeddable":true,"href":"https:\/\/steinberglawfirm-staging.clmcloud.app\/es\/wp-json\/wp\/v2\/users\/1"}],"replies":[{"embeddable":true,"href":"https:\/\/steinberglawfirm-staging.clmcloud.app\/es\/wp-json\/wp\/v2\/comments?post=13659"}],"version-history":[{"count":5,"href":"https:\/\/steinberglawfirm-staging.clmcloud.app\/es\/wp-json\/wp\/v2\/pages\/13659\/revisions"}],"predecessor-version":[{"id":20601,"href":"https:\/\/steinberglawfirm-staging.clmcloud.app\/es\/wp-json\/wp\/v2\/pages\/13659\/revisions\/20601"}],"up":[{"embeddable":true,"href":"https:\/\/steinberglawfirm-staging.clmcloud.app\/es\/wp-json\/wp\/v2\/pages\/13451"}],"wp:featuredmedia":[{"embeddable":true,"href":"https:\/\/steinberglawfirm-staging.clmcloud.app\/es\/wp-json\/wp\/v2\/media\/20571"}],"wp:attachment":[{"href":"https:\/\/steinberglawfirm-staging.clmcloud.app\/es\/wp-json\/wp\/v2\/media?parent=13659"}],"curies":[{"name":"wp","href":"https:\/\/api.w.org\/{rel}","templated":true}]}}