{"id":13643,"date":"2020-11-06T00:36:03","date_gmt":"2020-11-06T00:36:03","guid":{"rendered":"https:\/\/www.steinberglawfirm.com\/?page_id=13643"},"modified":"2022-04-21T22:23:30","modified_gmt":"2022-04-21T22:23:30","slug":"medical-malpractice-attorneys","status":"publish","type":"page","link":"https:\/\/steinberglawfirm-staging.clmcloud.app\/es\/ubicaciones\/monte-agradable\/abogados-especialistas-en-mala-praxis-medica\/","title":{"rendered":"Abogados de negligencia m\u00e9dica en Mt. Pleasant"},"content":{"rendered":"<h1 class=\"wp-block-heading\">Abogados de negligencia m\u00e9dica en Mt. Pleasant<\/h1>\n\n\n\n<p>Los m\u00e9dicos pueden marcar la diferencia entre la vida y la muerte de sus pacientes. Hacen un juramento para proteger a sus pacientes y se les exige un alto nivel de exigencia. En el campo de la medicina no hay lugar para los errores o la dejadez, y si un paciente resulta herido por la negligencia de un profesional de la medicina, puede haber graves consecuencias.<\/p>\n\n\n\n<p>Si usted o un ser querido se vio perjudicado por un error m\u00e9dico en Mt. Pleasant, South Carolina, podr\u00eda tener derecho a recibir una indemnizaci\u00f3n por da\u00f1os y perjuicios. Usted <a href=\"https:\/\/www.steinberglawfirm.com\/practice-areas\/medical-malpractice\/\" target=\"_blank\" rel=\"noopener\">necesita un abogado que entienda las complejidades de un caso de negligencia m\u00e9dica<\/a>. P\u00f3ngase en contacto con el Steinberg Law Firm para una <a href=\"https:\/\/www.steinberglawfirm.com\/free-consultation\/\" target=\"_blank\" rel=\"noopener\">consulta gratuita con un abogado experto en negligencias<\/a> hoy.<\/p>\n\n\n\n<p><strong>\u00bfQu\u00e9 es la negligencia m\u00e9dica?<\/strong><\/p>\n\n\n\n<p>La negligencia m\u00e9dica es la tercera causa de muerte en Estados Unidos. Se define como el incumplimiento por parte de un hospital, un m\u00e9dico, una enfermera u otro proveedor de atenci\u00f3n m\u00e9dica del deber de atenci\u00f3n que se debe a todos los pacientes. En otras palabras, se trata de un error o descuido involuntario y evitable que causa da\u00f1os a un paciente.<\/p>\n\n\n\n<p>Los proveedores de servicios m\u00e9dicos son humanos, por supuesto, y a veces cometen errores. No todos los errores dan lugar a una demanda o a una reclamaci\u00f3n por negligencia. Sin embargo, se les debe exigir un alto nivel profesional para proteger la seguridad y la salud p\u00fablica.<\/p>\n\n\n\n<p>Para que se considere un caso de negligencia m\u00e9dica o mala praxis que merezca una acci\u00f3n judicial, debe haber existido:<br>- El deber de atenci\u00f3n del profesional hacia el paciente<br>- El incumplimiento de ese deber de diligencia<br>- Los da\u00f1os causados al paciente por la infracci\u00f3n, como las lesiones o la muerte<br>- Los da\u00f1os sufridos por el paciente y su familia como consecuencia<\/p>\n\n\n\n<p><strong>Ejemplos de negligencia m\u00e9dica<\/strong><\/p>\n\n\n\n<p>Cometer un simple error en otra profesi\u00f3n suele ser inofensivo, pero puede tener consecuencias catastr\u00f3ficas para un profesional de la medicina. La negligencia m\u00e9dica puede ser muchas cosas. No todos los casos de negligencia m\u00e9dica justifican una acci\u00f3n legal. Sin embargo, los pacientes perjudicados por los siguientes tipos de negligencia m\u00e9dica podr\u00edan tener un caso de mala praxis.<\/p>\n\n\n\n<p>Las \u00e1reas de pr\u00e1ctica de negligencia m\u00e9dica de Steinberg Law Firm incluyen:<br>- Diagn\u00f3stico err\u00f3neo<br>- Retraso en el tratamiento<br>- Tratamiento inadecuado<br>- Errores quir\u00fargicos<br>- Errores en los servicios de urgencias<br>- Errores farmac\u00e9uticos<br>- Lesiones de nacimiento<br>- Negligencia dental<br>- Negligencia hospitalaria<\/p>\n\n\n\n<p><strong>Causas de la negligencia m\u00e9dica<\/strong><\/p>\n\n\n\n<p>La negligencia m\u00e9dica y la mala praxis pueden ser causadas por cualquier cosa, pero los profesionales de la medicina son especialmente propensos a algunos factores de riesgo. Suelen trabajar muchas horas y mantener horarios agotadores. Est\u00e1n ocupados, incluso sobrecargados, con pacientes y emergencias imprevistas. Como resultado, pueden trabajar demasiado cansados, estresados, distra\u00eddos y con prisas para pasar el d\u00eda. As\u00ed es como se cometen los errores.<\/p>\n\n\n\n<p>Los hospitales y los sistemas sanitarios tambi\u00e9n pueden ser responsables de desencadenar demandas por negligencia. Las normas del hospital, o la falta de ellas, pueden crear condiciones peligrosas para el paciente. Por ejemplo, una rutina de limpieza o desinfecci\u00f3n poco rigurosa podr\u00eda dar lugar a una infecci\u00f3n importante para un paciente despu\u00e9s de la cirug\u00eda.<\/p>\n\n\n\n<p>Puede haber varias partes que hayan contribuido a la lesi\u00f3n del paciente y todas ellas deben rendir cuentas. Un abogado especializado en negligencias puede determinar qui\u00e9n es responsable de los da\u00f1os y perjuicios y sabr\u00e1 c\u00f3mo recopilar pruebas para respaldar mejor la reclamaci\u00f3n por negligencia.<\/p>\n\n\n\n<h2 class=\"wp-block-heading\">Mt. Pleasant, South Carolina Abogados de Negligencia M\u00e9dica<\/h2>\n\n\n\n<p>Los profesionales de la medicina y los hospitales cuentan con enormes p\u00f3lizas de seguro espec\u00edficas para las reclamaciones por negligencia y mala praxis. Puede ser intimidante enfrentarse a un m\u00e9dico, a un sistema m\u00e9dico y a una compa\u00f1\u00eda de seguros cuyo principal objetivo es pagar lo menos posible y que est\u00e1 dispuesta a hacerlo por cualquier medio. Un abogado especializado en negligencias nivela el campo de juego contra estas grandes compa\u00f1\u00edas.<\/p>\n\n\n\n<p>A <a href=\"https:\/\/www.steinberglawfirm.com\/attorney\/\" target=\"_blank\" rel=\"noopener\">abogado de negligencia m\u00e9dica del Steinberg Law Firm luchar\u00e1 diligentemente en su nombre<\/a>. Una reclamaci\u00f3n por negligencia puede ser estresante y complicada. Al contratar a un abogado con conocimientos y habilidades adquiridos durante d\u00e9cadas de experiencia en casos de negligencia m\u00e9dica, usted puede preocuparse menos por las legalidades y centrarse en la recuperaci\u00f3n.<\/p>\n\n\n\n<h3 class=\"wp-block-heading\">Contacto con el Steinberg Law Firm<\/h3>\n\n\n\n<p>Si usted o un ser querido ha sido v\u00edctima de una negligencia m\u00e9dica, entonces <a href=\"https:\/\/www.steinberglawfirm.com\/contact-us\/\" target=\"_blank\" rel=\"noopener\">p\u00f3ngase en contacto con los abogados de Steinberg Law Firm<\/a> hoy. Nuestro <a href=\"https:\/\/www.steinberglawfirm.com\/practice-areas\/medical-malpractice\/\" target=\"_blank\" rel=\"noopener\">los abogados especializados en negligencias m\u00e9dicas se encargar\u00e1n de todos los tr\u00e1mites y cuestiones legales relacionadas con el caso<\/a> para que puedas centrarte en la curaci\u00f3n.<\/p>\n\n\n\n<p>Puede estar seguro de que sus asuntos legales est\u00e1n en manos capaces con Steinberg Law Firm. P\u00f3ngase en contacto con nosotros a trav\u00e9s de este sitio web o llamando al 843-720-2800 para programar su consulta gratuita. <a href=\"https:\/\/www.steinberglawfirm.com\/locations\/mount-pleasant\/\" target=\"_blank\" rel=\"noopener\">Atendemos a clientes en Mt. Pleasant<\/a> y tienen oficinas en <a href=\"https:\/\/www.steinberglawfirm.com\/office-locations\/charleston-office\/\" target=\"_blank\" rel=\"noopener\">Charleston<\/a>, <a href=\"https:\/\/www.steinberglawfirm.com\/office-locations\/goose-creek-office\/\" target=\"_blank\" rel=\"noopener\">Goose Creek<\/a>, <a href=\"https:\/\/www.steinberglawfirm.com\/office-locations\/summerville-office\/\" target=\"_blank\" rel=\"noopener\">Summerville<\/a>.<\/p>","protected":false},"excerpt":{"rendered":"<p>Los m\u00e9dicos pueden ser la diferencia entre la vida y la muerte para sus pacientes. Hacen un juramento para proteger a sus pacientes y est\u00e1n sujetos a altos est\u00e1ndares. No hay lugar para errores o descuidos en el campo de la medicina y si un paciente resulta herido por la negligencia de un...<\/p>","protected":false},"author":1,"featured_media":20571,"parent":13451,"menu_order":0,"comment_status":"closed","ping_status":"closed","template":"","meta":{"_acf_changed":false,"footnotes":""},"class_list":["post-13643","page","type-page","status-publish","has-post-thumbnail","hentry"],"acf":[],"_links":{"self":[{"href":"https:\/\/steinberglawfirm-staging.clmcloud.app\/es\/wp-json\/wp\/v2\/pages\/13643"}],"collection":[{"href":"https:\/\/steinberglawfirm-staging.clmcloud.app\/es\/wp-json\/wp\/v2\/pages"}],"about":[{"href":"https:\/\/steinberglawfirm-staging.clmcloud.app\/es\/wp-json\/wp\/v2\/types\/page"}],"author":[{"embeddable":true,"href":"https:\/\/steinberglawfirm-staging.clmcloud.app\/es\/wp-json\/wp\/v2\/users\/1"}],"replies":[{"embeddable":true,"href":"https:\/\/steinberglawfirm-staging.clmcloud.app\/es\/wp-json\/wp\/v2\/comments?post=13643"}],"version-history":[{"count":5,"href":"https:\/\/steinberglawfirm-staging.clmcloud.app\/es\/wp-json\/wp\/v2\/pages\/13643\/revisions"}],"predecessor-version":[{"id":20587,"href":"https:\/\/steinberglawfirm-staging.clmcloud.app\/es\/wp-json\/wp\/v2\/pages\/13643\/revisions\/20587"}],"up":[{"embeddable":true,"href":"https:\/\/steinberglawfirm-staging.clmcloud.app\/es\/wp-json\/wp\/v2\/pages\/13451"}],"wp:featuredmedia":[{"embeddable":true,"href":"https:\/\/steinberglawfirm-staging.clmcloud.app\/es\/wp-json\/wp\/v2\/media\/20571"}],"wp:attachment":[{"href":"https:\/\/steinberglawfirm-staging.clmcloud.app\/es\/wp-json\/wp\/v2\/media?parent=13643"}],"curies":[{"name":"wp","href":"https:\/\/api.w.org\/{rel}","templated":true}]}}