{"id":13639,"date":"2020-11-06T00:27:18","date_gmt":"2020-11-06T00:27:18","guid":{"rendered":"https:\/\/www.steinberglawfirm.com\/?page_id=13639"},"modified":"2022-04-21T22:19:08","modified_gmt":"2022-04-21T22:19:08","slug":"birth-injury-attorneys","status":"publish","type":"page","link":"https:\/\/steinberglawfirm-staging.clmcloud.app\/es\/ubicaciones\/monte-agradable\/abogados-especializados-en-lesiones-de-nacimiento\/","title":{"rendered":"Abogados de lesiones de nacimiento de Mt. Pleasant"},"content":{"rendered":"<h1 class=\"wp-block-heading\">Mt. Pleasant, South Carolina Abogado de lesiones de nacimiento<\/h1>\n\n\n\n<p>Los padres esperan que el nacimiento de un ni\u00f1o sea un acontecimiento feliz y emocionante. Por desgracia, cuando los profesionales m\u00e9dicos descuidados cometen errores durante el proceso de parto, los beb\u00e9s pueden sufrir lesiones traum\u00e1ticas al nacer. Las complicaciones durante el parto pueden causar da\u00f1os duraderos a un beb\u00e9, e incluso provocar su muerte en algunos casos. Si un <a href=\"https:\/\/www.steinberglawfirm.com\/practice-areas\/birth-injury-attorneys\/\" target=\"_blank\" rel=\"noopener\">un m\u00e9dico negligente le caus\u00f3 una lesi\u00f3n de nacimiento o no le advirti\u00f3 de ella<\/a>, es posible que pueda <a href=\"https:\/\/www.steinberglawfirm.com\/practice-areas\/medical-malpractice\/\" target=\"_blank\" rel=\"noopener\">presentar una demanda por negligencia m\u00e9dica<\/a> para obtener una compensaci\u00f3n.<\/p>\n\n\n\n<p><strong>Estad\u00edsticas de lesiones al nacer<\/strong><\/p>\n\n\n\n<p>Las madres esperan tener un beb\u00e9 sano en sus brazos al final del proceso de parto y nacimiento, pero aproximadamente siete de cada 1.000 beb\u00e9s nacidos en Estados Unidos sufren una lesi\u00f3n en el parto. Alrededor de 28.000 beb\u00e9s nacen con una lesi\u00f3n de nacimiento cada a\u00f1o. Se cree que hasta la mitad de las lesiones de nacimiento pueden evitarse con la atenci\u00f3n adecuada de los profesionales m\u00e9dicos.<\/p>\n\n\n\n<p>La par\u00e1lisis del plexo braquial, las fracturas y la par\u00e1lisis cerebral se encuentran entre las 10 lesiones de nacimiento m\u00e1s frecuentes. Las lesiones del plexo braquial se producen en uno o dos nacimientos por cada 1.000 beb\u00e9s. Uno de cada 10 beb\u00e9s con lesiones del plexo braquial tendr\u00e1 que ser operado.<\/p>\n\n\n\n<p>En South Carolina, las cinco principales causas de muerte infantil en 2018 fueron los defectos de nacimiento, los trastornos relacionados con la gestaci\u00f3n corta y el bajo peso al nacer, los accidentes, las complicaciones maternas del embarazo y la sepsis bacteriana. De 2017 a 2018, hubo un aumento del 28% en el n\u00famero de muertes infantiles por defectos de nacimiento, mientras que el n\u00famero de muertes por accidentes aument\u00f3 un 11,8%.<\/p>\n\n\n\n<p><strong>\u00bfQu\u00e9 es una lesi\u00f3n de nacimiento?<\/strong><\/p>\n\n\n\n<p>Una lesi\u00f3n de nacimiento tambi\u00e9n se conoce como traumatismo de nacimiento. Puede ocurrir cuando algo va mal durante el embarazo o el proceso de parto. Por ejemplo, un m\u00e9dico puede no proporcionar a la madre los cuidados adecuados o reaccionar inadecuadamente ante los signos de sufrimiento fetal durante el parto.<\/p>\n\n\n\n<p>Aunque algunas lesiones de nacimiento s\u00f3lo duran el primer a\u00f1o de vida del beb\u00e9, otras afecciones graves pueden requerir atenci\u00f3n m\u00e9dica de por vida. Se sabe que las lesiones de nacimiento, como la par\u00e1lisis cerebral y las lesiones del plexo braquial, provocan problemas de desarrollo.<\/p>\n\n\n\n<p><strong>\u00bfQu\u00e9 causa las lesiones de nacimiento?<\/strong><\/p>\n\n\n\n<p>Una lesi\u00f3n en el parto puede tener lugar durante cualquier etapa del embarazo y el parto. Unos cuidados prenatales y postnatales inadecuados tambi\u00e9n pueden provocar lesiones en el parto. En muchos casos, las lesiones de nacimiento pueden evitarse si los profesionales de la salud desempe\u00f1an sus funciones correctamente. Por desgracia, los m\u00e9dicos mal formados pueden lesionar a un beb\u00e9 sin darse cuenta de las consecuencias de sus actos.<\/p>\n\n\n\n<p>La edad, el peso y las condiciones de salud de la madre pueden aumentar el riesgo de lesiones en el parto. El tipo de parto, as\u00ed como la edad gestacional y el tama\u00f1o del beb\u00e9 tambi\u00e9n pueden influir. Sin embargo, los profesionales de la medicina tienen el deber de tener en cuenta estos factores y tomar medidas para reducir las posibilidades de lesiones en el parto. Por ejemplo, los m\u00e9dicos deben actuar r\u00e1pidamente si hay signos de dificultad respiratoria o un parto de nalgas. No actuar es una forma de negligencia m\u00e9dica.<\/p>\n\n\n\n<p>La triste realidad es que el futuro de un beb\u00e9 puede arruinarse cuando el personal sanitario comete incluso el m\u00e1s simple de los errores durante un parto peligroso o dif\u00edcil. En algunos casos, los beb\u00e9s sufren da\u00f1os debido a una mala conducta flagrante. Las lesiones en el parto pueden producirse cuando los profesionales m\u00e9dicos no:<\/p>\n\n\n\n<p>- Realizar una ces\u00e1rea si el parto vaginal es demasiado arriesgado<br>- Controlar el estado de la madre durante todo el embarazo y el parto<br>- Actuar r\u00e1pidamente si hay signos de sufrimiento fetal<br>- Utilizar correctamente los f\u00f3rceps, la extracci\u00f3n por vac\u00edo y otras herramientas quir\u00fargicas cuando sea necesario<br>- Interpretar correctamente los resultados de las pruebas<br>- Reconocer y tratar un cord\u00f3n umbilical comprimido<br>- Comunicarse con los m\u00e9dicos, las enfermeras, los asistentes de parto y otro personal m\u00e9dico<br>- Dar a luz con la t\u00e9cnica adecuada en lugar de retorcer o tirar<\/p>\n\n\n\n<p>Algunas de las complicaciones del parto que aumentan el riesgo de sufrir una lesi\u00f3n en el nacimiento son la diabetes gestacional de la madre, el atasco del hombro del beb\u00e9 bajo la pelvis de la madre, el gran tama\u00f1o del beb\u00e9, un parto largo o la prematuridad.<\/p>\n\n\n\n<p>La presentaci\u00f3n de una demanda por negligencia m\u00e9dica le permite obtener una indemnizaci\u00f3n por una lesi\u00f3n de nacimiento. El sitio web <a href=\"https:\/\/www.steinberglawfirm.com\/locations\/mount-pleasant\/\" target=\"_blank\" rel=\"noopener\">Abogados de lesiones de nacimiento de Mt. Pleasant en el Steinberg Law Firm<\/a> se asegurar\u00e1 de que reciba una s\u00f3lida orientaci\u00f3n legal. Podemos ayudarle a responsabilizar a los profesionales m\u00e9dicos negligentes por las lesiones que sufri\u00f3 su beb\u00e9.<\/p>\n\n\n\n<p><strong>Lesiones comunes en el parto<\/strong><\/p>\n\n\n\n<p>Los beb\u00e9s pueden sufrir da\u00f1os reales cuando los m\u00e9dicos no les proporcionan la atenci\u00f3n adecuada durante el embarazo, el parto y el alumbramiento. Algunas de las posibles lesiones son lesiones medulares, infecciones, hemorragias internas, da\u00f1os cerebrales graves o par\u00e1lisis facial.<\/p>\n\n\n\n<p>A veces los padres pueden darse cuenta inmediatamente de que algo va mal si su beb\u00e9 tiene dificultades para sangrar o tiene un color azulado. En otros casos, pueden pasar semanas o meses hasta que descubran que su beb\u00e9 ha sufrido una lesi\u00f3n de nacimiento. Estos son algunos tipos comunes de lesiones de nacimiento en South Carolina:<\/p>\n\n\n\n<p>- <strong>Lesi\u00f3n del plexo braquial:<\/strong> Suele ocurrir debido a respuestas inadecuadas durante partos dif\u00edciles, como cuando el beb\u00e9 se queda atascado. Se producen da\u00f1os en los hombros, brazos o manos del beb\u00e9 cuando los nervios del plexo braquial se estiran en exceso.<\/p>\n\n\n\n<p>- <strong>Par\u00e1lisis de Erb:<\/strong> Un tipo de lesi\u00f3n del plexo braquial que da\u00f1a el hombro, el brazo y los dedos. Las partes del cuerpo afectadas pueden sufrir cierta par\u00e1lisis. Esta afecci\u00f3n puede causar problemas de equilibrio y coordinaci\u00f3n.<\/p>\n\n\n\n<p>- <strong>Distocia de hombros:<\/strong> Se trata de una situaci\u00f3n en la que el hombro del beb\u00e9 queda atrapado bajo el hueso p\u00fabico de la madre. En estos casos debe practicarse una ces\u00e1rea. Si los profesionales m\u00e9dicos deciden proceder a un parto vaginal, los tirones de la cabeza del beb\u00e9 pueden provocar lesiones en el plexo braquial.<\/p>\n\n\n\n<p>- <strong>Huesos rotos:<\/strong> Un beb\u00e9 puede sufrir fracturas y huesos rotos si un m\u00e9dico se comporta de forma descuidada durante los partos dif\u00edciles. El uso de instrumentos de asistencia al parto para extraer a un beb\u00e9 atascado puede provocar con frecuencia fracturas de clav\u00edcula.<\/p>\n\n\n\n<p>- <strong>Par\u00e1lisis cerebral:<\/strong> Trastorno cerebral causado por la falta de vigilancia adecuada o la insuficiencia de ox\u00edgeno durante y despu\u00e9s del parto. Es un t\u00e9rmino colectivo que engloba diversas discapacidades f\u00edsicas y cognitivas, as\u00ed como deficiencias en el desarrollo y control muscular del ni\u00f1o.<\/p>\n\n\n\n<p>- <strong>Caput succedaneum y cefalohematoma:<\/strong>&nbsp;Hematomas, hemorragias o hinchaz\u00f3n de la cabeza del beb\u00e9 cuando el m\u00e9dico permite que se produzcan empujes prolongados o un uso inadecuado de los instrumentos de ayuda al parto.<\/p>\n\n\n\n<p><strong>C\u00f3mo afrontar las consecuencias de una lesi\u00f3n de nacimiento<\/strong><\/p>\n\n\n\n<p>Una lesi\u00f3n de nacimiento puede ocurrir en un momento, pero sus efectos pueden durar toda la vida del ni\u00f1o. Tu hijo se enfrentar\u00e1 a las consecuencias f\u00edsicas, cognitivas y emocionales de su lesi\u00f3n de nacimiento durante a\u00f1os.<\/p>\n\n\n\n<p>Las lesiones en el parto pueden acarrear importantes gastos m\u00e9dicos. Los costes de la cirug\u00eda, la rehabilitaci\u00f3n, los medicamentos y los cuidados continuos pueden acumularse r\u00e1pidamente. Es posible que te preocupes por c\u00f3mo proporcionar a tu hijo los mejores cuidados y calidad de vida posibles.<\/p>\n\n\n\n<p>Si su hijo ha sufrido una lesi\u00f3n en el parto, puede demandar a la parte responsable por negligencia. El acusado puede ser un m\u00e9dico, una enfermera, un hospital o incluso un fabricante de medicamentos. Una demanda por lesiones en el parto implica probar la negligencia m\u00e9dica demostrando que la actuaci\u00f3n del profesional m\u00e9dico no cumpli\u00f3 la norma de atenci\u00f3n aceptada para los pacientes durante el embarazo, el parto, el alumbramiento o el posparto.<\/p>\n\n\n\n<p>El <a href=\"https:\/\/www.steinberglawfirm.com\/locations\/mount-pleasant\/medical-malpractice-attorneys\/\" target=\"_blank\" rel=\"noopener\">Abogados de negligencia m\u00e9dica de Mt. Pleasant en el Steinberg Law Firm<\/a> reconocen la devastaci\u00f3n que puede causar un error m\u00e9dico. Estamos disponibles para ayudarle a usted y a su hijo a recuperar la compensaci\u00f3n y hacer que los proveedores de atenci\u00f3n m\u00e9dica negligentes sean responsables de las acciones que causan lesiones en el parto.<\/p>\n\n\n\n<h3 class=\"wp-block-heading\">\u00bfPor qu\u00e9 contratar el Steinberg Law Firm?<\/h3>\n\n\n\n<p>El <a href=\"https:\/\/www.steinberglawfirm.com\/\" target=\"_blank\" rel=\"noopener\">Steinberg Law Firm cuenta con abogados expertos en negligencia m\u00e9dica en Mt. Pleasant<\/a> que tienen los conocimientos m\u00e9dicos y t\u00e9cnicos necesarios para presentar una demanda por lesiones de nacimiento con \u00e9xito. Cuando usted nos contrata, recibir\u00e1 una representaci\u00f3n legal compasiva y experimentada.<\/p>\n\n\n\n<p><a href=\"https:\/\/www.steinberglawfirm.com\/about-us\/\" target=\"_blank\" rel=\"noopener\">Nuestro bufete de abogados investigar\u00e1 a fondo su caso<\/a> y reuniremos todas las pruebas pertinentes, incluidos los testimonios de los testigos y los documentos m\u00e9dicos. Tambi\u00e9n consultaremos con expertos sobre las lesiones de su hijo al nacer para averiguar si el equipo m\u00e9dico al que se confi\u00f3 su embarazo cumpli\u00f3 los protocolos y tom\u00f3 las decisiones adecuadas.<\/p>\n\n\n\n<p>Despu\u00e9s de enterarse de la lesi\u00f3n de nacimiento de su hijo, lo \u00faltimo que quiere hacer es negociar con las compa\u00f1\u00edas de seguros. Nosotros nos encargaremos de toda la comunicaci\u00f3n con las aseguradoras y con el profesional o centro m\u00e9dico negligente en su nombre. Si la parte culpable no ofrece un acuerdo razonable, nuestro equipo legal luchar\u00e1 contra su demanda en los tribunales.<\/p>\n\n\n\n<p>Nuestros abogados de lesiones de nacimiento de Mt. Pleasant est\u00e1n disponibles para responder a todas sus preguntas y darle una evaluaci\u00f3n honesta de su caso. Estamos aqu\u00ed con usted en cada paso del camino durante lo que probablemente ser\u00e1 un momento dif\u00edcil y desgarrador para usted y su familia. Si bien la presentaci\u00f3n de una demanda no va a deshacer lo que le sucedi\u00f3 a su hijo, puede ayudarles a recibir el apoyo financiero que necesitan para hacer frente a su lesi\u00f3n de nacimiento.<\/p>\n\n\n\n<h2 class=\"wp-block-heading\">Contacte con el Steinberg Law Firm hoy mismo<\/h2>\n\n\n\n<p>Si su hijo ha sufrido una lesi\u00f3n de nacimiento en Mt. Pleasant, <a href=\"https:\/\/www.steinberglawfirm.com\/contact-us\/\" target=\"_blank\" rel=\"noopener\">contactar con el Steinberg Law Firm<\/a> para saber c\u00f3mo podemos ayudarle a obtener una indemnizaci\u00f3n. Nuestro <a href=\"https:\/\/www.steinberglawfirm.com\/practice-areas\/medical-malpractice\/\" target=\"_blank\" rel=\"noopener\">los abogados de confianza especializados en negligencias m\u00e9dicas pueden ayudarle a responsabilizar a los profesionales m\u00e9dicos negligentes<\/a> por sus acciones. <a href=\"https:\/\/www.steinberglawfirm.com\/free-consultation\/\" target=\"_blank\" rel=\"noopener\">Programe una consulta gratuita hoy mismo<\/a>.<\/p>","protected":false},"excerpt":{"rendered":"<p>Mt. Pleasant, South Carolina Abogado de lesiones de nacimiento Los padres esperan que el nacimiento de un ni\u00f1o sea un evento feliz y emocionante. Desafortunadamente, cuando los profesionales m\u00e9dicos descuidados cometen errores durante el proceso de parto, los beb\u00e9s pueden sufrir lesiones traum\u00e1ticas al nacer. Las complicaciones durante el parto pueden causar un da\u00f1o duradero a un beb\u00e9, incluso causando la muerte en algunos casos. Si...<\/p>","protected":false},"author":1,"featured_media":20571,"parent":13451,"menu_order":0,"comment_status":"closed","ping_status":"closed","template":"","meta":{"_acf_changed":false,"footnotes":""},"class_list":["post-13639","page","type-page","status-publish","has-post-thumbnail","hentry"],"acf":[],"_links":{"self":[{"href":"https:\/\/steinberglawfirm-staging.clmcloud.app\/es\/wp-json\/wp\/v2\/pages\/13639"}],"collection":[{"href":"https:\/\/steinberglawfirm-staging.clmcloud.app\/es\/wp-json\/wp\/v2\/pages"}],"about":[{"href":"https:\/\/steinberglawfirm-staging.clmcloud.app\/es\/wp-json\/wp\/v2\/types\/page"}],"author":[{"embeddable":true,"href":"https:\/\/steinberglawfirm-staging.clmcloud.app\/es\/wp-json\/wp\/v2\/users\/1"}],"replies":[{"embeddable":true,"href":"https:\/\/steinberglawfirm-staging.clmcloud.app\/es\/wp-json\/wp\/v2\/comments?post=13639"}],"version-history":[{"count":7,"href":"https:\/\/steinberglawfirm-staging.clmcloud.app\/es\/wp-json\/wp\/v2\/pages\/13639\/revisions"}],"predecessor-version":[{"id":20575,"href":"https:\/\/steinberglawfirm-staging.clmcloud.app\/es\/wp-json\/wp\/v2\/pages\/13639\/revisions\/20575"}],"up":[{"embeddable":true,"href":"https:\/\/steinberglawfirm-staging.clmcloud.app\/es\/wp-json\/wp\/v2\/pages\/13451"}],"wp:featuredmedia":[{"embeddable":true,"href":"https:\/\/steinberglawfirm-staging.clmcloud.app\/es\/wp-json\/wp\/v2\/media\/20571"}],"wp:attachment":[{"href":"https:\/\/steinberglawfirm-staging.clmcloud.app\/es\/wp-json\/wp\/v2\/media?parent=13639"}],"curies":[{"name":"wp","href":"https:\/\/api.w.org\/{rel}","templated":true}]}}