{"id":13626,"date":"2020-11-03T23:36:46","date_gmt":"2020-11-03T23:36:46","guid":{"rendered":"https:\/\/www.steinberglawfirm.com\/?page_id=13626"},"modified":"2023-06-08T23:39:46","modified_gmt":"2023-06-08T23:39:46","slug":"car-accident-lawyer","status":"publish","type":"page","link":"https:\/\/steinberglawfirm-staging.clmcloud.app\/es\/ubicaciones\/monte-agradable\/abogado-accidente-de-coche-4\/","title":{"rendered":"Abogado de accidentes de coche en Mt. Pleasant"},"content":{"rendered":"<h1 class=\"wp-block-heading\">Abogado de accidentes de coche en Mt. Pleasant<\/h1>\n\n\n\n<h2 class=\"wp-block-heading\">Abogado de accidentes de coche en Mt. Pleasant, South Carolina<\/h2>\n\n\n\n<p>En 2019, se estima que 36.120 personas murieron en accidentes de veh\u00edculos de motor en todo el pa\u00eds, seg\u00fan la Administraci\u00f3n Nacional de Seguridad del Tr\u00e1fico en las Carreteras. De ellos, 12.239 fueron v\u00edctimas mortales de autom\u00f3viles de pasajeros. Eso marca una disminuci\u00f3n de poco m\u00e1s del 1 por ciento desde 36,560 muertes en 2018.<\/p>\n\n\n\n<p>El Departamento de Seguridad P\u00fablica South Carolina inform\u00f3 que el estado vio un aumento del 5,5 por ciento en las muertes por accidentes automovil\u00edsticos entre 2017 y 2018. La principal causa de colisiones en 2018 fue conducir demasiado r\u00e1pido para las condiciones, lo que provoc\u00f3 41.705 choques.<\/p>\n\n\n\n<p>Los autom\u00f3viles fueron responsables de la mayor\u00eda de las colisiones mortales. De las 1.697 colisiones mortales que se produjeron en South Carolina ese a\u00f1o, 592 fueron de autom\u00f3viles y 298 de todoterrenos. Hubo 1.423 accidentes de coche que provocaron lesiones graves, mientras que se registraron otros tipos de lesiones en 34.316 colisiones.<\/p>\n\n\n\n<h3 class=\"wp-block-heading\">Steinberg Law Firm puede ayudarle con su reclamaci\u00f3n por accidente de coche<\/h3>\n\n\n\n<p><a href=\"https:\/\/www.steinberglawfirm.com\/practice-areas\/auto-accidents\/\" target=\"_blank\" rel=\"noopener\">Resultar herido en un accidente de tr\u00e1fico<\/a> puede dejarle en estado de shock y abrumado. Puede que no est\u00e9 seguro de lo que debe hacer. Uno de los primeros pasos que puede dar es <a href=\"https:\/\/www.steinberglawfirm.com\/contact-us\/\" target=\"_blank\" rel=\"noopener\">contacte con un abogado con experiencia en accidentes de coche en Mt. Pleasant<\/a> que pueda representar sus mejores intereses.<\/p>\n\n\n\n<p><a href=\"https:\/\/www.steinberglawfirm.com\/\" target=\"_blank\" rel=\"noopener\">El Steinberg Law Firm puede ayudarle a determinar<\/a> si tiene derecho a reclamar una indemnizaci\u00f3n por sus lesiones en un accidente de tr\u00e1fico. Sabemos c\u00f3mo tratar con las compa\u00f1\u00edas de seguros y los conductores culpables que pueden estar buscando para salir de pagar lo que se le debe. Nuestro equipo de abogados de accidentes de coche construir\u00e1 su caso con pruebas s\u00f3lidas para obtener el mejor resultado posible.<\/p>\n\n\n\n<h3 class=\"wp-block-heading\">Qu\u00e9 hacer despu\u00e9s de un accidente de coche en Mt. Pleasant<\/h3>\n\n\n\n<p>Hay algunas cosas importantes que debe hacer despu\u00e9s de un accidente de coche para proteger sus derechos legales. Cualquier paso en falso podr\u00eda afectar a su capacidad para recuperar una compensaci\u00f3n completa por sus p\u00e9rdidas.<\/p>\n\n\n\n<p>- <strong>Busque un tratamiento m\u00e9dico r\u00e1pido.<\/strong> Su salud y seguridad son la prioridad n\u00famero uno despu\u00e9s de un accidente de tr\u00e1fico. Recibir atenci\u00f3n m\u00e9dica le permite determinar la gravedad de sus lesiones. Tambi\u00e9n puedes documentar los da\u00f1os que has sufrido si una compa\u00f1\u00eda de seguros cuestiona la validez de tus lesiones.<\/p>\n\n\n\n<p>- <strong>Llama a la polic\u00eda.<\/strong> Presente un informe del accidente a la polic\u00eda y obtenga una copia para sus archivos. El informe le ser\u00e1 \u00fatil cuando busque un acuerdo en su caso de accidente de coche m\u00e1s tarde. Si es necesario, nuestro bufete de abogados puede ayudarle a localizarlo en el organismo policial correspondiente.<\/p>\n\n\n\n<p>- <strong>Recoge las pruebas.<\/strong> Haz fotos del lugar del accidente. Puedes pedir ayuda a familiares, amigos o transe\u00fantes si no puedes hacerlo t\u00fa mismo. Anota todo lo que recuerdes sobre el accidente. Consigue los datos de contacto de los testigos y otras partes implicadas en el accidente.<\/p>\n\n\n\n<p>- <strong>Contacta con un abogado.<\/strong> Hable con un abogado con experiencia en accidentes de tr\u00e1fico. Steinberg Law Firm revisar\u00e1 su caso y responder\u00e1 a todas sus preguntas. No hable con una compa\u00f1\u00eda de seguros ni acepte una oferta antes de consultar a su abogado.<\/p>\n\n\n\n<h3 class=\"wp-block-heading\">Qu\u00e9 causa los accidentes de tr\u00e1fico<\/h3>\n\n\n\n<p>El <a href=\"https:\/\/www.steinberglawfirm.com\/attorney\/\" target=\"_blank\" rel=\"noopener\">Los abogados de accidentes de coche de Mt. Pleasant en Steinberg Law Firm tienen experiencia representando a clientes<\/a> en muchos tipos diferentes de casos de accidentes de coche. Los accidentes de coche pueden ocurrir debido a cualquier n\u00famero de razones, con los siguientes entre los m\u00e1s com\u00fanmente reportados:<\/p>\n\n\n\n<p>- <strong>Conducci\u00f3n distra\u00edda:<\/strong> Enviar mensajes de texto, hablar con otros pasajeros, comer o ajustar el GPS son ejemplos de comportamientos distra\u00eddos que pueden desviar su atenci\u00f3n de la carretera.<\/p>\n\n\n\n<p>- <strong>Exceso de velocidad:<\/strong> Cuando un coche circula a gran velocidad, el conductor tiene menos control sobre el veh\u00edculo. El exceso de velocidad hace que sea m\u00e1s dif\u00edcil detenerse cuando es necesario, lo que aumenta las posibilidades de un accidente.<\/p>\n\n\n\n<p>- <strong>Conducci\u00f3n bajo los efectos del alcohol:<\/strong> <a href=\"https:\/\/www.steinberglawfirm.com\/locations\/mount-pleasant\/car-accident-lawyer\/drunk-driving-injury-lawyers\/\" target=\"_blank\" rel=\"noopener\">Conducir bajo los efectos del alcohol<\/a> puede afectar a la visi\u00f3n, el tiempo de reacci\u00f3n y el juicio del conductor. Seg\u00fan la National Highway Traffic Safety Administration, South Carolina tiene una de las cifras m\u00e1s altas del pa\u00eds de muertes por conducir ebrio.<\/p>\n\n\n\n<p>- <strong>La ira de la carretera:<\/strong> Se trata de varios tipos de comportamientos de conducci\u00f3n agresivos e incluso violentos. Ir por detr\u00e1s, cortar el paso a un conductor, saltarse un sem\u00e1foro en rojo e intentar sacar un veh\u00edculo de la carretera son algunos ejemplos.<\/p>\n\n\n\n<p>- <strong>Mantenimiento deficiente del veh\u00edculo:<\/strong> El mantenimiento adecuado de un veh\u00edculo es esencial por razones de seguridad. No hacerlo puede provocar fallos mec\u00e1nicos que pueden ser peligrosos en la carretera.<\/p>\n\n\n\n<p>- <strong>Atropello y fuga:<\/strong> Este tipo de accidente de coche ocurre cuando un conductor golpea a alguien y abandona la escena del accidente. Huir de un accidente puede acarrear graves consecuencias para el conductor.<\/p>\n\n\n\n<h3 class=\"wp-block-heading\">Lesiones comunes en accidentes de tr\u00e1fico<\/h3>\n\n\n\n<p>Las v\u00edctimas de accidentes de tr\u00e1fico corren el riesgo de sufrir una amplia gama de lesiones que pueden requerir un tratamiento m\u00e9dico extenso. Las lesiones pueden incluir, pero no se limitan a:<\/p>\n\n\n\n<p>- Laceraciones y hematomas<br>- Latigazo cervical<br>- Huesos rotos<br>- Conmociones cerebrales<br>- Lesiones cerebrales<br>- Lesiones de la m\u00e9dula espinal<br>- Hemorragia interna<br>- Da\u00f1os en los \u00f3rganos<\/p>\n\n\n\n<h3 class=\"wp-block-heading\">Recuperar la compensaci\u00f3n despu\u00e9s de un accidente de coche en Mt. Pleasant<\/h3>\n\n\n\n<p>Steinberg Law Firm puede buscar una compensaci\u00f3n por sus lesiones y otras p\u00e9rdidas que surjan de su accidente de coche. Entendemos que el proceso legal puede parecer confuso y estresante, pero nuestros compasivos abogados de accidentes de coche le guiar\u00e1n en cada paso del camino.<\/p>\n\n\n\n<p>Una vez que determinamos qui\u00e9n es el culpable de sus lesiones, nuestro bufete de abogados puede ayudarle a recuperar los da\u00f1os por:<\/p>\n\n\n\n<p>- Facturas m\u00e9dicas<br>- Rehabilitaci\u00f3n<br>- Discapacidades<br>- P\u00e9rdida de ingresos<br>- Reparaci\u00f3n de veh\u00edculos<br>- Dolor y sufrimiento<br>- Trauma emocional<\/p>\n\n\n\n<p>Es posible que se le concedan da\u00f1os punitivos si la persona que caus\u00f3 su accidente de coche tuvo un comportamiento imprudente. Sin embargo, este tipo de indemnizaci\u00f3n es poco frecuente. Si un individuo muri\u00f3 en un accidente de coche, su familia puede <a href=\"https:\/\/www.steinberglawfirm.com\/locations\/mount-pleasant\/wrongful-death-attorney\/\" target=\"_blank\" rel=\"noopener\">presentar una reclamaci\u00f3n por muerte por negligencia<\/a>.<\/p>\n\n\n\n<h3 class=\"wp-block-heading\">\u00bfQui\u00e9n es responsable de los accidentes de tr\u00e1fico?<\/h3>\n\n\n\n<p>Determinar qui\u00e9n es el responsable de sus lesiones es el n\u00facleo de una reclamaci\u00f3n por accidente de tr\u00e1fico. Seg\u00fan la ley South Carolina, la persona que caus\u00f3 el accidente tambi\u00e9n es responsable econ\u00f3micamente de \u00e9l. Por ejemplo, un automovilista descuidado que enviaba mensajes de texto mientras conduc\u00eda puede ser el culpable de sus lesiones.<\/p>\n\n\n\n<p>Por desgracia, la parte culpable puede intentar evitar pagarle. Contar con un abogado experto en accidentes de tr\u00e1fico es importante para asegurarse de que finalmente reciba una compensaci\u00f3n por sus facturas m\u00e9dicas, da\u00f1os a la propiedad y otras p\u00e9rdidas a pesar de la resistencia de la otra parte.<\/p>\n\n\n\n<p><a href=\"https:\/\/www.steinberglawfirm.com\/\" target=\"_blank\" rel=\"noopener\">Steinberg Law Firm est\u00e1 preparado para enfrentarse a las compa\u00f1\u00edas de seguros<\/a> y llevar su caso a juicio si es necesario. Recogeremos pruebas de v\u00eddeo, informes policiales, documentos m\u00e9dicos, declaraciones de testigos y mucho m\u00e1s para construir su demanda.<\/p>\n\n\n\n<h3 class=\"wp-block-heading\">Contacte con Steinberg Law Firm hoy mismo<\/h3>\n\n\n\n<p>Si usted o su ser querido ha sido herido en un accidente de coche en Mt. Pleasant, <a href=\"https:\/\/www.steinberglawfirm.com\/\" target=\"_blank\" rel=\"noopener\">Steinberg Law Firm est\u00e1 aqu\u00ed para ayudarle<\/a>. Conseguiremos la indemnizaci\u00f3n que se merece. <a href=\"https:\/\/www.steinberglawfirm.com\/free-consultation\/\" target=\"_blank\" rel=\"noopener\">P\u00f3ngase en contacto con nosotros para una consulta gratuita<\/a>.<\/p>","protected":false},"excerpt":{"rendered":"<p>Abogado de accidentes automovil\u00edsticos en Mt. Pleasant Abogado de accidentes automovil\u00edsticos en Mt. Pleasant, South Carolina En 2019, se estima que 36,120 personas murieron en accidentes automovil\u00edsticos en todo el pa\u00eds, seg\u00fan la Administraci\u00f3n Nacional de Seguridad del Tr\u00e1fico en las Carreteras. De esos, 12,239 fueron muertes de autom\u00f3viles de pasajeros. Eso marca una disminuci\u00f3n de poco m\u00e1s del 1 por ciento de 36,560 muertes en 2018....<\/p>","protected":false},"author":1,"featured_media":20571,"parent":13451,"menu_order":0,"comment_status":"closed","ping_status":"closed","template":"","meta":{"_acf_changed":false,"footnotes":""},"class_list":["post-13626","page","type-page","status-publish","has-post-thumbnail","hentry"],"acf":[],"_links":{"self":[{"href":"https:\/\/steinberglawfirm-staging.clmcloud.app\/es\/wp-json\/wp\/v2\/pages\/13626"}],"collection":[{"href":"https:\/\/steinberglawfirm-staging.clmcloud.app\/es\/wp-json\/wp\/v2\/pages"}],"about":[{"href":"https:\/\/steinberglawfirm-staging.clmcloud.app\/es\/wp-json\/wp\/v2\/types\/page"}],"author":[{"embeddable":true,"href":"https:\/\/steinberglawfirm-staging.clmcloud.app\/es\/wp-json\/wp\/v2\/users\/1"}],"replies":[{"embeddable":true,"href":"https:\/\/steinberglawfirm-staging.clmcloud.app\/es\/wp-json\/wp\/v2\/comments?post=13626"}],"version-history":[{"count":5,"href":"https:\/\/steinberglawfirm-staging.clmcloud.app\/es\/wp-json\/wp\/v2\/pages\/13626\/revisions"}],"predecessor-version":[{"id":26249,"href":"https:\/\/steinberglawfirm-staging.clmcloud.app\/es\/wp-json\/wp\/v2\/pages\/13626\/revisions\/26249"}],"up":[{"embeddable":true,"href":"https:\/\/steinberglawfirm-staging.clmcloud.app\/es\/wp-json\/wp\/v2\/pages\/13451"}],"wp:featuredmedia":[{"embeddable":true,"href":"https:\/\/steinberglawfirm-staging.clmcloud.app\/es\/wp-json\/wp\/v2\/media\/20571"}],"wp:attachment":[{"href":"https:\/\/steinberglawfirm-staging.clmcloud.app\/es\/wp-json\/wp\/v2\/media?parent=13626"}],"curies":[{"name":"wp","href":"https:\/\/api.w.org\/{rel}","templated":true}]}}