{"id":13623,"date":"2020-11-03T23:28:39","date_gmt":"2020-11-03T23:28:39","guid":{"rendered":"https:\/\/www.steinberglawfirm.com\/?page_id=13623"},"modified":"2023-08-10T17:47:53","modified_gmt":"2023-08-10T17:47:53","slug":"pedestrian-accident-attorney","status":"publish","type":"page","link":"https:\/\/steinberglawfirm-staging.clmcloud.app\/es\/ubicaciones\/monte-agradable\/peaton-accidente-abogado-3\/","title":{"rendered":"Abogado de accidentes de peatones en Mt. Pleasant"},"content":{"rendered":"<h1 class=\"wp-block-heading\">Abogado de accidentes de peatones en Mt. Pleasant<\/h1>\n\n\n\n<h2 class=\"wp-block-heading\">Abogado de accidentes de peatones en Mt. Pleasant, South Carolina<\/h2>\n\n\n\n<p>Cuando se produce una colisi\u00f3n entre un peat\u00f3n y un veh\u00edculo de motor, es el <a href=\"https:\/\/www.steinberglawfirm.com\/practice-areas\/auto-accidents\/pedestrian-accident\/\" target=\"_blank\" rel=\"noopener\">peat\u00f3n que suele sufrir lesiones graves<\/a> debido a la peor parte del impacto. Ya sea por no ceder el derecho de paso o por exceso de velocidad en zonas residenciales, la negligencia de los conductores suele ser la culpable de los accidentes de peatones.<\/p>\n\n\n\n<p><strong>Los datos muestran un aumento de las muertes de peatones<\/strong><\/p>\n\n\n\n<p>El <a href=\"https:\/\/www.ghsa.org\/\" target=\"_blank\" rel=\"noopener\">Asociaci\u00f3n de Gobernadores para la Seguridad Vial<\/a> inform\u00f3 que se estima que en 2019 se produjeron 6.590 muertes de peatones en todo el pa\u00eds, la cifra m\u00e1s alta en m\u00e1s de tres d\u00e9cadas. Sobre la base de los datos de los primeros seis meses del a\u00f1o, se proyect\u00f3 un aumento del 5 por ciento en las muertes de peatones. Se prev\u00e9 que los peatones representen el 17 por ciento de todas las muertes de tr\u00e1fico en 2019, en comparaci\u00f3n con el 12 por ciento en 2009.<\/p>\n\n\n\n<p>Los peatones atropellados por un todoterreno grande tienen el doble de probabilidades de morir que los atropellados por un coche. Aunque los turismos est\u00e1n implicados en la mayor\u00eda de los accidentes mortales de peatones, el n\u00famero de muertes de peatones en la \u00faltima d\u00e9cada en los que se vieron implicados los todoterrenos aument\u00f3 un 81%, frente al 53% de los coches.<\/p>\n\n\n\n<p>South Carolina vio un aumento del 12 por ciento en las muertes de peatones de enero a junio de 2018 en comparaci\u00f3n con el mismo per\u00edodo de seis meses en 2019. El estado tuvo el octavo mayor n\u00famero de muertes de peatones en el pa\u00eds.<\/p>\n\n\n\n<p>Seg\u00fan la <a href=\"https:\/\/scdps.sc.gov\/\" target=\"_blank\" rel=\"noopener\">South Carolina Departamento de Seguridad P\u00fablica<\/a>, un peat\u00f3n muri\u00f3 cada 2,2 d\u00edas en 2018. Las muertes de peatones en todo el estado aumentaron de 158 en 2017 a 168 en 2018. Ese a\u00f1o se produjeron 1.141 accidentes de peatones, de los cuales 210 provocaron lesiones graves y 712 dieron lugar a otros tipos de lesiones menos graves.<\/p>\n\n\n\n<p><strong>Ayudando a los peatones lesionados en Mt. Pleasant a recuperar la compensaci\u00f3n<\/strong><\/p>\n\n\n\n<p>Los accidentes de peatones pueden provocar lesiones catastr\u00f3ficas que requieren rehabilitaci\u00f3n a largo plazo. Las lesiones pueden dejarle sin poder trabajar y mantener a su familia. Si usted fue herido en un accidente de peatones en Mt. Pleasant, usted puede ser capaz de <a href=\"https:\/\/www.steinberglawfirm.com\/practice-areas\/personal-injury\/\" target=\"_blank\" rel=\"noopener\">presentar una reclamaci\u00f3n por da\u00f1os personales<\/a> para recuperar la compensaci\u00f3n:<\/p>\n\n\n\n<p>- Gastos m\u00e9dicos<br>- Salarios perdidos<br>- Angustia emocional<br>- Dolor y sufrimiento<\/p>\n\n\n\n<p>Usted puede tener derecho a una indemnizaci\u00f3n adicional, dependiendo de su caso. Los da\u00f1os punitivos se conceden en casos raros cuando un acusado ha mostrado una conducta temeraria intencionada, como la conducci\u00f3n en estado de ebriedad.<\/p>\n\n\n\n<p>Si ha sufrido lesiones en un accidente de peatones, nunca debe intentar gestionar el proceso de reclamaci\u00f3n por su cuenta. La p\u00e1gina web <a href=\"https:\/\/www.steinberglawfirm.com\/attorney\/\" target=\"_blank\" rel=\"noopener\">abogados de accidentes de peatones en la Steinberg Law Firm<\/a> puede proporcionarle una representaci\u00f3n legal cualificada. Con nuestra atenci\u00f3n al detalle y el compromiso implacable de proteger sus derechos, le ayudaremos a recuperar la compensaci\u00f3n total por sus lesiones.<\/p>\n\n\n\n<p>Negociaremos agresivamente con las compa\u00f1\u00edas de seguros para obtener un acuerdo justo. Si no hay una oferta satisfactoria, nuestros abogados de accidentes de peatones estar\u00e1n listos para pelear su demanda en la corte.<\/p>\n\n\n\n<p><strong>Lesiones por accidente de peat\u00f3n<\/strong><\/p>\n\n\n\n<p>Los accidentes de peatones pueden provocar lesiones debilitantes porque no hay mucho que los peatones puedan hacer para protegerse de los veh\u00edculos de motor. Por ejemplo, los todoterrenos son especialmente peligrosos para los peatones, ya que su altura puede provocar impactos en la parte superior del cuerpo.<\/p>\n\n\n\n<p>En muchos casos, las v\u00edctimas tienen que ser hospitalizadas y pasar largos periodos de recuperaci\u00f3n debido a las graves lesiones sufridas. Estos son algunos de los tipos de lesiones m\u00e1s comunes que se producen en los accidentes de peatones:<\/p>\n\n\n\n<p>- Cortes y laceraciones<br>- Fracturas<br>- Cicatrices y desfiguraci\u00f3n<br>- Lesiones craneales y cerebrales<br>- Lesiones de la espalda y la columna vertebral<br>- Da\u00f1os en los tejidos blandos<br>- Da\u00f1os en los \u00f3rganos<br>- Amputaci\u00f3n<br>- Par\u00e1lisis<\/p>\n\n\n\n<p>Los peatones tambi\u00e9n pueden sufrir lesiones mortales. Cuando una persona fallece en un accidente de peat\u00f3n, su familia puede demandar a la parte negligente por homicidio culposo.<\/p>\n\n\n\n<p><strong>\u00bfQu\u00e9 causa los accidentes de peatones en Mt. Pleasant?<\/strong><\/p>\n\n\n\n<p>Los peatones se enfrentan a muchos peligros en las carreteras de Mt. Pleasant. Los accidentes de peatones pueden ocurrir por una variedad de razones.<\/p>\n\n\n\n<p>A veces, un propietario, una agencia gubernamental local u otra parte puede ser responsable de las lesiones sufridas debido a factores como aceras inseguras. La mayor\u00eda de los accidentes de peatones, sin embargo, se producen debido a los conductores negligentes que no tienen en cuenta la seguridad de los dem\u00e1s. Algunas de las principales causas de los accidentes de peatones relacionados con los conductores son:<\/p>\n\n\n\n<p>- <strong>Conducci\u00f3n distra\u00edda:<\/strong> Los conductores que est\u00e1n utilizando el tel\u00e9fono m\u00f3vil, comiendo, fumando o ajustando la radio son incapaces de concentrarse en la carretera que tienen delante. Desviar su atenci\u00f3n de la tarea de conducir incluso durante unos segundos puede significar que no vea a una persona que est\u00e1 utilizando un paso de peatones.<\/p>\n\n\n\n<figure class=\"wp-block-embed is-type-video is-provider-youtube wp-block-embed-youtube wp-embed-aspect-16-9 wp-has-aspect-ratio\"><div class=\"wp-block-embed__wrapper\">\n<iframe loading=\"lazy\" title=\"La tragedia de un accidente de coche o cami\u00f3n s\u00f3lo tarda segundos en producirse\" width=\"500\" height=\"281\" src=\"https:\/\/www.youtube.com\/embed\/226ppZLyFxc?feature=oembed\" frameborder=\"0\" allow=\"accelerometer; autoplay; clipboard-write; encrypted-media; gyroscope; picture-in-picture; web-share\" referrerpolicy=\"strict-origin-when-cross-origin\" allowfullscreen><\/iframe>\n<\/div><\/figure>\n\n\n\n<p>- <strong>Conducci\u00f3n bajo los efectos del alcohol:<\/strong> Conducir bajo los efectos del alcohol o las drogas es ilegal. El alcohol ralentiza el tiempo de reacci\u00f3n del conductor y dificulta su juicio. Hace que sea dif\u00edcil para los conductores controlar su velocidad y frenar a tiempo para evitar los peligros.<\/p>\n\n\n\n<p>- <strong>Exceso de velocidad:<\/strong> El exceso de velocidad es un ejemplo de conducci\u00f3n temeraria que implica despreciar intencionadamente la seguridad de los dem\u00e1s. Un conductor puede perder el control de su veh\u00edculo o no frenar a tiempo para evitar un choque. El exceso de velocidad tambi\u00e9n aumenta el impacto de una colisi\u00f3n.<\/p>\n\n\n\n<p>- <strong>Infracciones de tr\u00e1fico:<\/strong> Hacer un giro indebido, no ceder el paso a los peatones o ignorar las se\u00f1ales de stop son ejemplos de infracciones de tr\u00e1fico comunes que apuntan a la negligencia del conductor. Los accidentes de peatones suelen producirse en los cruces porque los conductores no respetan el derecho de paso de los peatones.<\/p>\n\n\n\n<p><strong>Responsabilidades de los peatones y conductores<\/strong><\/p>\n\n\n\n<p>Los peatones y los automovilistas deben coexistir y compartir la carretera de forma responsable. Seg\u00fan la ley South Carolina, los conductores deben ceder el paso a los peatones en los pasos de peatones. Los peatones que cruzan fuera de un paso de peatones marcado deben ceder el paso a los veh\u00edculos de motor.<\/p>\n\n\n\n<p>Mientras que <a href=\"https:\/\/www.steinberglawfirm.com\/practice-areas\/auto-accidents\/\" target=\"_blank\" rel=\"noopener\">la negligencia de los conductores suele ser la causa de los accidentes de los peatones<\/a>Los peatones de Mt. Pleasant son responsables de seguir las normas de seguridad vial. Por ejemplo, deben obedecer las se\u00f1ales de tr\u00e1fico, mirar a ambos lados antes de cruzar, utilizar los pasos de peatones y estar atentos a los veh\u00edculos que se aproximan.<\/p>\n\n\n\n<p><strong>\u00bfQui\u00e9n es responsable de los accidentes de peatones?<\/strong><\/p>\n\n\n\n<p>En algunos casos, el peat\u00f3n puede tener parte de la culpa de un accidente, por ejemplo por no utilizar un paso de peatones. South Carolina tiene una ley de negligencia comparativa modificada en la que usted tiene derecho a recibir una indemnizaci\u00f3n siempre que tenga menos del 50 por ciento de culpa en su accidente. La cuant\u00eda de la indemnizaci\u00f3n que reciba disminuir\u00e1 en funci\u00f3n de su porcentaje de culpa.<\/p>\n\n\n\n<p>El conductor negligente y su compa\u00f1\u00eda de seguros pueden acusarle de ser el culpable de sus lesiones. Intentar\u00e1n presionarle para que acepte un acuerdo. Por eso es importante tener representaci\u00f3n legal. Su abogado de accidentes de peatones luchar\u00e1 contra sus intentos de cambiar la culpa y negociar\u00e1 una compensaci\u00f3n completa y justa para usted.<\/p>\n\n\n\n<h3 class=\"wp-block-heading\">P\u00f3ngase en contacto con los abogados de accidentes de peatones en Steinberg Law Firm<\/h3>\n\n\n\n<p>Si usted fue herido en un accidente de peatones en Mt. Pleasant, <a href=\"https:\/\/www.steinberglawfirm.com\/\" target=\"_blank\" rel=\"noopener\">Steinberg Law Firm est\u00e1 aqu\u00ed para ayudarle<\/a>. Nuestro <a href=\"https:\/\/www.steinberglawfirm.com\/practice-areas\/auto-accidents\/pedestrian-accident\/\" target=\"_blank\" rel=\"noopener\">abogados expertos en accidentes de peatones<\/a> responder\u00e1 a todas sus preguntas y se asegurar\u00e1 de que comprende sus derechos legales para obtener una indemnizaci\u00f3n. <a href=\"https:\/\/www.steinberglawfirm.com\/free-consultation\/\" target=\"_blank\" rel=\"noopener\">P\u00f3ngase en contacto con nosotros para una consulta gratuita<\/a>.<\/p>","protected":false},"excerpt":{"rendered":"<p>Abogado de accidentes de peatones en Mt. Pleasant Abogado de accidentes de peatones en Mt. Pleasant, South Carolina Cuando hay una colisi\u00f3n entre un peat\u00f3n y un veh\u00edculo de motor, es el peat\u00f3n quien t\u00edpicamente sufre lesiones graves debido a la peor parte del impacto. Ya sea por no ceder el derecho de paso o por el exceso de velocidad en una zona residencial...<\/p>","protected":false},"author":1,"featured_media":20571,"parent":13451,"menu_order":0,"comment_status":"closed","ping_status":"closed","template":"","meta":{"_acf_changed":false,"footnotes":""},"class_list":["post-13623","page","type-page","status-publish","has-post-thumbnail","hentry"],"acf":[],"_links":{"self":[{"href":"https:\/\/steinberglawfirm-staging.clmcloud.app\/es\/wp-json\/wp\/v2\/pages\/13623"}],"collection":[{"href":"https:\/\/steinberglawfirm-staging.clmcloud.app\/es\/wp-json\/wp\/v2\/pages"}],"about":[{"href":"https:\/\/steinberglawfirm-staging.clmcloud.app\/es\/wp-json\/wp\/v2\/types\/page"}],"author":[{"embeddable":true,"href":"https:\/\/steinberglawfirm-staging.clmcloud.app\/es\/wp-json\/wp\/v2\/users\/1"}],"replies":[{"embeddable":true,"href":"https:\/\/steinberglawfirm-staging.clmcloud.app\/es\/wp-json\/wp\/v2\/comments?post=13623"}],"version-history":[{"count":6,"href":"https:\/\/steinberglawfirm-staging.clmcloud.app\/es\/wp-json\/wp\/v2\/pages\/13623\/revisions"}],"predecessor-version":[{"id":26717,"href":"https:\/\/steinberglawfirm-staging.clmcloud.app\/es\/wp-json\/wp\/v2\/pages\/13623\/revisions\/26717"}],"up":[{"embeddable":true,"href":"https:\/\/steinberglawfirm-staging.clmcloud.app\/es\/wp-json\/wp\/v2\/pages\/13451"}],"wp:featuredmedia":[{"embeddable":true,"href":"https:\/\/steinberglawfirm-staging.clmcloud.app\/es\/wp-json\/wp\/v2\/media\/20571"}],"wp:attachment":[{"href":"https:\/\/steinberglawfirm-staging.clmcloud.app\/es\/wp-json\/wp\/v2\/media?parent=13623"}],"curies":[{"name":"wp","href":"https:\/\/api.w.org\/{rel}","templated":true}]}}