{"id":13620,"date":"2020-11-03T23:17:36","date_gmt":"2020-11-03T23:17:36","guid":{"rendered":"https:\/\/www.steinberglawfirm.com\/?page_id=13620"},"modified":"2022-04-21T22:21:51","modified_gmt":"2022-04-21T22:21:51","slug":"dog-bite-attorney","status":"publish","type":"page","link":"https:\/\/steinberglawfirm-staging.clmcloud.app\/es\/ubicaciones\/monte-agradable\/perro-mordedor-abogado\/","title":{"rendered":"Abogado de mordeduras de perro en Mt. Pleasant"},"content":{"rendered":"<h1 class=\"wp-block-heading\">Abogado de mordeduras de perro en Mt. Pleasant<\/h1>\n\n\n\n<p>Los perros son miembros queridos de muchas familias South Carolina. Por desgracia, algunos de ellos pueden morder a alguien. Las mordeduras de perro pueden ser devastadoras, incluso mortales.<\/p>\n\n\n\n<p>Los propietarios de perros son responsables de cualquier da\u00f1o causado por su perro. Si usted o un ser querido ha sido mordido por un perro, debe ser indemnizado por sus lesiones y da\u00f1os. Un <a href=\"https:\/\/www.steinberglawfirm.com\/\" target=\"_blank\" rel=\"noopener\">abogado experimentado en mordeduras de perro en Mt. Pleasant puede aconsejarle<\/a> sobre la mejor manera de hacerlo y ayudar a navegar en lo que suele ser una situaci\u00f3n dif\u00edcil.<\/p>\n\n\n\n<p><strong>Estad\u00edsticas de mordeduras de perro<\/strong><\/p>\n\n\n\n<p>En Estados Unidos viven 90 millones de perros en 50 millones de hogares. Cada a\u00f1o, los perros causan alrededor de 4,5 millones de lesiones por mordedura. Muchas de ellas no son graves y no requieren atenci\u00f3n m\u00e9dica profesional, pero alrededor del 12% de estas mordeduras requieren tratamiento en urgencias.<\/p>\n\n\n\n<p>Los ni\u00f1os son especialmente vulnerables a las mordeduras de perro y sus lesiones suelen ser peores. Los ni\u00f1os son ruidosos y activos y es m\u00e1s probable que asusten o alteren a un perro. Tambi\u00e9n es menos probable que se den cuenta del lenguaje corporal del perro o de otras se\u00f1ales de advertencia de que est\u00e1 dispuesto a morder. El riesgo de ser mordido es m\u00e1ximo en los ni\u00f1os de tres y cuatro a\u00f1os.<\/p>\n\n\n\n<p><strong>Las mordeduras de perro pueden ser graves<\/strong><\/p>\n\n\n\n<p>Un perro puede dar un peque\u00f1o mordisco que apenas rompa la piel o un mordisco que llegue a ser grave, incluso mortal. Los perros tienen mand\u00edbulas poderosas, con una media de 250 libras por pulgada cuadrada de fuerza de mordida. Esto var\u00eda de una raza a otra, pero independientemente de c\u00f3mo sea el perro, es capaz de causar da\u00f1os importantes.<\/p>\n\n\n\n<p>Dependiendo de d\u00f3nde muerda el perro, es habitual que se produzcan roturas de piel, de tejidos y de huesos. Otro problema de las mordeduras de perro es la infecci\u00f3n. Como los dientes del perro son largos y afilados, crean heridas punzantes que son m\u00e1s dif\u00edciles de limpiar. La transferencia de bacterias desde el interior de la boca del perro a la zona de la mordedura puede causar f\u00e1cilmente una infecci\u00f3n importante.<\/p>\n\n\n\n<p>La infecci\u00f3n es una de las razones por las que es importante buscar atenci\u00f3n m\u00e9dica inmediatamente despu\u00e9s de ser mordido por un perro. Hay que estar atento al enrojecimiento, especialmente a las vetas rojas que se alejan de la mordedura, a la sensibilidad y al calor al tacto en la zona de la herida.<\/p>\n\n\n\n<p>Adem\u00e1s, no es necesario que un perro muerda para causar da\u00f1os graves. Los perros pueden saltar y hacer que una persona se caiga. Pueden provocar una infecci\u00f3n con un ara\u00f1azo. Un ataque que cause una lesi\u00f3n se convierte en una reclamaci\u00f3n v\u00e1lida para un caso.<\/p>\n\n\n\n<p><strong>\u00bfQui\u00e9n es responsable?<\/strong><\/p>\n\n\n\n<p>En South Carolina, los propietarios de perros son responsables de mantenerlos bajo control en todo momento. El propietario es responsable de cualquier lesi\u00f3n causada por sus mascotas, independientemente de si sab\u00eda o no que era capaz de morder o actuar de forma agresiva o si ya hab\u00eda mordido a una persona una vez. Salvo en los casos de allanamiento de morada o cuando el perro estaba siendo provocado antes de atacar, la ley favorece a la v\u00edctima.<\/p>\n\n\n\n<p>Algunos de los posibles da\u00f1os que pueden solicitar las v\u00edctimas de mordeduras de perro:<br>- Gastos m\u00e9dicos<br>- Salarios perdidos<br>- Da\u00f1os materiales (si procede)<br>- Invalidez permanente<br>- Dolor y sufrimiento<\/p>\n\n\n\n<p><strong>Qu\u00e9 hacer si le muerde un perro<\/strong><\/p>\n\n\n\n<p>Hay medidas que deben tomarse inmediatamente despu\u00e9s de un ataque de perro que pueden aumentar sus posibilidades de ser indemnizado por sus lesiones. Es importante tener pruebas bien documentadas del ataque y de sus lesiones, incluso si no est\u00e1 seguro de c\u00f3mo va a proceder finalmente.<\/p>\n\n\n\n<p>- Obtenga la atenci\u00f3n m\u00e9dica adecuada y siga todos los tratamientos prescritos - busque una evaluaci\u00f3n profesional incluso si cree que sus lesiones son menores. Con el tiempo pueden producirse infecciones y da\u00f1os graves.<br>- Fotograf\u00ede sus lesiones. La documentaci\u00f3n adecuada es esencial.<br>- Avisa al due\u00f1o del perro si no est\u00e1 al tanto del incidente.<br>- Obtenga los nombres y la informaci\u00f3n de contacto de cualquier persona que pueda haber sido testigo del ataque.<br>- Denuncia el incidente a la polic\u00eda local y\/o al control de animales, especialmente si crees que el perro sigue siendo un peligro para otras personas.<br>- P\u00f3ngase en contacto con un abogado experto en mordeduras de perro.<\/p>\n\n\n\n<h2 class=\"wp-block-heading\">Abogado de mordeduras de perro en Mt. Pleasant<\/h2>\n\n\n\n<p>No se puede exagerar el da\u00f1o que puede causar una lesi\u00f3n por ataque de perro. Estas lesiones devastadoras pueden cambiar la vida y si usted o un ser querido han experimentado esto, usted merece ser justamente compensado por los da\u00f1os incurridos.<\/p>\n\n\n\n<p>El <a href=\"https:\/\/www.steinberglawfirm.com\/practice-areas\/dog-bites\/\" target=\"_blank\" rel=\"noopener\">abogados de mordeduras de perro de Steinberg Law Firm<\/a> puede ayudarle a gestionar su reclamaci\u00f3n mientras se recupera de esta dif\u00edcil situaci\u00f3n. <a href=\"https:\/\/www.steinberglawfirm.com\/free-consultation\/\" target=\"_blank\" rel=\"noopener\">Programe su consulta gratuita<\/a> y <a href=\"https:\/\/www.steinberglawfirm.com\/attorney\/\" target=\"_blank\" rel=\"noopener\">hablar con un abogado de Steinberg Law Firm<\/a> que puede responder a cualquier pregunta que tenga. Con <a href=\"https:\/\/www.steinberglawfirm.com\/office-locations\/charleston-office\/\" target=\"_blank\" rel=\"noopener\">oficinas en Charleston<\/a>, <a href=\"https:\/\/www.steinberglawfirm.com\/office-locations\/goose-creek-office\/\" target=\"_blank\" rel=\"noopener\">Goose Creek<\/a> y <a href=\"https:\/\/www.steinberglawfirm.com\/office-locations\/summerville-office\/\" target=\"_blank\" rel=\"noopener\">Summerville<\/a> <a href=\"https:\/\/www.steinberglawfirm.com\/locations\/mount-pleasant\/\" target=\"_blank\" rel=\"noopener\">servimos a Mt. Pleasant<\/a> y sus alrededores. <a href=\"tel:843-720-2800\">Llame al 843-720-2800 para pedir una cita<\/a>.<\/p>","protected":false},"excerpt":{"rendered":"<p>Abogado de Mordeduras de Perro en Mt. Pleasant Los perros son miembros queridos de muchas familias South Carolina. Desafortunadamente, algunos de ellos muerden a alguien. Las mordeduras de perro tienen el potencial de ser devastadoras, incluso mortales. Los due\u00f1os de perros son responsables de cualquier da\u00f1o causado por su perro. Si usted o un ser querido ha sido mordido por un perro, usted...<\/p>","protected":false},"author":1,"featured_media":20571,"parent":13451,"menu_order":0,"comment_status":"closed","ping_status":"closed","template":"","meta":{"_acf_changed":false,"footnotes":""},"class_list":["post-13620","page","type-page","status-publish","has-post-thumbnail","hentry"],"acf":[],"_links":{"self":[{"href":"https:\/\/steinberglawfirm-staging.clmcloud.app\/es\/wp-json\/wp\/v2\/pages\/13620"}],"collection":[{"href":"https:\/\/steinberglawfirm-staging.clmcloud.app\/es\/wp-json\/wp\/v2\/pages"}],"about":[{"href":"https:\/\/steinberglawfirm-staging.clmcloud.app\/es\/wp-json\/wp\/v2\/types\/page"}],"author":[{"embeddable":true,"href":"https:\/\/steinberglawfirm-staging.clmcloud.app\/es\/wp-json\/wp\/v2\/users\/1"}],"replies":[{"embeddable":true,"href":"https:\/\/steinberglawfirm-staging.clmcloud.app\/es\/wp-json\/wp\/v2\/comments?post=13620"}],"version-history":[{"count":11,"href":"https:\/\/steinberglawfirm-staging.clmcloud.app\/es\/wp-json\/wp\/v2\/pages\/13620\/revisions"}],"predecessor-version":[{"id":20584,"href":"https:\/\/steinberglawfirm-staging.clmcloud.app\/es\/wp-json\/wp\/v2\/pages\/13620\/revisions\/20584"}],"up":[{"embeddable":true,"href":"https:\/\/steinberglawfirm-staging.clmcloud.app\/es\/wp-json\/wp\/v2\/pages\/13451"}],"wp:featuredmedia":[{"embeddable":true,"href":"https:\/\/steinberglawfirm-staging.clmcloud.app\/es\/wp-json\/wp\/v2\/media\/20571"}],"wp:attachment":[{"href":"https:\/\/steinberglawfirm-staging.clmcloud.app\/es\/wp-json\/wp\/v2\/media?parent=13620"}],"curies":[{"name":"wp","href":"https:\/\/api.w.org\/{rel}","templated":true}]}}