{"id":13617,"date":"2020-11-03T23:04:32","date_gmt":"2020-11-03T23:04:32","guid":{"rendered":"https:\/\/www.steinberglawfirm.com\/?page_id=13617"},"modified":"2022-04-21T22:27:46","modified_gmt":"2022-04-21T22:27:46","slug":"wrongful-death-attorney","status":"publish","type":"page","link":"https:\/\/steinberglawfirm-staging.clmcloud.app\/es\/ubicaciones\/monte-agradable\/abogado-de-muerte-por-negligencia-3\/","title":{"rendered":"Abogado de Muerte Injusta en Mt. Pleasant"},"content":{"rendered":"<h1 class=\"wp-block-heading\">Abogado de Muerte Injusta en Mt. Pleasant<\/h1>\n\n\n\n<p>La muerte repentina e intempestiva de un ser querido es una de las experiencias m\u00e1s dif\u00edciles que una persona puede enfrentar. Cuando esa muerte fue causada por la negligencia de otra persona se vuelve a\u00fan m\u00e1s dif\u00edcil de entender.<\/p>\n\n\n\n<p>Adem\u00e1s de la tristeza de cualquier muerte inesperada, los familiares supervivientes suelen tener que hacer frente a muchos nuevos gastos y consecuencias financieras. A menudo hay gastos inmediatos como las facturas m\u00e9dicas y los gastos funerarios, as\u00ed como la p\u00e9rdida de los ingresos y el apoyo financiero de la persona que muri\u00f3. Cuando este es el caso, los supervivientes pueden presentar una demanda por homicidio culposo contra la persona responsable de la muerte de su ser querido.<\/p>\n\n\n\n<p>El <a href=\"https:\/\/www.steinberglawfirm.com\/practice-areas\/wrongful-death\/\" target=\"_blank\" rel=\"noopener\">abogados de muerte por negligencia en Steinberg Law Firm<\/a> entienden lo dif\u00edcil que es esta situaci\u00f3n y se comprometen a ayudar a las familias en duelo a obtener la compensaci\u00f3n y el cierre que merecen. Ninguna cantidad de dinero sustituir\u00e1 a un miembro de la familia, pero puede aliviar la carga financiera de vivir repentinamente sin \u00e9l.<\/p>\n\n\n\n<p><strong>\u00bfQu\u00e9 es una muerte por negligencia?<\/strong><\/p>\n\n\n\n<p>Una muerte se considera \"il\u00edcita\" a los ojos de la ley cuando es causada por las acciones deliberadas, imprudentes o negligentes de otro. La muerte por negligencia es la base de una demanda contra el individuo o individuos responsables de la muerte. A veces se puede presentar una demanda cuando la acci\u00f3n penal no es posible o no tiene \u00e9xito.<\/p>\n\n\n\n<p>El incidente que finalmente caus\u00f3 la muerte puede haber ocurrido mucho antes de que la persona falleciera realmente. Los supervivientes pueden reclamar una indemnizaci\u00f3n a la parte responsable aunque hayan transcurrido semanas, meses o a\u00f1os entre ambos sucesos.<\/p>\n\n\n\n<p>Las reclamaciones por muerte por negligencia suelen estar relacionadas con:<br>- Accidentes de tr\u00e1fico<br>- Accidentes de camiones<br>- Accidente de moto<br>- Accidente de peat\u00f3n<br>- DUIs<br>- Negligencia m\u00e9dica<br>- Abuso o negligencia en residencias de ancianos<br>- Accidentes laborales<br>- Cataratas<br>- Responsabilidades de los locales<br>- Productos peligrosos<\/p>\n\n\n\n<p>Las reclamaciones por muerte por negligencia no siempre llegan a los tribunales. A veces se puede negociar un acuerdo extrajudicial con la parte que contribuy\u00f3 a la muerte. Esto puede ser preferible para la familia o conducir a un acuerdo m\u00e1s favorable. No importa la raz\u00f3n, un abogado deber\u00eda ser capaz de encontrar el mejor camino para la resoluci\u00f3n.<\/p>\n\n\n\n<p><strong>Tipos de casos de muerte por negligencia <\/strong><\/p>\n\n\n\n<p>Los accidentes automovil\u00edsticos representan el mayor n\u00famero de demandas por homicidio culposo. Cada a\u00f1o mueren unas 40.000 personas en accidentes de tr\u00e1fico en Estados Unidos, seg\u00fan la Administraci\u00f3n Nacional de Seguridad del Tr\u00e1fico en Carreteras, y en m\u00e1s del 30% de estos accidentes est\u00e1 implicado el alcohol. En las muertes por accidentes de veh\u00edculos, se puede pedir una indemnizaci\u00f3n a los automovilistas individuales, a las empresas de transporte comercial, a los servicios de transporte compartido, a las empresas de mantenimiento y a los fabricantes de veh\u00edculos, en funci\u00f3n de los detalles del accidente.<\/p>\n\n\n\n<p>La mala praxis m\u00e9dica tambi\u00e9n da lugar a muchas demandas por homicidio culposo. M\u00e1s de 98.000 personas mueren cada a\u00f1o en Estados Unidos por errores m\u00e9dicos evitables, en la mayor\u00eda de los casos por diagn\u00f3sticos err\u00f3neos, retrasos en el diagn\u00f3stico o el tratamiento, errores quir\u00fargicos, errores de anestesia, lesiones en el parto, errores de medicaci\u00f3n y mucho m\u00e1s.<\/p>\n\n\n\n<p>Aunque estos son algunos ejemplos de las causas m\u00e1s comunes de los homicidios culposos, cualquier accidente o acto negligente o malintencionado que mate a otra persona puede convertirse en una demanda por homicidio culposo.<\/p>\n\n\n\n<p><strong>Reclamaciones por homicidio involuntario en South Carolina<\/strong><\/p>\n\n\n\n<p>Seg\u00fan la ley South Carolina, el albacea o administrador de una herencia debe presentar una demanda por homicidio culposo en nombre del c\u00f3nyuge superviviente y de los hijos del fallecido. Si la persona no estaba casada y no ten\u00eda hijos, la demanda puede presentarse en nombre de sus padres u otros herederos.<\/p>\n\n\n\n<p>Adem\u00e1s de una demanda por homicidio culposo, el albacea o administrador tambi\u00e9n puede presentar una acci\u00f3n de supervivencia. Esto permite a la herencia recuperar los da\u00f1os en nombre de la persona recientemente fallecida que sufri\u00f3 como resultado de las acciones negligentes antes de morir.<\/p>\n\n\n\n<p>South Carolina Las leyes de prescripci\u00f3n dictan que los miembros de la familia tienen tres a\u00f1os a partir de la fecha de la muerte para presentar una reclamaci\u00f3n por homicidio culposo. Esto puede parecer mucho tiempo para actuar, sin embargo, la investigaci\u00f3n y la preparaci\u00f3n que conlleva la presentaci\u00f3n de dicha reclamaci\u00f3n es un proceso largo. Por lo tanto, es importante que la familia de la persona fallecida act\u00fae r\u00e1pidamente y <a href=\"https:\/\/www.steinberglawfirm.com\/contact-us\/\" target=\"_blank\" rel=\"noopener\">contacte con un abogado especializado en muerte por negligencia<\/a> lo antes posible. Dejar pasar el plazo para presentar una reclamaci\u00f3n puede impedir que la familia pueda recuperar los da\u00f1os.<\/p>\n\n\n\n<p><strong>Posibles da\u00f1os y perjuicios en las demandas por homicidio culposo<\/strong><\/p>\n\n\n\n<p>Una demanda por homicidio culposo puede ayudar a la familia a recuperarse econ\u00f3micamente de la muerte de un ser querido. Pueden recuperar algunos de los costes inmediatos asociados a una muerte, como los gastos funerarios y las facturas m\u00e9dicas, as\u00ed como las p\u00e9rdidas no econ\u00f3micas. Un abogado con experiencia en muerte por negligencia determina el valor total de un caso, pero algunos da\u00f1os potenciales que pueden recuperarse incluyen:<br>- Facturas m\u00e9dicas<br>- Gastos de funeral y entierro<br>- P\u00e9rdida de ingresos y prestaciones<br>- P\u00e9rdida de seguridad<br>- P\u00e9rdida de consorcio (compa\u00f1\u00eda y amor)<br>- P\u00e9rdida de la orientaci\u00f3n de los padres<br>- P\u00e9rdida de las contribuciones del hogar<br>- Angustia mental<br>- Da\u00f1os punitivos - tambi\u00e9n conocidos como da\u00f1os ejemplares y apropiados en casos en los que la muerte fue causada por negligencia o malicia y ordenados para evitar que la parte responsable act\u00fae de manera similar en el futuro.<\/p>\n\n\n\n<h2 class=\"wp-block-heading\">Hable con un abogado de muerte por negligencia de Mt. Pleasant<\/h2>\n\n\n\n<p>Una vez m\u00e1s, el dinero es un peque\u00f1o consuelo cuando se sufre la p\u00e9rdida de un ser querido. Puede aliviar el estr\u00e9s de un momento muy emotivo y puede proporcionar al menos un poco de cierre para los miembros supervivientes de la familia.<\/p>\n\n\n\n<p>No hay planificaci\u00f3n para algo tan devastador como la muerte de un ser querido. La recuperaci\u00f3n es un proceso largo y complicado, especialmente cuando la causa de la muerte era evitable. La p\u00e1gina web <a href=\"https:\/\/www.steinberglawfirm.com\/attorney\/\" target=\"_blank\" rel=\"noopener\">profesionales del cuidado del Steinberg Law Firm<\/a> entiende lo dif\u00edcil que es esto y ha ayudado a muchas otras familias que se enfrentan a situaciones similares a recuperar la compensaci\u00f3n que merecen.<\/p>\n\n\n\n<p>Si ha perdido a un ser querido y la negligencia o imprudencia de otra persona ha contribuido a su muerte, podr\u00eda tener derecho a presentar una demanda por homicidio culposo. <a href=\"https:\/\/www.steinberglawfirm.com\/contact-us\/\" target=\"_blank\" rel=\"noopener\">Contacto con el Steinberg Law Firm<\/a> en <a href=\"tel:843-720-2800\">843-720-2800<\/a> para un <a href=\"https:\/\/www.steinberglawfirm.com\/free-consultation\/\" target=\"_blank\" rel=\"noopener\">revisi\u00f3n gratuita del caso<\/a>.<\/p>","protected":false},"excerpt":{"rendered":"<p>Abogado de Muerte Injusta en Mt. Pleasant La muerte repentina y prematura de un ser querido es una de las experiencias m\u00e1s dif\u00edciles que una persona puede enfrentar. Cuando esa muerte fue causada por la negligencia de otra persona se vuelve a\u00fan m\u00e1s dif\u00edcil de entender. Adem\u00e1s de la tristeza de cualquier muerte inesperada, los familiares sobrevivientes...<\/p>","protected":false},"author":1,"featured_media":20571,"parent":13451,"menu_order":0,"comment_status":"closed","ping_status":"closed","template":"","meta":{"_acf_changed":false,"footnotes":""},"class_list":["post-13617","page","type-page","status-publish","has-post-thumbnail","hentry"],"acf":[],"_links":{"self":[{"href":"https:\/\/steinberglawfirm-staging.clmcloud.app\/es\/wp-json\/wp\/v2\/pages\/13617"}],"collection":[{"href":"https:\/\/steinberglawfirm-staging.clmcloud.app\/es\/wp-json\/wp\/v2\/pages"}],"about":[{"href":"https:\/\/steinberglawfirm-staging.clmcloud.app\/es\/wp-json\/wp\/v2\/types\/page"}],"author":[{"embeddable":true,"href":"https:\/\/steinberglawfirm-staging.clmcloud.app\/es\/wp-json\/wp\/v2\/users\/1"}],"replies":[{"embeddable":true,"href":"https:\/\/steinberglawfirm-staging.clmcloud.app\/es\/wp-json\/wp\/v2\/comments?post=13617"}],"version-history":[{"count":5,"href":"https:\/\/steinberglawfirm-staging.clmcloud.app\/es\/wp-json\/wp\/v2\/pages\/13617\/revisions"}],"predecessor-version":[{"id":20599,"href":"https:\/\/steinberglawfirm-staging.clmcloud.app\/es\/wp-json\/wp\/v2\/pages\/13617\/revisions\/20599"}],"up":[{"embeddable":true,"href":"https:\/\/steinberglawfirm-staging.clmcloud.app\/es\/wp-json\/wp\/v2\/pages\/13451"}],"wp:featuredmedia":[{"embeddable":true,"href":"https:\/\/steinberglawfirm-staging.clmcloud.app\/es\/wp-json\/wp\/v2\/media\/20571"}],"wp:attachment":[{"href":"https:\/\/steinberglawfirm-staging.clmcloud.app\/es\/wp-json\/wp\/v2\/media?parent=13617"}],"curies":[{"name":"wp","href":"https:\/\/api.w.org\/{rel}","templated":true}]}}