{"id":13613,"date":"2020-11-03T22:55:14","date_gmt":"2020-11-03T22:55:14","guid":{"rendered":"https:\/\/www.steinberglawfirm.com\/?page_id=13613"},"modified":"2023-08-21T19:02:05","modified_gmt":"2023-08-21T19:02:05","slug":"slip-and-fall-attorneys","status":"publish","type":"page","link":"https:\/\/steinberglawfirm-staging.clmcloud.app\/es\/ubicaciones\/monte-agradable\/abogados-especializados-en-resbalones-y-caidas\/","title":{"rendered":"Abogados de resbalones y ca\u00eddas en Mt. Pleasant"},"content":{"rendered":"<h1 class=\"wp-block-heading\">Abogados de resbalones y ca\u00eddas en Mt. Pleasant<\/h1>\n\n\n\n<p>Seg\u00fan las estad\u00edsticas del Consejo Nacional de Seguridad, cada a\u00f1o nueve millones de personas visitan las salas de urgencias tras sufrir accidentes por resbalones y ca\u00eddas. <a href=\"https:\/\/www.steinberglawfirm.com\/practice-areas\/premises-liability\/slip-and-fall\/\" target=\"_blank\" rel=\"noopener\">Los accidentes por resbalones y ca\u00eddas pueden provocar lesiones extremas<\/a> cuyos efectos pueden durar toda la vida. La gravedad de un accidente de resbal\u00f3n y ca\u00edda nunca debe ser minimizada. Si usted se lesion\u00f3 en un resbal\u00f3n y ca\u00edda en la propiedad o negocio de otra persona, podr\u00eda ser capaz de recuperar los da\u00f1os financieros mediante la presentaci\u00f3n de una reclamaci\u00f3n por resbal\u00f3n y ca\u00edda.<\/p>\n\n\n\n<p>El t\u00e9rmino \"resbal\u00f3n y ca\u00edda\" engloba los accidentes de ca\u00edda causados por resbalones o tropiezos y est\u00e1n sujetos a las leyes de responsabilidad de los locales. Para tener una reclamaci\u00f3n v\u00e1lida por resbal\u00f3n y ca\u00edda, el accidente debe haber ocurrido en la propiedad de otra persona y haber sido causado por negligencia.<\/p>\n\n\n\n<p>Los casos de resbalones y ca\u00eddas son complicados. Un <a href=\"https:\/\/www.steinberglawfirm.com\/locations\/mount-pleasant\/\" target=\"_blank\" rel=\"noopener\">abogado con experiencia en resbalones y ca\u00eddas en Mt. Pleasant<\/a> puede ayudar a determinar la culpa del accidente y la mejor manera de <a href=\"https:\/\/www.steinberglawfirm.com\/blog\/case-result-slip-fall-525000-south-carolina-restaurant-wet-floor\/\" target=\"_blank\" rel=\"noopener\">reclamar una indemnizaci\u00f3n<\/a> por las importantes lesiones y da\u00f1os que suelen producirse en un accidente por resbal\u00f3n y ca\u00edda.<\/p>\n\n\n\n<p><strong>Causas de los accidentes por resbalones y ca\u00eddas <\/strong><\/p>\n\n\n\n<p>Los negocios y los propietarios de viviendas deben mantener un nivel general de seguridad para los clientes y visitantes. Esto es m\u00e1s que una cortes\u00eda com\u00fan; es una obligaci\u00f3n legal. Cuando las acciones negligentes o descuidadas de un propietario provocan una ca\u00edda, ese propietario puede y debe ser considerado responsable.<\/p>\n\n\n\n<p>Algunas causas comunes de los accidentes por resbalones y ca\u00eddas:<br>- Suelos mojados<br>- Superficies irregulares<br>- Escalones o pasamanos sueltos<br>- Condiciones ambientales<br>- Nieve y hielo<br>- Iluminaci\u00f3n inadecuada<br>- Aceras agrietadas o hundidas<br>- Azulejos y suelos rotos<br>- Derrames<br>- Defectos de construcci\u00f3n<br>- No se han colocado se\u00f1ales de advertencia sobre los peligros conocidos<br>- Zonas de construcci\u00f3n sin se\u00f1alizar<br>- Cordones<br>- Instalaciones o muebles mal colocados<\/p>\n\n\n\n<p><strong>Accidentes de trabajo por resbalones y ca\u00eddas<\/strong><\/p>\n\n\n\n<p>Las personas son vulnerables a los resbalones y ca\u00eddas en cualquier lugar, pero especialmente en el trabajo. Cada a\u00f1o se presentan muchas reclamaciones de indemnizaci\u00f3n por accidentes de trabajo relacionadas con resbalones y ca\u00eddas. Algunas profesiones conllevan un mayor riesgo de accidentes por resbalones y ca\u00eddas en el lugar de trabajo. Entre ellas se encuentran:<br>- Trabajadores de restaurantes como camareros y personal de cocina<br>- Trabajadores de la construcci\u00f3n<br>- Personal de limpieza y conserjes<br>- Trabajadores de la industria y de las f\u00e1bricas<br>- Trabajadores manuales<\/p>\n\n\n\n<p>Los empresarios tienen responsabilidades adicionales para mantener a sus empleados sanos y salvos de las lesiones mientras est\u00e1n en el trabajo. Si usted se lesion\u00f3 en una ca\u00edda en el trabajo, podr\u00eda ser compensado a trav\u00e9s de la compensaci\u00f3n de los trabajadores en lugar de una demanda por lesiones personales. Consulte a un abogado especializado en indemnizaciones laborales para determinar el mejor curso de acci\u00f3n.<\/p>\n\n\n\n<p><strong>Lesiones comunes por accidentes de resbalones y ca\u00eddas<\/strong><\/p>\n\n\n\n<p>La mayor\u00eda de las lesiones por resbalones y ca\u00eddas no son graves y s\u00f3lo provocan dolores y magulladuras. Sin embargo, pueden producirse lesiones m\u00e1s graves por resbalones y ca\u00eddas. Algunas lesiones por resbal\u00f3n y ca\u00edda pueden ser devastadoras o incluso poner en peligro la vida.<\/p>\n\n\n\n<p>Los accidentes por resbalones y ca\u00eddas son especialmente peligrosos por su car\u00e1cter inesperado y repentino. Hay poco tiempo para prepararse para el impacto de la ca\u00edda y proteger el cuerpo.<\/p>\n\n\n\n<p>Las fracturas \u00f3seas y los esguinces est\u00e1n entre las lesiones m\u00e1s comunes. Cualquier zona del cuerpo que reciba el impacto es la que probablemente resulte m\u00e1s da\u00f1ada. Esto hace que las manos, las mu\u00f1ecas, las caderas y los hombros sean extremadamente vulnerables a los da\u00f1os.<\/p>\n\n\n\n<p>Las ca\u00eddas son la causa m\u00e1s frecuente de lesiones cerebrales traum\u00e1ticas, como las conmociones cerebrales. Las lesiones en el cuello y la columna vertebral son frecuentes tras las ca\u00eddas.<\/p>\n\n\n\n<p>Algunas de las lesiones m\u00e1s comunes que se producen son:<br>- Dislocaci\u00f3n del hombro<br>- Lesi\u00f3n del plexo braquial<br>- Fracturas de cadera<br>- Fracturas de mu\u00f1eca<br>- Tobillos torcidos<br>- Lesi\u00f3n cerebral traum\u00e1tica<br>- Discos abultados<br>- Fractura de v\u00e9rtebras<br>- Fractura del hueso de la cola<\/p>\n\n\n\n<p><strong>\u00bfPor qu\u00e9 contratar a un abogado de resbalones y ca\u00eddas?<\/strong><\/p>\n\n\n\n<p>A muchos propietarios les preocupa que asumir la responsabilidad de un resbal\u00f3n y una ca\u00edda perjudique a su negocio o les aumente las primas del seguro. Algunos har\u00e1n todo lo posible para evitar asumir la responsabilidad de una reclamaci\u00f3n por ca\u00edda. Otros quieren ayudar, pero sus compa\u00f1\u00edas de seguros hacen que el proceso de ser compensado de forma justa sea casi imposible.<\/p>\n\n\n\n<p>Las reclamaciones de responsabilidad civil de los locales son complicadas a prop\u00f3sito. Al hacer el proceso extremadamente dif\u00edcil, las compa\u00f1\u00edas esperan que usted se frustre y se d\u00e9 por vencido. Las compa\u00f1\u00edas de seguros tienen equipos de abogados cuyo trabajo es ayudarles a pagar lo menos posible. De forma rutinaria, ponen los beneficios por encima de las personas.<\/p>\n\n\n\n<p>Pocos lesionados son conscientes del valor potencial de su reclamaci\u00f3n o de sus derechos ante la ley. La persona media no es experta en negociar con una compa\u00f1\u00eda de seguros y \u00e9sta lo utilizar\u00e1 en su beneficio.<\/p>\n\n\n\n<p>Cuando usted se pone en contacto con un abogado especializado en resbalones y ca\u00eddas, \u00e9ste investigar\u00e1 su accidente y recopilar\u00e1 la informaci\u00f3n y las pruebas pertinentes en su nombre. Esta informaci\u00f3n es esencial para apoyar su reclamaci\u00f3n. La contrataci\u00f3n de un abogado cualificado en materia de responsabilidad civil de los locales nivela el terreno de juego para que la v\u00edctima de una ca\u00edda reciba un trato justo.<\/p>\n\n\n\n<h2 class=\"wp-block-heading\">P\u00f3ngase en contacto con un abogado de resbalones y ca\u00eddas de Mt. Pleasant<\/h2>\n\n\n\n<p>El <a href=\"https:\/\/www.steinberglawfirm.com\/practice-areas\/premises-liability\/\" target=\"_blank\" rel=\"noopener\">abogados de responsabilidad civil del local Steinberg Law Firm<\/a> tienen <a href=\"https:\/\/www.steinberglawfirm.com\/about-us\/\" target=\"_blank\" rel=\"noopener\">d\u00e9cadas de experiencia en la gesti\u00f3n de casos de resbalones y ca\u00eddas<\/a> y el trato con las compa\u00f1\u00edas de seguros. Si usted o un ser querido se lesion\u00f3 en una ca\u00edda debido a la negligencia de otra persona, <a href=\"https:\/\/www.steinberglawfirm.com\/contact-us\/\" target=\"_blank\" rel=\"noopener\">p\u00f3ngase en contacto con un abogado sin demora<\/a>. Existen plazos estrictos para presentar una reclamaci\u00f3n que deben respetarse para proteger su derecho a emprender acciones legales.<\/p>\n\n\n\n<p>Si usted o un ser querido resultaron heridos en un accidente de resbal\u00f3n y ca\u00edda, podr\u00edan tener derecho a una indemnizaci\u00f3n por sus lesiones. Para saber m\u00e1s sobre c\u00f3mo el Steinberg Law Firm puede ayudarle a presentar una reclamaci\u00f3n de indemnizaci\u00f3n basada en las lesiones que usted o su ser querido hayan sufrido, <a href=\"tel:843-720-2800\">llame al 843-720-2800<\/a>o <a href=\"https:\/\/www.steinberglawfirm.com\/contact-us\/\" target=\"_blank\" rel=\"noopener\">contacte con nosotros a trav\u00e9s de nuestro formulario online<\/a>.<\/p>","protected":false},"excerpt":{"rendered":"<p>Abogados de resbalones y ca\u00eddas en Mt. Pleasant Seg\u00fan las estad\u00edsticas del Consejo Nacional de Seguridad, nueve millones de personas visitan las salas de emergencia despu\u00e9s de accidentes de resbalones y ca\u00eddas cada a\u00f1o. Los accidentes de resbalones y ca\u00eddas pueden conducir a lesiones extremas cuyos efectos pueden durar toda la vida. La gravedad de un accidente de resbal\u00f3n y ca\u00edda nunca debe...<\/p>","protected":false},"author":1,"featured_media":20571,"parent":13451,"menu_order":0,"comment_status":"closed","ping_status":"closed","template":"","meta":{"_acf_changed":false,"footnotes":""},"class_list":["post-13613","page","type-page","status-publish","has-post-thumbnail","hentry"],"acf":[],"_links":{"self":[{"href":"https:\/\/steinberglawfirm-staging.clmcloud.app\/es\/wp-json\/wp\/v2\/pages\/13613"}],"collection":[{"href":"https:\/\/steinberglawfirm-staging.clmcloud.app\/es\/wp-json\/wp\/v2\/pages"}],"about":[{"href":"https:\/\/steinberglawfirm-staging.clmcloud.app\/es\/wp-json\/wp\/v2\/types\/page"}],"author":[{"embeddable":true,"href":"https:\/\/steinberglawfirm-staging.clmcloud.app\/es\/wp-json\/wp\/v2\/users\/1"}],"replies":[{"embeddable":true,"href":"https:\/\/steinberglawfirm-staging.clmcloud.app\/es\/wp-json\/wp\/v2\/comments?post=13613"}],"version-history":[{"count":6,"href":"https:\/\/steinberglawfirm-staging.clmcloud.app\/es\/wp-json\/wp\/v2\/pages\/13613\/revisions"}],"predecessor-version":[{"id":26904,"href":"https:\/\/steinberglawfirm-staging.clmcloud.app\/es\/wp-json\/wp\/v2\/pages\/13613\/revisions\/26904"}],"up":[{"embeddable":true,"href":"https:\/\/steinberglawfirm-staging.clmcloud.app\/es\/wp-json\/wp\/v2\/pages\/13451"}],"wp:featuredmedia":[{"embeddable":true,"href":"https:\/\/steinberglawfirm-staging.clmcloud.app\/es\/wp-json\/wp\/v2\/media\/20571"}],"wp:attachment":[{"href":"https:\/\/steinberglawfirm-staging.clmcloud.app\/es\/wp-json\/wp\/v2\/media?parent=13613"}],"curies":[{"name":"wp","href":"https:\/\/api.w.org\/{rel}","templated":true}]}}