{"id":13608,"date":"2020-11-03T22:31:28","date_gmt":"2020-11-03T22:31:28","guid":{"rendered":"https:\/\/www.steinberglawfirm.com\/?page_id=13608"},"modified":"2023-02-13T16:01:06","modified_gmt":"2023-02-13T16:01:06","slug":"workers-compensation-attorneys","status":"publish","type":"page","link":"https:\/\/steinberglawfirm-staging.clmcloud.app\/es\/ubicaciones\/monte-agradable\/abogados-especializados-en-indemnizaciones-laborales\/","title":{"rendered":"Abogados de compensaci\u00f3n de trabajadores de Mt. Pleasant"},"content":{"rendered":"<h1 class=\"wp-block-heading\">Abogados de compensaci\u00f3n de trabajadores de Mt. Pleasant<\/h1>\n\n\n\n<p><a href=\"https:\/\/www.steinberglawfirm.com\/practice-areas\/workers-compensation\/\" target=\"_blank\" rel=\"noopener\">Las lesiones laborales pueden afectar dr\u00e1sticamente a la vida de los trabajadores<\/a>. A menudo, las personas no s\u00f3lo tienen que lidiar con el dolor f\u00edsico y la discapacidad, sino que tambi\u00e9n deben recuperarse financiera y profesionalmente.<\/p>\n\n\n\n<p>El <a href=\"https:\/\/www.scbar.org\/public\/get-legal-help\/common-legal-topics\/your-rights-under-the-sc-workers-compensation-act\/\" target=\"_blank\" rel=\"noopener\">South Carolina Ley de compensaci\u00f3n de los trabajadores<\/a> proporciona a los trabajadores lesionados una compensaci\u00f3n por los gastos m\u00e9dicos, los salarios perdidos y otros da\u00f1os sufridos tras una lesi\u00f3n laboral. Sin embargo, con frecuencia los trabajadores lesionados que tienen un caso de indemnizaci\u00f3n por accidente de trabajo se encuentran con que las compa\u00f1\u00edas de seguros que gestionan sus reclamaciones no pagan de forma justa.<\/p>\n\n\n\n<p>En <a href=\"https:\/\/www.steinberglawfirm.com\/\" target=\"_blank\" rel=\"noopener\">Steinberg Law Firm<\/a>, nuestro <a href=\"https:\/\/www.steinberglawfirm.com\/attorney\/\" target=\"_blank\" rel=\"noopener\">abogados de indemnizaci\u00f3n por accidente de trabajo<\/a> entender c\u00f3mo operan estas compa\u00f1\u00edas de seguros y todas las formas en que intentan pagar de menos. Tenemos <a href=\"https:\/\/www.steinberglawfirm.com\/about-us\/\" target=\"_blank\" rel=\"noopener\">d\u00e9cadas de experiencia en la tramitaci\u00f3n de casos de indemnizaci\u00f3n de trabajadores<\/a> y est\u00e1n dispuestos a pelearse contigo despu\u00e9s de que te hayan perjudicado en el trabajo.<\/p>\n\n\n\n<p><strong>Compensaci\u00f3n laboral en Mt. Pleasant, South Carolina<\/strong><\/p>\n\n\n\n<p>La mayor\u00eda de los trabajadores tienen derecho a <a href=\"https:\/\/www.steinberglawfirm.com\/workers-compensation-report\/\" target=\"_blank\" rel=\"noopener\">indemnizaci\u00f3n de los trabajadores con arreglo a la ley South Carolina<\/a>. Los empresarios con m\u00e1s de cuatro empleados a tiempo completo o parcial deben contratar un seguro de compensaci\u00f3n de los trabajadores.<\/p>\n\n\n\n<p>Existen algunas excepciones a la cobertura de la compensaci\u00f3n de los trabajadores. Las personas que trabajan en las siguientes industrias y circunstancias deben consultar con un abogado de compensaci\u00f3n de trabajadores inmediatamente despu\u00e9s de una lesi\u00f3n:<br>- Trabajadores agr\u00edcolas<br>- Trabajadores del ferrocarril<br>- Agentes inmobiliarios<br>- Empleados federales que trabajan en South Carolina<br>- Funcionarios de la empresa<br>- Voluntarios<br>- Contratistas independientes<br>- Trabajadores temporales<br>- Empleados de peque\u00f1as empresas con menos de 4 empleados y\/o menos de $3 de ingresos anuales<\/p>\n\n\n\n<p>El seguro de indemnizaci\u00f3n de los trabajadores protege tanto a los empleados como a los empresarios. Los trabajadores tienen una v\u00eda garantizada para recuperar los da\u00f1os cuando se lesionan en el trabajo y los empresarios no tienen que preocuparse de pagar estos costes a los trabajadores lesionados de su bolsillo. Sin embargo, la implicaci\u00f3n de una tercera compa\u00f1\u00eda de seguros hace que muchas personas lesionadas que necesitan prestaciones de compensaci\u00f3n laboral no las reciban.<\/p>\n\n\n\n<p>Las compa\u00f1\u00edas de seguros ponen los beneficios por encima de todo y pagar\u00e1n lo menos posible. En Steinberg Law Firm entendemos el funcionamiento interno de las compa\u00f1\u00edas de seguros y sabemos c\u00f3mo negociar con ellas para que nuestros clientes obtengan la indemnizaci\u00f3n que merecen.<\/p>\n\n\n\n<p><strong>Lesiones laborales comunes <\/strong><\/p>\n\n\n\n<p>Hay innumerables formas de lesionarse en el trabajo. La compensaci\u00f3n de los trabajadores est\u00e1 disponible cuando se produce una lesi\u00f3n o enfermedad mientras se est\u00e1 trabajando y dentro del \u00e1mbito del empleo. Dependiendo de la naturaleza del trabajo realizado, el accidente que causa la lesi\u00f3n puede ser cualquier cosa.<\/p>\n\n\n\n<p>Algunas de las lesiones laborales m\u00e1s comunes son:<br>- Huesos rotos<br>- Lesiones de cuello y espalda<br>- Esguinces<br>- Cepas<br>- Laceraciones<br>- Dolor<br>- Lesiones cerebrales traum\u00e1ticas<br>- Problemas respiratorios<br>- Amputaciones<br>- Par\u00e1lisis<br>- P\u00e9rdida de audici\u00f3n<\/p>\n\n\n\n<p><strong>\u00bfQui\u00e9n corre m\u00e1s riesgo de sufrir un accidente laboral?<\/strong><\/p>\n\n\n\n<p>Los accidentes con veh\u00edculos y maquinaria pesada pueden ocurrir con frecuencia en el trabajo, ya sea un accidente con un coche de empresa, un cami\u00f3n, un remolque de tractor, una carretilla elevadora o una colisi\u00f3n entre un peat\u00f3n y otro veh\u00edculo. La maquinaria puede funcionar mal o manejarse de forma incorrecta, provocando da\u00f1os. <a href=\"https:\/\/www.steinberglawfirm.com\/workers-compensation\/workers-compensation-for-an-employee-who-suffers-a-burn-injury\/\" target=\"_blank\" rel=\"noopener\">Los productos qu\u00edmicos peligrosos y otras sustancias pueden arder<\/a> o da\u00f1ar de otro modo a quienes entran en contacto con ellos.<\/p>\n\n\n\n<p>Los trabajadores de algunos sectores son m\u00e1s propensos a las lesiones que otros.<br>- Servicio, como los trabajadores de emergencias como la polic\u00eda y los bomberos<br>- Transporte y env\u00edo, como los camioneros<br>- Fabricaci\u00f3n<br>- Construcci\u00f3n<br>- Agricultura<br>- Instalaci\u00f3n, mantenimiento y reparaci\u00f3n<br>- Petr\u00f3leo y gas<\/p>\n\n\n\n<p>Los trabajadores de los sectores menos peligrosos y de los puestos de trabajo de oficina no son inmunes a las lesiones laborales. De hecho, estos puestos conllevan sus propios riesgos. Los resbalones y las ca\u00eddas pueden ocurrir en cualquier lugar. Los trastornos musculoesquel\u00e9ticos dolorosos y potencialmente debilitantes, como el t\u00fanel carpiano o los problemas de espalda, est\u00e1n causados por la sobrecarga y, a menudo, por el uso de puestos de trabajo ergon\u00f3micamente incorrectos y movimientos repetitivos.<\/p>\n\n\n\n<p><strong>Despu\u00e9s de una lesi\u00f3n en el trabajo<\/strong><\/p>\n\n\n\n<p>Cualquier persona que se haya lesionado en el trabajo debe notificarlo inmediatamente a un supervisor. Es importante seguir al pie de la letra el proceso de notificaci\u00f3n del empleador y respetar todos los plazos. No hacerlo podr\u00eda perjudicar el caso e incluso hacer que se deniegue la reclamaci\u00f3n. El trabajador lesionado tambi\u00e9n debe buscar atenci\u00f3n m\u00e9dica inmediatamente, incluso si cree que las lesiones no son graves.<\/p>\n\n\n\n<p>El empresario tiene derecho a elegir d\u00f3nde y por qui\u00e9n es tratado un empleado lesionado. Si el empleado decide acudir a un proveedor no elegido por el empresario, puede ser responsable de los costes del tratamiento no autorizado.<\/p>\n\n\n\n<h2 class=\"wp-block-heading\">P\u00f3ngase en contacto con un abogado de compensaci\u00f3n de trabajadores de Mt. Pleasant<\/h2>\n\n\n\n<p>Si se ha lesionado en el trabajo cerca de Mount Pleasant, South Carolina tiene derechos y merece ser compensado de forma justa. No deje que las compa\u00f1\u00edas de seguros jueguen con usted o con su medio de vida. En <a href=\"https:\/\/www.steinberglawfirm.com\/\" target=\"_blank\" rel=\"noopener\">Steinberg Law Firm<\/a>Tenemos la experiencia y los recursos para conseguir que las compa\u00f1\u00edas de seguros de compensaci\u00f3n laboral le paguen el dinero que se merece.<\/p>\n\n\n\n<p>Llame a uno de los abogados de compensaci\u00f3n de los trabajadores en Steinberg Law Firm si usted o un ser querido se lesion\u00f3 o muri\u00f3 en el trabajo. Para saber m\u00e1s sobre c\u00f3mo el Steinberg Law Firm puede ayudarle a presentar una reclamaci\u00f3n de indemnizaci\u00f3n basada en las lesiones que usted o su ser querido han sufrido, <a href=\"tel:843-720-2800\">llame al 843-720-2800<\/a>o <a href=\"https:\/\/www.steinberglawfirm.com\/contact-us\/\" target=\"_blank\" rel=\"noopener\">contacte con nosotros a trav\u00e9s de nuestro formulario online<\/a>. Como siempre, <a href=\"https:\/\/www.steinberglawfirm.com\/free-consultation\/\" target=\"_blank\" rel=\"noopener\">su consulta inicial es gratuita<\/a>.<\/p>","protected":false},"excerpt":{"rendered":"<p>Abogados de compensaci\u00f3n de trabajadores de Mt. Pleasant Las lesiones laborales pueden afectar dram\u00e1ticamente la vida de los trabajadores. No s\u00f3lo se deja a la gente a menudo para hacer frente al dolor f\u00edsico y la discapacidad, sino que tambi\u00e9n deben recuperarse financieramente y profesionalmente. La Ley de Compensaci\u00f3n de Trabajadores South Carolina proporciona a los trabajadores lesionados una compensaci\u00f3n por los gastos m\u00e9dicos, los salarios perdidos y otros da\u00f1os incurridos despu\u00e9s de un...<\/p>","protected":false},"author":1,"featured_media":20571,"parent":13451,"menu_order":0,"comment_status":"closed","ping_status":"closed","template":"","meta":{"_acf_changed":false,"footnotes":""},"class_list":["post-13608","page","type-page","status-publish","has-post-thumbnail","hentry"],"acf":[],"_links":{"self":[{"href":"https:\/\/steinberglawfirm-staging.clmcloud.app\/es\/wp-json\/wp\/v2\/pages\/13608"}],"collection":[{"href":"https:\/\/steinberglawfirm-staging.clmcloud.app\/es\/wp-json\/wp\/v2\/pages"}],"about":[{"href":"https:\/\/steinberglawfirm-staging.clmcloud.app\/es\/wp-json\/wp\/v2\/types\/page"}],"author":[{"embeddable":true,"href":"https:\/\/steinberglawfirm-staging.clmcloud.app\/es\/wp-json\/wp\/v2\/users\/1"}],"replies":[{"embeddable":true,"href":"https:\/\/steinberglawfirm-staging.clmcloud.app\/es\/wp-json\/wp\/v2\/comments?post=13608"}],"version-history":[{"count":8,"href":"https:\/\/steinberglawfirm-staging.clmcloud.app\/es\/wp-json\/wp\/v2\/pages\/13608\/revisions"}],"predecessor-version":[{"id":24113,"href":"https:\/\/steinberglawfirm-staging.clmcloud.app\/es\/wp-json\/wp\/v2\/pages\/13608\/revisions\/24113"}],"up":[{"embeddable":true,"href":"https:\/\/steinberglawfirm-staging.clmcloud.app\/es\/wp-json\/wp\/v2\/pages\/13451"}],"wp:featuredmedia":[{"embeddable":true,"href":"https:\/\/steinberglawfirm-staging.clmcloud.app\/es\/wp-json\/wp\/v2\/media\/20571"}],"wp:attachment":[{"href":"https:\/\/steinberglawfirm-staging.clmcloud.app\/es\/wp-json\/wp\/v2\/media?parent=13608"}],"curies":[{"name":"wp","href":"https:\/\/api.w.org\/{rel}","templated":true}]}}