{"id":135,"date":"2017-06-15T10:54:04","date_gmt":"2017-06-15T10:54:04","guid":{"rendered":"https:\/\/67.43.6.64\/~steinberglawfirm\/?page_id=135"},"modified":"2022-04-12T20:56:22","modified_gmt":"2022-04-12T20:56:22","slug":"call-247-for-a-free-consultation-with-a-personal-injury-attorney","status":"publish","type":"page","link":"https:\/\/steinberglawfirm-staging.clmcloud.app\/es\/llame-al-247-para-una-consulta-gratuita-con-un-abogado-de-lesiones-personales\/","title":{"rendered":"Consulta gratuita 24\/7"},"content":{"rendered":"<h1 class=\"wp-block-heading\">Llame 24\/7 para una consulta gratuita con un abogado de lesiones personales<\/h1>\n\n\n\n<div style=\"height:20px\" aria-hidden=\"true\" class=\"wp-block-spacer\"><\/div>\n\n\n\n<p> Nuestro equipo de abogados experimentados y nuestro personal jur\u00eddico est\u00e1n a su disposici\u00f3n para ayudarle. Llame ahora para hablar con alguien sobre su demanda por lesiones personales GRATIS. La consulta inicial es completamente confidencial, sin obligaci\u00f3n, y sin costo alguno para usted. Usted no paga nada por adelantado para hablar con un abogado sobre su situaci\u00f3n legal, as\u00ed que \u00bfqu\u00e9 tiene que perder? Llame a la Firma al 843-720-2800, o <a href=\"https:\/\/steinberglawfirm-staging.clmcloud.app\/es\/contacte-con-nosotros\/\">rellene nuestro formulario de contacto<\/a> para programar su consulta gratuita hoy. Nuestros tel\u00e9fonos son atendidos de d\u00eda o de noche - 24\/7\/365 - y nuestro personal legal est\u00e1 a la espera de ayudarle ahora mismo.<\/p>","protected":false},"excerpt":{"rendered":"<p>Llame 24 horas al d\u00eda, 7 d\u00edas a la semana, para una consulta gratuita con un abogado de lesiones personales Nuestro equipo de abogados experimentados y personal legal \u00fatil est\u00e1n a la espera de ayudarle. Llame ahora para hablar con alguien sobre su demanda por lesiones personales GRATIS. La consulta inicial es completamente confidencial, sin obligaci\u00f3n, y sin costo para usted. Usted paga...<\/p>","protected":false},"author":1,"featured_media":19680,"parent":0,"menu_order":0,"comment_status":"closed","ping_status":"closed","template":"","meta":{"_acf_changed":false,"footnotes":""},"class_list":["post-135","page","type-page","status-publish","has-post-thumbnail","hentry"],"acf":[],"_links":{"self":[{"href":"https:\/\/steinberglawfirm-staging.clmcloud.app\/es\/wp-json\/wp\/v2\/pages\/135"}],"collection":[{"href":"https:\/\/steinberglawfirm-staging.clmcloud.app\/es\/wp-json\/wp\/v2\/pages"}],"about":[{"href":"https:\/\/steinberglawfirm-staging.clmcloud.app\/es\/wp-json\/wp\/v2\/types\/page"}],"author":[{"embeddable":true,"href":"https:\/\/steinberglawfirm-staging.clmcloud.app\/es\/wp-json\/wp\/v2\/users\/1"}],"replies":[{"embeddable":true,"href":"https:\/\/steinberglawfirm-staging.clmcloud.app\/es\/wp-json\/wp\/v2\/comments?post=135"}],"version-history":[{"count":3,"href":"https:\/\/steinberglawfirm-staging.clmcloud.app\/es\/wp-json\/wp\/v2\/pages\/135\/revisions"}],"predecessor-version":[{"id":19682,"href":"https:\/\/steinberglawfirm-staging.clmcloud.app\/es\/wp-json\/wp\/v2\/pages\/135\/revisions\/19682"}],"wp:featuredmedia":[{"embeddable":true,"href":"https:\/\/steinberglawfirm-staging.clmcloud.app\/es\/wp-json\/wp\/v2\/media\/19680"}],"wp:attachment":[{"href":"https:\/\/steinberglawfirm-staging.clmcloud.app\/es\/wp-json\/wp\/v2\/media?parent=135"}],"curies":[{"name":"wp","href":"https:\/\/api.w.org\/{rel}","templated":true}]}}