{"id":13481,"date":"2020-10-26T22:02:14","date_gmt":"2020-10-26T22:02:14","guid":{"rendered":"https:\/\/www.steinberglawfirm.com\/?page_id=13481"},"modified":"2022-04-27T18:14:35","modified_gmt":"2022-04-27T18:14:35","slug":"dog-bite-accident-lawyer","status":"publish","type":"page","link":"https:\/\/steinberglawfirm-staging.clmcloud.app\/es\/ubicaciones\/north-charleston\/mordedura-de-perro-accidente-abogado\/","title":{"rendered":"North Charleston Abogado de accidentes por mordedura de perro"},"content":{"rendered":"<h1 class=\"wp-block-heading\">North Charleston Abogado de accidentes por mordedura de perro<\/h1>\n\n\n\n<h2 class=\"wp-block-heading\">South Carolina los abogados de lesiones personales trabajan con diligencia para ayudar a las v\u00edctimas de ataques de animales a recuperar la compensaci\u00f3n que merecen<\/h2>\n\n\n\n<p>Aunque los perros sean conocidos como \"el mejor amigo del hombre\", no siempre es as\u00ed. De hecho, las estimaciones actuales sugieren que hay m\u00e1s de 4,5 millones de mordeduras de perro cada a\u00f1o en los Estados Unidos. Esto significa que m\u00e1s de 1.000 personas reciben tratamiento por mordeduras de perro cada d\u00eda. Los costes m\u00e9dicos medios asociados al tratamiento de una mordedura de perro superan los North Charleston18.000. En parte, esto se debe al hecho aterrador de que una de cada cinco mordeduras de perro se infecta.<\/p>\n\n\n\n<p>En el <a href=\"https:\/\/www.steinberglawfirm.com\/\" target=\"_blank\" rel=\"noopener\">Steinberg Law Firm<\/a>Ayudamos a las v\u00edctimas de ataques de animales North Charleston a recuperar la compensaci\u00f3n por sus lesiones. Los casos de mordeduras de perro presentan varios desaf\u00edos, y <a href=\"https:\/\/www.steinberglawfirm.com\/practice-areas\/personal-injury\/\" target=\"_blank\" rel=\"noopener\">nuestro equipo de abogados especializados en lesiones personales<\/a> entiende estos desaf\u00edos as\u00ed como la forma de superarlos. Durante los \u00faltimos 95 a\u00f1os, hemos desarrollado un enfoque exitoso para los casos de ataques de perros, y esperamos reunirnos con usted para discutir c\u00f3mo podemos ayudarle a recuperar la compensaci\u00f3n que merece por lo que ha pasado.<\/p>\n\n\n\n<p><strong>Probar la responsabilidad en un caso de mordedura de perro North Charleston<\/strong><\/p>\n\n\n\n<p><a href=\"https:\/\/www.steinberglawfirm.com\/practice-areas\/dog-bites\/\" target=\"_blank\" rel=\"noopener\">Los ataques de perros son m\u00e1s comunes de lo que la mayor\u00eda de la gente cree<\/a>. Debido a la frecuencia de las mordeduras de perro, la mayor\u00eda de los estados, incluyendo South Carolina, tienen leyes especiales en los libros que abordan estos casos. Por ejemplo, la ley de mordeduras de perro South Carolina permite a una v\u00edctima recuperar las lesiones causadas por un perro, aparte de la mordedura. Por ejemplo, si un perro persigue a alguien y le hace caer. Por tanto, no es necesario que el perro muerda realmente a la v\u00edctima del accidente.<\/p>\n\n\n\n<p>Como norma general, los propietarios de perros tienen responsabilidad objetiva por las acciones de sus mascotas. Esto significa que la v\u00edctima de una mordedura de perro no necesita demostrar que el due\u00f1o del animal sab\u00eda que el perro era peligroso, ni probar que el perro hab\u00eda atacado a alguien en el pasado. Esto se aplica independientemente de si el ataque se produjo en un lugar p\u00fablico o en una propiedad privada. En otras palabras, no es necesario demostrar que el propietario fue negligente de alguna manera. Sin embargo, hay dos situaciones en los casos de mordedura de perro que pueden dar lugar a que un propietario no sea responsable de una mordedura de perro.<\/p>\n\n\n\n<p>La primera es si la persona que fue atacada por el perro \"provoc\u00f3 o acos\u00f3\" al animal. Por ejemplo, alguien que provoca a un perro que cree que est\u00e1 en un patio vallado puede tener problemas para recuperar al due\u00f1o si el perro se escapa y le ataca. En estos casos, el propietario de un animal s\u00f3lo puede evitar la responsabilidad si es capaz de demostrar que la provocaci\u00f3n fue la causa pr\u00f3xima del ataque del perro. La segunda raz\u00f3n por la que un propietario puede evitar la responsabilidad en un caso de mordedura de perro es si la v\u00edctima estaba invadiendo un terreno en el momento del ataque.<\/p>\n\n\n\n<p>Las personas que hayan resultado heridas en un caso de mordedura de perro North Charleston deben <a href=\"https:\/\/www.steinberglawfirm.com\/contact-us\/\" target=\"_blank\" rel=\"noopener\">contacte con un abogado especializado en lesiones para obtener asistencia inmediata<\/a>. Aunque la responsabilidad objetiva puede facilitar la prueba de la responsabilidad, a menudo surgen otros obst\u00e1culos que dificultan el proceso.<\/p>\n\n\n\n<h3 class=\"wp-block-heading\">Llame para concertar una consulta gratuita con un abogado especializado en mordeduras de perro North Charleston<\/h3>\n\n\n\n<p>Si usted o un ser querido ha sido herido en un ataque de animales North Charleston, llame a la Steinberg Law Firm hoy para una revisi\u00f3n gratuita del caso. <a href=\"https:\/\/www.steinberglawfirm.com\/practice-areas\/dog-bites\/\" target=\"_blank\" rel=\"noopener\">Los abogados de accidentes por mordedura de perro de Steinberg Law Firm est\u00e1n preparados para ayudarle y apoyarle<\/a> a trav\u00e9s de cada paso del proceso de recuperaci\u00f3n para ayudarle a obtener una compensaci\u00f3n completa y justa por sus lesiones. Llevamos m\u00e1s de 95 a\u00f1os ayudando con \u00e9xito a las v\u00edctimas de accidentes y a sus familias a conseguir la compensaci\u00f3n que se merecen, y estamos deseando trabajar con usted. Para saber m\u00e1s, y para <a href=\"https:\/\/www.steinberglawfirm.com\/free-consultation\/\" target=\"_blank\" rel=\"noopener\">programar una consulta gratuita<\/a> con un abogado, <a href=\"tel:843-720-2800\">llame al 843-720-2800<\/a>. Tambi\u00e9n puede <a href=\"https:\/\/www.steinberglawfirm.com\/contact-us\/\" target=\"_blank\" rel=\"noopener\">contacte con nosotros a trav\u00e9s de nuestro formulario en l\u00ednea<\/a>.<\/p>","protected":false},"excerpt":{"rendered":"<p>North Charleston Abogado de accidentes por mordedura de perro South Carolina los abogados de lesiones personales trabajan diligentemente para ayudar a las v\u00edctimas de ataques de animales a recuperar la compensaci\u00f3n que merecen Aunque los perros pueden ser conocidos como \"el mejor amigo del hombre\", ese no es siempre el caso. De hecho, las estimaciones actuales sugieren que hay m\u00e1s de 4,5 millones de mordeduras de perro cada...<\/p>","protected":false},"author":1,"featured_media":20608,"parent":13448,"menu_order":0,"comment_status":"closed","ping_status":"closed","template":"","meta":{"_acf_changed":false,"footnotes":""},"class_list":["post-13481","page","type-page","status-publish","has-post-thumbnail","hentry"],"acf":[],"_links":{"self":[{"href":"https:\/\/steinberglawfirm-staging.clmcloud.app\/es\/wp-json\/wp\/v2\/pages\/13481"}],"collection":[{"href":"https:\/\/steinberglawfirm-staging.clmcloud.app\/es\/wp-json\/wp\/v2\/pages"}],"about":[{"href":"https:\/\/steinberglawfirm-staging.clmcloud.app\/es\/wp-json\/wp\/v2\/types\/page"}],"author":[{"embeddable":true,"href":"https:\/\/steinberglawfirm-staging.clmcloud.app\/es\/wp-json\/wp\/v2\/users\/1"}],"replies":[{"embeddable":true,"href":"https:\/\/steinberglawfirm-staging.clmcloud.app\/es\/wp-json\/wp\/v2\/comments?post=13481"}],"version-history":[{"count":7,"href":"https:\/\/steinberglawfirm-staging.clmcloud.app\/es\/wp-json\/wp\/v2\/pages\/13481\/revisions"}],"predecessor-version":[{"id":21293,"href":"https:\/\/steinberglawfirm-staging.clmcloud.app\/es\/wp-json\/wp\/v2\/pages\/13481\/revisions\/21293"}],"up":[{"embeddable":true,"href":"https:\/\/steinberglawfirm-staging.clmcloud.app\/es\/wp-json\/wp\/v2\/pages\/13448"}],"wp:featuredmedia":[{"embeddable":true,"href":"https:\/\/steinberglawfirm-staging.clmcloud.app\/es\/wp-json\/wp\/v2\/media\/20608"}],"wp:attachment":[{"href":"https:\/\/steinberglawfirm-staging.clmcloud.app\/es\/wp-json\/wp\/v2\/media?parent=13481"}],"curies":[{"name":"wp","href":"https:\/\/api.w.org\/{rel}","templated":true}]}}