{"id":13476,"date":"2020-10-26T21:54:23","date_gmt":"2020-10-26T21:54:23","guid":{"rendered":"https:\/\/www.steinberglawfirm.com\/?page_id=13476"},"modified":"2022-04-27T18:15:33","modified_gmt":"2022-04-27T18:15:33","slug":"slip-and-fall-accident-lawyer","status":"publish","type":"page","link":"https:\/\/steinberglawfirm-staging.clmcloud.app\/es\/ubicaciones\/north-charleston\/abogado-de-accidentes-de-resbalon-y-caida\/","title":{"rendered":"North Charleston Abogado de accidentes por resbalones y ca\u00eddas"},"content":{"rendered":"<h1 class=\"wp-block-heading\">North Charleston Abogado de accidentes por resbalones y ca\u00eddas<\/h1>\n\n\n\n<h2 class=\"wp-block-heading\">Abogados expertos en responsabilidad civil de locales South Carolina persiguen h\u00e1bilmente una compensaci\u00f3n justa para los lesionados en accidentes de resbalones y ca\u00eddas<\/h2>\n\n\n\n<p>Las ca\u00eddas son una de las principales causas de lesiones accidentales en South Carolina y en todo Estados Unidos. Tanto los particulares como las empresas y las entidades gubernamentales tienen la obligaci\u00f3n de garantizar que su propiedad sea segura para los visitantes. Cuando un visitante de una propiedad ajena resulta herido porque el propietario no ha tomado las precauciones necesarias, el hu\u00e9sped lesionado puede reclamar da\u00f1os y perjuicios contra el propietario.<\/p>\n\n\n\n<p>El <a href=\"https:\/\/www.steinberglawfirm.com\/practice-areas\/premises-liability\/slip-and-fall\/\" target=\"_blank\" rel=\"noopener\">North Charleston abogados de resbalones y ca\u00eddas en el Steinberg Law Firm<\/a> puede ayudarle a obtener el dinero que merece despu\u00e9s de una lesi\u00f3n ocurrida en la propiedad de otro. Tenemos m\u00e1s de 95 a\u00f1os de experiencia pr\u00e1ctica ayudando a las v\u00edctimas de accidentes a responsabilizar a las partes negligentes por sus acciones. Ya sea que se haya lesionado en una propiedad p\u00fablica o privada, podemos ayudarle a entender sus derechos.\u00a0\u00a0<\/p>\n\n\n\n<p><strong>Accidentes comunes North Charleston de responsabilidad civil de locales<\/strong><\/p>\n\n\n\n<p>Los accidentes por resbalones y ca\u00eddas pueden ocurrir en cualquier lugar y en cualquier momento. A menudo, es cuando alguien menos lo espera que se encuentra con un peligro en la propiedad de otro. Algunos de los tipos m\u00e1s comunes de accidentes por resbalones y ca\u00eddas en North Charleston son:<\/p>\n\n\n\n<p>- Aceras agrietadas<br>- Pavimento irregular<br>- Suelos mojados<br>- Escaleras defectuosas<br>- Zonas mal iluminadas<br>- Pasamanos rotos, sueltos o ausentes<br>- Moqueta rota o baldosa rota<\/p>\n\n\n\n<p>Independientemente de la causa de su lesi\u00f3n por resbal\u00f3n y ca\u00edda, puede tener derecho a una compensaci\u00f3n econ\u00f3mica por sus lesiones. Sin embargo, la obligaci\u00f3n del propietario de un terreno hacia usted como visitante depende en gran medida de la raz\u00f3n por la que usted estaba presente en la propiedad del propietario.<\/p>\n\n\n\n<p><strong>El deber del propietario con los visitantes&nbsp;<\/strong><\/p>\n\n\n\n<p>South Carolina La ley divide a todos los visitantes en tres tipos. El alcance de la obligaci\u00f3n que se debe a un visitante depende de la categor\u00eda en la que se encuentre. Las tres categor\u00edas de visitantes son:<\/p>\n\n\n\n<p><strong><em>Intrusos<\/em><\/strong>&nbsp;- Un intruso es una persona que no tiene permiso para entrar en la propiedad, terreno o establecimiento. Los propietarios no tienen la obligaci\u00f3n de cuidar a los intrusos, salvo que un propietario no puede causar intencionadamente un da\u00f1o a un intruso.<\/p>\n\n\n\n<p><strong><em>Concesionarios<\/em><\/strong>&nbsp;- Un licenciatario es un invitado que est\u00e1 presente en la propiedad de otro por razones no comerciales. Los licenciatarios incluyen a los amigos y a los miembros de la familia. Los propietarios deben advertir a los licenciatarios de todos los peligros conocidos que puedan no ser f\u00e1cilmente evidentes para el licenciatario.<\/p>\n\n\n\n<p><strong><em>Invitados<\/em><\/strong>&nbsp;- Un invitado es un cliente o hu\u00e9sped de un negocio. Los propietarios deben a los invitados el mayor deber de cuidado, que exige que mantengan las instalaciones razonablemente seguras y adviertan al invitado de los peligros que no puede descubrir por s\u00ed mismo.<\/p>\n\n\n\n<p>La mayor\u00eda de los casos de responsabilidad civil de los locales son presentados por los invitados, ya que a ellos se les debe el mayor deber de cuidado. Sin embargo, los licenciatarios tambi\u00e9n presentan un buen n\u00famero de demandas, ya que el deber del propietario hacia el licenciatario sigue siendo importante.&nbsp;&nbsp;<\/p>\n\n\n\n<h3 class=\"wp-block-heading\">Discuta su caso con un abogado experto en resbalones y ca\u00eddas North Charleston hoy mismo<\/h3>\n\n\n\n<p>Si usted o un ser querido ha resultado herido en un accidente de resbal\u00f3n y ca\u00edda North Charleston, <a href=\"https:\/\/www.steinberglawfirm.com\/\" target=\"_blank\" rel=\"noopener\">llame hoy al Steinberg Law Firm<\/a> para discutir su caso. <a href=\"https:\/\/www.steinberglawfirm.com\/practice-areas\/premises-liability\/\" target=\"_blank\" rel=\"noopener\">Los abogados de responsabilidad civil de los locales de Steinberg Law Firm est\u00e1n dispuestos a ayudarle y apoyarle<\/a> a trav\u00e9s de cada paso del proceso de recuperaci\u00f3n. Con nuestra ayuda, usted puede reclamar la compensaci\u00f3n que necesita y merece despu\u00e9s de un accidente grave. Hemos ayudado con \u00e9xito a las v\u00edctimas de accidentes y a sus familias a reclamar la indemnizaci\u00f3n que se merecen durante m\u00e1s de 95 a\u00f1os y estamos deseando trabajar con usted. Para saber m\u00e1s y para <a href=\"https:\/\/www.steinberglawfirm.com\/free-consultation\/\" target=\"_blank\" rel=\"noopener\">programar una consulta gratuita<\/a> con un abogado, <a href=\"tel:843-720-2800\">llame al 843-720-2800<\/a>. Tambi\u00e9n puede <a href=\"https:\/\/www.steinberglawfirm.com\/contact-us\/\" target=\"_blank\" rel=\"noopener\">contacte con nosotros a trav\u00e9s de nuestro formulario en l\u00ednea<\/a>.<\/p>","protected":false},"excerpt":{"rendered":"<p>North Charleston Abogado de accidentes de resbalones y ca\u00eddas Los abogados experimentados en responsabilidad de locales de South Carolina persiguen h\u00e1bilmente una compensaci\u00f3n justa para los lesionados en accidentes de resbalones y ca\u00eddas Las ca\u00eddas son una causa principal de lesiones accidentales en South Carolina y en todo Estados Unidos. Los individuos, las empresas y las entidades gubernamentales tienen la obligaci\u00f3n de asegurar que su propiedad...<\/p>","protected":false},"author":1,"featured_media":20608,"parent":13448,"menu_order":0,"comment_status":"closed","ping_status":"closed","template":"","meta":{"_acf_changed":false,"footnotes":""},"class_list":["post-13476","page","type-page","status-publish","has-post-thumbnail","hentry"],"acf":[],"_links":{"self":[{"href":"https:\/\/steinberglawfirm-staging.clmcloud.app\/es\/wp-json\/wp\/v2\/pages\/13476"}],"collection":[{"href":"https:\/\/steinberglawfirm-staging.clmcloud.app\/es\/wp-json\/wp\/v2\/pages"}],"about":[{"href":"https:\/\/steinberglawfirm-staging.clmcloud.app\/es\/wp-json\/wp\/v2\/types\/page"}],"author":[{"embeddable":true,"href":"https:\/\/steinberglawfirm-staging.clmcloud.app\/es\/wp-json\/wp\/v2\/users\/1"}],"replies":[{"embeddable":true,"href":"https:\/\/steinberglawfirm-staging.clmcloud.app\/es\/wp-json\/wp\/v2\/comments?post=13476"}],"version-history":[{"count":8,"href":"https:\/\/steinberglawfirm-staging.clmcloud.app\/es\/wp-json\/wp\/v2\/pages\/13476\/revisions"}],"predecessor-version":[{"id":21301,"href":"https:\/\/steinberglawfirm-staging.clmcloud.app\/es\/wp-json\/wp\/v2\/pages\/13476\/revisions\/21301"}],"up":[{"embeddable":true,"href":"https:\/\/steinberglawfirm-staging.clmcloud.app\/es\/wp-json\/wp\/v2\/pages\/13448"}],"wp:featuredmedia":[{"embeddable":true,"href":"https:\/\/steinberglawfirm-staging.clmcloud.app\/es\/wp-json\/wp\/v2\/media\/20608"}],"wp:attachment":[{"href":"https:\/\/steinberglawfirm-staging.clmcloud.app\/es\/wp-json\/wp\/v2\/media?parent=13476"}],"curies":[{"name":"wp","href":"https:\/\/api.w.org\/{rel}","templated":true}]}}