{"id":13472,"date":"2020-10-26T21:46:37","date_gmt":"2020-10-26T21:46:37","guid":{"rendered":"https:\/\/www.steinberglawfirm.com\/?page_id=13472"},"modified":"2022-05-13T01:29:08","modified_gmt":"2022-05-13T01:29:08","slug":"car-accident-lawyer","status":"publish","type":"page","link":"https:\/\/steinberglawfirm-staging.clmcloud.app\/es\/ubicaciones\/north-charleston\/abogado-accidente-de-coche\/","title":{"rendered":"North Charleston Abogado de accidentes de tr\u00e1fico"},"content":{"rendered":"<h1 class=\"wp-block-heading\">North Charleston Abogado de accidentes de tr\u00e1fico<\/h1>\n\n\n\n<h2 class=\"wp-block-heading\">South Carolina Bufete de abogados de lesiones personales defiende agresivamente en nombre de los heridos en North Charleston accidentes de coche<\/h2>\n\n\n\n<p>En un momento dado, un accidente de coche North Charleston puede cambiar para siempre el curso de su vida. En un momento, usted est\u00e1 haciendo su rutina diaria, y de repente, todo cambia. Muchas v\u00edctimas de accidentes de coche se enfrentan a tremendos obst\u00e1culos cuando se recuperan f\u00edsica y emocionalmente despu\u00e9s de un accidente. El impacto financiero de un <a href=\"https:\/\/www.steinberglawfirm.com\/practice-areas\/auto-accidents\/\" target=\"_blank\" rel=\"noopener\">gran accidente de coche<\/a> s\u00f3lo se suma a los desaf\u00edos que enfrentan las v\u00edctimas de accidentes. Mientras que <a href=\"https:\/\/www.steinberglawfirm.com\/practice-areas\/personal-injury\/\" target=\"_blank\" rel=\"noopener\">South Carolina derecho de da\u00f1os personales<\/a> ofrece a las v\u00edctimas de accidentes una forma de recuperar la compensaci\u00f3n monetaria despu\u00e9s de un accidente, el proceso puede ser abrumador, especialmente para aquellos que todav\u00eda se est\u00e1n recuperando de sus lesiones.&nbsp;<\/p>\n\n\n\n<p>En el <a href=\"https:\/\/www.steinberglawfirm.com\/\" target=\"_blank\" rel=\"noopener\">Steinberg Law Firm<\/a>Nuestros abogados de accidentes de coche pueden ayudarle a conseguir el dinero que se merece despu\u00e9s de un accidente. Tenemos m\u00e1s de 95 a\u00f1os de experiencia ayudando a las v\u00edctimas de accidentes en su posici\u00f3n a responsabilizar a los conductores negligentes por sus acciones. Entendemos que recuperarse de un accidente de coche es un proceso largo y dif\u00edcil. Para ayudar a aliviar las cargas que ya est\u00e1n sobre sus hombros, hacemos todo lo posible para que el proceso de recuperaci\u00f3n sea lo m\u00e1s f\u00e1cil posible para usted.&nbsp;<\/p>\n\n\n\n<p><strong>Causas de los accidentes de tr\u00e1fico North Charleston<\/strong><\/p>\n\n\n\n<p>Los accidentes de coche pueden ocurrir en cualquier momento, a menudo cuando menos se espera. Tal vez al recoger a los ni\u00f1os de la escuela, mientras que en el camino al trabajo, o tal vez en el camino a pasar el d\u00eda en la playa de Foley. Independientemente de cu\u00e1ndo o d\u00f3nde ocurran, la mayor\u00eda de los accidentes son evitables si el otro conductor hubiera sido m\u00e1s cuidadoso.&nbsp;<\/p>\n\n\n\n<p>El <a href=\"https:\/\/scdps.sc.gov\/\" target=\"_blank\" rel=\"noopener\">South Carolina Departamento de Seguridad P\u00fablica<\/a> mantiene las estad\u00edsticas detalladas de los accidentes de tr\u00e1fico. Seg\u00fan los datos m\u00e1s recientes, las siguientes son las causas m\u00e1s comunes de los accidentes de coche South Carolina:<\/p>\n\n\n\n<p>- Conducir demasiado r\u00e1pido para las condiciones<br>- No ceder el paso<br>- Cambio de carril inadecuado<br>- Seguir demasiado de cerca<br>- Conducci\u00f3n distra\u00edda<br>- Conducir bajo los efectos del alcohol<br>- Accidentes de tr\u00e1fico en direcci\u00f3n contraria<br>- Animales en la carretera<\/p>\n\n\n\n<p>Despu\u00e9s de un accidente, es posible que no est\u00e9 seguro de qui\u00e9n tuvo la culpa o de c\u00f3mo responsabilizar a la otra parte por sus lesiones. En Steinberg Law Firm podemos ayudarle. Con m\u00e1s de 95 a\u00f1os de experiencia pr\u00e1ctica representando con \u00e9xito a v\u00edctimas de accidentes, somos un aliado inestimable en su camino hacia la recuperaci\u00f3n.&nbsp;<\/p>\n\n\n\n<p><strong>C\u00f3mo tratar con una compa\u00f1\u00eda de seguros tras un accidente de tr\u00e1fico North Charleston<\/strong><\/p>\n\n\n\n<p>Despu\u00e9s de un <a href=\"https:\/\/www.steinberglawfirm.com\/practice-areas\/auto-accidents\/\" target=\"_blank\" rel=\"noopener\">South Carolina accidente de coche<\/a>En la mayor\u00eda de los casos, la v\u00edctima de un accidente presenta primero una reclamaci\u00f3n a la compa\u00f1\u00eda de seguros de la parte culpable. Seg\u00fan las condiciones de la p\u00f3liza de seguro del otro conductor, la compa\u00f1\u00eda de seguros debe cubrir los gastos relacionados con el accidente, incluidas las lesiones causadas por la negligencia del conductor. Sin embargo, el objetivo de una compa\u00f1\u00eda de seguros es pagar lo menos posible. Por lo tanto, las compa\u00f1\u00edas de seguros a menudo se aprovechan de la dif\u00edcil situaci\u00f3n de una v\u00edctima del accidente, ofreciendo una oferta de liquidaci\u00f3n baja con la esperanza de conseguir que la v\u00edctima del accidente renuncie a su derecho a seguir un caso.&nbsp;<\/p>\n\n\n\n<p>Las v\u00edctimas de accidentes no tienen por qu\u00e9 aceptar la oferta de las compa\u00f1\u00edas de seguros. Los estudios han demostrado que las v\u00edctimas de accidentes que contratan a un abogado especializado en lesiones personales y rechazan la oferta inicial de la compa\u00f1\u00eda de seguros tienden a recuperar m\u00e1s dinero en sus reclamaciones. En el Steinberg Law Firm, <a href=\"https:\/\/www.steinberglawfirm.com\/attorney\/\" target=\"_blank\" rel=\"noopener\">nuestro equipo de abogados son h\u00e1biles negociadores y agresivos litigantes<\/a> y puede cambiar sin problemas entre esos papeles, seg\u00fan sea necesario.<\/p>\n\n\n\n<h3 class=\"wp-block-heading\">Programe una consulta gratuita con un abogado especializado en accidentes de tr\u00e1fico North Charleston<\/h3>\n\n\n\n<p>Si usted o un ser querido ha sido lesionado en un accidente de coche North Charleston, llame a la Steinberg Law Firm hoy para una revisi\u00f3n gratuita del caso. <a href=\"https:\/\/www.steinberglawfirm.com\/practice-areas\/auto-accidents\/\" target=\"_blank\" rel=\"noopener\">Los abogados de accidentes de tr\u00e1fico de Steinberg Law Firm est\u00e1n preparados para asistirle y apoyarle<\/a> a trav\u00e9s de cada paso del proceso legal para ayudarle a obtener una compensaci\u00f3n completa y justa por sus lesiones. Hemos ayudado con \u00e9xito a las v\u00edctimas de accidentes y a sus familias a obtener la compensaci\u00f3n que merecen durante m\u00e1s de 95 a\u00f1os y esperamos poder trabajar con usted. Para saber m\u00e1s y para <a href=\"https:\/\/www.steinberglawfirm.com\/free-consultation\/\" target=\"_blank\" rel=\"noopener\">programar una consulta gratuita<\/a> con un abogado, <a href=\"tel:843-720-2800\">llame al 843-720-2800<\/a>. Tambi\u00e9n puede <a href=\"https:\/\/www.steinberglawfirm.com\/contact-us\/\" target=\"_blank\" rel=\"noopener\">contacte con nosotros a trav\u00e9s de nuestro formulario en l\u00ednea<\/a>.<\/p>","protected":false},"excerpt":{"rendered":"<p>North Charleston Abogado de accidentes de coche South Carolina Bufete de abogados de lesiones personales defiende agresivamente en nombre de los heridos en North Charleston accidentes de coche de motor En un momento, un accidente de coche North Charleston puede cambiar para siempre el curso de su vida. En un momento, usted est\u00e1 haciendo su rutina diaria, y de repente, todo cambia....<\/p>","protected":false},"author":1,"featured_media":20608,"parent":13448,"menu_order":0,"comment_status":"closed","ping_status":"closed","template":"","meta":{"_acf_changed":false,"footnotes":""},"class_list":["post-13472","page","type-page","status-publish","has-post-thumbnail","hentry"],"acf":[],"_links":{"self":[{"href":"https:\/\/steinberglawfirm-staging.clmcloud.app\/es\/wp-json\/wp\/v2\/pages\/13472"}],"collection":[{"href":"https:\/\/steinberglawfirm-staging.clmcloud.app\/es\/wp-json\/wp\/v2\/pages"}],"about":[{"href":"https:\/\/steinberglawfirm-staging.clmcloud.app\/es\/wp-json\/wp\/v2\/types\/page"}],"author":[{"embeddable":true,"href":"https:\/\/steinberglawfirm-staging.clmcloud.app\/es\/wp-json\/wp\/v2\/users\/1"}],"replies":[{"embeddable":true,"href":"https:\/\/steinberglawfirm-staging.clmcloud.app\/es\/wp-json\/wp\/v2\/comments?post=13472"}],"version-history":[{"count":7,"href":"https:\/\/steinberglawfirm-staging.clmcloud.app\/es\/wp-json\/wp\/v2\/pages\/13472\/revisions"}],"predecessor-version":[{"id":21924,"href":"https:\/\/steinberglawfirm-staging.clmcloud.app\/es\/wp-json\/wp\/v2\/pages\/13472\/revisions\/21924"}],"up":[{"embeddable":true,"href":"https:\/\/steinberglawfirm-staging.clmcloud.app\/es\/wp-json\/wp\/v2\/pages\/13448"}],"wp:featuredmedia":[{"embeddable":true,"href":"https:\/\/steinberglawfirm-staging.clmcloud.app\/es\/wp-json\/wp\/v2\/media\/20608"}],"wp:attachment":[{"href":"https:\/\/steinberglawfirm-staging.clmcloud.app\/es\/wp-json\/wp\/v2\/media?parent=13472"}],"curies":[{"name":"wp","href":"https:\/\/api.w.org\/{rel}","templated":true}]}}