{"id":13468,"date":"2020-10-26T21:36:08","date_gmt":"2020-10-26T21:36:08","guid":{"rendered":"https:\/\/www.steinberglawfirm.com\/?page_id=13468"},"modified":"2024-08-22T15:09:07","modified_gmt":"2024-08-22T15:09:07","slug":"pedestrian-accident-attorney","status":"publish","type":"page","link":"https:\/\/steinberglawfirm-staging.clmcloud.app\/es\/ubicaciones\/north-charleston\/peaton-accidente-abogado\/","title":{"rendered":"North Charleston Abogado de accidentes de peatones"},"content":{"rendered":"<h1 class=\"wp-block-heading\">North Charleston, SC Abogado de Accidente Peatonal<\/h1>\n\n\n\n<h2 class=\"wp-block-heading\">Abogados para peatones y corredores atropellados en North Charleston, South Carolina<\/h2>\n\n\n\n<p>Muchos, especialmente los que viven en un entorno urbano, conf\u00edan en caminar para desplazarse. Aunque caminar es generalmente seguro, en North Charleston, <a href=\"https:\/\/www.steinberglawfirm.com\/practice-areas\/auto-accidents\/pedestrian-accident\/\" target=\"_blank\" rel=\"noopener\">los accidentes de peatones son terriblemente frecuentes<\/a>. Cada a\u00f1o <a href=\"https:\/\/www.steinberglawfirm.com\/practice-areas\/wrongful-death\/fatal-pedestrian-accidents\/\" target=\"_blank\" rel=\"noopener\">m\u00e1s de 100 personas mueren en accidentes de peatones South Carolina<\/a>. Esta cifra representa m\u00e1s del 13% de todas las v\u00edctimas mortales de accidentes de tr\u00e1fico. Adem\u00e1s, otros miles de personas resultan heridas en accidentes de peatones.<\/p>\n\n\n\n<p>En el <a href=\"https:\/\/www.steinberglawfirm.com\/\" target=\"_blank\" rel=\"noopener\">Steinberg Law Firm<\/a>Entendemos los retos a los que se enfrentan las v\u00edctimas de accidentes despu\u00e9s de sufrir lesiones graves en un accidente de peatones North Charleston. Estamos aqu\u00ed para usted. Con m\u00e1s de 95 a\u00f1os de experiencia persiguiendo agresivamente la compensaci\u00f3n en nombre de las v\u00edctimas de accidentes, sabemos lo que se necesita para tener \u00e9xito en nombre de nuestros clientes. Entendemos que recuperarse de un accidente de coche es un proceso largo y dif\u00edcil. Para ayudar a disminuir su estr\u00e9s durante este tiempo dif\u00edcil, hacemos todo lo posible para que el proceso de recuperaci\u00f3n sea lo m\u00e1s f\u00e1cil posible.<\/p>\n\n\n\n<p><strong>Causas comunes de los accidentes de peatones<\/strong><\/p>\n\n\n\n<p>Los conductores tienen la obligaci\u00f3n de conducir sus veh\u00edculos de forma segura y responsable. Esto incluye seguir todas las leyes de tr\u00e1fico y las se\u00f1ales de tr\u00e1fico. Incluso un fallo de juicio de una fracci\u00f3n de segundo o una distracci\u00f3n moment\u00e1nea pueden tener consecuencias mortales.<\/p>\n\n\n\n<p>Los peatones son menos visibles que los coches, y a menudo los conductores no ven a un peat\u00f3n antes de que sea demasiado tarde. Hay muchas causas de los accidentes de peatones North Charleston, entre ellas:<\/p>\n\n\n\n<p>- <a href=\"https:\/\/www.steinberglawfirm.com\/personal-injury\/auto-accidents\/distracted-driving-accidents\/\" data-type=\"page\" data-id=\"3508\" target=\"_blank\" rel=\"noopener\">Conducci\u00f3n distra\u00edda<\/a><br>- Exceso de velocidad<br>- No ceder el paso<br>-<a href=\"https:\/\/www.steinberglawfirm.com\/locations\/north-charleston\/car-accident-lawyer\/drunk-driving-injury-lawyer\/\" data-type=\"page\" data-id=\"15390\" target=\"_blank\" rel=\"noopener\"> Conducci\u00f3n bajo los efectos del alcohol<\/a><br>- Giros a la izquierda<br>- Accidentes por retroceso<\/p>\n\n\n\n<p>Los heridos en un accidente de peat\u00f3n South Carolina pueden reclamar da\u00f1os y perjuicios monetarios contra la parte responsable de sus lesiones. En el Steinberg Law Firm, <a href=\"https:\/\/www.steinberglawfirm.com\/practice-areas\/personal-injury\/\" target=\"_blank\" rel=\"noopener\">nuestro equipo de abogados especializados en lesiones personales<\/a> puede ayudarle a recuperar su vida despu\u00e9s de un accidente grave.<\/p>\n\n\n\n<h3 class=\"wp-block-heading\">Ubicaciones peligrosas en North Charleston, SC<\/h3>\n\n\n\n<p>Algunos de los incidentes m\u00e1s recientes de peatones atascados y heridos o muertos ocurrieron en estos lugares en North Charleston:<\/p>\n\n\n\n<ul class=\"wp-block-list\">\n<li>Rivers Avenue y Fuller Street<\/li>\n\n\n\n<li>Remount Road y Corner Avenue<\/li>\n\n\n\n<li>Carretera de Dorchester<\/li>\n\n\n\n<li>Ladson Road y Miles-Jamison Road<\/li>\n\n\n\n<li>River Avenue y Easy Street<\/li>\n<\/ul>\n\n\n\n<p>No es infrecuente que los peatones crucen calles muy transitadas fuera de los pasos de peatones. Muchas carreteras tienen carriles centrales de giro utilizados por los veh\u00edculos que circulan en ambas direcciones. Los peatones pueden sentirse seguros en este carril central, pero puede ser tan peligroso como estar en un carril de circulaci\u00f3n. Lamentablemente, este carril central suele llamarse \"el carril suicida\".<\/p>\n\n\n\n<p><strong>Negligencia comparativa en casos de accidentes de peatones North Charleston<\/strong><\/p>\n\n\n\n<p>Aunque algunos accidentes de peatones son culpa exclusiva de un conductor negligente, no es infrecuente que un conductor alegue que un peat\u00f3n comparti\u00f3 la responsabilidad de un accidente. Seg\u00fan la ley de lesiones personales North Charleston, el hecho de que un peat\u00f3n haya tenido parte de la culpa no le impedir\u00e1 presentar una demanda contra otra parte negligente. Sin embargo, bajo el an\u00e1lisis de negligencia comparativa modificada del estado, la indemnizaci\u00f3n por da\u00f1os y perjuicios de una v\u00edctima de accidente se reducir\u00e1 en funci\u00f3n de su porcentaje de culpa.<\/p>\n\n\n\n<p>Por ejemplo, supongamos que un peat\u00f3n es atropellado por un conductor negligente y sufre $400.000 en da\u00f1os. Si un juez o un jurado determinan que el peat\u00f3n es responsable en un 25 por ciento, el importe total de recuperaci\u00f3n del peat\u00f3n ser\u00eda de $300.000 ($400.000 menos el 20 por ciento). Por lo tanto, es crucial que las v\u00edctimas de accidentes trabajen con un abogado con experiencia en accidentes de peatones que sepa c\u00f3mo derrotar la afirmaci\u00f3n del acusado de que comparti\u00f3 la culpa del accidente.<\/p>\n\n\n\n<h3 class=\"wp-block-heading\">Programe hoy una consulta gratuita con un abogado experimentado en accidentes de peatones South Carolina<\/h3>\n\n\n\n<p>Si usted ha sido herido, nuestros abogados de accidentes de peatones North Charleston quieren ayudar. En el <a href=\"https:\/\/www.steinberglawfirm.com\/\" target=\"_blank\" rel=\"noopener\">Steinberg Law Firm<\/a>Entendemos los desaf\u00edos con los que est\u00e1 lidiando, y le ayudaremos a tranquilizar su mente mientras perseguimos agresivamente la compensaci\u00f3n en su nombre contra las partes responsables de sus lesiones. Nuestro objetivo principal es ayudarle a seguir adelante con su vida despu\u00e9s de un accidente grave.<\/p>\n\n\n\n<p>En el Steinberg Law Firm, <a href=\"https:\/\/www.steinberglawfirm.com\/attorney\/\" target=\"_blank\" rel=\"noopener\">nuestros abogados tienen m\u00e1s de 200 a\u00f1os de experiencia colectiva<\/a> manejo de casi <a href=\"https:\/\/www.steinberglawfirm.com\/practice-areas\/\" target=\"_blank\" rel=\"noopener\">todo tipo de casos de da\u00f1os personales imaginables<\/a>. Dada esta amplia base de experiencia, es probable que hayamos manejado un caso como el suyo. Para saber m\u00e1s sobre c\u00f3mo podemos ayudarle a reclamar una indemnizaci\u00f3n basada en las lesiones que usted o su ser querido han sufrido, <a href=\"tel:843-720-2800\">llame al 843-720-2800<\/a>o <a href=\"https:\/\/www.steinberglawfirm.com\/contact-us\/\" target=\"_blank\" rel=\"noopener\">contacte con nosotros a trav\u00e9s de nuestro formulario online<\/a>.<\/p>","protected":false},"excerpt":{"rendered":"<p>North Charleston, SC Pedestrian Accident Attorney lnjury Lawyers for Walkers and Joggers Hit by Cars in North Charleston, South Carolina For many, especially those who live in an urban environment, rely on walking to get around. While walking is generally safe, in North Charleston, pedestrian accidents are frighteningly common. Each year over 100 people are&hellip;<\/p>","protected":false},"author":1,"featured_media":20608,"parent":13448,"menu_order":0,"comment_status":"closed","ping_status":"closed","template":"","meta":{"_acf_changed":false,"footnotes":""},"class_list":["post-13468","page","type-page","status-publish","has-post-thumbnail","hentry"],"acf":[],"_links":{"self":[{"href":"https:\/\/steinberglawfirm-staging.clmcloud.app\/es\/wp-json\/wp\/v2\/pages\/13468"}],"collection":[{"href":"https:\/\/steinberglawfirm-staging.clmcloud.app\/es\/wp-json\/wp\/v2\/pages"}],"about":[{"href":"https:\/\/steinberglawfirm-staging.clmcloud.app\/es\/wp-json\/wp\/v2\/types\/page"}],"author":[{"embeddable":true,"href":"https:\/\/steinberglawfirm-staging.clmcloud.app\/es\/wp-json\/wp\/v2\/users\/1"}],"replies":[{"embeddable":true,"href":"https:\/\/steinberglawfirm-staging.clmcloud.app\/es\/wp-json\/wp\/v2\/comments?post=13468"}],"version-history":[{"count":9,"href":"https:\/\/steinberglawfirm-staging.clmcloud.app\/es\/wp-json\/wp\/v2\/pages\/13468\/revisions"}],"predecessor-version":[{"id":31561,"href":"https:\/\/steinberglawfirm-staging.clmcloud.app\/es\/wp-json\/wp\/v2\/pages\/13468\/revisions\/31561"}],"up":[{"embeddable":true,"href":"https:\/\/steinberglawfirm-staging.clmcloud.app\/es\/wp-json\/wp\/v2\/pages\/13448"}],"wp:featuredmedia":[{"embeddable":true,"href":"https:\/\/steinberglawfirm-staging.clmcloud.app\/es\/wp-json\/wp\/v2\/media\/20608"}],"wp:attachment":[{"href":"https:\/\/steinberglawfirm-staging.clmcloud.app\/es\/wp-json\/wp\/v2\/media?parent=13468"}],"curies":[{"name":"wp","href":"https:\/\/api.w.org\/{rel}","templated":true}]}}