{"id":13463,"date":"2020-10-26T21:19:25","date_gmt":"2020-10-26T21:19:25","guid":{"rendered":"https:\/\/www.steinberglawfirm.com\/?page_id=13463"},"modified":"2024-08-22T16:08:25","modified_gmt":"2024-08-22T16:08:25","slug":"workers-compensation-lawyer","status":"publish","type":"page","link":"https:\/\/steinberglawfirm-staging.clmcloud.app\/es\/ubicaciones\/north-charleston\/abogado-especialista-en-indemnizaciones-laborales\/","title":{"rendered":"North Charleston Abogado de indemnizaciones laborales"},"content":{"rendered":"<h1 class=\"wp-block-heading\">North Charleston Abogado de indemnizaciones laborales<\/h1>\n\n\n\n<h2 class=\"wp-block-heading\">Work Comp Attorneys for On the Job Injuries and Fatalities in South Carolina<\/h2>\n\n\n\n<p>El lugar de trabajo es donde muchos de nosotros pasamos la mayor parte de las horas que no estamos en casa. Dada la cantidad de tiempo que pasamos en el lugar de trabajo, no es de extra\u00f1ar que las lesiones en el lugar de trabajo sean extremadamente comunes, incluso en aquellas ocupaciones que no tienen fama de ser peligrosas. Los empleados que sufren una lesi\u00f3n relacionada con el trabajo pueden tener derecho a South Carolina prestaciones de compensaci\u00f3n a los trabajadores.<\/p>\n\n\n\n<p>El programa de compensaci\u00f3n de los trabajadores fue dise\u00f1ado para ayudar a los trabajadores lesionados a recuperarse y volver al trabajo. Sin embargo, en la realidad, las v\u00edctimas de accidentes a menudo se enfrentan a importantes desaf\u00edos cuando intentan obtener beneficios. En el <a href=\"https:\/\/www.steinberglawfirm.com\/\" target=\"_blank\" rel=\"noopener\">Steinberg Law Firm<\/a>Ayudamos a los trabajadores lesionados a entender sus derechos y a obtener los beneficios que merecen. Nuestro <a href=\"https:\/\/www.steinberglawfirm.com\/practice-areas\/workers-compensation\/\" target=\"_blank\" rel=\"noopener\">South Carolina los abogados de indemnizaci\u00f3n de los trabajadores tienen m\u00e1s de 170 a\u00f1os de experiencia legal combinada en la gesti\u00f3n de las reclamaciones de indemnizaci\u00f3n de los trabajadores<\/a> and possess the knowledge and professionalism to take your case from beginning to end with the utmost care and consideration. <a href=\"https:\/\/www.steinberglawfirm.com\/results\/\" target=\"_blank\" rel=\"noopener\">Hemos recuperado m\u00e1s de $800 millones para nuestros clientes<\/a>.<\/p>\n\n\n\n<p><strong>Tipos comunes de accidentes de trabajo North Charleston<\/strong><\/p>\n\n\n\n<p>Un accidente laboral grave puede ocurrir en cualquier ocupaci\u00f3n, incluso en aquellas que tradicionalmente no se consideran peligrosas. La naturaleza y el alcance de un accidente laboral depender\u00e1n de muchos factores, como el tipo de trabajo y la forma en que se produjo la lesi\u00f3n. Sin embargo, a continuaci\u00f3n se enumeran algunas de las lesiones laborales m\u00e1s comunes:<\/p>\n\n\n\n<p>- <a href=\"https:\/\/www.steinberglawfirm.com\/workers-compensation\/workers-compensation-for-an-employee-who-suffers-a-back-injury-at-work\/\" target=\"_blank\" rel=\"noopener\">Lesiones en la espalda<\/a>lesiones discales abultadas\/herniadas<br>- Fracturas y huesos rotos<br>- <a href=\"https:\/\/www.steinberglawfirm.com\/workers-compensation\/workers-compensation-for-an-employee-who-suffers-a-burn-injury\/\" target=\"_blank\" rel=\"noopener\">Quemaduras<\/a>contusiones y laceraciones<br>- Muerte<br>- Exposici\u00f3n a productos qu\u00edmicos<br>- Lesiones de manos, mu\u00f1ecas y hombros<br>- Lesiones en la cabeza y el cuello<br>- P\u00e9rdida de audici\u00f3n y visi\u00f3n<br>- Hernias<br>- Lesiones de pierna, cadera y rodilla<br>- <a href=\"https:\/\/www.steinberglawfirm.com\/locations\/north-charleston\/slip-and-fall-accident-lawyer\/\" target=\"_blank\" rel=\"noopener\">Accidentes por resbalones, tropiezos y ca\u00eddas<\/a><br>- Rotura de m\u00fasculos y ligamentos<br>- <a href=\"https:\/\/www.steinberglawfirm.com\/personal-injury\/serious-injury-cases\/traumatic-brain-injury\/\" target=\"_blank\" rel=\"noopener\">Lesiones cerebrales traum\u00e1ticas<\/a><br>- <a href=\"https:\/\/www.steinberglawfirm.com\/personal-injury\/auto-accidents\/\" target=\"_blank\" rel=\"noopener\">Accidentes de veh\u00edculos<\/a><\/p>\n\n\n\n<p>Independientemente del tipo de lesi\u00f3n que haya sufrido, el <a href=\"https:\/\/www.steinberglawfirm.com\/practice-areas\/workers-compensation\/\" target=\"_blank\" rel=\"noopener\">Conocimiento North Charleston abogados de compensaci\u00f3n de los trabajadores en Steinberg Law Firm<\/a> puede ayudar. Sin embargo, es crucial actuar r\u00e1pidamente para preservar sus derechos.<\/p>\n\n\n\n<p><strong>North Charleston Reclamaciones de indemnizaci\u00f3n de los trabajadores frente a reclamaciones por da\u00f1os personales<\/strong><\/p>\n\n\n\n<p>Las personas que han sufrido lesiones en un accidente laboral pueden presentar dos tipos de demandas. La primera, y m\u00e1s com\u00fan, es una reclamaci\u00f3n de indemnizaci\u00f3n por accidente de trabajo North Charleston. En <a href=\"https:\/\/www.steinberglawfirm.com\/workers-compensation-report\/\" target=\"_blank\" rel=\"noopener\">South Carolina indemnizaci\u00f3n laboral<\/a> program is a no-fault system that allows injured employees to recover from their injuries without needing to prove that their employer was at fault for their injury.<\/p>\n\n\n\n<p>Unfortunately, employers and workers&#8217; comp insurance companies do not always play by the rules when it comes to approving an injured worker&#8217;s claim. Often, insurance companies will deny a claim or dispute the seriousness of a worker&#8217;s injuries. When this occurs, the assistance of a dedicated North Charleston workers&#8217; compensation attorney is critical.<\/p>\n\n\n\n<p>El sistema de compensaci\u00f3n de los trabajadores no permite a un empleado presentar una demanda contra su empleador. Sin embargo, un empleado puede presentar una demanda por da\u00f1os personales contra un tercero que haya contribuido o causado el accidente. Los terceros que pueden ser responsables de los da\u00f1os de un empleado incluyen:<\/p>\n\n\n\n<p>- Conductores de la empresa<br>- Clientes<br>- Fabricantes de equipos defectuosos<br>- Contratistas independientes<br>- Otros automovilistas<br>- Proveedores externos<br>- Gestores de proyectos<br>- Proveedores de servicios p\u00fablicos<br>- Supervisores distintos del empresario<\/p>\n\n\n\n<p>Determinar qu\u00e9 tipo de demanda presentar despu\u00e9s de una lesi\u00f3n laboral puede ser una decisi\u00f3n dif\u00edcil. Es crucial discutir esta elecci\u00f3n con un abogado con experiencia en lesiones laborales.<\/p>\n\n\n\n<h3 class=\"wp-block-heading\">Programe una consulta gratuita con un abogado de lesiones laborales North Charleston hoy mismo<\/h3>\n\n\n\n<p>En el <a href=\"https:\/\/www.steinberglawfirm.com\/\" target=\"_blank\" rel=\"noopener\">Steinberg Law Firm<\/a>, we help injured workers and their families move on after serious workplace accidents. If you or someone you love has recently been injured in a North Charleston workplace accident, you may be entitled to monetary compensation. Depending on the facts surrounding the accident, recovery may be possible through either a <a href=\"https:\/\/www.steinberglawfirm.com\/practice-areas\/personal-injury\/\" target=\"_blank\" rel=\"noopener\">da\u00f1os personales<\/a> o <a href=\"https:\/\/www.steinberglawfirm.com\/practice-areas\/workers-compensation\/\" target=\"_blank\" rel=\"noopener\">reclamaci\u00f3n de indemnizaci\u00f3n de los trabajadores<\/a>.<\/p>\n\n\n\n<p>En el Steinberg Law Firm llevamos m\u00e1s de 95 a\u00f1os ayudando con \u00e9xito a las v\u00edctimas de accidentes y a sus familias a conseguir la indemnizaci\u00f3n que se merecen. Podemos ayudarle a determinar el tipo de reclamaci\u00f3n adecuado para maximizar sus posibilidades de obtener la indemnizaci\u00f3n que necesita y merece tras un accidente. Para saber m\u00e1s, y para <a href=\"https:\/\/www.steinberglawfirm.com\/free-consultation\/\" target=\"_blank\" rel=\"noopener\">programar una consulta gratuita<\/a> con un abogado, <a href=\"tel:843-720-2800\">llame al 843-720-2800<\/a>. Tambi\u00e9n puede <a href=\"https:\/\/www.steinberglawfirm.com\/contact-us\/\" target=\"_blank\" rel=\"noopener\">contacte con nosotros a trav\u00e9s de nuestro formulario en l\u00ednea<\/a>.<\/p>","protected":false},"excerpt":{"rendered":"<p>North Charleston Workers&#8217; Compensation Lawyer Work Comp Attorneys for On the Job Injuries and Fatalities in South Carolina The workplace is where many of us spend most of the hours that we are not at home. Given the amount of time spent at the workplace, it may not come as a surprise that North Charleston&hellip;<\/p>","protected":false},"author":1,"featured_media":20608,"parent":13448,"menu_order":0,"comment_status":"closed","ping_status":"closed","template":"","meta":{"_acf_changed":false,"footnotes":""},"class_list":["post-13463","page","type-page","status-publish","has-post-thumbnail","hentry"],"acf":[],"_links":{"self":[{"href":"https:\/\/steinberglawfirm-staging.clmcloud.app\/es\/wp-json\/wp\/v2\/pages\/13463"}],"collection":[{"href":"https:\/\/steinberglawfirm-staging.clmcloud.app\/es\/wp-json\/wp\/v2\/pages"}],"about":[{"href":"https:\/\/steinberglawfirm-staging.clmcloud.app\/es\/wp-json\/wp\/v2\/types\/page"}],"author":[{"embeddable":true,"href":"https:\/\/steinberglawfirm-staging.clmcloud.app\/es\/wp-json\/wp\/v2\/users\/1"}],"replies":[{"embeddable":true,"href":"https:\/\/steinberglawfirm-staging.clmcloud.app\/es\/wp-json\/wp\/v2\/comments?post=13463"}],"version-history":[{"count":11,"href":"https:\/\/steinberglawfirm-staging.clmcloud.app\/es\/wp-json\/wp\/v2\/pages\/13463\/revisions"}],"predecessor-version":[{"id":31719,"href":"https:\/\/steinberglawfirm-staging.clmcloud.app\/es\/wp-json\/wp\/v2\/pages\/13463\/revisions\/31719"}],"up":[{"embeddable":true,"href":"https:\/\/steinberglawfirm-staging.clmcloud.app\/es\/wp-json\/wp\/v2\/pages\/13448"}],"wp:featuredmedia":[{"embeddable":true,"href":"https:\/\/steinberglawfirm-staging.clmcloud.app\/es\/wp-json\/wp\/v2\/media\/20608"}],"wp:attachment":[{"href":"https:\/\/steinberglawfirm-staging.clmcloud.app\/es\/wp-json\/wp\/v2\/media?parent=13463"}],"curies":[{"name":"wp","href":"https:\/\/api.w.org\/{rel}","templated":true}]}}