{"id":13451,"date":"2020-10-25T22:36:52","date_gmt":"2020-10-25T22:36:52","guid":{"rendered":"https:\/\/www.steinberglawfirm.com\/?page_id=13451"},"modified":"2022-04-21T22:17:49","modified_gmt":"2022-04-21T22:17:49","slug":"mount-pleasant","status":"publish","type":"page","link":"https:\/\/steinberglawfirm-staging.clmcloud.app\/es\/ubicaciones\/monte-agradable\/","title":{"rendered":"Mount Pleasant, South Carolina"},"content":{"rendered":"<h1 class=\"wp-block-heading\">Mount Pleasant, South Carolina Abogados de lesiones<\/h1>\n\n\n\n<p><a href=\"https:\/\/www.steinberglawfirm.com\/\" target=\"_blank\" rel=\"noopener\">Los clientes contratan el Steinberg Law Firm<\/a> porque <a href=\"https:\/\/www.steinberglawfirm.com\/giving-back\/\" target=\"_blank\" rel=\"noopener\">hemos sido un miembro de confianza de esta comunidad<\/a> desde hace m\u00e1s de 85 a\u00f1os. Aplicamos el mismo nivel de cuidado y convicci\u00f3n a todos los clientes que atendemos. Ya sea que estemos manejando un <a href=\"https:\/\/www.steinberglawfirm.com\/practice-areas\/workers-compensation\/\" target=\"_blank\" rel=\"noopener\">reclamaci\u00f3n de indemnizaci\u00f3n de los trabajadores<\/a>, <a href=\"https:\/\/www.steinberglawfirm.com\/practice-areas\/auto-accidents\/\" target=\"_blank\" rel=\"noopener\">reclamaci\u00f3n por accidente de tr\u00e1fico<\/a>, <a href=\"https:\/\/www.steinberglawfirm.com\/practice-areas\/personal-injury\/\" target=\"_blank\" rel=\"noopener\">reclamaci\u00f3n por da\u00f1os personales<\/a>o <a href=\"https:\/\/www.steinberglawfirm.com\/practice-areas\/\" target=\"_blank\" rel=\"noopener\">otros asuntos<\/a>Tratamos cada caso de la manera m\u00e1s profesional y cuidadosa posible. Estamos aqu\u00ed para servirle, y <a href=\"https:\/\/www.steinberglawfirm.com\/attorney\/\" target=\"_blank\" rel=\"noopener\">nuestros experimentados abogados<\/a> trabajar duro para conseguir la justicia y la compensaci\u00f3n que usted merece seg\u00fan la ley.<\/p>\n\n\n<ul class=\"list-pages-shortcode child-pages\"><li class=\"page_item page-item-13639\"><a href=\"https:\/\/steinberglawfirm-staging.clmcloud.app\/es\/ubicaciones\/monte-agradable\/abogados-especializados-en-lesiones-de-nacimiento\/\">Abogados de lesiones de nacimiento de Mt. Pleasant<\/a><\/li>\n<li class=\"page_item page-item-13626 page_item_has_children\"><a href=\"https:\/\/steinberglawfirm-staging.clmcloud.app\/es\/ubicaciones\/monte-agradable\/abogado-accidente-de-coche-4\/\">Abogado de accidentes de coche en Mt. Pleasant<\/a>\n<ul class='children'>\n\t<li class=\"page_item page-item-26239\"><a href=\"https:\/\/steinberglawfirm-staging.clmcloud.app\/es\/ubicaciones\/monte-agradable\/abogado-accidente-de-coche-4\/abogados-especializados-en-alcoholemia\/\">Abogados de lesiones por conducir ebrio<\/a><\/li>\n<\/ul>\n<\/li>\n<li class=\"page_item page-item-13620\"><a href=\"https:\/\/steinberglawfirm-staging.clmcloud.app\/es\/ubicaciones\/monte-agradable\/perro-mordedor-abogado\/\">Abogado de mordeduras de perro en Mt. Pleasant<\/a><\/li>\n<li class=\"page_item page-item-13643\"><a href=\"https:\/\/steinberglawfirm-staging.clmcloud.app\/es\/ubicaciones\/monte-agradable\/abogados-especialistas-en-mala-praxis-medica\/\">Abogados de negligencia m\u00e9dica en Mt. Pleasant<\/a><\/li>\n<li class=\"page_item page-item-13665\"><a href=\"https:\/\/steinberglawfirm-staging.clmcloud.app\/es\/ubicaciones\/monte-agradable\/abogado-de-accidentes-de-moto\/\">Abogado de accidentes de moto en Mt. Pleasant<\/a><\/li>\n<li class=\"page_item page-item-13670\"><a href=\"https:\/\/steinberglawfirm-staging.clmcloud.app\/es\/ubicaciones\/monte-agradable\/abogados-de-residencias-de-ancianos\/\">Abogados de abuso en hogares de ancianos de Mt. Pleasant<\/a><\/li>\n<li class=\"page_item page-item-13623\"><a href=\"https:\/\/steinberglawfirm-staging.clmcloud.app\/es\/ubicaciones\/monte-agradable\/peaton-accidente-abogado-3\/\">Abogado de accidentes de peatones en Mt. Pleasant<\/a><\/li>\n<li class=\"page_item page-item-13662\"><a href=\"https:\/\/steinberglawfirm-staging.clmcloud.app\/es\/ubicaciones\/monte-agradable\/camion-accidente-abogado\/\">Abogado de accidentes de cami\u00f3n en Mt. Pleasant<\/a><\/li>\n<li class=\"page_item page-item-13608\"><a href=\"https:\/\/steinberglawfirm-staging.clmcloud.app\/es\/ubicaciones\/monte-agradable\/abogados-especializados-en-indemnizaciones-laborales\/\">Abogados de compensaci\u00f3n de trabajadores de Mt. Pleasant<\/a><\/li>\n<li class=\"page_item page-item-13617\"><a href=\"https:\/\/steinberglawfirm-staging.clmcloud.app\/es\/ubicaciones\/monte-agradable\/abogado-de-muerte-por-negligencia-3\/\">Abogado de Muerte Injusta en Mt. Pleasant<\/a><\/li>\n<li class=\"page_item page-item-13659\"><a href=\"https:\/\/steinberglawfirm-staging.clmcloud.app\/es\/ubicaciones\/monte-agradable\/abogados-especializados-en-lesiones-cerebrales-2\/\">Mt. Pleasant, South Carolina Abogado de lesiones cerebrales<\/a><\/li>\n<li class=\"page_item page-item-13678\"><a href=\"https:\/\/steinberglawfirm-staging.clmcloud.app\/es\/ubicaciones\/monte-agradable\/hospitales-2\/\">Abogados de lesiones personales al servicio de los hospitales del \u00e1rea de Mt. Pleasant<\/a><\/li>\n<li class=\"page_item page-item-13613\"><a href=\"https:\/\/steinberglawfirm-staging.clmcloud.app\/es\/ubicaciones\/monte-agradable\/abogados-especializados-en-resbalones-y-caidas\/\">Abogados de resbalones y ca\u00eddas en Mt. Pleasant<\/a><\/li>\n<\/ul>","protected":false},"excerpt":{"rendered":"<p>Mount Pleasant, South Carolina Abogados de lesiones Los clientes contratan al Steinberg Law Firm porque hemos sido un miembro de confianza de esta comunidad durante m\u00e1s de 85 a\u00f1os. Aplicamos el mismo nivel de cuidado y convicci\u00f3n a cada cliente que atendemos. Ya sea que estemos manejando un reclamo de compensaci\u00f3n de trabajadores, reclamo de accidente de auto, reclamo de lesiones personales,...<\/p>","protected":false},"author":1,"featured_media":20571,"parent":13547,"menu_order":0,"comment_status":"closed","ping_status":"closed","template":"","meta":{"_acf_changed":false,"footnotes":""},"class_list":["post-13451","page","type-page","status-publish","has-post-thumbnail","hentry"],"acf":[],"_links":{"self":[{"href":"https:\/\/steinberglawfirm-staging.clmcloud.app\/es\/wp-json\/wp\/v2\/pages\/13451"}],"collection":[{"href":"https:\/\/steinberglawfirm-staging.clmcloud.app\/es\/wp-json\/wp\/v2\/pages"}],"about":[{"href":"https:\/\/steinberglawfirm-staging.clmcloud.app\/es\/wp-json\/wp\/v2\/types\/page"}],"author":[{"embeddable":true,"href":"https:\/\/steinberglawfirm-staging.clmcloud.app\/es\/wp-json\/wp\/v2\/users\/1"}],"replies":[{"embeddable":true,"href":"https:\/\/steinberglawfirm-staging.clmcloud.app\/es\/wp-json\/wp\/v2\/comments?post=13451"}],"version-history":[{"count":5,"href":"https:\/\/steinberglawfirm-staging.clmcloud.app\/es\/wp-json\/wp\/v2\/pages\/13451\/revisions"}],"predecessor-version":[{"id":20573,"href":"https:\/\/steinberglawfirm-staging.clmcloud.app\/es\/wp-json\/wp\/v2\/pages\/13451\/revisions\/20573"}],"up":[{"embeddable":true,"href":"https:\/\/steinberglawfirm-staging.clmcloud.app\/es\/wp-json\/wp\/v2\/pages\/13547"}],"wp:featuredmedia":[{"embeddable":true,"href":"https:\/\/steinberglawfirm-staging.clmcloud.app\/es\/wp-json\/wp\/v2\/media\/20571"}],"wp:attachment":[{"href":"https:\/\/steinberglawfirm-staging.clmcloud.app\/es\/wp-json\/wp\/v2\/media?parent=13451"}],"curies":[{"name":"wp","href":"https:\/\/api.w.org\/{rel}","templated":true}]}}