{"id":13448,"date":"2020-10-25T22:31:23","date_gmt":"2020-10-25T22:31:23","guid":{"rendered":"https:\/\/www.steinberglawfirm.com\/?page_id=13448"},"modified":"2022-04-21T22:33:31","modified_gmt":"2022-04-21T22:33:31","slug":"north-charleston","status":"publish","type":"page","link":"https:\/\/steinberglawfirm-staging.clmcloud.app\/es\/ubicaciones\/north-charleston\/","title":{"rendered":"North Charleston, South Carolina"},"content":{"rendered":"<h1 class=\"wp-block-heading\">North Charleston, South Carolina Abogados de lesiones<\/h1>\n\n\n\n<p><a href=\"https:\/\/www.steinberglawfirm.com\/\" target=\"_blank\" rel=\"noopener\">Los clientes contratan el Steinberg Law Firm<\/a> porque hemos sido un <a href=\"https:\/\/www.steinberglawfirm.com\/giving-back\/\" target=\"_blank\" rel=\"noopener\">miembro de confianza de esta comunidad<\/a> desde hace m\u00e1s de 85 a\u00f1os. Aplicamos el mismo nivel de cuidado y convicci\u00f3n a todos los clientes que atendemos. Ya sea que estemos manejando un <a href=\"https:\/\/www.steinberglawfirm.com\/practice-areas\/workers-compensation\/\" target=\"_blank\" rel=\"noopener\">reclamaci\u00f3n de indemnizaci\u00f3n de los trabajadores<\/a>, <a href=\"https:\/\/www.steinberglawfirm.com\/practice-areas\/auto-accidents\/\" target=\"_blank\" rel=\"noopener\">reclamaci\u00f3n por accidente de tr\u00e1fico<\/a>, <a href=\"https:\/\/www.steinberglawfirm.com\/practice-areas\/personal-injury\/\" target=\"_blank\" rel=\"noopener\">reclamaci\u00f3n por da\u00f1os personales<\/a>o <a href=\"https:\/\/www.steinberglawfirm.com\/practice-areas\/\" target=\"_blank\" rel=\"noopener\">otros asuntos<\/a>Tratamos cada caso de la manera m\u00e1s profesional y cuidadosa posible. Estamos aqu\u00ed para servirle, y <a href=\"https:\/\/www.steinberglawfirm.com\/attorney\/\" target=\"_blank\" rel=\"noopener\">nuestros experimentados abogados<\/a> trabajar duro para conseguir la justicia y la compensaci\u00f3n que usted merece seg\u00fan la ley.<\/p>\n\n\n<ul class=\"list-pages-shortcode child-pages\"><li class=\"page_item page-item-14028\"><a href=\"https:\/\/steinberglawfirm-staging.clmcloud.app\/es\/ubicaciones\/north-charleston\/abogado-especialista-en-lesiones-de-nacimiento\/\">North Charleston Abogado de lesiones de nacimiento<\/a><\/li>\n<li class=\"page_item page-item-14057\"><a href=\"https:\/\/steinberglawfirm-staging.clmcloud.app\/es\/ubicaciones\/north-charleston\/abogado-de-lesiones-cerebrales\/\">North Charleston Abogado de lesiones cerebrales<\/a><\/li>\n<li class=\"page_item page-item-13472 page_item_has_children\"><a href=\"https:\/\/steinberglawfirm-staging.clmcloud.app\/es\/ubicaciones\/north-charleston\/abogado-accidente-de-coche\/\">North Charleston Abogado de accidentes de tr\u00e1fico<\/a>\n<ul class='children'>\n\t<li class=\"page_item page-item-15390\"><a href=\"https:\/\/steinberglawfirm-staging.clmcloud.app\/es\/ubicaciones\/north-charleston\/abogado-accidente-de-coche\/abogado-de-lesiones-por-conduccion-en-estado-de-ebriedad\/\">North Charleston Abogado de lesiones por conducci\u00f3n en estado de ebriedad<\/a><\/li>\n\t<li class=\"page_item page-item-14768\"><a href=\"https:\/\/steinberglawfirm-staging.clmcloud.app\/es\/ubicaciones\/north-charleston\/abogado-accidente-de-coche\/abogado-de-accidentes-mortales\/\">North Charleston Abogado de accidentes de tr\u00e1fico mortales<\/a><\/li>\n<\/ul>\n<\/li>\n<li class=\"page_item page-item-13481\"><a href=\"https:\/\/steinberglawfirm-staging.clmcloud.app\/es\/ubicaciones\/north-charleston\/mordedura-de-perro-accidente-abogado\/\">North Charleston Abogado de accidentes por mordedura de perro<\/a><\/li>\n<li class=\"page_item page-item-15387\"><a href=\"https:\/\/steinberglawfirm-staging.clmcloud.app\/es\/ubicaciones\/north-charleston\/abogado-accidente-de-camion-fatal\/\">North Charleston Abogados de accidentes de cami\u00f3n mortales<\/a><\/li>\n<li class=\"page_item page-item-15391\"><a href=\"https:\/\/steinberglawfirm-staging.clmcloud.app\/es\/ubicaciones\/north-charleston\/lyft-accident-injury-lawyer\/\">North Charleston Abogado de accidentes de Lyft<\/a><\/li>\n<li class=\"page_item page-item-14119\"><a href=\"https:\/\/steinberglawfirm-staging.clmcloud.app\/es\/ubicaciones\/north-charleston\/medico-abogado\/\">North Charleston Abogados de Negligencia M\u00e9dica<\/a><\/li>\n<li class=\"page_item page-item-14115\"><a href=\"https:\/\/steinberglawfirm-staging.clmcloud.app\/es\/ubicaciones\/north-charleston\/abogado-de-accidentes-de-moto-2\/\">North Charleston Abogado de accidentes de moto<\/a><\/li>\n<li class=\"page_item page-item-14015\"><a href=\"https:\/\/steinberglawfirm-staging.clmcloud.app\/es\/ubicaciones\/north-charleston\/hogar-de-ancianos-abuso-abogado\/\">North Charleston Abogado de abusos en residencias de ancianos<\/a><\/li>\n<li class=\"page_item page-item-13468\"><a href=\"https:\/\/steinberglawfirm-staging.clmcloud.app\/es\/ubicaciones\/north-charleston\/peaton-accidente-abogado\/\">North Charleston Abogado de accidentes de peatones<\/a><\/li>\n<li class=\"page_item page-item-13476\"><a href=\"https:\/\/steinberglawfirm-staging.clmcloud.app\/es\/ubicaciones\/north-charleston\/abogado-de-accidentes-de-resbalon-y-caida\/\">North Charleston Abogado de accidentes por resbalones y ca\u00eddas<\/a><\/li>\n<li class=\"page_item page-item-13458\"><a href=\"https:\/\/steinberglawfirm-staging.clmcloud.app\/es\/ubicaciones\/north-charleston\/camion-accidente-abogado-3\/\">North Charleston Abogado de accidente de cami\u00f3n<\/a><\/li>\n<li class=\"page_item page-item-15385\"><a href=\"https:\/\/steinberglawfirm-staging.clmcloud.app\/es\/ubicaciones\/north-charleston\/uber-accident-injury-lawyer\/\">North Charleston Abogado de accidentes de Uber<\/a><\/li>\n<li class=\"page_item page-item-13463 page_item_has_children\"><a href=\"https:\/\/steinberglawfirm-staging.clmcloud.app\/es\/ubicaciones\/north-charleston\/abogado-especialista-en-indemnizaciones-laborales\/\">North Charleston Abogado de indemnizaciones laborales<\/a>\n<ul class='children'>\n\t<li class=\"page_item page-item-15379\"><a href=\"https:\/\/steinberglawfirm-staging.clmcloud.app\/es\/ubicaciones\/north-charleston\/abogado-especialista-en-indemnizaciones-laborales\/trabajador-de-la-construccion-lesionado\/\">Trabajador de la construcci\u00f3n lesionado<\/a><\/li>\n\t<li class=\"page_item page-item-15377\"><a href=\"https:\/\/steinberglawfirm-staging.clmcloud.app\/es\/ubicaciones\/north-charleston\/abogado-especialista-en-indemnizaciones-laborales\/conductor-de-reparto-herido\/\">Conductor de reparto herido<\/a><\/li>\n\t<li class=\"page_item page-item-15378\"><a href=\"https:\/\/steinberglawfirm-staging.clmcloud.app\/es\/ubicaciones\/north-charleston\/abogado-especialista-en-indemnizaciones-laborales\/heridos-trabajadores-de-almacen\/\">Trabajadores de almac\u00e9n lesionados<\/a><\/li>\n\t<li class=\"page_item page-item-15376\"><a href=\"https:\/\/steinberglawfirm-staging.clmcloud.app\/es\/ubicaciones\/north-charleston\/abogado-especialista-en-indemnizaciones-laborales\/mecanico-lesionado-2\/\">Lesi\u00f3n mec\u00e1nica<\/a><\/li>\n<\/ul>\n<\/li>\n<li class=\"page_item page-item-14023\"><a href=\"https:\/\/steinberglawfirm-staging.clmcloud.app\/es\/ubicaciones\/north-charleston\/abogado-de-muerte-por-negligencia\/\">North Charleston Abogado de muerte por negligencia<\/a><\/li>\n<\/ul>","protected":false},"excerpt":{"rendered":"<p>North Charleston, South Carolina Abogados de lesiones Los clientes contratan al Steinberg Law Firm porque hemos sido un miembro de confianza de esta comunidad durante m\u00e1s de 85 a\u00f1os. Aplicamos el mismo nivel de cuidado y convicci\u00f3n a cada cliente que atendemos. Ya sea que estemos manejando un reclamo de compensaci\u00f3n de trabajadores, reclamo de accidente de auto, reclamo de lesiones personales,...<\/p>","protected":false},"author":1,"featured_media":20608,"parent":13547,"menu_order":0,"comment_status":"closed","ping_status":"closed","template":"","meta":{"_acf_changed":false,"footnotes":""},"class_list":["post-13448","page","type-page","status-publish","has-post-thumbnail","hentry"],"acf":[],"_links":{"self":[{"href":"https:\/\/steinberglawfirm-staging.clmcloud.app\/es\/wp-json\/wp\/v2\/pages\/13448"}],"collection":[{"href":"https:\/\/steinberglawfirm-staging.clmcloud.app\/es\/wp-json\/wp\/v2\/pages"}],"about":[{"href":"https:\/\/steinberglawfirm-staging.clmcloud.app\/es\/wp-json\/wp\/v2\/types\/page"}],"author":[{"embeddable":true,"href":"https:\/\/steinberglawfirm-staging.clmcloud.app\/es\/wp-json\/wp\/v2\/users\/1"}],"replies":[{"embeddable":true,"href":"https:\/\/steinberglawfirm-staging.clmcloud.app\/es\/wp-json\/wp\/v2\/comments?post=13448"}],"version-history":[{"count":5,"href":"https:\/\/steinberglawfirm-staging.clmcloud.app\/es\/wp-json\/wp\/v2\/pages\/13448\/revisions"}],"predecessor-version":[{"id":20607,"href":"https:\/\/steinberglawfirm-staging.clmcloud.app\/es\/wp-json\/wp\/v2\/pages\/13448\/revisions\/20607"}],"up":[{"embeddable":true,"href":"https:\/\/steinberglawfirm-staging.clmcloud.app\/es\/wp-json\/wp\/v2\/pages\/13547"}],"wp:featuredmedia":[{"embeddable":true,"href":"https:\/\/steinberglawfirm-staging.clmcloud.app\/es\/wp-json\/wp\/v2\/media\/20608"}],"wp:attachment":[{"href":"https:\/\/steinberglawfirm-staging.clmcloud.app\/es\/wp-json\/wp\/v2\/media?parent=13448"}],"curies":[{"name":"wp","href":"https:\/\/api.w.org\/{rel}","templated":true}]}}