{"id":13315,"date":"2020-10-14T23:06:18","date_gmt":"2020-10-14T23:06:18","guid":{"rendered":"https:\/\/www.steinberglawfirm.com\/?page_id=13315"},"modified":"2023-01-03T23:35:17","modified_gmt":"2023-01-03T23:35:17","slug":"mechanic-injury","status":"publish","type":"page","link":"https:\/\/steinberglawfirm-staging.clmcloud.app\/es\/ubicaciones\/summerville\/abogado-especialista-en-indemnizaciones-laborales-2\/mecanico-lesionado-3\/","title":{"rendered":"Lesi\u00f3n mec\u00e1nica"},"content":{"rendered":"<h1 class=\"wp-block-heading\">Summerville Abogado de lesiones mec\u00e1nicas<\/h1>\n\n\n\n<h2 class=\"wp-block-heading\">Ayudar a los mec\u00e1nicos lesionados a obtener una compensaci\u00f3n laboral en Summerville, South Carolina<\/h2>\n\n\n\n<p>Los mec\u00e1nicos se enfrentan a diario a los riesgos del trabajo, ya sea con maquinaria peligrosa, exposici\u00f3n a sustancias t\u00f3xicas o trabajo en espacios reducidos. Cuando los mec\u00e1nicos caen enfermos o se lesionan en un accidente laboral, tienen derecho a obtener una indemnizaci\u00f3n por accidente de trabajo. Las prestaciones de indemnizaci\u00f3n por accidente de trabajo son vitales para los mec\u00e1nicos lesionados, ya que cubren las facturas m\u00e9dicas, los salarios perdidos y otros gastos relacionados con el accidente en el camino hacia la recuperaci\u00f3n.<\/p>\n\n\n\n<h3 class=\"wp-block-heading\">El Steinberg Law Firm protege los derechos de los mec\u00e1nicos del Summerville<\/h3>\n\n\n\n<p><strong>Los mec\u00e1nicos se enfrentan a un alto \u00edndice de lesiones y a entornos de trabajo peligrosos<\/strong><\/p>\n\n\n\n<p>Los mec\u00e1nicos de autom\u00f3viles son m\u00e1s propensos a sufrir lesiones y enfermedades profesionales que los trabajadores de otros sectores. Tambi\u00e9n son m\u00e1s propensos a morir en el trabajo. En 2019, los reparadores y t\u00e9cnicos de carrocer\u00edas de autom\u00f3viles ten\u00edan unos 155.500 puestos de trabajo en todo el pa\u00eds.<\/p>\n\n\n\n<p>Los mec\u00e1nicos han experimentado un total de 13.150 lesiones y enfermedades laborales no mortales, seg\u00fan datos recientes de la Oficina de Estad\u00edsticas Laborales. En 2018, las tres principales causas de lesiones laborales para los mec\u00e1nicos fueron:<\/p>\n\n\n\n<ul class=\"wp-block-list\">\n<li>Sobreesfuerzo y reacci\u00f3n corporal - 31,4 por ciento<\/li>\n\n\n\n<li>Resbalones, tropiezos y ca\u00eddas: 26,7%.<\/li>\n\n\n\n<li>Contacto con objetos y equipos - 26,2 por ciento<\/li>\n<\/ul>\n\n\n\n<p>En conjunto, representaron m\u00e1s del 84% de todas las lesiones no mortales de ese a\u00f1o. Otras causas principales de lesiones en el lugar de trabajo fueron los incidentes de transporte, la violencia de personas o animales y la exposici\u00f3n a sustancias o entornos nocivos.<\/p>\n\n\n\n<p>Los mec\u00e1nicos, instaladores y reparadores de veh\u00edculos y equipos m\u00f3viles han experimentado un aumento de las lesiones laborales mortales en los \u00faltimos a\u00f1os. En 2018 se produjeron 152 accidentes mortales, frente a los 143 de 2017.<\/p>\n\n\n\n<p><strong>Lesiones mec\u00e1nicas comunes y sus causas<\/strong><\/p>\n\n\n\n<p>El trabajo de un mec\u00e1nico es f\u00edsicamente exigente y arriesgado, ya que implica enfrentarse a muchos riesgos laborales. Pueden producirse lesiones agudas como cortes, laceraciones y contusiones al manipular piezas de autom\u00f3viles y <a href=\"https:\/\/www.steinberglawfirm.com\/workers-compensation\/workers-compensation-for-hand-tool-injuries-in-south-carolina\/\" target=\"_blank\" rel=\"noopener\">utilizando herramientas<\/a>. La falta de un equipo de seguridad adecuado tambi\u00e9n puede provocar da\u00f1os.<\/p>\n\n\n\n<p>Los mec\u00e1nicos pueden sufrir una amplia gama de lesiones y enfermedades que dan derecho a una indemnizaci\u00f3n laboral, independientemente de qui\u00e9n sea el culpable de un accidente laboral. He aqu\u00ed algunas de las m\u00e1s comunes:<\/p>\n\n\n\n<ul class=\"wp-block-list\">\n<li><strong>Esguinces, distensiones y desgarros:<\/strong> Empujar, tirar, transportar y otros movimientos repetitivos hacen que los mec\u00e1nicos corran el riesgo de lesionarse, al igual que levantar objetos pesados como piezas de motor. Agacharse para arreglar los veh\u00edculos y trabajar en posiciones inc\u00f3modas durante horas tambi\u00e9n son responsables de las tensiones.<\/li>\n\n\n\n<li>Lesiones oculares: Los mec\u00e1nicos trabajan debajo de los veh\u00edculos y los cap\u00f3s, lo que puede dar lugar a la ca\u00edda de sustancias t\u00f3xicas o residuos en los ojos. La exposici\u00f3n a part\u00edculas o chispas que vuelan tambi\u00e9n puede provocar lesiones oculares.<\/li>\n\n\n\n<li><a href=\"https:\/\/www.steinberglawfirm.com\/practice-areas\/workers-compensation\/workers-compensation-for-an-employee-who-suffers-a-burn-injury\/\" target=\"_blank\" rel=\"noopener\"><strong>Quemaduras<\/strong><\/a>: Los mec\u00e1nicos est\u00e1n expuestos a productos qu\u00edmicos peligrosos y sustancias t\u00f3xicas que pueden provocar irritaciones cut\u00e1neas, quemaduras qu\u00edmicas e intoxicaciones. El contacto con superficies y l\u00edquidos calientes puede causar <a href=\"https:\/\/www.steinberglawfirm.com\/personal-injury\/personal-injury-lawyers\/burn-injury-lawyer\/\" target=\"_blank\" rel=\"noopener\">quemaduras en la piel<\/a>.<\/li>\n\n\n\n<li><a href=\"https:\/\/www.steinberglawfirm.com\/practice-areas\/serious-injury-cases\/traumatic-amputation-injuries\/\" target=\"_blank\" rel=\"noopener\"><strong>P\u00e9rdida de extremidades o dedos<\/strong><\/a>: Ser mec\u00e1nico de autom\u00f3viles significa utilizar mucho las manos. Tambi\u00e9n implica <a href=\"https:\/\/www.steinberglawfirm.com\/workers-compensation\/workers-compensation-for-hand-tool-injuries-in-south-carolina\/\" target=\"_blank\" rel=\"noopener\">confiar en las herramientas el\u00e9ctricas<\/a> y equipos como cortadoras de metal el\u00e9ctricas, martillos, sopletes y gatos, que presentan riesgos de lesiones.<\/li>\n\n\n\n<li><a href=\"https:\/\/www.steinberglawfirm.com\/summerville\/slip-and-fall-lawyer\/\" target=\"_blank\" rel=\"noopener\"><strong>Resbalones, tropiezos y ca\u00eddas<\/strong><\/a>: Muchos talleres mec\u00e1nicos tienen herramientas, mangueras, cables el\u00e9ctricos o piezas del motor tiradas por ah\u00ed que pueden provocar accidentes por resbalones y ca\u00eddas. Adem\u00e1s, los cambios de aceite, los derrames de grasa, el lavado de la transmisi\u00f3n y los procedimientos de mantenimiento del veh\u00edculo pueden hacer que el suelo est\u00e9 resbaladizo.<\/li>\n\n\n\n<li><strong>Exposici\u00f3n al amianto<\/strong>: Los mec\u00e1nicos son susceptibles de padecer enfermedades a largo plazo causadas por la exposici\u00f3n a productos qu\u00edmicos industriales, aditivos de la gasolina y plomo. Por ejemplo, algunas piezas de autom\u00f3viles como embragues y pastillas de freno pueden contener amianto, que puede provocar problemas respiratorios e incluso c\u00e1ncer.<\/li>\n<\/ul>\n\n\n\n<p><strong>Reclamaci\u00f3n de indemnizaci\u00f3n por accidente de trabajo para mec\u00e1nicos<\/strong><\/p>\n\n\n\n<p>Seg\u00fan la ley South Carolina, los empresarios est\u00e1n obligados a tener un seguro de indemnizaci\u00f3n por accidente de trabajo que proporcione cobertura m\u00e9dica y otras prestaciones a los empleados lesionados. Dado que la obtenci\u00f3n de la indemnizaci\u00f3n por accidente laboral implica seguir unos pasos espec\u00edficos, su reclamaci\u00f3n puede ser denegada si se presenta de forma incorrecta.<\/p>\n\n\n\n<p>Informa inmediatamente a tu empleador si te lesionas o enfermas en el transcurso de tu trabajo como mec\u00e1nico. Aseg\u00farate de buscar atenci\u00f3n m\u00e9dica lo antes posible aunque tus lesiones no parezcan graves. De lo contrario, la compa\u00f1\u00eda de seguros puede cuestionar la gravedad de tus lesiones o poner en duda que est\u00e9n relacionadas con el trabajo.<\/p>\n\n\n\n<p>Si su solicitud de prestaciones es impugnada o denegada, puede recurrir la decisi\u00f3n ante la Comisi\u00f3n de Indemnizaci\u00f3n por Accidentes de Trabajo South Carolina. La p\u00e1gina web <a href=\"https:\/\/www.steinberglawfirm.com\/practice-areas\/workers-compensation\/\" target=\"_blank\" rel=\"noopener\">los abogados de indemnizaci\u00f3n laboral de Steinberg Law Firm pueden representarle<\/a> en una audiencia y gestionar los recursos.<\/p>\n\n\n\n<p>En algunos casos, un <a href=\"https:\/\/www.steinberglawfirm.com\/practice-areas\/personal-injury\/\" target=\"_blank\" rel=\"noopener\">un mec\u00e1nico lesionado puede presentar una demanda por da\u00f1os personales<\/a> contra un tercero, como el fabricante de la maquinaria defectuosa, que fue el culpable de su lesi\u00f3n laboral. Nuestro <a href=\"https:\/\/www.steinberglawfirm.com\/summerville\/workers-compensation-lawyer\/\" target=\"_blank\" rel=\"noopener\">Los abogados de indemnizaci\u00f3n laboral de Summerville pueden ayudarle a determinar si tiene un caso<\/a>.<\/p>\n\n\n\n<p><strong>Tipos de prestaciones por accidentes de trabajo disponibles<\/strong><\/p>\n\n\n\n<p>Si <a href=\"https:\/\/www.steinberglawfirm.com\/practice-areas\/premises-liability\/slip-and-fall\/\" target=\"_blank\" rel=\"noopener\">has sufrido una ca\u00edda<\/a> o una lesi\u00f3n en el brazo, puede estar incapacitado para trabajar durante un largo periodo de tiempo. En casos graves, una incapacidad permanente puede impedirle aceptar cualquier tipo de empleo en el futuro. Los mec\u00e1nicos del Summerville que se lesionan en el trabajo pueden tener derecho a las siguientes prestaciones de compensaci\u00f3n laboral:<\/p>\n\n\n\n<ul class=\"wp-block-list\">\n<li><strong>Tratamiento m\u00e9dico<\/strong>: Esto incluye la hospitalizaci\u00f3n, la cirug\u00eda, la fisioterapia, las visitas al m\u00e9dico, los medicamentos recetados y otros gastos m\u00e9dicos. Tenga en cuenta que sus gastos pueden no estar cubiertos si no acude a un m\u00e9dico elegido por su empresa.<\/li>\n\n\n\n<li><strong>Salarios perdidos<\/strong>: Puede recibir pagos para compensar la p\u00e9rdida de ingresos durante su periodo de recuperaci\u00f3n. Las prestaciones por p\u00e9rdida de ingresos pueden incluir la incapacidad parcial temporal y la incapacidad total temporal si no puedes trabajar debido a tu lesi\u00f3n o enfermedad.<\/li>\n\n\n\n<li><strong>Rehabilitaci\u00f3n profesional<\/strong>: Puede obtener ayuda para encontrar un empleo si no puede volver a su puesto original de mec\u00e1nico debido a sus lesiones laborales. Esta prestaci\u00f3n le ayuda a conseguir un empleo remunerado para que pueda volver a ganarse la vida.<\/li>\n\n\n\n<li><strong>Invalidez permanente<\/strong>: Puede recibir pagos semanales si su m\u00e9dico determina que su lesi\u00f3n le ha dejado una incapacidad permanente que afecta a su capacidad para trabajar. La cuant\u00eda de las prestaciones depende de si la incapacidad es parcial o total.<\/li>\n<\/ul>\n\n\n\n<p><strong>Por qu\u00e9 necesita un abogado de compensaci\u00f3n laboral Summerville<\/strong><\/p>\n\n\n\n<p>Usted tiene importantes derechos que quiz\u00e1 no conozca mientras trabaja como mec\u00e1nico. Dados los riesgos \u00fanicos de su trabajo, es razonable esperar que su empleador le proporcione una compensaci\u00f3n laboral si sufre una lesi\u00f3n debilitante en el trabajo. Pero, \u00bfqu\u00e9 ocurre si su empresa se niega a concederle las prestaciones que le corresponden?<\/p>\n\n\n\n<p><a href=\"https:\/\/www.steinberglawfirm.com\/\" target=\"_blank\" rel=\"noopener\">Steinberg Law Firm tiene experiencia en la tramitaci\u00f3n de litigios sobre la indemnizaci\u00f3n de los trabajadores<\/a> derivadas de las lesiones mec\u00e1nicas. <a href=\"https:\/\/www.steinberglawfirm.com\/summerville\/workers-compensation-lawyer\/\" target=\"_blank\" rel=\"noopener\">Nuestros abogados de indemnizaci\u00f3n laboral Summerville revisar\u00e1n los detalles de su situaci\u00f3n<\/a>Determinar la elegibilidad, ayudarle a solicitar beneficios o apelar una reclamaci\u00f3n denegada. Nos aseguraremos de que todo el papeleo se rellene correctamente. Incluso podemos demandar a un tercero responsable en su nombre si es necesario.<\/p>\n\n\n\n<p>El <a href=\"https:\/\/www.steinberglawfirm.com\/practice-areas\/workers-compensation\/how-to-file-workers-compensation-claim-south-carolina\/\" target=\"_blank\" rel=\"noopener\">el proceso de reclamaci\u00f3n de la indemnizaci\u00f3n de los trabajadores puede ser confuso<\/a>. Con un abogado cualificado que represente sus intereses en cada paso del camino, podr\u00e1 recuperarse de sus lesiones y seguir adelante con su vida.<\/p>\n\n\n\n<p><strong>Consultas gratuitas<\/strong><\/p>\n\n\n\n<p>Si usted es un mec\u00e1nico que se ha lesionado en el trabajo o tiene una enfermedad relacionada con el trabajo, <a href=\"https:\/\/www.steinberglawfirm.com\/contact-us\/\" target=\"_blank\" rel=\"noopener\">contactar con Steinberg Law Firm de inmediato<\/a> para discutir su caso. Nuestro <a href=\"https:\/\/www.steinberglawfirm.com\/summerville\/workers-compensation-lawyer\/\" target=\"_blank\" rel=\"noopener\">abogados especializados en indemnizaciones laborales Summerville<\/a> se asegurar\u00e1 de que usted obtenga beneficios justos para sus gastos m\u00e9dicos y m\u00e1s. Nos dedicamos a proteger los derechos de los mec\u00e1nicos lesionados.<\/p>","protected":false},"excerpt":{"rendered":"<p>Summerville Abogado de lesiones mec\u00e1nicas Ayudando a los mec\u00e1nicos lesionados a obtener la compensaci\u00f3n de los trabajadores en Summerville, South Carolina Los mec\u00e1nicos se enfrentan a diario a los riesgos del trabajo, ya sea maquinaria peligrosa, exposici\u00f3n a sustancias t\u00f3xicas o trabajo en espacios reducidos. Cuando los mec\u00e1nicos se enferman o se lesionan en un accidente de trabajo, tienen derecho a obtener...<\/p>","protected":false},"author":1,"featured_media":20655,"parent":6249,"menu_order":0,"comment_status":"closed","ping_status":"closed","template":"","meta":{"_acf_changed":false,"footnotes":""},"class_list":["post-13315","page","type-page","status-publish","has-post-thumbnail","hentry"],"acf":[],"_links":{"self":[{"href":"https:\/\/steinberglawfirm-staging.clmcloud.app\/es\/wp-json\/wp\/v2\/pages\/13315"}],"collection":[{"href":"https:\/\/steinberglawfirm-staging.clmcloud.app\/es\/wp-json\/wp\/v2\/pages"}],"about":[{"href":"https:\/\/steinberglawfirm-staging.clmcloud.app\/es\/wp-json\/wp\/v2\/types\/page"}],"author":[{"embeddable":true,"href":"https:\/\/steinberglawfirm-staging.clmcloud.app\/es\/wp-json\/wp\/v2\/users\/1"}],"replies":[{"embeddable":true,"href":"https:\/\/steinberglawfirm-staging.clmcloud.app\/es\/wp-json\/wp\/v2\/comments?post=13315"}],"version-history":[{"count":11,"href":"https:\/\/steinberglawfirm-staging.clmcloud.app\/es\/wp-json\/wp\/v2\/pages\/13315\/revisions"}],"predecessor-version":[{"id":23810,"href":"https:\/\/steinberglawfirm-staging.clmcloud.app\/es\/wp-json\/wp\/v2\/pages\/13315\/revisions\/23810"}],"up":[{"embeddable":true,"href":"https:\/\/steinberglawfirm-staging.clmcloud.app\/es\/wp-json\/wp\/v2\/pages\/6249"}],"wp:featuredmedia":[{"embeddable":true,"href":"https:\/\/steinberglawfirm-staging.clmcloud.app\/es\/wp-json\/wp\/v2\/media\/20655"}],"wp:attachment":[{"href":"https:\/\/steinberglawfirm-staging.clmcloud.app\/es\/wp-json\/wp\/v2\/media?parent=13315"}],"curies":[{"name":"wp","href":"https:\/\/api.w.org\/{rel}","templated":true}]}}