{"id":13291,"date":"2020-10-14T21:25:41","date_gmt":"2020-10-14T21:25:41","guid":{"rendered":"https:\/\/www.steinberglawfirm.com\/?page_id=13291"},"modified":"2020-10-14T21:25:41","modified_gmt":"2020-10-14T21:25:41","slug":"how-much-is-my-personal-injury-case-worth","status":"publish","type":"page","link":"https:\/\/steinberglawfirm-staging.clmcloud.app\/es\/faq\/faq-danos-personales\/cuanto-vale-mi-caso-de-lesion-personal\/","title":{"rendered":"\u00bfCu\u00e1nto vale mi caso de da\u00f1os personales?"},"content":{"rendered":"<p><a href=\"https:\/\/www.steinberglawfirm.com\/practice-areas\/personal-injury\/\" target=\"_blank\" rel=\"noopener\">Casos de lesiones personales<\/a> puede ocurrir desde <a href=\"https:\/\/www.steinberglawfirm.com\/practice-areas\/auto-accidents\/pedestrian-accident\/\" target=\"_blank\" rel=\"noopener\">accidentes de peatones<\/a>, <a href=\"https:\/\/www.steinberglawfirm.com\/practice-areas\/medical-malpractice\/\" target=\"_blank\" rel=\"noopener\">negligencia m\u00e9dica<\/a>, <a href=\"https:\/\/www.steinberglawfirm.com\/practice-areas\/premises-liability\/slip-and-fall\/\" target=\"_blank\" rel=\"noopener\">resbalones y ca\u00eddas<\/a>y <a href=\"https:\/\/www.steinberglawfirm.com\/practice-areas\/dangerous-products\/\" target=\"_blank\" rel=\"noopener\">responsabilidad por productos<\/a>. El valor de un caso de lesiones personales no es \u00fanico. El valor de un caso de lesiones personales cambiar\u00e1 de un caso a otro. Dos demandas basadas en el mismo tipo de accidente pueden tener valores diferentes. El factor que determina el valor de un caso de lesiones personales es la cantidad de da\u00f1os.<\/p>\n<p>Los da\u00f1os econ\u00f3micos y no econ\u00f3micos son la base del valor de un caso de da\u00f1os personales. Los da\u00f1os econ\u00f3micos incluyen los gastos m\u00e9dicos, las facturas y los da\u00f1os a la propiedad, que tienen importes enumerados que se pueden calcular f\u00e1cilmente. Los da\u00f1os no econ\u00f3micos, como el dolor y el sufrimiento, la angustia mental, la p\u00e9rdida del disfrute de la vida e incluso la desfiguraci\u00f3n, no tienen valores establecidos. En su lugar, el juez o el jurado determinan su cuant\u00eda en un juicio teniendo en cuenta la totalidad del incidente de da\u00f1os personales y la gravedad de los da\u00f1os no econ\u00f3micos. <\/p>\n<p>En South Carolina, la v\u00edctima s\u00f3lo puede obtener da\u00f1os punitivos si se le conceden da\u00f1os econ\u00f3micos y no econ\u00f3micos. Los da\u00f1os punitivos pretenden castigar y disuadir a la parte culpable de continuar con los comportamientos y pr\u00e1cticas que condujeron a la lesi\u00f3n. La suma de los da\u00f1os econ\u00f3micos, los da\u00f1os no econ\u00f3micos y los da\u00f1os punitivos determina el valor de la lesi\u00f3n personal.<\/p>\n<h3>Otras preguntas frecuentes sobre da\u00f1os personales:<\/h3>\n<ul class=\"list-pages-shortcode sibling-pages\"><li class=\"page_item page-item-2898\"><a href=\"https:\/\/steinberglawfirm-staging.clmcloud.app\/es\/faq\/faq-danos-personales\/como-saber-quien-es-el-responsable-de-mis-lesiones\/\">\u00bfC\u00f3mo puedo saber qui\u00e9n es responsable de mis lesiones?<\/a><\/li>\n<li class=\"page_item page-item-2900\"><a href=\"https:\/\/steinberglawfirm-staging.clmcloud.app\/es\/faq\/faq-danos-personales\/como-pruebo-que-mi-familiar-mayor-esta-siendo-abusado\/\">\u00bfC\u00f3mo puedo demostrar que mi familiar mayor est\u00e1 siendo maltratado?<\/a><\/li>\n<li class=\"page_item page-item-13286\"><a href=\"https:\/\/steinberglawfirm-staging.clmcloud.app\/es\/faq\/faq-danos-personales\/cuanto-tiempo-tengo-que-presentar-una-reclamacion-por-danos-personales-en-carolina-del-sur\/\">\u00bfDe cu\u00e1nto tiempo dispongo para presentar una reclamaci\u00f3n por da\u00f1os personales en South Carolina?<\/a><\/li>\n<li class=\"page_item page-item-13291\"><a href=\"https:\/\/steinberglawfirm-staging.clmcloud.app\/es\/faq\/faq-danos-personales\/cuanto-vale-mi-caso-de-lesion-personal\/\">\u00bfCu\u00e1nto vale mi caso de da\u00f1os personales?<\/a><\/li>\n<li class=\"page_item page-item-2906\"><a href=\"https:\/\/steinberglawfirm-staging.clmcloud.app\/es\/faq\/faq-danos-personales\/he-sido-herido-en-un-accidente-deberia-presentar-una-demanda-por-dano-personal\/\">Me he lesionado en un accidente. \u00bfDebo presentar una demanda por da\u00f1os personales?<\/a><\/li>\n<li class=\"page_item page-item-2908\"><a href=\"https:\/\/steinberglawfirm-staging.clmcloud.app\/es\/faq\/faq-danos-personales\/si-presento-una-demanda-por-lesiones-personales-necesito-acudir-al-tribunal\/\">Si presento una demanda por da\u00f1os personales, \u00bftengo que ir a juicio?<\/a><\/li>\n<li class=\"page_item page-item-13278\"><a href=\"https:\/\/steinberglawfirm-staging.clmcloud.app\/es\/faq\/faq-danos-personales\/que-danos-puedo-obtener-en-un-caso-de-lesiones-personales\/\">\u00bfQu\u00e9 da\u00f1os y perjuicios puedo obtener en un caso de lesiones personales?<\/a><\/li>\n<li class=\"page_item page-item-2922\"><a href=\"https:\/\/steinberglawfirm-staging.clmcloud.app\/es\/faq\/faq-danos-personales\/que-si-me-contactan-los-de-la-otra-compania-de-seguros\/\">\u00bfQu\u00e9 pasa si la otra compa\u00f1\u00eda de seguros se pone en contacto conmigo?<\/a><\/li>\n<li class=\"page_item page-item-10897\"><a href=\"https:\/\/steinberglawfirm-staging.clmcloud.app\/es\/faq\/faq-danos-personales\/que-tipos-de-danos-puedo-solicitar-si-presento-una-demanda-por-dano-personal\/\">\u00bfQu\u00e9 tipos de da\u00f1os y perjuicios puedo solicitar si presento una demanda por lesiones personales?<\/a><\/li>\n<li class=\"page_item page-item-2932\"><a href=\"https:\/\/steinberglawfirm-staging.clmcloud.app\/es\/faq\/faq-danos-personales\/quien-es-responsable-de-mis-danos\/\">\u00bfQui\u00e9n es responsable de mis da\u00f1os?<\/a><\/li>\n<\/ul>","protected":false},"excerpt":{"rendered":"<p>Los casos de lesiones personales pueden producirse por accidentes de peatones, negligencia m\u00e9dica, resbalones y ca\u00eddas, y responsabilidad por productos. El valor de un caso de lesiones personales no es de talla \u00fanica. El valor de un caso de lesiones personales cambiar\u00e1 de un caso a otro. Dos demandas basadas en el mismo tipo de accidente pueden tener valores diferentes. El...<\/p>","protected":false},"author":1,"featured_media":0,"parent":5527,"menu_order":0,"comment_status":"closed","ping_status":"closed","template":"","meta":{"_acf_changed":false,"footnotes":""},"class_list":["post-13291","page","type-page","status-publish","hentry"],"acf":[],"_links":{"self":[{"href":"https:\/\/steinberglawfirm-staging.clmcloud.app\/es\/wp-json\/wp\/v2\/pages\/13291"}],"collection":[{"href":"https:\/\/steinberglawfirm-staging.clmcloud.app\/es\/wp-json\/wp\/v2\/pages"}],"about":[{"href":"https:\/\/steinberglawfirm-staging.clmcloud.app\/es\/wp-json\/wp\/v2\/types\/page"}],"author":[{"embeddable":true,"href":"https:\/\/steinberglawfirm-staging.clmcloud.app\/es\/wp-json\/wp\/v2\/users\/1"}],"replies":[{"embeddable":true,"href":"https:\/\/steinberglawfirm-staging.clmcloud.app\/es\/wp-json\/wp\/v2\/comments?post=13291"}],"version-history":[{"count":1,"href":"https:\/\/steinberglawfirm-staging.clmcloud.app\/es\/wp-json\/wp\/v2\/pages\/13291\/revisions"}],"predecessor-version":[{"id":13292,"href":"https:\/\/steinberglawfirm-staging.clmcloud.app\/es\/wp-json\/wp\/v2\/pages\/13291\/revisions\/13292"}],"up":[{"embeddable":true,"href":"https:\/\/steinberglawfirm-staging.clmcloud.app\/es\/wp-json\/wp\/v2\/pages\/5527"}],"wp:attachment":[{"href":"https:\/\/steinberglawfirm-staging.clmcloud.app\/es\/wp-json\/wp\/v2\/media?parent=13291"}],"curies":[{"name":"wp","href":"https:\/\/api.w.org\/{rel}","templated":true}]}}