{"id":13281,"date":"2020-10-14T21:12:15","date_gmt":"2020-10-14T21:12:15","guid":{"rendered":"https:\/\/www.steinberglawfirm.com\/?page_id=13281"},"modified":"2020-10-14T21:12:15","modified_gmt":"2020-10-14T21:12:15","slug":"what-should-i-do-after-a-car-accident","status":"publish","type":"page","link":"https:\/\/steinberglawfirm-staging.clmcloud.app\/es\/faq\/faq-accidente-de-coche\/que-debo-hacer-tras-un-accidente-de-coche\/","title":{"rendered":"\u00bfQu\u00e9 debo hacer despu\u00e9s de un accidente de tr\u00e1fico?"},"content":{"rendered":"<h1>\u00bfQu\u00e9 debo hacer despu\u00e9s de un accidente de tr\u00e1fico?<\/h1>\n<p>Seg\u00fan la ley South Carolina, los conductores de los veh\u00edculos implicados en un accidente de tr\u00e1fico deben detenerse inmediatamente en el lugar del accidente. Mientras se encuentra en el lugar del accidente, uno de los conductores debe prestar una ayuda razonable y llamar al 911 para que los heridos reciban atenci\u00f3n m\u00e9dica. A continuaci\u00f3n, los conductores implicados en la colisi\u00f3n deben intercambiar sus nombres, direcciones y n\u00fameros de matr\u00edcula de sus veh\u00edculos. <\/p>\n<p>En un accidente con lesiones o muerte, los conductores deben ponerse inmediatamente en contacto con la polic\u00eda o la Patrulla de Carreteras South Carolina para informar del accidente. Si el accidente no requiere la investigaci\u00f3n de la polic\u00eda o la polic\u00eda no investiga el accidente, los conductores tienen quince d\u00edas a partir de la fecha del accidente para presentar un informe de accidente por escrito al Departamento de Veh\u00edculos Motorizados (SCDMV). Los conductores tambi\u00e9n deben presentar al SCDMV la verificaci\u00f3n de que tienen cobertura de responsabilidad civil en el momento del accidente.  <\/p>\n<p>A continuaci\u00f3n, los conductores deben asegurarse de obtener atenci\u00f3n m\u00e9dica. Incluso si cree que sus lesiones no son graves, debe concertar una cita con el m\u00e9dico. Guarde todos los registros m\u00e9dicos y los recibos de las visitas al m\u00e9dico, las pruebas y las cirug\u00edas. <\/p>\n<p><a href=\"https:\/\/www.steinberglawfirm.com\/contact-us\/\" target=\"_blank\" rel=\"noopener\">Pedir cita<\/a> con un <a href=\"https:\/\/www.steinberglawfirm.com\/practice-areas\/auto-accidents\/\" target=\"_blank\" rel=\"noopener\">abogado de accidente de coche<\/a>. Trabajaremos para conseguirle la compensaci\u00f3n por sus lesiones y da\u00f1os mientras usted trabaja para recuperar su vida.<\/p>\n<h3>Otras preguntas frecuentes sobre accidentes de tr\u00e1fico:<\/h3>\n<ul class=\"list-pages-shortcode sibling-pages\"><li class=\"page_item page-item-12190\"><a href=\"https:\/\/steinberglawfirm-staging.clmcloud.app\/es\/faq\/faq-accidente-de-coche\/soy-responsable-si-empiezo-a-golpear-el-coche-delante-de-mi-despues-de-ser-choque-posterior-de-otro-conductor\/\">\u00bfSoy responsable si golpeo el coche que tengo delante despu\u00e9s de que otro conductor me haya embestido por detr\u00e1s?<\/a><\/li>\n<li class=\"page_item page-item-9475\"><a href=\"https:\/\/steinberglawfirm-staging.clmcloud.app\/es\/faq\/faq-accidente-de-coche\/puedo-demandar-despues-de-un-accidente-de-coche-si-no-estaba-usando-mi-cinturon-de-asiento\/\">\u00bfPuedo demandar tras un accidente de tr\u00e1fico si no llevaba puesto el cintur\u00f3n de seguridad?<\/a><\/li>\n<li class=\"page_item page-item-15380\"><a href=\"https:\/\/steinberglawfirm-staging.clmcloud.app\/es\/faq\/faq-accidente-de-coche\/debo-llamar-a-la-policia-despues-de-un-accidente-de-trafico\/\">\u00bfTengo que llamar a la polic\u00eda tras un accidente de tr\u00e1fico?<\/a><\/li>\n<li class=\"page_item page-item-15383\"><a href=\"https:\/\/steinberglawfirm-staging.clmcloud.app\/es\/faq\/faq-accidente-de-coche\/necesito-un-abogado-de-accidentes-de-trafico\/\">\u00bfNecesito un abogado de accidentes de tr\u00e1fico?<\/a><\/li>\n<li class=\"page_item page-item-10767\"><a href=\"https:\/\/steinberglawfirm-staging.clmcloud.app\/es\/faq\/faq-accidente-de-coche\/utiliza-carolina-del-sur-un-sistema-basado-en-la-culpa-para-los-accidentes-de-trafico-que-significa-eso-para-una-persona-implicada-en-un-accidente-de-trafico\/\">\u00bfUtiliza el South un sistema basado en la culpa para los accidentes de tr\u00e1fico? \u00bfQu\u00e9 significa eso para alguien involucrado en un accidente de coche?<\/a><\/li>\n<li class=\"page_item page-item-10775\"><a href=\"https:\/\/steinberglawfirm-staging.clmcloud.app\/es\/faq\/faq-accidente-de-coche\/como-se-determinan-los-fallos-en-carolina-del-sur\/\">\u00bfC\u00f3mo se determina el fallo en el South Carolina?<\/a><\/li>\n<li class=\"page_item page-item-13133\"><a href=\"https:\/\/steinberglawfirm-staging.clmcloud.app\/es\/faq\/faq-accidente-de-coche\/cuanto-tiempo-tengo-que-presentar-una-reclamacion-por-accidente-de-trafico\/\">\u00bfDe cu\u00e1nto tiempo dispongo para presentar una reclamaci\u00f3n por accidente de tr\u00e1fico?<\/a><\/li>\n<li class=\"page_item page-item-9467\"><a href=\"https:\/\/steinberglawfirm-staging.clmcloud.app\/es\/faq\/faq-accidente-de-coche\/cuantos-accidentes-de-trafico-se-producen-en-carolina-del-sur-cada-ano\/\">\u00bfCu\u00e1ntos accidentes de tr\u00e1fico se producen en South Carolina cada a\u00f1o?<\/a><\/li>\n<li class=\"page_item page-item-9473\"><a href=\"https:\/\/steinberglawfirm-staging.clmcloud.app\/es\/faq\/faq-accidente-de-coche\/cuantos-accidentes-de-trafico-mortales-se-producen-en-carolina-del-sur-cada-ano\/\">\u00bfCu\u00e1ntos accidentes de tr\u00e1fico mortales se producen en South Carolina cada a\u00f1o?<\/a><\/li>\n<li class=\"page_item page-item-15384\"><a href=\"https:\/\/steinberglawfirm-staging.clmcloud.app\/es\/faq\/faq-accidente-de-coche\/que-indemnizacion-puedo-obtener-tras-un-accidente-de-coche\/\">\u00bfQu\u00e9 indemnizaci\u00f3n puedo obtener tras un accidente de tr\u00e1fico?<\/a><\/li>\n<li class=\"page_item page-item-11983\"><a href=\"https:\/\/steinberglawfirm-staging.clmcloud.app\/es\/faq\/faq-accidente-de-coche\/que-hago-si-estoy-en-un-accidente-de-coche-y-el-conductor-culpable-no-tiene-seguro\/\">\u00bfQu\u00e9 hago si tengo un accidente de tr\u00e1fico y el conductor culpable no tiene seguro?<\/a><\/li>\n<li class=\"page_item page-item-12015\"><a href=\"https:\/\/steinberglawfirm-staging.clmcloud.app\/es\/faq\/faq-accidente-de-coche\/que-hago-si-mis-danos-son-mas-que-los-limites-de-la-poliza-de-seguro-del-conductor-culpable-que-me-impacto-en-un-accidente-de-coche\/\">\u00bfQu\u00e9 hago si mis da\u00f1os superan los l\u00edmites de la p\u00f3liza de seguro del conductor culpable que me atropell\u00f3 en un accidente de tr\u00e1fico?<\/a><\/li>\n<li class=\"page_item page-item-10773\"><a href=\"https:\/\/steinberglawfirm-staging.clmcloud.app\/es\/faq\/faq-accidente-de-coche\/que-necesito-saber-sobre-mi-informe-de-accidente-de-carolina-sur\/\">\u00bfQu\u00e9 debo saber sobre mi parte de accidente South Carolina?<\/a><\/li>\n<li class=\"page_item page-item-10770\"><a href=\"https:\/\/steinberglawfirm-staging.clmcloud.app\/es\/faq\/faq-accidente-de-coche\/que-significa-la-falta-comparativa-cuando-se-relaciona-con-un-accidente-de-coche-en-carolina-del-sur\/\">\u00bfQu\u00e9 significa la culpa comparativa en relaci\u00f3n con un accidente de tr\u00e1fico?<\/a><\/li>\n<li class=\"page_item page-item-13281\"><a href=\"https:\/\/steinberglawfirm-staging.clmcloud.app\/es\/faq\/faq-accidente-de-coche\/que-debo-hacer-tras-un-accidente-de-coche\/\">\u00bfQu\u00e9 debo hacer despu\u00e9s de un accidente de tr\u00e1fico?<\/a><\/li>\n<\/ul>","protected":false},"excerpt":{"rendered":"<p>\u00bfQu\u00e9 debo hacer despu\u00e9s de un accidente de tr\u00e1fico? Seg\u00fan la ley South Carolina, los conductores de los veh\u00edculos implicados en un accidente de tr\u00e1fico deben detenerse inmediatamente en el lugar del accidente. Mientras est\u00e9 en el lugar del accidente, uno de los conductores debe prestar una ayuda razonable y llamar al 911 para que los heridos reciban atenci\u00f3n m\u00e9dica. A continuaci\u00f3n, los conductores implicados en...<\/p>","protected":false},"author":1,"featured_media":0,"parent":9461,"menu_order":0,"comment_status":"closed","ping_status":"closed","template":"","meta":{"_acf_changed":false,"footnotes":""},"class_list":["post-13281","page","type-page","status-publish","hentry"],"acf":[],"_links":{"self":[{"href":"https:\/\/steinberglawfirm-staging.clmcloud.app\/es\/wp-json\/wp\/v2\/pages\/13281"}],"collection":[{"href":"https:\/\/steinberglawfirm-staging.clmcloud.app\/es\/wp-json\/wp\/v2\/pages"}],"about":[{"href":"https:\/\/steinberglawfirm-staging.clmcloud.app\/es\/wp-json\/wp\/v2\/types\/page"}],"author":[{"embeddable":true,"href":"https:\/\/steinberglawfirm-staging.clmcloud.app\/es\/wp-json\/wp\/v2\/users\/1"}],"replies":[{"embeddable":true,"href":"https:\/\/steinberglawfirm-staging.clmcloud.app\/es\/wp-json\/wp\/v2\/comments?post=13281"}],"version-history":[{"count":2,"href":"https:\/\/steinberglawfirm-staging.clmcloud.app\/es\/wp-json\/wp\/v2\/pages\/13281\/revisions"}],"predecessor-version":[{"id":13285,"href":"https:\/\/steinberglawfirm-staging.clmcloud.app\/es\/wp-json\/wp\/v2\/pages\/13281\/revisions\/13285"}],"up":[{"embeddable":true,"href":"https:\/\/steinberglawfirm-staging.clmcloud.app\/es\/wp-json\/wp\/v2\/pages\/9461"}],"wp:attachment":[{"href":"https:\/\/steinberglawfirm-staging.clmcloud.app\/es\/wp-json\/wp\/v2\/media?parent=13281"}],"curies":[{"name":"wp","href":"https:\/\/api.w.org\/{rel}","templated":true}]}}