{"id":13251,"date":"2020-10-11T21:01:13","date_gmt":"2020-10-11T21:01:13","guid":{"rendered":"https:\/\/www.steinberglawfirm.com\/?page_id=13251"},"modified":"2024-01-26T22:15:18","modified_gmt":"2024-01-26T22:15:18","slug":"injured-warehouse-workers","status":"publish","type":"page","link":"https:\/\/steinberglawfirm-staging.clmcloud.app\/es\/ubicaciones\/summerville\/abogado-especialista-en-indemnizaciones-laborales-2\/heridos-trabajadores-de-almacen-2\/","title":{"rendered":"Trabajadores de almac\u00e9n lesionados"},"content":{"rendered":"<h1 class=\"wp-block-heading\">Summerville Abogado de indemnizaci\u00f3n laboral para trabajadores de almac\u00e9n lesionados<\/h1>\n\n\n\n<p>Cada a\u00f1o, miles de estadounidenses <a href=\"https:\/\/www.steinberglawfirm.com\/workers-compensation\/warehouse-injury-lawyers\/\" target=\"_blank\" rel=\"noopener\">heridos en el trabajo mientras trabajaban en almacenes<\/a>. El trabajo de almac\u00e9n puede ser peligroso. Los trabajadores corren el riesgo de sufrir distintas lesiones, desde un sobreesfuerzo al reponer existencias en las estanter\u00edas hasta lesiones por choque contra veh\u00edculos u objetos que caen.\u00a0<\/p>\n\n\n\n<p>Las lesiones en el trabajo ponen en peligro el sustento de una persona y su capacidad para mantener a su familia. Despu\u00e9s de que un trabajador de almac\u00e9n se lesiona, los efectos de la lesi\u00f3n pueden extenderse mucho m\u00e1s all\u00e1 del dolor f\u00edsico. La p\u00e9rdida de ingresos y de potencial de ganancia, la incapacidad permanente, la deuda m\u00e9dica, la bancarrota, la adicci\u00f3n a las drogas y otros problemas dif\u00edciles pueden ser el resultado de un accidente de trabajo.&nbsp;<\/p>\n\n\n\n<p>Si usted o un ser querido fue <a href=\"https:\/\/www.steinberglawfirm.com\/workers-compensation\/warehouse-injury-lawyers\/amazon-warehouse-worker-injury-attorneys\/\" target=\"_blank\" rel=\"noopener\">herido o muerto mientras trabajaba en un almac\u00e9n<\/a> en Summerville, South Carolina, <a href=\"tel:843-720-2800\">llame a los abogados especializados en indemnizaciones laborales al Steinberg Law Firm<\/a>. Podr\u00edas tener derecho a recibir una indemnizaci\u00f3n por las lesiones sufridas.<\/p>\n\n\n\n<p><strong>Peligros del almac\u00e9n<\/strong><\/p>\n\n\n\n<p>Dependiendo del tipo de trabajo que se realice en \u00e9l, el trabajo en el almac\u00e9n ofrece muchas posibilidades de sufrir lesiones. Algunas de las tareas de almac\u00e9n con altos \u00edndices de lesiones son:<\/p>\n\n\n\n<ul class=\"wp-block-list\">\n<li>Subir escaleras<\/li>\n\n\n\n<li>Manejo de carretillas elevadoras, transpaletas y otra maquinaria pesada<\/li>\n\n\n\n<li>Recogida de productos para su env\u00edo<\/li>\n\n\n\n<li>Desembalaje de las existencias entrantes<\/li>\n\n\n\n<li>Inspecci\u00f3n de mercanc\u00edas<\/li>\n\n\n\n<li>\u00d3rdenes de clasificaci\u00f3n<\/li>\n\n\n\n<li>Levantar objetos pesados&nbsp;<\/li>\n\n\n\n<li>Procesamiento de art\u00edculos en una cinta transportadora&nbsp;<\/li>\n\n\n\n<li>Utilizar movimientos repetitivos de la mano<\/li>\n\n\n\n<li>Trabajar cerca o con m\u00e1quinas automatizadas y robots<\/li>\n<\/ul>\n\n\n\n<p>En los almacenes tambi\u00e9n existen a veces condiciones peligrosas. Los derrames pueden causar lesiones por resbalones y ca\u00eddas. Las cajas u otros objetos voluminosos pueden caer sobre los trabajadores desde arriba. Los trabajadores pueden ser aplastados por la maquinaria. Los productos qu\u00edmicos peligrosos u otras sustancias pueden causar una serie de problemas a los trabajadores que se expongan accidentalmente. Las t\u00e9cnicas de levantamiento inadecuadas pueden causar lesiones en la espalda.&nbsp;<\/p>\n\n\n\n<p>El tipo de trabajo que se realiza en un almac\u00e9n y los materiales y la maquinaria utilizados aumentan el riesgo o las lesiones de los trabajadores. Las lesiones sufridas al trabajar en un almac\u00e9n pueden ser graves e incluso mortales.&nbsp;<\/p>\n\n\n\n<p><strong>South Carolina Conceptos b\u00e1sicos de la compensaci\u00f3n de los trabajadores<\/strong><\/p>\n\n\n\n<p>Todos los estados exigen a las empresas que contraten un seguro de indemnizaci\u00f3n por accidente laboral para sus empleados. Estas protecciones permiten a los trabajadores que se han lesionado en el trabajo recuperar los costes m\u00e9dicos, los salarios perdidos y otros gastos ocasionados por ello.&nbsp;<\/p>\n\n\n\n<p>Las reclamaciones de indemnizaci\u00f3n de los trabajadores no se basan en la negligencia, lo que significa que no es necesario que el empleador tenga la culpa de la lesi\u00f3n para que usted sea indemnizado. Siempre que la lesi\u00f3n se haya producido en el trabajo o dentro del \u00e1mbito del empleo, es probable que est\u00e9 cubierta por las leyes de compensaci\u00f3n de los trabajadores de South Carolina.<\/p>\n\n\n\n<p>Una de las cosas m\u00e1s importantes que hay que tener en cuenta despu\u00e9s de una lesi\u00f3n en el trabajo es que, aunque las prestaciones de compensaci\u00f3n de los trabajadores est\u00e1n disponibles para todos los trabajadores lesionados, siguen estando sujetas al proceso de reclamaciones de una compa\u00f1\u00eda de seguros. El objetivo principal de estas compa\u00f1\u00edas es pagar lo menos posible, independientemente de la cantidad de dinero que pueda valer su caso de lesi\u00f3n.&nbsp;<\/p>\n\n\n\n<p><strong>Qu\u00e9 hacer si te lesionas en el trabajo<\/strong><\/p>\n\n\n\n<p>Despu\u00e9s de una lesi\u00f3n en el trabajo, hay pasos esenciales que puedes dar para preservar tus derechos. En primer lugar, notifique siempre su lesi\u00f3n a un supervisor inmediatamente. Hay que documentar adecuadamente el incidente. La compa\u00f1\u00eda de seguros se fijar\u00e1 en este tipo de detalles cuando investigue tu reclamaci\u00f3n. Presente un informe tan pronto como pueda para recordar todo lo posible.&nbsp;<\/p>\n\n\n\n<p>A continuaci\u00f3n, busque atenci\u00f3n m\u00e9dica. Aunque creas que tu lesi\u00f3n es menor o que puedes superarla, es fundamental que te eval\u00fae un m\u00e9dico. Si la lesi\u00f3n es grave, ser\u00e1 necesaria una atenci\u00f3n m\u00e9dica inmediata.&nbsp;<\/p>\n\n\n\n<p>Es esencial que le vea un m\u00e9dico aunque crea que la lesi\u00f3n es leve; esto es importante si decide presentar una reclamaci\u00f3n de indemnizaci\u00f3n por accidente laboral. A veces, despu\u00e9s de un accidente, a\u00fan no se conoce la verdadera naturaleza de las lesiones. A veces el dolor y los da\u00f1os se desarrollan horas o incluso d\u00edas despu\u00e9s de que se produzca el incidente. En ese momento, el da\u00f1o podr\u00eda haber sido mayor si no se hubiera tratado o si se hubiera trabajado con el dolor.<\/p>\n\n\n\n<p>Siga al pie de la letra el protocolo de la empresa y las instrucciones relacionadas con el proceso de indemnizaci\u00f3n por accidente de trabajo. Por ejemplo, su empresa tiene derecho a elegir el m\u00e9dico al que debe acudir. Si acude a otro proveedor sin el consentimiento de su empleador, es posible que no se cubran esos gastos.<\/p>\n\n\n\n<p><a href=\"https:\/\/www.steinberglawfirm.com\/contact-us\/\" target=\"_blank\" rel=\"noopener\">Hable con un abogado experto en indemnizaciones laborales<\/a>. Las leyes de compensaci\u00f3n laboral son complicadas y el proceso de presentaci\u00f3n de una reclamaci\u00f3n puede resultar tedioso. Un abogado se asegurar\u00e1 de que se sigan todos los protocolos y de que la compa\u00f1\u00eda de seguros y su empleador le paguen por su lesi\u00f3n.&nbsp;<\/p>\n\n\n\n<p><strong>\u00bfNecesito un abogado para mi reclamo de compensaci\u00f3n laboral?<\/strong><\/p>\n\n\n\n<p>Al igual que con cualquier reclamaci\u00f3n al seguro, es probable que no se enfrente a un proceso sencillo que termine con una indemnizaci\u00f3n justa. Las compa\u00f1\u00edas de seguros quieren pagar a los trabajadores lesionados lo menos posible. As\u00ed es como maximizan sus beneficios.&nbsp;<\/p>\n\n\n\n<p>A <a href=\"https:\/\/www.steinberglawfirm.com\/practice-areas\/workers-compensation\/\" target=\"_blank\" rel=\"noopener\">El abogado de compensaci\u00f3n de trabajadores entiende las t\u00e1cticas utilizadas por las compa\u00f1\u00edas de seguros y los empleadores<\/a> para no pagar y sabe c\u00f3mo contrarrestarlos. Son h\u00e1biles negociadores. La compa\u00f1\u00eda de seguros no tendr\u00e1 en cuenta sus intereses, pero su abogado s\u00ed.<\/p>\n\n\n\n<p>Adem\u00e1s, las leyes de compensaci\u00f3n laboral son complicadas. Un abogado puede ayudarle a seguir el proceso legal con exactitud y hacer que su reclamaci\u00f3n se desarrolle sin problemas. Dependiendo de los detalles de la lesi\u00f3n, tambi\u00e9n podr\u00eda <a href=\"https:\/\/www.steinberglawfirm.com\/practice-areas\/personal-injury\/\" target=\"_blank\" rel=\"noopener\">presentar una reclamaci\u00f3n por da\u00f1os personales<\/a> adem\u00e1s de la indemnizaci\u00f3n de los trabajadores. Una reclamaci\u00f3n de indemnizaci\u00f3n por accidente de trabajo no tiene por qu\u00e9 basarse en la negligencia, pero eso no significa que no pueda encontrarse la culpa. Puede haber una negligencia que haya contribuido a la lesi\u00f3n; por ejemplo, en una situaci\u00f3n de mal funcionamiento del equipo, el fabricante de la maquinaria podr\u00eda ser considerado responsable.&nbsp;<\/p>\n\n\n\n<figure class=\"wp-block-embed is-type-video is-provider-youtube wp-block-embed-youtube wp-embed-aspect-16-9 wp-has-aspect-ratio\"><div class=\"wp-block-embed__wrapper\">\n<iframe loading=\"lazy\" title=\"Workers&#039; Comp reclamaciones son complicadas. Consiga la firma detr\u00e1s de usted\" width=\"500\" height=\"281\" src=\"https:\/\/www.youtube.com\/embed\/Y8Gp8slO0oE?feature=oembed\" frameborder=\"0\" allow=\"accelerometer; autoplay; clipboard-write; encrypted-media; gyroscope; picture-in-picture; web-share\" referrerpolicy=\"strict-origin-when-cross-origin\" allowfullscreen><\/iframe>\n<\/div><\/figure>\n\n\n\n<h3 class=\"wp-block-heading\">P\u00f3ngase en contacto con un abogado de compensaci\u00f3n de trabajadores Summerville hoy<\/h3>\n\n\n\n<p>Si ha sido <a href=\"https:\/\/www.steinberglawfirm.com\/summerville\/workers-compensation-lawyer\/\" target=\"_blank\" rel=\"noopener\">herido mientras trabajaba en un almac\u00e9n en Summerville, South Carolina<\/a>Tiene derechos y merece una compensaci\u00f3n justa. No deje que las compa\u00f1\u00edas de seguros jueguen con usted o con su medio de vida.&nbsp;<\/p>\n\n\n\n<p>Llame a uno de los abogados especializados en indemnizaciones laborales de <a href=\"https:\/\/www.steinberglawfirm.com\/\" target=\"_blank\" rel=\"noopener\">Steinberg Law Firm<\/a> si usted o un ser querido se lesion\u00f3 o muri\u00f3 en el trabajo. Usted puede <a href=\"https:\/\/www.steinberglawfirm.com\/office-locations\/summerville-office\/\" target=\"_blank\" rel=\"noopener\">llegar a nuestra oficina Summerville<\/a> por <a href=\"tel:843-720-2800\">llamando al 843-720-2800<\/a>. Como siempre, <a href=\"https:\/\/www.steinberglawfirm.com\/free-consultation\/\" target=\"_blank\" rel=\"noopener\">su consulta inicial es gratuita<\/a>.<\/p>","protected":false},"excerpt":{"rendered":"<p>Summerville Compensaci\u00f3n de Trabajadores Abogado para los trabajadores lesionados Warehouse Cada a\u00f1o miles de estadounidenses se lesionan en el trabajo mientras se trabaja en los almacenes. El trabajo de almac\u00e9n puede ser peligroso. Los trabajadores se enfrentan al riesgo de diferentes lesiones de sobreesfuerzo cuando el almacenamiento de los estantes a las lesiones de choque de los veh\u00edculos o la ca\u00edda de objetos.  Lesionarse en el trabajo pone en peligro el sustento de una persona...<\/p>","protected":false},"author":1,"featured_media":20655,"parent":6249,"menu_order":0,"comment_status":"closed","ping_status":"closed","template":"","meta":{"_acf_changed":false,"footnotes":""},"class_list":["post-13251","page","type-page","status-publish","has-post-thumbnail","hentry"],"acf":[],"_links":{"self":[{"href":"https:\/\/steinberglawfirm-staging.clmcloud.app\/es\/wp-json\/wp\/v2\/pages\/13251"}],"collection":[{"href":"https:\/\/steinberglawfirm-staging.clmcloud.app\/es\/wp-json\/wp\/v2\/pages"}],"about":[{"href":"https:\/\/steinberglawfirm-staging.clmcloud.app\/es\/wp-json\/wp\/v2\/types\/page"}],"author":[{"embeddable":true,"href":"https:\/\/steinberglawfirm-staging.clmcloud.app\/es\/wp-json\/wp\/v2\/users\/1"}],"replies":[{"embeddable":true,"href":"https:\/\/steinberglawfirm-staging.clmcloud.app\/es\/wp-json\/wp\/v2\/comments?post=13251"}],"version-history":[{"count":7,"href":"https:\/\/steinberglawfirm-staging.clmcloud.app\/es\/wp-json\/wp\/v2\/pages\/13251\/revisions"}],"predecessor-version":[{"id":30428,"href":"https:\/\/steinberglawfirm-staging.clmcloud.app\/es\/wp-json\/wp\/v2\/pages\/13251\/revisions\/30428"}],"up":[{"embeddable":true,"href":"https:\/\/steinberglawfirm-staging.clmcloud.app\/es\/wp-json\/wp\/v2\/pages\/6249"}],"wp:featuredmedia":[{"embeddable":true,"href":"https:\/\/steinberglawfirm-staging.clmcloud.app\/es\/wp-json\/wp\/v2\/media\/20655"}],"wp:attachment":[{"href":"https:\/\/steinberglawfirm-staging.clmcloud.app\/es\/wp-json\/wp\/v2\/media?parent=13251"}],"curies":[{"name":"wp","href":"https:\/\/api.w.org\/{rel}","templated":true}]}}