{"id":13246,"date":"2020-10-11T20:49:34","date_gmt":"2020-10-11T20:49:34","guid":{"rendered":"https:\/\/www.steinberglawfirm.com\/?page_id=13246"},"modified":"2024-02-01T19:00:59","modified_gmt":"2024-02-01T19:00:59","slug":"injured-delivery-drivers","status":"publish","type":"page","link":"https:\/\/steinberglawfirm-staging.clmcloud.app\/es\/ubicaciones\/summerville\/abogado-especialista-en-indemnizaciones-laborales-2\/conductores-lesionados\/","title":{"rendered":"Conductores de reparto lesionados"},"content":{"rendered":"<h1 class=\"wp-block-heading\">Summerville Abogado de compensaci\u00f3n laboral para conductores de reparto lesionados<\/h1>\n\n\n\n<p>Ahora m\u00e1s que nunca, los repartidores conectan a personas y empresas con las cosas que necesitan para seguir adelante. Como sus servicios son cada vez m\u00e1s vitales para la vida cotidiana, los repartidores se ven obligados a ser cada vez m\u00e1s r\u00e1pidos y eficientes. A veces esto se hace a costa de su seguridad.&nbsp;<\/p>\n\n\n\n<p>Los conductores de reparto son susceptibles de sufrir lesiones en el trabajo, desde incidentes menores hasta lesiones graves y debilitantes, e incluso la muerte. Las consecuencias de una lesi\u00f3n laboral pueden cambiar una vida para siempre.<\/p>\n\n\n\n<p>Si usted o un ser querido resultaron heridos o murieron mientras trabajaban como conductores de reparto en Summerville, South Carolina,<a href=\"tel:843-720-2800\"> llame a los abogados de indemnizaci\u00f3n laboral al Steinberg Law Firm<\/a>. Podr\u00eda tener derecho a prestaciones de indemnizaci\u00f3n por accidente de trabajo.&nbsp;<\/p>\n\n\n\n<p><strong>South Carolina Leyes de indemnizaci\u00f3n de los trabajadores<\/strong><\/p>\n\n\n\n<p>Todos los estados exigen a las empresas que contraten un seguro de indemnizaci\u00f3n por accidente laboral para sus empleados. Estas protecciones permiten a los trabajadores que se han lesionado en el trabajo recuperar los costes m\u00e9dicos, los salarios perdidos y otros gastos ocasionados por ello.&nbsp;<\/p>\n\n\n\n<p>Las reclamaciones de indemnizaci\u00f3n de los trabajadores no se basan en la negligencia, lo que significa que no es necesario que el empleador tenga la culpa de la lesi\u00f3n para que usted sea indemnizado. Siempre que la lesi\u00f3n se haya producido en el trabajo o dentro del \u00e1mbito del empleo, es probable que est\u00e9 cubierta por las leyes de compensaci\u00f3n de los trabajadores de South Carolina.<\/p>\n\n\n\n<p>Aunque los beneficios de compensaci\u00f3n de los trabajadores est\u00e1n disponibles para todos los trabajadores lesionados, todav\u00eda est\u00e1 sujeto al proceso de reclamaciones de una compa\u00f1\u00eda de seguros. El objetivo principal de estas compa\u00f1\u00edas es pagar lo menos posible, independientemente de la cantidad de dinero que pueda valer su caso de lesi\u00f3n.&nbsp;<\/p>\n\n\n\n<p><strong>Lesiones comunes que sufren los repartidores&nbsp;<\/strong><\/p>\n\n\n\n<p>Al igual que hay una gama de trabajos y responsabilidades de reparto, hay diferentes lesiones que afectan frecuentemente a los conductores de reparto. Algunos repartidores manipulan art\u00edculos pesados y poco manejables, otros conducen grandes camiones, otros maniobran por barrios muy concurridos haciendo frecuentes paradas; todos corren el riesgo de sufrir lesiones en el trabajo.&nbsp;<\/p>\n\n\n\n<p>El <a href=\"https:\/\/www.steinberglawfirm.com\/practice-areas\/workers-compensation\/repetitive-motion-injuries-south-carolina\/\" target=\"_blank\" rel=\"noopener\">movimientos repetitivos<\/a> y el levantamiento de objetos pesados asociados a la clasificaci\u00f3n, carga y entrega de paquetes ponen a los trabajadores en riesgo de sufrir ciertas lesiones como<\/p>\n\n\n\n<ul class=\"wp-block-list\">\n<li><a href=\"https:\/\/www.steinberglawfirm.com\/practice-areas\/workers-compensation\/workers-compensation-for-an-employee-who-suffers-a-back-injury-at-work\/\" target=\"_blank\" rel=\"noopener\">Tensi\u00f3n en la espalda<\/a><\/li>\n\n\n\n<li><a href=\"https:\/\/www.steinberglawfirm.com\/practice-areas\/workers-compensation\/workers-compensation-for-an-employee-who-suffers-a-neck-injury-at-work\/\" target=\"_blank\" rel=\"noopener\">Tensi\u00f3n en el cuello<\/a><\/li>\n\n\n\n<li>Lesiones del hombro y del manguito de los rotadores<\/li>\n\n\n\n<li>Rotura y abultamiento de discos<\/li>\n\n\n\n<li>Huesos rotos<\/li>\n\n\n\n<li>Cortes y laceraciones&nbsp;<\/li>\n\n\n\n<li>Lesiones de rodilla<\/li>\n\n\n\n<li>Lesiones en manos, mu\u00f1ecas y brazos<\/li>\n<\/ul>\n\n\n\n<p>Los repartidores que son <a href=\"https:\/\/www.steinberglawfirm.com\/practice-areas\/truck-accidents\/\" target=\"_blank\" rel=\"noopener\">Los conductores de grandes camiones de reparto se enfrentan a un mayor riesgo de accidentes de tr\u00e1fico<\/a> que suelen ser m\u00e1s peligrosos que los accidentes en los que s\u00f3lo est\u00e1n implicados veh\u00edculos de pasajeros. Incluso <a href=\"https:\/\/www.steinberglawfirm.com\/practice-areas\/auto-accidents\/\" target=\"_blank\" rel=\"noopener\">los repartidores que utilizan sus propios coches<\/a> corren el riesgo de sufrir un accidente en la carretera. Estos accidentes pueden causar la muerte y lesiones, como:<\/p>\n\n\n\n<ul class=\"wp-block-list\">\n<li><a href=\"https:\/\/www.steinberglawfirm.com\/practice-areas\/serious-injury-cases\/traumatic-brain-injury\/\" target=\"_blank\" rel=\"noopener\">Lesiones cerebrales traum\u00e1ticas<\/a><\/li>\n\n\n\n<li><a href=\"https:\/\/www.steinberglawfirm.com\/practice-areas\/head-brain-and-spine-injuries\/spinal-column-injuries\/\" target=\"_blank\" rel=\"noopener\">Da\u00f1os en la columna vertebral<\/a><\/li>\n\n\n\n<li>Latigazo cervical<\/li>\n\n\n\n<li>Laceraciones profundas<\/li>\n\n\n\n<li>Huesos rotos<\/li>\n\n\n\n<li>Da\u00f1os en los \u00f3rganos internos<\/li>\n\n\n\n<li>Hemorragia interna<\/li>\n\n\n\n<li><a href=\"https:\/\/www.steinberglawfirm.com\/practice-areas\/serious-injury-cases\/traumatic-amputation-injuries\/\" target=\"_blank\" rel=\"noopener\">P\u00e9rdida de extremidades<\/a><\/li>\n\n\n\n<li><a href=\"https:\/\/www.steinberglawfirm.com\/practice-areas\/workers-compensation\/workers-compensation-for-an-employee-who-suffers-a-burn-injury\/\" target=\"_blank\" rel=\"noopener\">Quemaduras<\/a><\/li>\n<\/ul>\n\n\n\n<p>Conductores de reparto que trabajan en barrios comerciales y residenciales <a href=\"https:\/\/www.steinberglawfirm.com\/workers-compensation\/doordash-work-accident-attorneys\/\" target=\"_blank\" rel=\"noopener\">entrega de paquetes y alimentos<\/a> tambi\u00e9n corren el riesgo de sufrir lesiones. Las empresas de transporte compiten siempre por ser las m\u00e1s r\u00e1pidas y reducir al m\u00e1ximo sus plazos de entrega. Esto puede ser peligroso para los conductores de reparto, ya que se apresuran a cumplir las cuotas asignadas o a entregar en un plazo determinado.\u00a0<\/p>\n\n\n\n<p>Las prisas aumentan el riesgo de sufrir un accidente de tr\u00e1fico. Tambi\u00e9n puede <a href=\"https:\/\/www.steinberglawfirm.com\/practice-areas\/premises-liability\/slip-and-fall\/\" target=\"_blank\" rel=\"noopener\">contribuyen a las lesiones por resbalones y ca\u00eddas<\/a>. Incluso cuando los conductores no tienen prisa, pueden experimentar condiciones peligrosas en las propiedades donde hacen las entregas. Los resbalones y las ca\u00eddas son habituales en las aceras y escalones mojados y helados.&nbsp;<\/p>\n\n\n\n<p>Cualquiera de estas lesiones pone a los conductores de reparto en riesgo de sufrir una incapacidad permanente y dolor cr\u00f3nico, lo que conlleva la p\u00e9rdida de trabajo y una serie de otras consecuencias. Incluso pueden ser lo suficientemente graves como para necesitar un cambio de carrera.<\/p>\n\n\n\n<h4 class=\"wp-block-heading\">\u00bfNecesita un abogado para una reclamaci\u00f3n de compensaci\u00f3n laboral?<\/h4>\n\n\n\n<p>Como en cualquier reclamaci\u00f3n al seguro, es probable que no se enfrente a un proceso sencillo ni a una indemnizaci\u00f3n justa. Las compa\u00f1\u00edas de seguros quieren pagar a los trabajadores lesionados lo menos posible. As\u00ed es como maximizan sus beneficios.&nbsp;<\/p>\n\n\n\n<p>A <a href=\"https:\/\/www.steinberglawfirm.com\/practice-areas\/workers-compensation\/\" target=\"_blank\" rel=\"noopener\">abogado de compensaci\u00f3n de trabajadores<\/a> entiende las t\u00e1cticas que emplean las compa\u00f1\u00edas de seguros y los empresarios para no pagar y sabe c\u00f3mo contrarrestarlas. Son h\u00e1biles negociadores. La compa\u00f1\u00eda de seguros no tendr\u00e1 en cuenta sus mejores intereses, pero su abogado s\u00ed.<\/p>\n\n\n\n<p>Adem\u00e1s, las leyes de compensaci\u00f3n laboral son complicadas. Un abogado puede ayudarle a seguir el proceso legal con exactitud y a que su reclamaci\u00f3n se desarrolle sin problemas. En algunos casos, como cuando un conductor de reparto se ve implicado en un accidente de tr\u00e1fico, un <a href=\"https:\/\/www.steinberglawfirm.com\/practice-areas\/personal-injury\/\" target=\"_blank\" rel=\"noopener\">reclamaci\u00f3n por da\u00f1os personales<\/a> podr\u00eda hacerse adem\u00e1s de la indemnizaci\u00f3n de los trabajadores. Un abogado puede examinar los detalles de la lesi\u00f3n y aconsejar el mejor curso de acci\u00f3n.<\/p>\n\n\n\n<figure class=\"wp-block-embed is-type-video is-provider-youtube wp-block-embed-youtube wp-embed-aspect-16-9 wp-has-aspect-ratio\"><div class=\"wp-block-embed__wrapper\">\n<iframe loading=\"lazy\" title=\"Workers&#039; Comp reclamaciones son complicadas. Consiga la firma detr\u00e1s de usted\" width=\"500\" height=\"281\" src=\"https:\/\/www.youtube.com\/embed\/Y8Gp8slO0oE?feature=oembed\" frameborder=\"0\" allow=\"accelerometer; autoplay; clipboard-write; encrypted-media; gyroscope; picture-in-picture; web-share\" referrerpolicy=\"strict-origin-when-cross-origin\" allowfullscreen><\/iframe>\n<\/div><\/figure>\n\n\n\n<p><strong>Qu\u00e9 hacer si te lesionas en el trabajo<\/strong><\/p>\n\n\n\n<p>Hay pasos a seguir despu\u00e9s de una lesi\u00f3n en el trabajo, y es esencial que se sigan para proteger sus derechos. Son:<\/p>\n\n\n\n<ul class=\"wp-block-list\">\n<li>Notifica inmediatamente a un supervisor tu lesi\u00f3n. Esto es importante porque crea un registro del incidente y establece la hora y el lugar de la lesi\u00f3n. La compa\u00f1\u00eda de seguros se fijar\u00e1 en detalles como \u00e9ste cuando investigue tu reclamaci\u00f3n.&nbsp;&nbsp;<\/li>\n\n\n\n<li>Si te has visto implicado en un accidente de tr\u00e1fico o en el ataque de un animal, llama a la polic\u00eda.&nbsp;<\/li>\n\n\n\n<li>Aseg\u00farate de seguir al pie de la letra el protocolo de notificaci\u00f3n de lesiones de la empresa. Presenta un informe tan pronto como puedas para recordar lo m\u00e1s posible.&nbsp;<\/li>\n\n\n\n<li>Busca atenci\u00f3n m\u00e9dica. Llama a una ambulancia si tu lesi\u00f3n es grave. Aunque creas que tu lesi\u00f3n es menor o que puedes superarla, es fundamental que te eval\u00fae un m\u00e9dico. Su empresa tiene derecho a elegir el m\u00e9dico al que debe acudir. Si acude a otro m\u00e9dico sin el consentimiento de su empresa, es posible que los gastos no est\u00e9n cubiertos.&nbsp;<\/li>\n\n\n\n<li><a href=\"https:\/\/www.steinberglawfirm.com\/contact-us\/\" target=\"_blank\" rel=\"noopener\">P\u00f3ngase en contacto con un abogado experto en indemnizaciones laborales<\/a>. Las leyes de compensaci\u00f3n laboral son complicadas y el proceso de presentaci\u00f3n de una reclamaci\u00f3n puede resultar tedioso. Un abogado se asegurar\u00e1 de que se sigan todos los protocolos y de que la compa\u00f1\u00eda de seguros y su empleador le paguen por su lesi\u00f3n.<\/li>\n<\/ul>\n\n\n\n<h3 class=\"wp-block-heading\">P\u00f3ngase en contacto con un abogado de compensaci\u00f3n de trabajadores Summerville hoy<\/h3>\n\n\n\n<p>Si ha sido <a href=\"https:\/\/www.steinberglawfirm.com\/summerville\/workers-compensation-lawyer\/\" target=\"_blank\" rel=\"noopener\">herido mientras trabajaba como conductor de reparto en Summerville, South Carolina<\/a>Tiene derechos y merece una compensaci\u00f3n justa. No deje que las compa\u00f1\u00edas de seguros jueguen con usted o con su medio de vida.&nbsp;<\/p>\n\n\n\n<p>Llame a uno de los abogados especializados en indemnizaciones laborales de <a href=\"https:\/\/www.steinberglawfirm.com\/\" target=\"_blank\" rel=\"noopener\">Steinberg Law Firm<\/a> si usted o un ser querido se lesion\u00f3 o muri\u00f3 en el trabajo. <a href=\"https:\/\/www.steinberglawfirm.com\/office-locations\/summerville-office\/\" target=\"_blank\" rel=\"noopener\">Nuestra oficina Summerville<\/a> se puede llegar a trav\u00e9s de <a href=\"tel:843-720-2800\">llamando al 843-720-2800<\/a>. Como siempre, <a href=\"https:\/\/www.steinberglawfirm.com\/free-consultation\/\" target=\"_blank\" rel=\"noopener\">su consulta inicial es gratuita<\/a>.<\/p>","protected":false},"excerpt":{"rendered":"<p>Summerville Abogado de compensaci\u00f3n laboral para conductores de entrega lesionados Ahora m\u00e1s que nunca, los conductores de entrega est\u00e1n conectando a las personas y las empresas con las cosas que necesitan para seguir adelante. A medida que sus servicios se vuelven cada vez m\u00e1s vitales para la vida cotidiana, los conductores de entrega est\u00e1n siendo presionados cada vez m\u00e1s para ser m\u00e1s r\u00e1pido y m\u00e1s eficiente. A veces, esto supone...<\/p>","protected":false},"author":1,"featured_media":20655,"parent":6249,"menu_order":0,"comment_status":"closed","ping_status":"closed","template":"","meta":{"_acf_changed":false,"footnotes":""},"class_list":["post-13246","page","type-page","status-publish","has-post-thumbnail","hentry"],"acf":[],"_links":{"self":[{"href":"https:\/\/steinberglawfirm-staging.clmcloud.app\/es\/wp-json\/wp\/v2\/pages\/13246"}],"collection":[{"href":"https:\/\/steinberglawfirm-staging.clmcloud.app\/es\/wp-json\/wp\/v2\/pages"}],"about":[{"href":"https:\/\/steinberglawfirm-staging.clmcloud.app\/es\/wp-json\/wp\/v2\/types\/page"}],"author":[{"embeddable":true,"href":"https:\/\/steinberglawfirm-staging.clmcloud.app\/es\/wp-json\/wp\/v2\/users\/1"}],"replies":[{"embeddable":true,"href":"https:\/\/steinberglawfirm-staging.clmcloud.app\/es\/wp-json\/wp\/v2\/comments?post=13246"}],"version-history":[{"count":10,"href":"https:\/\/steinberglawfirm-staging.clmcloud.app\/es\/wp-json\/wp\/v2\/pages\/13246\/revisions"}],"predecessor-version":[{"id":30480,"href":"https:\/\/steinberglawfirm-staging.clmcloud.app\/es\/wp-json\/wp\/v2\/pages\/13246\/revisions\/30480"}],"up":[{"embeddable":true,"href":"https:\/\/steinberglawfirm-staging.clmcloud.app\/es\/wp-json\/wp\/v2\/pages\/6249"}],"wp:featuredmedia":[{"embeddable":true,"href":"https:\/\/steinberglawfirm-staging.clmcloud.app\/es\/wp-json\/wp\/v2\/media\/20655"}],"wp:attachment":[{"href":"https:\/\/steinberglawfirm-staging.clmcloud.app\/es\/wp-json\/wp\/v2\/media?parent=13246"}],"curies":[{"name":"wp","href":"https:\/\/api.w.org\/{rel}","templated":true}]}}