{"id":13208,"date":"2020-10-05T19:36:27","date_gmt":"2020-10-05T19:36:27","guid":{"rendered":"https:\/\/www.steinberglawfirm.com\/?page_id=13208"},"modified":"2022-04-20T22:58:21","modified_gmt":"2022-04-20T22:58:21","slug":"your-guide-to-south-carolina-personal-injury-claims-infographic","status":"publish","type":"page","link":"https:\/\/steinberglawfirm-staging.clmcloud.app\/es\/lesiones-personales\/abogados-de-lesiones-personales\/su-guia-de-las-reclamaciones-por-dano-personal-en-carolina-del-sur-infografia\/","title":{"rendered":"Su gu\u00eda para las reclamaciones por da\u00f1os personales South Carolina Infograf\u00eda"},"content":{"rendered":"<h1 class=\"wp-block-heading\">Su gu\u00eda para las reclamaciones por da\u00f1os personales South Carolina Infograf\u00eda<\/h1>\n\n\n\n<div style=\"height:20px\" aria-hidden=\"true\" class=\"wp-block-spacer\"><\/div>\n\n\n\n<figure class=\"wp-block-image size-large\"><img decoding=\"async\" src=\" https:\/\/www.steinberglawfirm.com\/wp-content\/uploads\/2020\/10\/Steinberg_PersonalInjury_infographic.jpg\" alt=\"\" title=\"\"><\/figure>","protected":false},"excerpt":{"rendered":"<p>Su gu\u00eda para las reclamaciones por da\u00f1os personales South Carolina Infograf\u00eda<\/p>","protected":false},"author":1,"featured_media":20411,"parent":9348,"menu_order":0,"comment_status":"closed","ping_status":"closed","template":"","meta":{"_acf_changed":false,"footnotes":""},"class_list":["post-13208","page","type-page","status-publish","has-post-thumbnail","hentry"],"acf":[],"_links":{"self":[{"href":"https:\/\/steinberglawfirm-staging.clmcloud.app\/es\/wp-json\/wp\/v2\/pages\/13208"}],"collection":[{"href":"https:\/\/steinberglawfirm-staging.clmcloud.app\/es\/wp-json\/wp\/v2\/pages"}],"about":[{"href":"https:\/\/steinberglawfirm-staging.clmcloud.app\/es\/wp-json\/wp\/v2\/types\/page"}],"author":[{"embeddable":true,"href":"https:\/\/steinberglawfirm-staging.clmcloud.app\/es\/wp-json\/wp\/v2\/users\/1"}],"replies":[{"embeddable":true,"href":"https:\/\/steinberglawfirm-staging.clmcloud.app\/es\/wp-json\/wp\/v2\/comments?post=13208"}],"version-history":[{"count":6,"href":"https:\/\/steinberglawfirm-staging.clmcloud.app\/es\/wp-json\/wp\/v2\/pages\/13208\/revisions"}],"predecessor-version":[{"id":20442,"href":"https:\/\/steinberglawfirm-staging.clmcloud.app\/es\/wp-json\/wp\/v2\/pages\/13208\/revisions\/20442"}],"up":[{"embeddable":true,"href":"https:\/\/steinberglawfirm-staging.clmcloud.app\/es\/wp-json\/wp\/v2\/pages\/9348"}],"wp:featuredmedia":[{"embeddable":true,"href":"https:\/\/steinberglawfirm-staging.clmcloud.app\/es\/wp-json\/wp\/v2\/media\/20411"}],"wp:attachment":[{"href":"https:\/\/steinberglawfirm-staging.clmcloud.app\/es\/wp-json\/wp\/v2\/media?parent=13208"}],"curies":[{"name":"wp","href":"https:\/\/api.w.org\/{rel}","templated":true}]}}