{"id":13030,"date":"2020-09-10T21:59:21","date_gmt":"2020-09-10T21:59:21","guid":{"rendered":"https:\/\/www.steinberglawfirm.com\/?page_id=13030"},"modified":"2022-04-20T19:53:48","modified_gmt":"2022-04-20T19:53:48","slug":"moped-accidents","status":"publish","type":"page","link":"https:\/\/steinberglawfirm-staging.clmcloud.app\/es\/lesiones-personales\/accidentes-de-ciclomotor\/","title":{"rendered":"Accidentes de ciclomotor"},"content":{"rendered":"<h1 class=\"wp-block-heading\">South Carolina Abogados de accidentes de ciclomotor<\/h1>\n\n\n\n<div style=\"height:15px\" aria-hidden=\"true\" class=\"wp-block-spacer\"><\/div>\n\n\n\n<p>Los ciclomotores son veh\u00edculos de peque\u00f1o tama\u00f1o, similares a las motocicletas. Los ciclomotores tienen requisitos de licencia menos estrictos. Tambi\u00e9n son m\u00e1s lentos que las motocicletas y otros veh\u00edculos de tama\u00f1o normal. Por esta raz\u00f3n, los ciclomotores son una excelente opci\u00f3n para viajar dentro de las ciudades y pueblos. En South Carolina, los conductores no est\u00e1n autorizados a conducir ciclomotores en las carreteras a 55 mph o m\u00e1s.&nbsp;<\/p>\n\n\n\n<p>Dado que los ciclomotores tienen una limitaci\u00f3n de velocidad, los accidentes en los que se ven implicados ciclomotores y veh\u00edculos grandes, como los coches, son habituales. Los ciclomotores no ofrecen la misma protecci\u00f3n que los coches. Por lo tanto, los accidentes de ciclomotores con frecuencia resultan en lesiones graves para el conductor del ciclomotor y sus pasajeros.&nbsp;<\/p>\n\n\n\n<p>Una colisi\u00f3n entre un ciclomotor y un autom\u00f3vil puede provocar da\u00f1os y lesiones graves. Si usted o su ser querido ha sido lesionado por un conductor culpable mientras conduc\u00eda un ciclomotor, <a href=\"https:\/\/www.steinberglawfirm.com\/contact-us\/\" target=\"_blank\" rel=\"noopener\">p\u00f3ngase en contacto con un abogado de accidentes South Carolina con experiencia y conocimientos<\/a> en <a href=\"https:\/\/www.steinberglawfirm.com\/\" target=\"_blank\" rel=\"noopener\">Steinberg Law Firm<\/a> hoy en <a href=\"tel:843-720-2800\">(843) 720-2800<\/a>.<\/p>\n\n\n\n<p><b>Qu\u00e9 son los ciclomotores<\/b><\/p>\n\n\n\n<p>Los ciclomotores son veh\u00edculos motorizados de baja velocidad. Seg\u00fan la ley South Carolina, un veh\u00edculo se considera ciclomotor cuando cumple los siguientes requisitos:&nbsp;<\/p>\n\n\n\n<ul class=\"wp-block-list\"><li>Tiene dos o tres ruedas<\/li><li>Sin palanca de cambios<\/li><li>Motor de menos de 50cc\/2 caballos o entre 750 y 1500 vatios si es el\u00e9ctrico<\/li><li>No debe poder viajar a una velocidad de m\u00e1s de 30 mph<\/li><\/ul>\n\n\n\n<p>Seg\u00fan la ley South Carolina, a partir de 2018, todos los ciclomotores deben estar registrados y tener una matr\u00edcula. Los ciclomotores no est\u00e1n obligados a llevar seguro. En South Carolina, debes tener 15 a\u00f1os para obtener una licencia de ciclomotor.&nbsp;<\/p>\n\n\n\n<p><b>South Carolina Accidentes de ciclomotor<\/b><\/p>\n\n\n\n<p>Al igual que los dem\u00e1s autom\u00f3viles, los ciclomotores deben seguir las mismas normas de circulaci\u00f3n. En otras palabras, los conductores de ciclomotores tienen el deber de obedecer todas las leyes de tr\u00e1fico. Sin embargo, la mayor\u00eda de los accidentes en los que est\u00e1n implicados los ciclomotores son causados por otros conductores y su falta de atenci\u00f3n. Debido a que los ciclomotores son peque\u00f1os y lentos, pueden ser pasados por alto por los conductores de veh\u00edculos. A menudo, los conductores no se dan cuenta de que hay un ciclomotor en los puntos ciegos de su coche.&nbsp;<\/p>\n\n\n\n<p><b>Causas de los accidentes de ciclomotor<\/b><\/p>\n\n\n\n<p>Las colisiones de tr\u00e1fico pueden ocurrir en cualquier momento y en cualquier lugar. Sin embargo, la mayor\u00eda de los accidentes en los que est\u00e1 implicado un ciclomotor son el resultado de la negligencia de los otros conductores. Los conductores tienen el deber de cuidar a todos los dem\u00e1s ocupantes de las carreteras y autopistas. Si los conductores no cumplen con este deber, pueden ser considerados responsables de los da\u00f1os y las lesiones en caso de un accidente causado por su negligencia.&nbsp;<\/p>\n\n\n\n<p>Algunas de las causas m\u00e1s comunes de los accidentes de ciclomotor son:<\/p>\n\n\n\n<ul class=\"wp-block-list\"><li>Giros inseguros&nbsp;<\/li><li>Conducci\u00f3n negligente del autom\u00f3vil, motocicleta o cami\u00f3n<\/li><li>Cambios de carril inseguros<\/li><li>Conducir o montar demasiado cerca&nbsp;<\/li><li>Exceso de velocidad&nbsp;<\/li><li>Conducci\u00f3n distra\u00edda&nbsp;<\/li><\/ul>\n\n\n\n<p><b>Lesiones por ciclomotor<\/b><\/p>\n\n\n\n<p>Los conductores de ciclomotores no tienen una cubierta protectora. Por ello, las lesiones derivadas de los accidentes de ciclomotor suelen ser graves. Aunque el casco ofrece cierto grado de protecci\u00f3n, South Carolina s\u00f3lo obliga a los conductores y pilotos menores de 21 a\u00f1os a llevarlo.&nbsp;<\/p>\n\n\n\n<p>Adem\u00e1s, los coches y otros veh\u00edculos grandes no s\u00f3lo son m\u00e1s pesados, sino que tambi\u00e9n son mucho m\u00e1s r\u00e1pidos. Esto significa que el puro impacto de un autom\u00f3vil contribuir\u00e1 a la gravedad de los da\u00f1os y lesiones.&nbsp;<\/p>\n\n\n\n<p>Las lesiones derivadas de los accidentes de ciclomotor pueden ir desde peque\u00f1os cortes hasta la muerte. A continuaci\u00f3n se presenta una lista de las lesiones m\u00e1s frecuentes que sufren los conductores de ciclomotores:&nbsp;<\/p>\n\n\n\n<ul class=\"wp-block-list\"><li>Cortes<\/li><li>Moretones<\/li><li>Roadrash&nbsp;<\/li><li>Huesos rotos<\/li><li><a href=\"https:\/\/www.steinberglawfirm.com\/practice-areas\/head-brain-and-spine-injuries\/\" target=\"_blank\" rel=\"noopener\">Lesi\u00f3n en la cabeza o en el cerebro<\/a><\/li><li>Lesi\u00f3n de espalda<\/li><li><a href=\"https:\/\/www.steinberglawfirm.com\/practice-areas\/serious-injury-cases\/traumatic-amputation-injuries\/\" target=\"_blank\" rel=\"noopener\">Amputaciones<\/a><\/li><li>Par\u00e1lisis<\/li><li><a href=\"https:\/\/www.steinberglawfirm.com\/practice-areas\/wrongful-death\/\" target=\"_blank\" rel=\"noopener\">Muerte<\/a><\/li><\/ul>\n\n\n\n<p><b>Indemnizaci\u00f3n por accidente de ciclomotor<\/b><\/p>\n\n\n\n<p>Los conductores de ciclomotores no necesitan tener un seguro de responsabilidad civil para circular por la carretera. Sin embargo, los autom\u00f3viles matriculados deben tener los l\u00edmites m\u00ednimos de la p\u00f3liza de seguro South Carolina que exige la ley. Si el ciclomotor es golpeado por un autom\u00f3vil, el conductor del ciclomotor puede presentar una reclamaci\u00f3n contra la compa\u00f1\u00eda de seguros del automovilista.&nbsp;<\/p>\n\n\n\n<p>Si el proveedor de seguros del conductor culpable rechaza la reclamaci\u00f3n o los da\u00f1os superan los l\u00edmites de la p\u00f3liza, el conductor de ciclomotor puede presentar una demanda para solicitar una indemnizaci\u00f3n por sus lesiones y da\u00f1os. Los conductores de ciclomotor lesionados tienen tres a\u00f1os desde la fecha del accidente para presentar la demanda. En su demanda, pueden solicitar una indemnizaci\u00f3n por da\u00f1os y perjuicios econ\u00f3micos y no econ\u00f3micos.&nbsp; &nbsp; &nbsp; &nbsp; &nbsp; &nbsp; &nbsp; &nbsp; &nbsp; &nbsp; &nbsp;&nbsp;<\/p>\n\n\n\n<p>Los da\u00f1os econ\u00f3micos incluyen:&nbsp;<\/p>\n\n\n\n<ul class=\"wp-block-list\"><li>Gastos m\u00e9dicos<\/li><li>P\u00e9rdida de salario y capacidad de ganancia<\/li><li>Da\u00f1os a la propiedad<\/li><li>Atenci\u00f3n m\u00e9dica<\/li><\/ul>\n\n\n\n<p>Los da\u00f1os no econ\u00f3micos incluyen:&nbsp;<\/p>\n\n\n\n<ul class=\"wp-block-list\"><li>Dolor y sufrimiento<\/li><li>Angustia mental<\/li><li>Emoci\u00f3n de angustia<\/li><li>P\u00e9rdida de disfrute de la vida&nbsp;<\/li><li>Miedo a la p\u00e9rdida o a las lesiones&nbsp;<\/li><\/ul>\n\n\n\n<p>Los juicios son largos y complicados. Requieren un gran conocimiento del proceso de litigaci\u00f3n. Los plazos judiciales pueden ser cortos y estrictos. Si usted se lesion\u00f3 en un accidente de ciclomotor, entonces usted debe contratar a un abogado de inmediato. Un abogado ser\u00e1 capaz de proteger sus derechos y ayudar a resolver su caso.<\/p>\n\n\n\n<h2 class=\"wp-block-heading\">South Carolina Abogados de accidentes de ciclomotor<\/h2>\n\n\n\n<p>Si usted o un ser querido ha resultado herido o ha fallecido en un accidente de ciclomotor, <a href=\"https:\/\/www.steinberglawfirm.com\/contact-us\/\" target=\"_blank\" rel=\"noopener\">p\u00f3ngase en contacto con los abogados experimentados y conocedores de South Carolina<\/a> en el <a href=\"https:\/\/www.steinberglawfirm.com\/\" target=\"_blank\" rel=\"noopener\">Steinberg Law Firm<\/a> hoy. Representamos a clientes en <a href=\"https:\/\/www.steinberglawfirm.com\/practice-areas\/\" target=\"_blank\" rel=\"noopener\">todo tipo de reclamaciones por lesiones<\/a>incluyendo los accidentes de ciclomotor. <a href=\"https:\/\/www.steinberglawfirm.com\/attorney\/\" target=\"_blank\" rel=\"noopener\">Nuestros abogados tienen m\u00e1s de 200 a\u00f1os de experiencia colectiva<\/a> manejo de <a href=\"https:\/\/www.steinberglawfirm.com\/practice-areas\/personal-injury\/\" target=\"_blank\" rel=\"noopener\">casos de da\u00f1os personales<\/a>. Para saber m\u00e1s sobre c\u00f3mo podemos ayudarle a reclamar una indemnizaci\u00f3n <a href=\"https:\/\/www.steinberglawfirm.com\/practice-areas\/serious-injury-cases\/\" target=\"_blank\" rel=\"noopener\">basado en las lesiones catastr\u00f3ficas<\/a> usted o su ser querido ha sufrido, p\u00f3ngase en contacto con nosotros en <a href=\"tel:843-720-2800\">(843) 720-2800<\/a> a <a href=\"https:\/\/www.steinberglawfirm.com\/free-consultation\/\" target=\"_blank\" rel=\"noopener\">programar una consulta gratuita<\/a>. Representamos a clientes en Charleston y en todo South Carolina. La llamada es gratuita, y porque <a href=\"https:\/\/www.steinberglawfirm.com\/no-fee-unless-you-win\/\" target=\"_blank\" rel=\"noopener\">ofrecemos una promesa de no pago<\/a>No pagas a menos que ganemos.<\/p>","protected":false},"excerpt":{"rendered":"<p>South Carolina Abogados de accidentes de ciclomotor Los ciclomotores son veh\u00edculos de peque\u00f1o tama\u00f1o, similares a las motocicletas. Los ciclomotores tienen requisitos de licencia menos estrictos. Tambi\u00e9n son m\u00e1s lentos que las motocicletas y otros veh\u00edculos de tama\u00f1o completo. Por esta raz\u00f3n, los ciclomotores son una excelente opci\u00f3n para los individuos para viajar dentro de las ciudades y pueblos. En South Carolina, los conductores no pueden conducir ciclomotores en...<\/p>","protected":false},"author":1,"featured_media":0,"parent":565,"menu_order":0,"comment_status":"closed","ping_status":"closed","template":"","meta":{"_acf_changed":false,"footnotes":""},"class_list":["post-13030","page","type-page","status-publish","hentry"],"acf":[],"_links":{"self":[{"href":"https:\/\/steinberglawfirm-staging.clmcloud.app\/es\/wp-json\/wp\/v2\/pages\/13030"}],"collection":[{"href":"https:\/\/steinberglawfirm-staging.clmcloud.app\/es\/wp-json\/wp\/v2\/pages"}],"about":[{"href":"https:\/\/steinberglawfirm-staging.clmcloud.app\/es\/wp-json\/wp\/v2\/types\/page"}],"author":[{"embeddable":true,"href":"https:\/\/steinberglawfirm-staging.clmcloud.app\/es\/wp-json\/wp\/v2\/users\/1"}],"replies":[{"embeddable":true,"href":"https:\/\/steinberglawfirm-staging.clmcloud.app\/es\/wp-json\/wp\/v2\/comments?post=13030"}],"version-history":[{"count":12,"href":"https:\/\/steinberglawfirm-staging.clmcloud.app\/es\/wp-json\/wp\/v2\/pages\/13030\/revisions"}],"predecessor-version":[{"id":22223,"href":"https:\/\/steinberglawfirm-staging.clmcloud.app\/es\/wp-json\/wp\/v2\/pages\/13030\/revisions\/22223"}],"up":[{"embeddable":true,"href":"https:\/\/steinberglawfirm-staging.clmcloud.app\/es\/wp-json\/wp\/v2\/pages\/565"}],"wp:attachment":[{"href":"https:\/\/steinberglawfirm-staging.clmcloud.app\/es\/wp-json\/wp\/v2\/media?parent=13030"}],"curies":[{"name":"wp","href":"https:\/\/api.w.org\/{rel}","templated":true}]}}