{"id":12207,"date":"2020-06-30T20:23:35","date_gmt":"2020-06-30T20:23:35","guid":{"rendered":"https:\/\/www.steinberglawfirm.com\/?page_id=12207"},"modified":"2020-06-30T20:23:35","modified_gmt":"2020-06-30T20:23:35","slug":"can-you-sue-your-employer-in-south-carolina","status":"publish","type":"page","link":"https:\/\/steinberglawfirm-staging.clmcloud.app\/es\/faq\/faq-indemnizacion-trabajadores\/puede-usted-demandar-a-su-empleador-en-carolina-del-sur\/","title":{"rendered":"\u00bfPuede demandar a su empleador en South Carolina?"},"content":{"rendered":"<h1>\u00bfPuede demandar a su empleador en South Carolina?<\/h1>\n<p>Un <a href=\"https:\/\/www.steinberglawfirm.com\/practice-areas\/workers-compensation\/\" target=\"_blank\" rel=\"noopener\">empleado que sufre una lesi\u00f3n<\/a> o <a href=\"https:\/\/www.steinberglawfirm.com\/practice-areas\/workers-compensation\/occupational-disease-lawyer\/\" target=\"_blank\" rel=\"noopener\">enfermedad en el trabajo<\/a> debe notificar el incidente a su empresa en un plazo de 90 d\u00edas. Un empleado lesionado puede tener que recibir tratamiento m\u00e9dico y faltar al trabajo. Sin embargo, el empleado no puede demandar a la empresa por una lesi\u00f3n o enfermedad relacionada con el trabajo. En <a href=\"https:\/\/www.scstatehouse.gov\/code\/statmast.php\" target=\"_blank\" rel=\"noopener\">South Carolina Ley de indemnizaci\u00f3n de los trabajadores<\/a>El trabajador puede solicitar una indemnizaci\u00f3n y prestaciones por su accidente a trav\u00e9s de la <a href=\"https:\/\/wcc.sc.gov\/\" target=\"_blank\" rel=\"noopener\">South Carolina Comisi\u00f3n de Compensaci\u00f3n de los Trabajadores (CCT)<\/a>. El CMI es el \u00fanico recurso para obtener una indemnizaci\u00f3n por accidente de trabajo o muerte. Por lo tanto, un empleado no puede demandar directamente a su empleador por una lesi\u00f3n laboral. En su lugar, un empleado lesionado tiene la opci\u00f3n de presentar una reclamaci\u00f3n de compensaci\u00f3n de los trabajadores y recibir beneficios del seguro de compensaci\u00f3n de los trabajadores de su empleador.<\/p>\n<p>Aunque el empleado no puede demandar a su empleador por una reclamaci\u00f3n de indemnizaci\u00f3n por accidente de trabajo, s\u00ed puede hacerlo por trato ilegal derivado de la reclamaci\u00f3n. Si un empleado recibe un despido o un descenso de categor\u00eda por haber presentado una reclamaci\u00f3n de indemnizaci\u00f3n al trabajador, eso puede considerarse un despido o un descenso de categor\u00eda por represalias. La ley proh\u00edbe al empresario despedir o degradar a un empleado por haber presentado una reclamaci\u00f3n de indemnizaci\u00f3n por accidente de trabajo o por participar en un procedimiento de indemnizaci\u00f3n por accidente de trabajo. Sin embargo, si esto ocurre, el empleado puede presentar una demanda directamente contra el empresario. Tiene derecho a una indemnizaci\u00f3n por los salarios perdidos y a la reincorporaci\u00f3n a su antiguo puesto. El empleado tiene que probar que su despido o descenso de categor\u00eda se debi\u00f3 \u00fanicamente a que present\u00f3 o particip\u00f3 en una demanda de indemnizaci\u00f3n por accidente laboral contra el empresario. El plazo de prescripci\u00f3n para presentar una demanda por despido o descenso de categor\u00eda por represalias laborales es de un a\u00f1o a partir de la fecha de despido o descenso de categor\u00eda.<\/p>\n<h3>Otras preguntas frecuentes sobre la indemnizaci\u00f3n de los trabajadores:<\/h3>\n<ul class=\"list-pages-shortcode sibling-pages\"><li class=\"page_item page-item-7909\"><a href=\"https:\/\/steinberglawfirm-staging.clmcloud.app\/es\/faq\/faq-indemnizacion-trabajadores\/se-puede-compensar-por-perder-tiempo-de-trabajo\/\">\u00bfSe me puede compensar por faltar al trabajo?<\/a><\/li>\n<li class=\"page_item page-item-12368\"><a href=\"https:\/\/steinberglawfirm-staging.clmcloud.app\/es\/faq\/faq-indemnizacion-trabajadores\/se-puede-despedir-a-alguien-con-indemnizacion-laboral-en-carolina-del-sur\/\">\u00bfPueden despedirte mientras cobras la indemnizaci\u00f3n por accidente de trabajo en South Carolina?<\/a><\/li>\n<li class=\"page_item page-item-12207\"><a href=\"https:\/\/steinberglawfirm-staging.clmcloud.app\/es\/faq\/faq-indemnizacion-trabajadores\/puede-usted-demandar-a-su-empleador-en-carolina-del-sur\/\">\u00bfPuede demandar a su empleador en South Carolina?<\/a><\/li>\n<li class=\"page_item page-item-7897\"><a href=\"https:\/\/steinberglawfirm-staging.clmcloud.app\/es\/faq\/faq-indemnizacion-trabajadores\/debo-trabajar-si-mi-medico-aprueba-el-trabajo-ligero\/\">\u00bfTengo que trabajar si mi m\u00e9dico aprueba un trabajo \"ligero\"?<\/a><\/li>\n<li class=\"page_item page-item-8986\"><a href=\"https:\/\/steinberglawfirm-staging.clmcloud.app\/es\/faq\/faq-indemnizacion-trabajadores\/como-calcula-el-juez-de-indemnizacion-laboral-cuanto-dinero-se-recibe\/\">\u00bfC\u00f3mo calcula el juez de la indemnizaci\u00f3n por accidente de trabajo la cantidad de dinero que te corresponde?<\/a><\/li>\n<li class=\"page_item page-item-11945\"><a href=\"https:\/\/steinberglawfirm-staging.clmcloud.app\/es\/faq\/faq-indemnizacion-trabajadores\/como-funciona-la-indemnizacion-de-los-trabajadores-en-carolina-del-sur\/\">\u00bfC\u00f3mo funciona la indemnizaci\u00f3n por accidente de trabajo en South Carolina?<\/a><\/li>\n<li class=\"page_item page-item-7904\"><a href=\"https:\/\/steinberglawfirm-staging.clmcloud.app\/es\/faq\/faq-indemnizacion-trabajadores\/cuanto-dura-la-indemnizacion-de-los-trabajadores\/\">\u00bfCu\u00e1nto dura la indemnizaci\u00f3n por accidente de trabajo?<\/a><\/li>\n<li class=\"page_item page-item-11786\"><a href=\"https:\/\/steinberglawfirm-staging.clmcloud.app\/es\/faq\/faq-indemnizacion-trabajadores\/cuanto-cuesta-contratar-a-un-bufete-de-abogados-especializado-en-indemnizaciones-laborales\/\">\u00bfCu\u00e1nto cuesta contratar a un bufete de abogados especializados en indemnizaciones laborales?<\/a><\/li>\n<li class=\"page_item page-item-2214\"><a href=\"https:\/\/steinberglawfirm-staging.clmcloud.app\/es\/faq\/faq-indemnizacion-trabajadores\/was-injured-on-the-job-can-i-file-a-suit\/\">Me he lesionado en el trabajo. \u00bfPuedo presentar una demanda contra mi empleador?<\/a><\/li>\n<li class=\"page_item page-item-8971\"><a href=\"https:\/\/steinberglawfirm-staging.clmcloud.app\/es\/faq\/faq-indemnizacion-trabajadores\/cuales-son-las-lesiones-laborales-mas-comunes\/\">\u00bfCu\u00e1les son las lesiones m\u00e1s comunes relacionadas con el trabajo?<\/a><\/li>\n<li class=\"page_item page-item-13087\"><a href=\"https:\/\/steinberglawfirm-staging.clmcloud.app\/es\/faq\/faq-indemnizacion-trabajadores\/que-puede-descalificar-me-de-la-compensacion-de-trabajadores-de-carolina-del-sur\/\">\u00bfQu\u00e9 puede inhabilitarme para la indemnizaci\u00f3n por accidente de trabajo South Carolina?<\/a><\/li>\n<li class=\"page_item page-item-8978\"><a href=\"https:\/\/steinberglawfirm-staging.clmcloud.app\/es\/faq\/faq-indemnizacion-trabajadores\/que-significa-la-invalidez-parcial-bajo-la-ley-de-compensacion-de-trabajadores-de-carolinas-del-sur\/\">\u00bfQu\u00e9 significa la incapacidad parcial seg\u00fan la ley de indemnizaci\u00f3n de los trabajadores de South Carolina?<\/a><\/li>\n<li class=\"page_item page-item-8976\"><a href=\"https:\/\/steinberglawfirm-staging.clmcloud.app\/es\/faq\/faq-indemnizacion-trabajadores\/que-significa-la-invalidez-total-bajo-la-ley-de-compensacion-de-trabajadores-de-carolinas-sur\/\">\u00bfQu\u00e9 significa la incapacidad total seg\u00fan la ley de indemnizaci\u00f3n por accidente de trabajo de South Carolina?<\/a><\/li>\n<li class=\"page_item page-item-2918\"><a href=\"https:\/\/steinberglawfirm-staging.clmcloud.app\/es\/faq\/faq-indemnizacion-trabajadores\/que-pasaria-si-tuviera-una-herida-en-el-trabajo-y-tuviera-una-incapacidad-permanente\/\">\u00bfQu\u00e9 ocurre si me he lesionado en el trabajo y tengo una incapacidad permanente?<\/a><\/li>\n<li class=\"page_item page-item-2920\"><a href=\"https:\/\/steinberglawfirm-staging.clmcloud.app\/es\/faq\/faq-indemnizacion-trabajadores\/que-pasara-con-mi-trabajo-si-me-lesiono\/\">\u00bfQu\u00e9 pasa con mi trabajo si me he lesionado?<\/a><\/li>\n<li class=\"page_item page-item-2924\"><a href=\"https:\/\/steinberglawfirm-staging.clmcloud.app\/es\/faq\/faq-indemnizacion-trabajadores\/que-si-necesito-volver-a-trabajar-pero-mi-medico-no-lo-aprueba\/\">\u00bfY si necesito volver al trabajo, pero mi m\u00e9dico no lo ha aprobado?<\/a><\/li>\n<li class=\"page_item page-item-7917\"><a href=\"https:\/\/steinberglawfirm-staging.clmcloud.app\/es\/faq\/faq-indemnizacion-trabajadores\/que-si-ha-visto-a-mi-medico-de-compania-pero-quiere-una-segunda-opinion\/\">\u00bfQu\u00e9 pasa si he visto al m\u00e9dico de mi empresa pero quiero una segunda opini\u00f3n?<\/a><\/li>\n<li class=\"page_item page-item-8980\"><a href=\"https:\/\/steinberglawfirm-staging.clmcloud.app\/es\/faq\/faq-indemnizacion-trabajadores\/que-si-el-empleado-muere-por-un-trabajo-lesionado-que-tipo-de-prestaciones-obtiene-la-familia\/\">\u00bfQu\u00e9 ocurre si el empleado fallece a causa de un accidente laboral? \u00bfQu\u00e9 tipo de prestaciones recibe la familia?<\/a><\/li>\n<li class=\"page_item page-item-8983\"><a href=\"https:\/\/steinberglawfirm-staging.clmcloud.app\/es\/faq\/faq-indemnizacion-trabajadores\/por-que-necesito-un-abogado-de-indemnizacion-de-trabajadores-no-debo-simplemente-contactar-a-la-compania-de-seguros-por-mi-mismo\/\">\u00bfPor qu\u00e9 necesito un abogado especialista en accidentes de trabajo? \u00bfNo deber\u00eda contactar con la compa\u00f1\u00eda de seguros por m\u00ed mismo?<\/a><\/li>\n<\/ul>","protected":false},"excerpt":{"rendered":"<p>\u00bfPuede demandar a su empleador en South Carolina? Un empleado que sufre una lesi\u00f3n o enfermedad en el trabajo debe notificar a su empleador en un plazo de 90 d\u00edas desde el incidente. Un empleado lesionado puede tener que recibir tratamiento m\u00e9dico y faltar al trabajo. Sin embargo, el empleado no puede demandar al empresario por una lesi\u00f3n o...<\/p>","protected":false},"author":1,"featured_media":0,"parent":5530,"menu_order":0,"comment_status":"closed","ping_status":"closed","template":"","meta":{"_acf_changed":false,"footnotes":""},"class_list":["post-12207","page","type-page","status-publish","hentry"],"acf":[],"_links":{"self":[{"href":"https:\/\/steinberglawfirm-staging.clmcloud.app\/es\/wp-json\/wp\/v2\/pages\/12207"}],"collection":[{"href":"https:\/\/steinberglawfirm-staging.clmcloud.app\/es\/wp-json\/wp\/v2\/pages"}],"about":[{"href":"https:\/\/steinberglawfirm-staging.clmcloud.app\/es\/wp-json\/wp\/v2\/types\/page"}],"author":[{"embeddable":true,"href":"https:\/\/steinberglawfirm-staging.clmcloud.app\/es\/wp-json\/wp\/v2\/users\/1"}],"replies":[{"embeddable":true,"href":"https:\/\/steinberglawfirm-staging.clmcloud.app\/es\/wp-json\/wp\/v2\/comments?post=12207"}],"version-history":[{"count":0,"href":"https:\/\/steinberglawfirm-staging.clmcloud.app\/es\/wp-json\/wp\/v2\/pages\/12207\/revisions"}],"up":[{"embeddable":true,"href":"https:\/\/steinberglawfirm-staging.clmcloud.app\/es\/wp-json\/wp\/v2\/pages\/5530"}],"wp:attachment":[{"href":"https:\/\/steinberglawfirm-staging.clmcloud.app\/es\/wp-json\/wp\/v2\/media?parent=12207"}],"curies":[{"name":"wp","href":"https:\/\/api.w.org\/{rel}","templated":true}]}}