{"id":11879,"date":"2020-06-02T20:53:34","date_gmt":"2020-06-02T20:53:34","guid":{"rendered":"https:\/\/www.steinberglawfirm.com\/?page_id=11879"},"modified":"2023-01-03T23:26:44","modified_gmt":"2023-01-03T23:26:44","slug":"burn-injury","status":"publish","type":"page","link":"https:\/\/steinberglawfirm-staging.clmcloud.app\/es\/lesiones-personales\/accidentes-de-trafico-2\/lesion-por-quemadura\/","title":{"rendered":"Quemaduras causadas por accidentes de tr\u00e1fico South Carolina"},"content":{"rendered":"<h1 class=\"wp-block-heading\">South Carolina Abogados de lesiones por quemaduras en accidentes de tr\u00e1fico<\/h1>\n\n\n\n<div style=\"height:15px\" aria-hidden=\"true\" class=\"wp-block-spacer\"><\/div>\n\n\n\n<p><a href=\"https:\/\/www.steinberglawfirm.com\/practice-areas\/auto-accidents\/\" target=\"_blank\" rel=\"noopener\">Estar involucrado en cualquier tipo de accidente de coche South Carolina<\/a> puede ser una experiencia aterradora. Sin embargo, la experiencia es especialmente traum\u00e1tica para quienes han sufrido lesiones por quemaduras. Las lesiones por quemaduras suelen ser extremadamente dolorosas y pueden tardar meses en curarse. Incluso despu\u00e9s de que una v\u00edctima de quemaduras pase por todos los tratamientos m\u00e9dicos disponibles, a menudo quedan recuerdos en forma de cicatrices u otros tipos de desfiguraci\u00f3n.<\/p>\n\n\n\n<p><a href=\"https:\/\/www.steinberglawfirm.com\/\" target=\"_blank\" rel=\"noopener\">En el Steinberg Law Firm<\/a>En la actualidad, representamos a clientes que han sufrido lesiones por quemaduras como resultado de un accidente de coche. Nuestro <a href=\"https:\/\/www.steinberglawfirm.com\/attorney\/\" target=\"_blank\" rel=\"noopener\">un equipo especializado de defensores de las lesiones<\/a> ayudar a los clientes a recuperar una compensaci\u00f3n justa por lo que han pasado, y el impacto que un accidente tendr\u00e1 en el resto de su vida. A diferencia de otros bufetes de abogados que eligen s\u00f3lo los casos con los pagos potenciales m\u00e1s altos, nos enorgullecemos de ayudar a tantas personas como podamos a recuperar su vida despu\u00e9s de un accidente grave.<\/p>\n\n\n\n<p><strong>Tipos de lesiones por quemaduras<\/strong><\/p>\n\n\n\n<p>Las quemaduras se suelen clasificar en una de las tres categor\u00edas, dependiendo de la gravedad de la quemadura:<\/p>\n\n\n\n<ul class=\"wp-block-list\">\n<li><strong>Quemadura de primer grado:<\/strong> Las quemaduras de primer grado, que son las menos graves, s\u00f3lo afectan a la capa externa de la piel. Estas quemaduras se caracterizan por una zona de quemadura dolorosa, roja y seca; sin embargo, no se producen ampollas en la piel.<\/li>\n\n\n\n<li><strong>Quemadura de segundo grado:<\/strong> Si una quemadura afecta tanto a la capa superior como a la media de la piel, se clasifica como quemadura de segundo grado. Las quemaduras de segundo grado suelen tener un aspecto hinchado y se caracterizan por una piel roja y ampollosa.<\/li>\n\n\n\n<li><strong>Quemadura de tercer grado:<\/strong> Las quemaduras de tercer grado, el tipo m\u00e1s grave, destruyen completamente las dos primeras capas de la piel, la epidermis y la dermis. Las quemaduras de tercer grado tambi\u00e9n pueden afectar a los m\u00fasculos, huesos y tendones que se encuentran bajo la piel. Como la capa externa de la piel est\u00e1 totalmente destruida, la piel no suele volver a crecer despu\u00e9s de una quemadura de tercer grado.<\/li>\n<\/ul>\n\n\n\n<p><strong>South Carolina Accidentes de tr\u00e1fico con resultado de incendio<\/strong><\/p>\n\n\n\n<p>Los incendios son raros en los accidentes de coche South Carolina, como deber\u00eda ser. El gobierno de los Estados Unidos ha aprobado normas estrictas sobre las caracter\u00edsticas de seguridad de los veh\u00edculos, especialmente en lo que respecta al sistema de combustible. Los sistemas de combustible deben estar dise\u00f1ados para evitar el derrame excesivo de gasolina despu\u00e9s de un accidente. Esto incluye el dise\u00f1o y la colocaci\u00f3n del tanque de combustible y las l\u00edneas de combustible en lugares que reducen las posibilidades de un derrame de combustible despu\u00e9s de un accidente. Despu\u00e9s de un accidente de coche Charleston que haya provocado un incendio, debe realizarse una investigaci\u00f3n en profundidad sobre la causa del derrame de combustible.<\/p>\n\n\n\n<p>Por supuesto, no todas las lesiones por quemaduras son el resultado de un incendio; algunas v\u00edctimas de accidentes se queman al entrar en contacto con un objeto met\u00e1lico caliente, agua caliente o vapor al salir del radiador del veh\u00edculo. Una vez m\u00e1s, los veh\u00edculos deben estar dise\u00f1ados para evitar las posibilidades de un accidente por quemaduras, y el hecho de que el fabricante no tome las precauciones necesarias puede dar lugar a la responsabilidad del fabricante. De este modo, la v\u00edctima de un accidente por quemaduras puede reclamar una indemnizaci\u00f3n tanto al motorista que caus\u00f3 la colisi\u00f3n como al fabricante de un veh\u00edculo que no estaba dise\u00f1ado de forma segura. <a href=\"https:\/\/www.steinberglawfirm.com\/practice-areas\/personal-injury\/\" target=\"_blank\" rel=\"noopener\">Indemnizaci\u00f3n en un caso de da\u00f1os personales South Carolina<\/a> que implican lesiones por quemaduras pueden incluir cantidades por gastos m\u00e9dicos pasados y futuros, salarios perdidos, disminuci\u00f3n de la capacidad de ganancia, as\u00ed como por cualquier dolor, sufrimiento y desfiguraci\u00f3n.<\/p>\n\n\n\n<h2 class=\"wp-block-heading\">\u00bfHa sufrido una lesi\u00f3n por quemadura como resultado de un accidente de coche South Carolina?<\/h2>\n\n\n\n<p>Si usted o un ser querido ha <a href=\"https:\/\/www.steinberglawfirm.com\/personal-injury\/personal-injury-lawyers\/burn-injury-lawyer\/\" target=\"_blank\" rel=\"noopener\">sufri\u00f3 quemaduras graves<\/a> despu\u00e9s de verse involucrado en un accidente de coche South Carolina, <a href=\"https:\/\/www.steinberglawfirm.com\/contact-us\/\" target=\"_blank\" rel=\"noopener\">contacte con los defensores de las lesiones<\/a> en el Steinberg Law Firm. <a href=\"https:\/\/www.steinberglawfirm.com\/attorney\/\" target=\"_blank\" rel=\"noopener\">Los abogados de Steinberg Law Firm son tanto h\u00e1biles negociadores como agresivos litigantes<\/a>lo que significa que no se le animar\u00e1 a aceptar una oferta de acuerdo por menos de lo que merece. Para saber m\u00e1s sobre c\u00f3mo podemos ayudarle a reclamar una indemnizaci\u00f3n basada en las lesiones que usted o su ser querido han sufrido, <a href=\"tel:1-843-720-2800\">llame al 843-720-2800<\/a>o <a href=\"https:\/\/www.steinberglawfirm.com\/contact-us\/\" target=\"_blank\" rel=\"noopener\">contacte con nosotros a trav\u00e9s de nuestro formulario online<\/a>. Representamos a clientes en Charleston y en todo South Carolina. <a href=\"https:\/\/www.steinberglawfirm.com\/free-consultation\/\" target=\"_blank\" rel=\"noopener\">Llamar es gratis<\/a>y porque ofrecemos una promesa de no pago, <a href=\"https:\/\/www.steinberglawfirm.com\/no-fee-unless-you-win\/\" target=\"_blank\" rel=\"noopener\">usted no paga a menos que ganemos<\/a>. Estamos deseando hablar con usted y ayudarle a usted y a su familia en el proceso de recuperaci\u00f3n.<\/p>","protected":false},"excerpt":{"rendered":"<p>South Carolina Abogados de lesiones por quemaduras en accidentes de coche Estar involucrado en cualquier tipo de accidente de coche South Carolina puede ser una experiencia aterradora. Sin embargo, la experiencia es especialmente traum\u00e1tica para aquellos que han sufrido lesiones por quemaduras. Las lesiones por quemaduras suelen ser extremadamente dolorosas y pueden tardar meses en curarse. Incluso despu\u00e9s de que una v\u00edctima de quemaduras pase por todo...<\/p>","protected":false},"author":1,"featured_media":19449,"parent":760,"menu_order":0,"comment_status":"closed","ping_status":"closed","template":"","meta":{"_acf_changed":false,"footnotes":""},"class_list":["post-11879","page","type-page","status-publish","has-post-thumbnail","hentry"],"acf":[],"_links":{"self":[{"href":"https:\/\/steinberglawfirm-staging.clmcloud.app\/es\/wp-json\/wp\/v2\/pages\/11879"}],"collection":[{"href":"https:\/\/steinberglawfirm-staging.clmcloud.app\/es\/wp-json\/wp\/v2\/pages"}],"about":[{"href":"https:\/\/steinberglawfirm-staging.clmcloud.app\/es\/wp-json\/wp\/v2\/types\/page"}],"author":[{"embeddable":true,"href":"https:\/\/steinberglawfirm-staging.clmcloud.app\/es\/wp-json\/wp\/v2\/users\/1"}],"replies":[{"embeddable":true,"href":"https:\/\/steinberglawfirm-staging.clmcloud.app\/es\/wp-json\/wp\/v2\/comments?post=11879"}],"version-history":[{"count":4,"href":"https:\/\/steinberglawfirm-staging.clmcloud.app\/es\/wp-json\/wp\/v2\/pages\/11879\/revisions"}],"predecessor-version":[{"id":23785,"href":"https:\/\/steinberglawfirm-staging.clmcloud.app\/es\/wp-json\/wp\/v2\/pages\/11879\/revisions\/23785"}],"up":[{"embeddable":true,"href":"https:\/\/steinberglawfirm-staging.clmcloud.app\/es\/wp-json\/wp\/v2\/pages\/760"}],"wp:featuredmedia":[{"embeddable":true,"href":"https:\/\/steinberglawfirm-staging.clmcloud.app\/es\/wp-json\/wp\/v2\/media\/19449"}],"wp:attachment":[{"href":"https:\/\/steinberglawfirm-staging.clmcloud.app\/es\/wp-json\/wp\/v2\/media?parent=11879"}],"curies":[{"name":"wp","href":"https:\/\/api.w.org\/{rel}","templated":true}]}}