{"id":11875,"date":"2020-06-02T20:46:54","date_gmt":"2020-06-02T20:46:54","guid":{"rendered":"https:\/\/www.steinberglawfirm.com\/?page_id=11875"},"modified":"2023-09-14T17:52:48","modified_gmt":"2023-09-14T17:52:48","slug":"neck-injury","status":"publish","type":"page","link":"https:\/\/steinberglawfirm-staging.clmcloud.app\/es\/lesiones-personales\/accidentes-de-camiones\/lesion-en-el-cuello\/","title":{"rendered":"Lesiones en el cuello despu\u00e9s de un accidente de cami\u00f3n South Carolina"},"content":{"rendered":"<h1 class=\"wp-block-heading\">South Carolina Abogados de lesiones cervicales por accidente de cami\u00f3n<\/h1>\n\n\n\n<div style=\"height:15px\" aria-hidden=\"true\" class=\"wp-block-spacer\"><\/div>\n\n\n\n<p>Los accidentes de cami\u00f3n implican una incre\u00edble cantidad de fuerza que, por desgracia, puede causar estragos inimaginables. Dada la relativa fragilidad del cuello humano, las lesiones cervicales se encuentran entre los tipos de lesiones m\u00e1s comunes despu\u00e9s de cualquier accidente grave de veh\u00edculo de motor -. <a href=\"https:\/\/www.steinberglawfirm.com\/personal-injury\/truck-accidents\/\" target=\"_blank\" rel=\"noopener\">South Carolina accidentes de cami\u00f3n<\/a> no son una excepci\u00f3n.<\/p>\n\n\n\n<p>Una lesi\u00f3n cervical puede cambiar su vida para siempre. En el <a href=\"https:\/\/www.steinberglawfirm.com\/\" target=\"_blank\" rel=\"noopener\">Steinberg Law Firm<\/a>representamos a clientes que han sido <a href=\"https:\/\/www.steinberglawfirm.com\/personal-injury\/truck-accidents\/semi-truck-accident-injury-attorney\/\" target=\"_blank\" rel=\"noopener\">heridos graves en accidentes de semirremolque<\/a>ayud\u00e1ndoles a recuperar una indemnizaci\u00f3n justa por lo que han sufrido. Con m\u00e1s de 200 a\u00f1os de experiencia combinada, podemos asesorarle con confianza sobre sus opciones y ayudarle a reclamar una indemnizaci\u00f3n.<\/p>\n\n\n\n<p><strong>Tipos de lesiones cervicales<\/strong><\/p>\n\n\n\n<p>La gravedad de las lesiones cervicales var\u00eda desde las relativamente leves hasta las que alteran la vida. Las m\u00e1s frecuentes son <a href=\"https:\/\/www.steinberglawfirm.com\/locations\/charleston\/truck-accident-lawyer\/\" data-type=\"link\" data-id=\"https:\/\/www.steinberglawfirm.com\/locations\/charleston\/truck-accident-lawyer\/\" target=\"_blank\" rel=\"noopener\">lesi\u00f3n en un accidente de cami\u00f3n Charleston<\/a> es el latigazo cervical. El latigazo cervical es un tipo de lesi\u00f3n cervical que resulta de un movimiento brusco de la cabeza de atr\u00e1s hacia delante o de delante hacia atr\u00e1s. El latigazo cervical puede presentar una amplia gama de s\u00edntomas, entre ellos:<\/p>\n\n\n\n<ul class=\"wp-block-list\">\n<li>Rigidez o dolor de cuello<\/li>\n\n\n\n<li>Mareos<\/li>\n\n\n\n<li>Dolor o adormecimiento de las manos<\/li>\n\n\n\n<li>Dolor entre los om\u00f3platos<\/li>\n\n\n\n<li>Dolores de cabeza<\/li>\n\n\n\n<li>Dolor de espalda<\/li>\n\n\n\n<li>Dificultad para recordar o concentrarse<\/li>\n\n\n\n<li>Irritabilidad general<\/li>\n\n\n\n<li>Problemas para dormir<\/li>\n\n\n\n<li>Fatiga<\/li>\n<\/ul>\n\n\n\n<p>Aunque el latigazo cervical puede desaparecer por s\u00ed solo, no siempre es as\u00ed. En algunas situaciones, el latigazo cervical provoca da\u00f1os en las articulaciones intervertebrales, los discos, los ligamentos, los m\u00fasculos cervicales o las ra\u00edces nerviosas. El latigazo cervical no puede verse en una radiograf\u00eda tradicional y suele diagnosticarse mediante un TAC o una RMN.<\/p>\n\n\n\n<p>Adem\u00e1s del latigazo cervical, los accidentes de cami\u00f3n suelen provocar otras dos lesiones cervicales comunes:<\/p>\n\n\n\n<ul class=\"wp-block-list\">\n<li><strong>Cuello roto:<\/strong> Una fractura de cuello est\u00e1 causada por la fractura o rotura de una o varias v\u00e9rtebras del cuello. La gravedad de las fracturas de cuello var\u00eda en funci\u00f3n de la magnitud del da\u00f1o causado. Las lesiones leves del cuello pueden tratarse con un cors\u00e9 cervical, mientras que las lesiones m\u00e1s graves requerir\u00e1n una intervenci\u00f3n quir\u00fargica y un largo periodo de recuperaci\u00f3n. En algunos casos, una fractura de cuello provoca una par\u00e1lisis total o parcial del cuerpo.<\/li>\n\n\n\n<li><strong>Lesiones de disco:<\/strong> Las v\u00e9rtebras tienen discos blandos entre ellas para evitar que se rocen entre s\u00ed y facilitar el movimiento. Si se aplica una fuerza suficiente al cuello, estos discos pueden romperse o fracturarse. Este tipo de lesi\u00f3n incluye los discos abultados, las hernias discales, las roturas de disco y las hernias discales.<\/li>\n<\/ul>\n\n\n\n<p>Las lesiones en el cuello son extremadamente comunes en los accidentes de cami\u00f3n South Carolina. Las v\u00edctimas de accidentes que han sufrido una lesi\u00f3n grave en el cuello son <a href=\"https:\/\/www.steinberglawfirm.com\/contact-us\/\" target=\"_blank\" rel=\"noopener\">anima a ponerse en contacto con un abogado especializado en lesiones<\/a> para discutir su caso.<\/p>\n\n\n\n<h2 class=\"wp-block-heading\">\u00bfHa sufrido una lesi\u00f3n grave en el cuello en un accidente de cami\u00f3n South Carolina?<\/h2>\n\n\n\n<p>Si ha sufrido una lesi\u00f3n cervical como consecuencia de un accidente de cami\u00f3n South Carolina, <a href=\"https:\/\/www.steinberglawfirm.com\/\" target=\"_blank\" rel=\"noopener\">los abogados de lesiones personales del Steinberg Law Firm<\/a> quieren ayudar. <a href=\"https:\/\/www.steinberglawfirm.com\/practice-areas\/\" target=\"_blank\" rel=\"noopener\">Representamos a clientes en todo tipo de reclamaciones por lesiones<\/a>incluyendo los que implican <a href=\"https:\/\/www.steinberglawfirm.com\/personal-injury\/truck-accidents\/semi-truck-accident-injury-attorney\/\" target=\"_blank\" rel=\"noopener\">accidentes graves de semirremolque<\/a>y otros accidentes en los que est\u00e9n implicados grandes camiones y veh\u00edculos comerciales. <a href=\"https:\/\/www.steinberglawfirm.com\/attorney\/\" target=\"_blank\" rel=\"noopener\">Nuestro equipo de abogados<\/a> son tanto h\u00e1biles negociadores como agresivos litigantes, y cambian sin problemas entre esos papeles cuando es necesario. Debido a que no tenemos miedo de llevar un caso a juicio, usted no tendr\u00e1 que aceptar una oferta de acuerdo que es menos de lo que se merece. Nuestro equipo de abogados tiene <a href=\"https:\/\/www.steinberglawfirm.com\/practice-areas\/truck-accidents\/\" target=\"_blank\" rel=\"noopener\">m\u00e1s de 200 a\u00f1os de experiencia en la tramitaci\u00f3n de demandas por accidentes de cami\u00f3n<\/a> y sabemos lo que se necesita para tener \u00e9xito en nombre de nuestros clientes. Para saber m\u00e1s sobre c\u00f3mo podemos ayudarle a presentar una reclamaci\u00f3n de indemnizaci\u00f3n basada en las lesiones que usted o su ser querido han sufrido, llame al (843) 720-2800, o p\u00f3ngase en contacto con nosotros a trav\u00e9s de nuestro formulario en l\u00ednea. Representamos a clientes en Charleston y en todo South Carolina. <a href=\"https:\/\/www.steinberglawfirm.com\/free-consultation\/\" target=\"_blank\" rel=\"noopener\">Llamar es gratis<\/a>y porque <a href=\"https:\/\/www.steinberglawfirm.com\/no-fee-unless-you-win\/\" target=\"_blank\" rel=\"noopener\">ofrecemos una promesa de no pago<\/a>Usted no paga a menos que nosotros ganemos. Esperamos hablar con usted y ayudarle a usted y a su familia en el proceso de recuperaci\u00f3n.<\/p>","protected":false},"excerpt":{"rendered":"<p>South Carolina Abogados de lesiones de cuello en accidentes de cami\u00f3n Los accidentes de cami\u00f3n implican una incre\u00edble cantidad de fuerza que, por desgracia, puede causar estragos inimaginables. Dada la relativa fragilidad del cuello humano, las lesiones cervicales se encuentran entre el tipo de lesi\u00f3n m\u00e1s com\u00fan despu\u00e9s de cualquier accidente automovil\u00edstico grave - los accidentes de cami\u00f3n South Carolina no son una excepci\u00f3n. Un cuello...<\/p>","protected":false},"author":1,"featured_media":19931,"parent":175,"menu_order":0,"comment_status":"closed","ping_status":"closed","template":"","meta":{"_acf_changed":false,"footnotes":""},"class_list":["post-11875","page","type-page","status-publish","has-post-thumbnail","hentry"],"acf":[],"_links":{"self":[{"href":"https:\/\/steinberglawfirm-staging.clmcloud.app\/es\/wp-json\/wp\/v2\/pages\/11875"}],"collection":[{"href":"https:\/\/steinberglawfirm-staging.clmcloud.app\/es\/wp-json\/wp\/v2\/pages"}],"about":[{"href":"https:\/\/steinberglawfirm-staging.clmcloud.app\/es\/wp-json\/wp\/v2\/types\/page"}],"author":[{"embeddable":true,"href":"https:\/\/steinberglawfirm-staging.clmcloud.app\/es\/wp-json\/wp\/v2\/users\/1"}],"replies":[{"embeddable":true,"href":"https:\/\/steinberglawfirm-staging.clmcloud.app\/es\/wp-json\/wp\/v2\/comments?post=11875"}],"version-history":[{"count":6,"href":"https:\/\/steinberglawfirm-staging.clmcloud.app\/es\/wp-json\/wp\/v2\/pages\/11875\/revisions"}],"predecessor-version":[{"id":26987,"href":"https:\/\/steinberglawfirm-staging.clmcloud.app\/es\/wp-json\/wp\/v2\/pages\/11875\/revisions\/26987"}],"up":[{"embeddable":true,"href":"https:\/\/steinberglawfirm-staging.clmcloud.app\/es\/wp-json\/wp\/v2\/pages\/175"}],"wp:featuredmedia":[{"embeddable":true,"href":"https:\/\/steinberglawfirm-staging.clmcloud.app\/es\/wp-json\/wp\/v2\/media\/19931"}],"wp:attachment":[{"href":"https:\/\/steinberglawfirm-staging.clmcloud.app\/es\/wp-json\/wp\/v2\/media?parent=11875"}],"curies":[{"name":"wp","href":"https:\/\/api.w.org\/{rel}","templated":true}]}}