{"id":11865,"date":"2020-06-02T20:40:02","date_gmt":"2020-06-02T20:40:02","guid":{"rendered":"https:\/\/www.steinberglawfirm.com\/?page_id=11865"},"modified":"2022-04-19T00:53:51","modified_gmt":"2022-04-19T00:53:51","slug":"spinal-cord-injury","status":"publish","type":"page","link":"https:\/\/steinberglawfirm-staging.clmcloud.app\/es\/lesiones-personales\/accidentes-de-trafico-2\/lesion-medular\/","title":{"rendered":"Lesiones de la m\u00e9dula espinal"},"content":{"rendered":"<h1 class=\"wp-block-heading\">South Carolina Abogados de lesiones medulares por accidente de tr\u00e1fico<\/h1>\n\n\n\n<div style=\"height:15px\" aria-hidden=\"true\" class=\"wp-block-spacer\"><\/div>\n\n\n\n<p>La m\u00e9dula espinal es una de las estructuras m\u00e1s importantes del cuerpo. Sin embargo, tambi\u00e9n es extremadamente delicada y puede da\u00f1arse f\u00e1cilmente en determinadas condiciones. El tipo de fuerzas que intervienen en un accidente de tr\u00e1fico crean la tormenta perfecta para una lesi\u00f3n medular.<\/p>\n\n\n\n<p><a href=\"https:\/\/www.steinberglawfirm.com\/\" target=\"_blank\" rel=\"noopener\">En el Steinberg Law Firm<\/a>En la actualidad, representamos a clientes que han sufrido lesiones en la columna vertebral como resultado de un accidente de coche. <a href=\"https:\/\/www.steinberglawfirm.com\/attorney\/\" target=\"_blank\" rel=\"noopener\">Nuestro equipo de abogados especializados en lesiones<\/a> ayudar a los clientes a recuperar una compensaci\u00f3n justa por lo que han pasado, y el impacto que un accidente tendr\u00e1 en el resto de su vida. A diferencia de otros bufetes de abogados que eligen s\u00f3lo los casos con los pagos potenciales m\u00e1s altos, nos enorgullecemos de ayudar a tantas personas como podamos a recuperar su vida despu\u00e9s de un accidente grave.<\/p>\n\n\n\n<p><strong>La anatom\u00eda de la columna vertebral y la m\u00e9dula espinal<\/strong><\/p>\n\n\n\n<p>La m\u00e9dula espinal es una estructura gelatinosa que se encarga de enviar las transmisiones nerviosas del cerebro a los m\u00fasculos. La m\u00e9dula espinal se extiende desde la base del cr\u00e1neo, pasando por cada una de las v\u00e9rtebras, hasta los huesos de la silla. Por lo tanto, cuando la m\u00e9dula espinal se lesiona, las extremidades, los m\u00fasculos, la piel y los \u00f3rganos pueden verse afectados.<\/p>\n\n\n\n<p>La columna vertebral est\u00e1 dise\u00f1ada para proteger la blanda m\u00e9dula espinal y est\u00e1 compuesta por 33 huesos individuales, llamados v\u00e9rtebras. Cada v\u00e9rtebra tiene un agujero en el centro, que contiene la m\u00e9dula espinal. Entre cada v\u00e9rtebra hay discos intervertebrales, que mantienen las v\u00e9rtebras unidas y evitan que se rocen entre s\u00ed. Los discos tambi\u00e9n act\u00faan como cojines que absorben la presi\u00f3n generada al caminar o correr. Cuando la m\u00e9dula espinal, las v\u00e9rtebras o los discos se da\u00f1an, se habla de lesi\u00f3n medular.<\/p>\n\n\n\n<p><a href=\"https:\/\/www.steinberglawfirm.com\/practice-areas\/head-brain-and-spine-injuries\/spinal-column-injuries\/\" target=\"_blank\" rel=\"noopener\">Una lesi\u00f3n medular<\/a> se produce cuando una fuerza f\u00edsica externa da\u00f1a la m\u00e9dula espinal, provocando una p\u00e9rdida temporal o permanente de la funci\u00f3n. Tambi\u00e9n puede producirse una lesi\u00f3n cuando las estructuras que rodean la m\u00e9dula espinal se ven comprometidas y empujan f\u00edsicamente contra ella. Cuando la m\u00e9dula espinal sufre un traumatismo, suele dejar de enviar transmisiones nerviosas a las distintas partes del cuerpo. A menudo, esto provoca una par\u00e1lisis temporal. La reanudaci\u00f3n de las transmisiones nerviosas depende de la magnitud del da\u00f1o en la m\u00e9dula espinal.<\/p>\n\n\n\n<p><strong>Da\u00f1os en la m\u00e9dula espinal causados por accidentes de tr\u00e1fico<\/strong><\/p>\n\n\n\n<p><a href=\"https:\/\/www.steinberglawfirm.com\/practice-areas\/auto-accidents\/\" target=\"_blank\" rel=\"noopener\">Los accidentes de tr\u00e1fico son una de las principales causas de da\u00f1os en la m\u00e9dula espinal<\/a>. Por ejemplo, despu\u00e9s de muchos accidentes de coche, los que est\u00e1n dentro del veh\u00edculo sufren un latigazo cervical, que se produce cuando la cabeza se mueve repentina y violentamente hacia delante o hacia atr\u00e1s. Aunque el latigazo cervical por s\u00ed solo puede ser leve, puede da\u00f1ar la m\u00e9dula espinal, los huesos de la columna y los discos entre esos huesos. Otros tipos de lesiones de la m\u00e9dula espinal son la fractura de v\u00e9rtebras y la rotura o abultamiento de discos.<\/p>\n\n\n\n<p>Los s\u00edntomas de la lesi\u00f3n medular incluyen:<\/p>\n\n\n\n<ul class=\"wp-block-list\"><li>P\u00e9rdida de movimiento<\/li><li>P\u00e9rdida de control de la vejiga<\/li><li>Cambios en la funci\u00f3n sexual<\/li><li>Dolor en los nervios<\/li><li>P\u00e9rdida de sensibilidad<\/li><\/ul>\n\n\n\n<p>En algunos casos, la lesi\u00f3n medular provocar\u00e1 una par\u00e1lisis temporal o permanente. Las personas que han sufrido una lesi\u00f3n medular tras un accidente de tr\u00e1fico South Carolina deben <a href=\"https:\/\/www.steinberglawfirm.com\/contact-us\/\" target=\"_blank\" rel=\"noopener\">ponerse en contacto con un abogado especializado en lesiones para discutir su caso<\/a>.<\/p>\n\n\n\n<h2 class=\"wp-block-heading\">P\u00f3ngase en contacto con un bufete de abogados de accidentes de coche South Carolina para obtener asistencia inmediata<\/h2>\n\n\n\n<p>Si usted o un ser querido ha sufrido una lesi\u00f3n en la columna vertebral tras verse implicado en un accidente de tr\u00e1fico Charleston, <a href=\"https:\/\/www.steinberglawfirm.com\/\" target=\"_blank\" rel=\"noopener\">nuestros abogados de da\u00f1os personales<\/a> quieren ayudarle a usted y a su familia a recuperar su vida. En Steinberg Law Firm, <a href=\"https:\/\/www.steinberglawfirm.com\/practice-areas\/\" target=\"_blank\" rel=\"noopener\">representamos a clientes en todo tipo de reclamaciones por lesiones<\/a>incluyendo aquellos <a href=\"https:\/\/www.steinberglawfirm.com\/practice-areas\/auto-accidents\/back-injuries-from-car-accidents\/\" target=\"_blank\" rel=\"noopener\">que implican lesiones en la espalda<\/a>, <a href=\"https:\/\/www.steinberglawfirm.com\/practice-areas\/head-brain-and-spine-injuries\/spinal-column-injuries\/\" target=\"_blank\" rel=\"noopener\">incluyendo da\u00f1os en la m\u00e9dula espinal<\/a>. <a href=\"https:\/\/www.steinberglawfirm.com\/attorney\/\" target=\"_blank\" rel=\"noopener\">Steinberg Law Firm abogados<\/a> son tanto h\u00e1biles negociadores como agresivos litigantes, lo que significa que no se le animar\u00e1 a aceptar una oferta de acuerdo por menos de lo que merece. Para saber m\u00e1s sobre c\u00f3mo podemos ayudarle a presentar una reclamaci\u00f3n de indemnizaci\u00f3n basada en las lesiones que usted o su ser querido han sufrido, llame al (843) 720-2800, o <a href=\"https:\/\/www.steinberglawfirm.com\/contact-us\/\" target=\"_blank\" rel=\"noopener\">contacte con nosotros a trav\u00e9s de nuestro formulario online<\/a>. Representamos a clientes en Charleston y en todo South Carolina. <a href=\"https:\/\/www.steinberglawfirm.com\/free-consultation\/\" target=\"_blank\" rel=\"noopener\">Llamar es gratis<\/a>y porque <a href=\"https:\/\/www.steinberglawfirm.com\/no-fee-unless-you-win\/\" target=\"_blank\" rel=\"noopener\">ofrecemos una promesa de no pago<\/a>Usted no paga a menos que nosotros ganemos. Esperamos hablar con usted y ayudarle a usted y a su familia en el proceso de recuperaci\u00f3n.<\/p>","protected":false},"excerpt":{"rendered":"<p>South Carolina Abogados especialistas en lesiones medulares por accidente de tr\u00e1fico La m\u00e9dula espinal es una de las estructuras m\u00e1s importantes del cuerpo. Sin embargo, tambi\u00e9n es extremadamente delicada y puede da\u00f1arse f\u00e1cilmente en determinadas condiciones. El tipo de fuerzas que intervienen en un accidente de tr\u00e1fico South Carolina crean la tormenta perfecta para una lesi\u00f3n medular....<\/p>","protected":false},"author":1,"featured_media":15172,"parent":760,"menu_order":0,"comment_status":"closed","ping_status":"closed","template":"","meta":{"_acf_changed":false,"footnotes":""},"class_list":["post-11865","page","type-page","status-publish","has-post-thumbnail","hentry"],"acf":[],"_links":{"self":[{"href":"https:\/\/steinberglawfirm-staging.clmcloud.app\/es\/wp-json\/wp\/v2\/pages\/11865"}],"collection":[{"href":"https:\/\/steinberglawfirm-staging.clmcloud.app\/es\/wp-json\/wp\/v2\/pages"}],"about":[{"href":"https:\/\/steinberglawfirm-staging.clmcloud.app\/es\/wp-json\/wp\/v2\/types\/page"}],"author":[{"embeddable":true,"href":"https:\/\/steinberglawfirm-staging.clmcloud.app\/es\/wp-json\/wp\/v2\/users\/1"}],"replies":[{"embeddable":true,"href":"https:\/\/steinberglawfirm-staging.clmcloud.app\/es\/wp-json\/wp\/v2\/comments?post=11865"}],"version-history":[{"count":4,"href":"https:\/\/steinberglawfirm-staging.clmcloud.app\/es\/wp-json\/wp\/v2\/pages\/11865\/revisions"}],"predecessor-version":[{"id":19905,"href":"https:\/\/steinberglawfirm-staging.clmcloud.app\/es\/wp-json\/wp\/v2\/pages\/11865\/revisions\/19905"}],"up":[{"embeddable":true,"href":"https:\/\/steinberglawfirm-staging.clmcloud.app\/es\/wp-json\/wp\/v2\/pages\/760"}],"wp:featuredmedia":[{"embeddable":true,"href":"https:\/\/steinberglawfirm-staging.clmcloud.app\/es\/wp-json\/wp\/v2\/media\/15172"}],"wp:attachment":[{"href":"https:\/\/steinberglawfirm-staging.clmcloud.app\/es\/wp-json\/wp\/v2\/media?parent=11865"}],"curies":[{"name":"wp","href":"https:\/\/api.w.org\/{rel}","templated":true}]}}