{"id":11860,"date":"2020-06-02T20:22:24","date_gmt":"2020-06-02T20:22:24","guid":{"rendered":"https:\/\/www.steinberglawfirm.com\/?page_id=11860"},"modified":"2023-09-14T17:51:01","modified_gmt":"2023-09-14T17:51:01","slug":"back-injuries","status":"publish","type":"page","link":"https:\/\/steinberglawfirm-staging.clmcloud.app\/es\/lesiones-personales\/accidentes-de-camiones\/lesiones-de-espalda\/","title":{"rendered":"Lesiones de espalda causadas por accidentes de camiones South Carolina"},"content":{"rendered":"<h1 class=\"wp-block-heading\">South Carolina Abogados de lesiones de espalda por accidente de cami\u00f3n<\/h1>\n\n\n\n<div style=\"height:15px\" aria-hidden=\"true\" class=\"wp-block-spacer\"><\/div>\n\n\n\n<p>Ser <a href=\"https:\/\/www.steinberglawfirm.com\/practice-areas\/truck-accidents\/\" target=\"_blank\" rel=\"noopener\">involucrado en un grave accidente de cami\u00f3n South Carolina<\/a> puede dar lugar a una amplia gama de lesiones graves. Sin embargo, entre los tipos de lesiones m\u00e1s comunes se encuentran las lesiones de espalda. Seg\u00fan el tipo y el alcance de la lesi\u00f3n, <a href=\"https:\/\/www.steinberglawfirm.com\/practice-areas\/truck-accidents\/spinal-cord-injuries\/\" target=\"_blank\" rel=\"noopener\">una lesi\u00f3n en la columna vertebral<\/a> puede cambiar el curso de la vida de una v\u00edctima de accidente. Las lesiones de espalda suelen provocar una movilidad limitada, dolor de por vida y, potencialmente, par\u00e1lisis.<\/p>\n\n\n\n<p>En el Steinberg Law Firm, representamos a clientes que han sufrido lesiones graves en <a href=\"https:\/\/www.steinberglawfirm.com\/truck-accident-report\/\" target=\"_blank\" rel=\"noopener\">Accidentes de camiones South Carolina<\/a>Ayud\u00e1ndoles a recuperar una compensaci\u00f3n justa por lo que han pasado. A diferencia de otros bufetes de abogados que eligen s\u00f3lo los casos con los pagos potenciales m\u00e1s altos, nos enorgullecemos de ayudar a tantas personas como podamos a recuperar su vida despu\u00e9s de un accidente grave.<\/p>\n\n\n\n<p><strong>Tipos de lesiones de la columna vertebral<\/strong><\/p>\n\n\n\n<p>La espalda est\u00e1 formada por huesos, m\u00fasculos, ligamentos, tendones y otros tejidos, todos los cuales pueden resultar da\u00f1ados en un accidente de cami\u00f3n. Aunque muchas lesiones de la columna vertebral se curan, la gravedad de los s\u00edntomas que experimenta una v\u00edctima de un accidente depende del tipo de da\u00f1o causado a la espalda. Por ejemplo, los siguientes son tipos comunes de lesiones en la espalda en accidentes de cami\u00f3n South Carolina:<\/p>\n\n\n\n<ul class=\"wp-block-list\">\n<li><strong>Fracturas por compresi\u00f3n:<\/strong> Una fractura por compresi\u00f3n es una peque\u00f1a fisura en una o m\u00e1s v\u00e9rtebras. Las fracturas por compresi\u00f3n pueden interferir en la respiraci\u00f3n y suelen provocar un dolor persistente e insoportable.<\/li>\n\n\n\n<li><strong>Fracturas de v\u00e9rtebras:<\/strong> Las v\u00e9rtebras, o huesos de la columna vertebral, pueden romperse si se les aplica suficiente presi\u00f3n en un accidente de cami\u00f3n. A menudo, una v\u00e9rtebra fracturada puede pellizcar un nervio de la columna vertebral, o incluso da\u00f1ar permanentemente el nervio, pudiendo provocar una par\u00e1lisis.<\/li>\n\n\n\n<li><strong>Hernias de disco:<\/strong> Un disco es el tejido blando y acolchado que se encuentra entre cada v\u00e9rtebra. Cuando se aplica una fuerza excesiva a la columna vertebral, estos discos pueden romperse, romperse o abultarse. Las lesiones discales son extremadamente dolorosas y a menudo requieren un tratamiento a largo plazo.<\/li>\n\n\n\n<li><strong>Tensiones en la espalda:<\/strong> Una distensi\u00f3n de espalda es una lesi\u00f3n de los m\u00fasculos o tendones de la espalda. A menudo, una distensi\u00f3n se produce como resultado de una torsi\u00f3n, un desgarro o un tir\u00f3n muscular o tendinoso.<\/li>\n\n\n\n<li><strong>Esguinces de espalda:<\/strong> Los esguinces de espalda, aunque tienen un nombre similar al de las distensiones, se diferencian en que un esguince se refiere al estiramiento o desgarro de un ligamento. Un ligamento es una banda fibrosa resistente que conecta dos o m\u00e1s huesos y evita que la articulaci\u00f3n se extienda demasiado.<\/li>\n<\/ul>\n\n\n\n<p>Las lesiones de espalda son extremadamente comunes en los accidentes de cami\u00f3n South Carolina. Las v\u00edctimas de accidentes que han sufrido una lesi\u00f3n grave en la columna vertebral son <a href=\"https:\/\/www.steinberglawfirm.com\/contact-us\/\" target=\"_blank\" rel=\"noopener\">anima a ponerse en contacto con un abogado especializado en lesiones<\/a> para discutir su caso.<\/p>\n\n\n\n<h2 class=\"wp-block-heading\">P\u00f3ngase en contacto con el Steinberg Law Firm para la asistencia inmediata con su South Carolina reclamaci\u00f3n de accidente de cami\u00f3n<\/h2>\n\n\n\n<p>Si ha sido <a href=\"https:\/\/www.steinberglawfirm.com\/locations\/charleston\/truck-accident-lawyer\/\" data-type=\"link\" data-id=\"https:\/\/www.steinberglawfirm.com\/locations\/charleston\/truck-accident-lawyer\/\" target=\"_blank\" rel=\"noopener\">herido en un accidente de cami\u00f3n Charleston<\/a>, nuestro <a href=\"https:\/\/www.steinberglawfirm.com\/\" target=\"_blank\" rel=\"noopener\">South Carolina abogados de da\u00f1os personales<\/a> quieren ayudar. Representamos a clientes en <a href=\"https:\/\/www.steinberglawfirm.com\/practice-areas\/\" target=\"_blank\" rel=\"noopener\">todo tipo de reclamaciones por lesiones<\/a>incluyendo los que implican <a href=\"https:\/\/www.steinberglawfirm.com\/personal-injury\/truck-accidents\/semi-truck-accident-injury-attorney\/\" target=\"_blank\" rel=\"noopener\">accidentes graves de semirremolque<\/a>y otros accidentes en los que est\u00e9n implicados grandes camiones y veh\u00edculos comerciales. <a href=\"https:\/\/www.steinberglawfirm.com\/attorney\/\" target=\"_blank\" rel=\"noopener\">Nuestro equipo de abogados<\/a> son tanto h\u00e1biles negociadores como agresivos litigantes, y cambian sin problemas entre esos papeles cuando es necesario. En conjunto, tenemos <a href=\"https:\/\/www.steinberglawfirm.com\/practice-areas\/personal-injury\/\" target=\"_blank\" rel=\"noopener\">m\u00e1s de 200 a\u00f1os de experiencia en la gesti\u00f3n de casi todo tipo de casos de da\u00f1os personales imaginables<\/a>. Dada esta amplia base de experiencia, es probable que hayamos manejado un caso como el suyo. Para saber m\u00e1s sobre c\u00f3mo podemos ayudarle a reclamar una indemnizaci\u00f3n basada en las lesiones que usted o su ser querido han sufrido, <a href=\"tel:1-843-720-2800\">llame al (843) 720-2800<\/a>o <a href=\"https:\/\/www.steinberglawfirm.com\/contact-us\/\" data-type=\"link\" data-id=\"https:\/\/www.steinberglawfirm.com\/contact-us\/\" target=\"_blank\" rel=\"noopener\">contacte con nosotros a trav\u00e9s de nuestro formulario online<\/a>. Representamos a clientes en Charleston y en todo South Carolina. <a href=\"https:\/\/www.steinberglawfirm.com\/free-consultation\/\" target=\"_blank\" rel=\"noopener\">Llamar es gratis<\/a>y porque <a href=\"https:\/\/www.steinberglawfirm.com\/no-fee-unless-you-win\/\" target=\"_blank\" rel=\"noopener\">ofrecemos una promesa de no pago<\/a>Usted no paga a menos que nosotros ganemos. Esperamos hablar con usted y ayudarle a usted y a su familia en el proceso de recuperaci\u00f3n.<\/p>","protected":false},"excerpt":{"rendered":"<p>Accidente de cami\u00f3n South Carolina Abogados de lesiones de espalda Estar involucrado en un grave accidente de cami\u00f3n South Carolina puede resultar en una amplia gama de lesiones graves. Sin embargo, entre los tipos de lesiones m\u00e1s comunes se encuentran las lesiones de espalda. Dependiendo del tipo y la extensi\u00f3n de la lesi\u00f3n, una lesi\u00f3n en la columna vertebral puede cambiar el curso de un accidente...<\/p>","protected":false},"author":1,"featured_media":19966,"parent":175,"menu_order":0,"comment_status":"closed","ping_status":"closed","template":"","meta":{"_acf_changed":false,"footnotes":""},"class_list":["post-11860","page","type-page","status-publish","has-post-thumbnail","hentry"],"acf":[],"_links":{"self":[{"href":"https:\/\/steinberglawfirm-staging.clmcloud.app\/es\/wp-json\/wp\/v2\/pages\/11860"}],"collection":[{"href":"https:\/\/steinberglawfirm-staging.clmcloud.app\/es\/wp-json\/wp\/v2\/pages"}],"about":[{"href":"https:\/\/steinberglawfirm-staging.clmcloud.app\/es\/wp-json\/wp\/v2\/types\/page"}],"author":[{"embeddable":true,"href":"https:\/\/steinberglawfirm-staging.clmcloud.app\/es\/wp-json\/wp\/v2\/users\/1"}],"replies":[{"embeddable":true,"href":"https:\/\/steinberglawfirm-staging.clmcloud.app\/es\/wp-json\/wp\/v2\/comments?post=11860"}],"version-history":[{"count":5,"href":"https:\/\/steinberglawfirm-staging.clmcloud.app\/es\/wp-json\/wp\/v2\/pages\/11860\/revisions"}],"predecessor-version":[{"id":26983,"href":"https:\/\/steinberglawfirm-staging.clmcloud.app\/es\/wp-json\/wp\/v2\/pages\/11860\/revisions\/26983"}],"up":[{"embeddable":true,"href":"https:\/\/steinberglawfirm-staging.clmcloud.app\/es\/wp-json\/wp\/v2\/pages\/175"}],"wp:featuredmedia":[{"embeddable":true,"href":"https:\/\/steinberglawfirm-staging.clmcloud.app\/es\/wp-json\/wp\/v2\/media\/19966"}],"wp:attachment":[{"href":"https:\/\/steinberglawfirm-staging.clmcloud.app\/es\/wp-json\/wp\/v2\/media?parent=11860"}],"curies":[{"name":"wp","href":"https:\/\/api.w.org\/{rel}","templated":true}]}}