{"id":11847,"date":"2020-06-02T20:14:21","date_gmt":"2020-06-02T20:14:21","guid":{"rendered":"https:\/\/www.steinberglawfirm.com\/?page_id=11847"},"modified":"2022-10-19T21:14:41","modified_gmt":"2022-10-19T21:14:41","slug":"scooter-accidents","status":"publish","type":"page","link":"https:\/\/steinberglawfirm-staging.clmcloud.app\/es\/lesiones-personales\/accidentes-de-scooter\/","title":{"rendered":"Accidentes con scooters el\u00e9ctricos"},"content":{"rendered":"<h1 class=\"wp-block-heading\">South Carolina Abogado de accidente de scooter el\u00e9ctrico<\/h1>\n\n\n\n<p>En South Carolina, <a href=\"https:\/\/www.steinberglawfirm.com\/practice-areas\/motorcycle-accidents\/\" target=\"_blank\" rel=\"noopener\">los scooters reciben un trato similar al de las motocicletas<\/a>. Por el tama\u00f1o de su motor, los scooters pueden circular por las mismas carreteras que las motocicletas y otros veh\u00edculos. Aunque los scooters y los autom\u00f3viles deben obedecer las mismas leyes de tr\u00e1fico, a veces los automovilistas son negligentes en el manejo de sus coches. Un conductor puede provocar una colisi\u00f3n con un conductor de scooter, lo que puede provocar lesiones y da\u00f1os graves.<\/p>\n\n\n\n<p>Porque los scooters tienen una limitaci\u00f3n de velocidad, <a href=\"https:\/\/www.steinberglawfirm.com\/practice-areas\/auto-accidents\/\" target=\"_blank\" rel=\"noopener\">accidentes en los que est\u00e1n implicados un scooter y un veh\u00edculo grande, como un coche<\/a>son comunes. Adem\u00e1s, dado que los scooters no ofrecen la misma protecci\u00f3n que los coches, los accidentes de scooter suelen provocar lesiones graves al conductor del scooter y a sus pasajeros.&nbsp;<\/p>\n\n\n\n<p>Una colisi\u00f3n entre un scooter y un autom\u00f3vil puede provocar da\u00f1os y lesiones graves. Si usted o su ser querido se lesion\u00f3 en un accidente de scooter debido a la negligencia de un automovilista culpable, <a href=\"https:\/\/www.steinberglawfirm.com\/contact-us\/\" target=\"_blank\" rel=\"noopener\">p\u00f3ngase en contacto con los experimentados abogados de accidentes del Steinberg Law Firm hoy mismo<\/a> en <a href=\"tel:1-843-720-2800\">(843) 720-2800<\/a>.<\/p>\n\n\n\n<h3 class=\"wp-block-heading\">Qu\u00e9 son los scooters<\/h3>\n\n\n\n<p>Los scooters se clasifican entre un ciclomotor y una motocicleta. Seg\u00fan la ley South Carolina, un veh\u00edculo se considera un scooter cuando cumple los siguientes requisitos:&nbsp;<\/p>\n\n\n\n<ul class=\"wp-block-list\"><li>Tiene dos o tres ruedas<\/li><li>Motor de m\u00e1s de 50cc\/2 caballos y hasta 250cc<\/li><li>No debe poder viajar a una velocidad superior a 75 mph<\/li><\/ul>\n\n\n\n<p>Seg\u00fan la ley South Carolina, los scooters est\u00e1n regulados de la misma manera que las motocicletas. Los scooters tienen que estar registrados y los conductores deben tener un seguro.&nbsp; &nbsp;<\/p>\n\n\n\n<h3 class=\"wp-block-heading\">South Carolina Accidentes de Scooter<\/h3>\n\n\n\n<p>Al igual que los dem\u00e1s autom\u00f3viles, los scooters deben seguir las mismas normas de circulaci\u00f3n. Los conductores de scooters tienen el deber de obedecer todas las leyes de tr\u00e1fico. Sin embargo, la mayor\u00eda de los accidentes que involucran a los scooters son causados por otros conductores. Los conductores de autom\u00f3viles pueden no ver un scooter debido a su menor tama\u00f1o. A menudo, un scooter ser\u00e1 invisible en los puntos ciegos de un coche. Debido a la diferencia de tama\u00f1o y velocidad entre los coches y los scooters, los accidentes de scooter a menudo terminan en da\u00f1os sustanciales y lesiones graves.&nbsp;<\/p>\n\n\n\n<h3 class=\"wp-block-heading\">Causas de los accidentes de scooter&nbsp;<\/h3>\n\n\n\n<p>Las colisiones de tr\u00e1fico son habituales en las carreteras South Carolina. Cuando se produce un accidente entre un veh\u00edculo de motor y un scooter, a menudo es el resultado de la negligencia de los otros conductores y no del operador del scooter. Los conductores tienen el deber de cuidar a todos los dem\u00e1s ocupantes de las carreteras y autopistas. Si los conductores no cumplen con este deber, pueden ser considerados responsables de los da\u00f1os y lesiones en caso de un accidente causado por su negligencia.&nbsp;<\/p>\n\n\n\n<p>Algunas de las causas m\u00e1s comunes de los accidentes de scooter son:<\/p>\n\n\n\n<ul class=\"wp-block-list\"><li>Giros inseguros&nbsp;<\/li><li>Conducci\u00f3n negligente del autom\u00f3vil o cami\u00f3n<\/li><li>Cambios de carril inseguros<\/li><li>Conducir o montar demasiado cerca&nbsp;<\/li><li>Exceso de velocidad&nbsp;<\/li><li>Conducci\u00f3n distra\u00edda<\/li><\/ul>\n\n\n\n<h3 class=\"wp-block-heading\">Lesiones por accidente de scooter<\/h3>\n\n\n\n<p>Los conductores de scooters no tienen una cubierta protectora. Por ello, las lesiones derivadas de los accidentes de scooter suelen ser terribles. Aunque los cascos ofrecen cierto grado de protecci\u00f3n, el South Carolina s\u00f3lo obliga a los conductores y pilotos menores de 21 a\u00f1os a llevar uno.&nbsp;<\/p>\n\n\n\n<p>Adem\u00e1s, los coches y otros veh\u00edculos grandes no s\u00f3lo son m\u00e1s pesados, sino que tambi\u00e9n son mucho m\u00e1s r\u00e1pidos. Por lo tanto, el impacto de un choque entre un coche y un scooter contribuir\u00e1 a la gravedad de los da\u00f1os y lesiones.&nbsp;<\/p>\n\n\n\n<p>Las lesiones provocadas por los accidentes de scooter pueden ir desde peque\u00f1os cortes hasta amputaciones, pasando por la muerte. A continuaci\u00f3n se presenta una lista de las lesiones m\u00e1s frecuentes que sufren los conductores de scooters y sus pasajeros:&nbsp;<\/p>\n\n\n\n<ul class=\"wp-block-list\"><li>Moretones<\/li><li>Cortes<\/li><li>Huesos rotos<\/li><li>Lesiones craneales o cerebrales<\/li><li>Lesi\u00f3n de espalda<\/li><li>Amputaciones<\/li><li>Par\u00e1lisis<\/li><li>Muerte<\/li><\/ul>\n\n\n\n<h3 class=\"wp-block-heading\">Indemnizaci\u00f3n por accidente de moto&nbsp;<\/h3>\n\n\n\n<p>Despu\u00e9s de ser herido en un accidente de scooter, usted puede tener lesiones y da\u00f1os graves. El tratamiento y la recuperaci\u00f3n del accidente pueden hacer que tenga facturas m\u00e9dicas abrumadoras. Tambi\u00e9n puede ser incapaz de trabajar o continuar con sus actividades diarias.<\/p>\n\n\n\n<p>Puede presentar una demanda para solicitar una indemnizaci\u00f3n por sus lesiones y p\u00e9rdidas. Usted puede tener derecho a recibir da\u00f1os por lo siguiente:<\/p>\n\n\n\n<ul class=\"wp-block-list\"><li>Dolor y sufrimiento<\/li><li>Angustia emocional<\/li><li>Angustia mental<\/li><li>Factura m\u00e9dica<\/li><li>Tratamiento m\u00e9dico<\/li><li>Da\u00f1os punitivos<\/li><li>Salarios perdidos<\/li><li>P\u00e9rdida de la capacidad de ganancia<\/li><\/ul>\n\n\n\n<h2 class=\"wp-block-heading\">South Carolina Abogados de accidentes de scooters el\u00e9ctricos<\/h2>\n\n\n\n<p>Si usted o un ser querido se ha lesionado o ha fallecido en un accidente de scooter, p\u00f3ngase en contacto con la <a href=\"https:\/\/www.steinberglawfirm.com\/\" target=\"_blank\" rel=\"noopener\">abogados experimentados y conocedores del South Carolina en el Steinberg Law Firm<\/a> hoy. Representamos a clientes en <a href=\"https:\/\/www.steinberglawfirm.com\/practice-areas\/\" target=\"_blank\" rel=\"noopener\">todo tipo de reclamaciones por lesiones<\/a>incluyendo los accidentes con scooters. <a href=\"https:\/\/www.steinberglawfirm.com\/attorney\/\" target=\"_blank\" rel=\"noopener\">Nuestros abogados tienen m\u00e1s de 200 a\u00f1os de experiencia colectiva<\/a> manejo p<a href=\"https:\/\/www.steinberglawfirm.com\/practice-areas\/personal-injury\/\" target=\"_blank\" rel=\"noopener\">os casos de da\u00f1os personales<\/a>. Para saber m\u00e1s sobre c\u00f3mo podemos ayudarle a reclamar una indemnizaci\u00f3n basada en las lesiones catastr\u00f3ficas que usted o su ser querido han sufrido, <a href=\"https:\/\/www.steinberglawfirm.com\/contact-us\/\" target=\"_blank\" rel=\"noopener\">contacto con nosotros<\/a> en <a href=\"tel:1-843-720-2800\">(843) 720-2800<\/a> a <a href=\"https:\/\/www.steinberglawfirm.com\/free-consultation\/\" target=\"_blank\" rel=\"noopener\">programar una consulta gratuita<\/a>. Representamos a clientes en Charleston y en todo South Carolina. La llamada es gratuita, y porque <a href=\"https:\/\/www.steinberglawfirm.com\/no-fee-unless-you-win\/\" target=\"_blank\" rel=\"noopener\">ofrecemos una promesa de no pago<\/a>No pagas a menos que ganemos.<\/p>","protected":false},"excerpt":{"rendered":"<p>South Carolina Abogado de accidentes de scooters el\u00e9ctricos En South Carolina, los scooters son tratados de forma similar a las motocicletas. Por el tama\u00f1o de su motor, los scooters pueden circular por las mismas carreteras que las motocicletas y otros veh\u00edculos. Aunque los scooters y los autom\u00f3viles deben obedecer las mismas leyes de tr\u00e1fico, a veces los automovilistas son negligentes en la operaci\u00f3n de sus coches. Un conductor puede...<\/p>","protected":false},"author":1,"featured_media":22699,"parent":565,"menu_order":0,"comment_status":"closed","ping_status":"closed","template":"","meta":{"_acf_changed":false,"footnotes":""},"class_list":["post-11847","page","type-page","status-publish","has-post-thumbnail","hentry"],"acf":[],"_links":{"self":[{"href":"https:\/\/steinberglawfirm-staging.clmcloud.app\/es\/wp-json\/wp\/v2\/pages\/11847"}],"collection":[{"href":"https:\/\/steinberglawfirm-staging.clmcloud.app\/es\/wp-json\/wp\/v2\/pages"}],"about":[{"href":"https:\/\/steinberglawfirm-staging.clmcloud.app\/es\/wp-json\/wp\/v2\/types\/page"}],"author":[{"embeddable":true,"href":"https:\/\/steinberglawfirm-staging.clmcloud.app\/es\/wp-json\/wp\/v2\/users\/1"}],"replies":[{"embeddable":true,"href":"https:\/\/steinberglawfirm-staging.clmcloud.app\/es\/wp-json\/wp\/v2\/comments?post=11847"}],"version-history":[{"count":6,"href":"https:\/\/steinberglawfirm-staging.clmcloud.app\/es\/wp-json\/wp\/v2\/pages\/11847\/revisions"}],"predecessor-version":[{"id":22710,"href":"https:\/\/steinberglawfirm-staging.clmcloud.app\/es\/wp-json\/wp\/v2\/pages\/11847\/revisions\/22710"}],"up":[{"embeddable":true,"href":"https:\/\/steinberglawfirm-staging.clmcloud.app\/es\/wp-json\/wp\/v2\/pages\/565"}],"wp:featuredmedia":[{"embeddable":true,"href":"https:\/\/steinberglawfirm-staging.clmcloud.app\/es\/wp-json\/wp\/v2\/media\/22699"}],"wp:attachment":[{"href":"https:\/\/steinberglawfirm-staging.clmcloud.app\/es\/wp-json\/wp\/v2\/media?parent=11847"}],"curies":[{"name":"wp","href":"https:\/\/api.w.org\/{rel}","templated":true}]}}