{"id":11841,"date":"2020-06-02T19:27:43","date_gmt":"2020-06-02T19:27:43","guid":{"rendered":"https:\/\/www.steinberglawfirm.com\/?page_id=11841"},"modified":"2022-04-20T19:43:19","modified_gmt":"2022-04-20T19:43:19","slug":"zantac-ranitidine-lawsuit","status":"publish","type":"page","link":"https:\/\/steinberglawfirm-staging.clmcloud.app\/es\/lesiones-personales\/productos-peligrosos\/drogas-peligrosas\/zantac-ranitidine-lawsuit\/","title":{"rendered":"Abogados de la demanda de Zantac"},"content":{"rendered":"<h1 class=\"wp-block-heading\">South Carolina Abogados de la demanda de Zantac<\/h1>\n\n\n\n<div style=\"height:15px\" aria-hidden=\"true\" class=\"wp-block-spacer\"><\/div>\n\n\n\n<p>La ranitidina es un f\u00e1rmaco utilizado para tratar y prevenir las \u00falceras de est\u00f3mago y otras afecciones asociadas a la sobreproducci\u00f3n de \u00e1cido estomacal. Zantac es un popular medicamento de ranitidina disponible con receta y sin ella. Zantac es ampliamente recomendado por los profesionales de la medicina y utilizado regularmente por muchos. Aunque anteriormente se cre\u00eda que era seguro, se ha descubierto que el uso regular de medicamentos con ranitidina como Zantac podr\u00eda estar relacionado con ciertas formas de c\u00e1ncer.<\/p>\n\n\n\n<p>A la luz de esta informaci\u00f3n, el <a href=\"https:\/\/www.fda.gov\/news-events\/press-announcements\/fda-requests-removal-all-ranitidine-products-zantac-market\" target=\"_blank\" rel=\"noopener\">La Administraci\u00f3n de Alimentos y Medicamentos de EE.UU. (FDA) recomend\u00f3<\/a> que se retiren del mercado todos los medicamentos con ranitidina. Si usted o un ser querido cree que el diagn\u00f3stico de c\u00e1ncer est\u00e1 relacionado con el uso regular de Zantac, puede emprender acciones legales. <a href=\"https:\/\/www.steinberglawfirm.com\/contact-us\/\" target=\"_blank\" rel=\"noopener\">Contactar con un abogado<\/a> en el <a href=\"https:\/\/www.steinberglawfirm.com\/\" target=\"_blank\" rel=\"noopener\">Steinberg Law Firm<\/a> para discutir los detalles de su caso y ver si tiene derecho a una indemnizaci\u00f3n.<\/p>\n\n\n\n<h2 class=\"wp-block-heading\">Zantac y el c\u00e1ncer<\/h2>\n\n\n\n<p>Zantac y otros medicamentos de ranitidina contienen peque\u00f1as cantidades del carcin\u00f3geno N-nitrosodimetilamina (NDMA). El nivel de riesgo para los usuarios de Zantac se est\u00e1 investigando actualmente; sin embargo, el NDMA es un contaminante ambiental conocido y un probable carcin\u00f3geno humano. Puede causar da\u00f1os en el h\u00edgado, hemorragias internas y aumenta el riesgo de muerte en las personas expuestas. Se encuentra en el suministro de agua y en alimentos como carnes curadas, productos l\u00e1cteos y verduras.<\/p>\n\n\n\n<p>Una demanda colectiva presentada en California alega que los fabricantes de Zantac eran conscientes de las pruebas cient\u00edficas que demostraban la relaci\u00f3n entre la NDMA y el c\u00e1ncer y no advirtieron debidamente a los usuarios del medicamento del peligro que entra\u00f1aba. La demanda alega que un comprimido de Zantac contiene una cantidad de NDMA muy superior a la cantidad diaria m\u00e1xima aceptable que se puede consumir, que es de 100 nanogramos.<\/p>\n\n\n\n<p>Los niveles de NDMA en la ranitidina se consideran bajos, pero la FDA est\u00e1 estudiando el efecto de una mayor exposici\u00f3n regular. La FDA ya recomend\u00f3 la retirada de otros medicamentos utilizados para tratar la hipertensi\u00f3n arterial y las afecciones card\u00edacas que tambi\u00e9n contienen NDMA.<\/p>","protected":false},"excerpt":{"rendered":"<p>South Carolina Abogados de la demanda de Zantac La ranitidina es un medicamento utilizado para tratar y prevenir las \u00falceras estomacales y otras condiciones asociadas con la sobreproducci\u00f3n de \u00e1cido estomacal. Zantac es un popular medicamento de ranitidina disponible con receta y sin receta. Zantac es ampliamente recomendado por los profesionales de la medicina y utilizado regularmente por muchos. Aunque antiguamente se cre\u00eda que...<\/p>","protected":false},"author":1,"featured_media":20368,"parent":2251,"menu_order":0,"comment_status":"closed","ping_status":"closed","template":"","meta":{"_acf_changed":false,"footnotes":""},"class_list":["post-11841","page","type-page","status-publish","has-post-thumbnail","hentry"],"acf":[],"_links":{"self":[{"href":"https:\/\/steinberglawfirm-staging.clmcloud.app\/es\/wp-json\/wp\/v2\/pages\/11841"}],"collection":[{"href":"https:\/\/steinberglawfirm-staging.clmcloud.app\/es\/wp-json\/wp\/v2\/pages"}],"about":[{"href":"https:\/\/steinberglawfirm-staging.clmcloud.app\/es\/wp-json\/wp\/v2\/types\/page"}],"author":[{"embeddable":true,"href":"https:\/\/steinberglawfirm-staging.clmcloud.app\/es\/wp-json\/wp\/v2\/users\/1"}],"replies":[{"embeddable":true,"href":"https:\/\/steinberglawfirm-staging.clmcloud.app\/es\/wp-json\/wp\/v2\/comments?post=11841"}],"version-history":[{"count":2,"href":"https:\/\/steinberglawfirm-staging.clmcloud.app\/es\/wp-json\/wp\/v2\/pages\/11841\/revisions"}],"predecessor-version":[{"id":20399,"href":"https:\/\/steinberglawfirm-staging.clmcloud.app\/es\/wp-json\/wp\/v2\/pages\/11841\/revisions\/20399"}],"up":[{"embeddable":true,"href":"https:\/\/steinberglawfirm-staging.clmcloud.app\/es\/wp-json\/wp\/v2\/pages\/2251"}],"wp:featuredmedia":[{"embeddable":true,"href":"https:\/\/steinberglawfirm-staging.clmcloud.app\/es\/wp-json\/wp\/v2\/media\/20368"}],"wp:attachment":[{"href":"https:\/\/steinberglawfirm-staging.clmcloud.app\/es\/wp-json\/wp\/v2\/media?parent=11841"}],"curies":[{"name":"wp","href":"https:\/\/api.w.org\/{rel}","templated":true}]}}