{"id":11334,"date":"2020-05-04T22:31:40","date_gmt":"2020-05-04T22:31:40","guid":{"rendered":"https:\/\/www.steinberglawfirm.com\/?page_id=11334"},"modified":"2020-05-04T22:56:06","modified_gmt":"2020-05-04T22:56:06","slug":"accessibility","status":"publish","type":"page","link":"https:\/\/steinberglawfirm-staging.clmcloud.app\/es\/accesibilidad\/","title":{"rendered":"Declaraci\u00f3n de accesibilidad"},"content":{"rendered":"<h1 class=\"wp-block-heading\">Declaraci\u00f3n de accesibilidad para&nbsp;<a href=\"https:\/\/www.steinberglawfirm.com\/\" target=\"_blank\" rel=\"noreferrer noopener\">www.steinberglawfirm.com<\/a><\/h1>\n\n\n\n<p>EqualWeb se compromete a promover la accesibilidad digital de las personas con discapacidad. Mejoramos continuamente la experiencia del usuario para todos y aplicamos las normas de accesibilidad WCAG 2.1 pertinentes.<\/p>\n\n\n\n<h2 class=\"wp-block-heading\">Estado de conformidad<\/h2>\n\n\n\n<p>Este sitio web ha llevado a cabo un proceso de implantaci\u00f3n de una herramienta de accesibilidad autom\u00e1tica para ajustarse al m\u00e1ximo a las normas establecidas por las WCAG 2.1 (<a href=\"https:\/\/www.w3.org\/TR\/WCAG21\/\" target=\"_blank\" rel=\"noreferrer noopener\">Directrices de Accesibilidad al Contenido en la Web 2.1<\/a>) en el nivel AA.<\/p>\n\n\n\n<h2 class=\"wp-block-heading\">Medidas adoptadas para hacer este sitio web m\u00e1s accesible<\/h2>\n\n\n\n<p>La herramienta de accesibilidad autom\u00e1tica de Equalweb aplica las siguientes medidas a los sitios web en los que est\u00e1 instalada:<\/p>\n\n\n\n<ul class=\"wp-block-list\"><li>Activar la navegaci\u00f3n por teclado<\/li><li>Fuentes - Posibilidad de aumentar y disminuir la fuente del sitio, ajustar, alinear, etc.<\/li><li>Cambia el contraste de color en funci\u00f3n del fondo oscuro.<\/li><li>Cambia el contraste de color en funci\u00f3n de un fondo claro.<\/li><li>Cambiar los colores del sitio.<\/li><li>Opci\u00f3n de combinaci\u00f3n y monocrom\u00e1tica para dalt\u00f3nicos.<\/li><li>Cambia el tipo de letra para facilitar la lectura.<\/li><li>Aumenta el cursor y cambia su color a blanco o negro.<\/li><li>Aumente la visualizaci\u00f3n a 200%.<\/li><li>Destacar los enlaces en el sitio.<\/li><li>Resaltar las cabeceras en el sitio.<\/li><li>Mostrar una descripci\u00f3n alternativa de las im\u00e1genes.<\/li><li>Aumenta el contenido elegido por el cursor, mostrado en un tooltip.<\/li><li>Describir palabras mediante la selecci\u00f3n del rat\u00f3n.<\/li><li>Muestra el contenido del sitio en una nueva ventana de forma clara y legible.<\/li><li>Permite a los usuarios escribir los contenidos con el rat\u00f3n.<\/li><li>Detiene el parpadeo y la intermitencia de los elementos en movimiento<\/li><\/ul>\n\n\n\n<h2 class=\"wp-block-heading\">Compatibilidad con navegadores y tecnolog\u00eda de asistencia<\/h2>\n\n\n\n<p>Nuestro objetivo es ser capaces de soportar la m\u00e1s amplia gama de navegadores y tecnolog\u00edas de asistencia como sea posible. Por lo tanto, hemos invertido esfuerzos para dar soporte a los sistemas m\u00e1s populares con una alta cuota de mercado, incluyendo Safari, Chrome, Edge, Internet Explorer, Firefox y Opera. Tambi\u00e9n hemos abordado las tecnolog\u00edas de asistencia JAWS y NVDA para Windows y MAC.<\/p>\n\n\n\n<h2 class=\"wp-block-heading\">Especificaciones t\u00e9cnicas<\/h2>\n\n\n\n<p>La accesibilidad de este sitio web depende de las siguientes tecnolog\u00edas para funcionar con la combinaci\u00f3n particular de navegador web y cualquier tecnolog\u00eda de asistencia o plugins instalados en su ordenador:<\/p>\n\n\n\n<ul class=\"wp-block-list\"><li>HTML<\/li><li>WAI-ARIA<\/li><li>CSS<\/li><li>JavaScript<\/li><\/ul>\n\n\n\n<p>Estas tecnolog\u00edas se basan en la conformidad con las normas de accesibilidad utilizadas.<\/p>\n\n\n\n<h2 class=\"wp-block-heading\">Notas, comentarios y opiniones:<\/h2>\n\n\n\n<p>A pesar de nuestros esfuerzos por hacer que este sitio web sea accesible para el mayor n\u00famero de personas posible, es posible que algunas p\u00e1ginas o secciones de este sitio web a\u00fan no sean totalmente accesibles, por diversas razones. Nos dedicamos a seguir mejorando las caracter\u00edsticas de accesibilidad y la interfaz de nuestro producto.<\/p>\n\n\n\n<p><br>Si ha encontrado un mal funcionamiento relacionado con la accesibilidad o un error en este sitio web, o si quiere sugerir una mejora o una nueva funci\u00f3n, le invitamos a que se ponga en contacto con nosotros. Puede ponerse en contacto con nosotros utilizando el bot\u00f3n \"Comentarios\" y rellenando el formulario. Tambi\u00e9n puede ponerse en contacto con nosotros por correo electr\u00f3nico en\u00a0<a href=\"mailto:Support@equalweb.com\">Support@equalweb.com<\/a>. Su informaci\u00f3n ser\u00e1 tratada de acuerdo con nuestra pol\u00edtica de privacidad, que se puede encontrar\u00a0<a rel=\"noreferrer noopener\" href=\"https:\/\/www.equalweb.com\/html5\/sbs.py?_id=8615&amp;did=1116&amp;G=\" target=\"_blank\">aqu\u00ed<\/a>.<br>Nuestro objetivo es responder a los comentarios sobre accesibilidad en un plazo de 7 d\u00edas laborables y proponer una soluci\u00f3n en un plazo de 30 d\u00edas laborables.<\/p>\n\n\n\n<p><\/p>","protected":false},"excerpt":{"rendered":"<p>Declaraci\u00f3n de accesibilidad para www.steinberglawfirm.com EqualWeb se compromete a promover la accesibilidad digital para las personas con discapacidad. Estamos mejorando continuamente la experiencia del usuario para todos, y aplicando las normas de accesibilidad WCAG 2.1 pertinentes. Estado de conformidad Este sitio web ha llevado a cabo un proceso de implementaci\u00f3n de una herramienta de accesibilidad autom\u00e1tica para ajustarse al m\u00e1ximo a las normas...<\/p>","protected":false},"author":1,"featured_media":0,"parent":0,"menu_order":0,"comment_status":"closed","ping_status":"closed","template":"","meta":{"_acf_changed":false,"footnotes":""},"class_list":["post-11334","page","type-page","status-publish","hentry"],"acf":[],"_links":{"self":[{"href":"https:\/\/steinberglawfirm-staging.clmcloud.app\/es\/wp-json\/wp\/v2\/pages\/11334"}],"collection":[{"href":"https:\/\/steinberglawfirm-staging.clmcloud.app\/es\/wp-json\/wp\/v2\/pages"}],"about":[{"href":"https:\/\/steinberglawfirm-staging.clmcloud.app\/es\/wp-json\/wp\/v2\/types\/page"}],"author":[{"embeddable":true,"href":"https:\/\/steinberglawfirm-staging.clmcloud.app\/es\/wp-json\/wp\/v2\/users\/1"}],"replies":[{"embeddable":true,"href":"https:\/\/steinberglawfirm-staging.clmcloud.app\/es\/wp-json\/wp\/v2\/comments?post=11334"}],"version-history":[{"count":0,"href":"https:\/\/steinberglawfirm-staging.clmcloud.app\/es\/wp-json\/wp\/v2\/pages\/11334\/revisions"}],"wp:attachment":[{"href":"https:\/\/steinberglawfirm-staging.clmcloud.app\/es\/wp-json\/wp\/v2\/media?parent=11334"}],"curies":[{"name":"wp","href":"https:\/\/api.w.org\/{rel}","templated":true}]}}