{"id":11327,"date":"2020-05-01T18:00:55","date_gmt":"2020-05-01T18:00:55","guid":{"rendered":"https:\/\/www.steinberglawfirm.com\/?page_id=11327"},"modified":"2022-04-27T21:49:06","modified_gmt":"2022-04-27T21:49:06","slug":"healthcare-employee","status":"publish","type":"page","link":"https:\/\/steinberglawfirm-staging.clmcloud.app\/es\/indemnizacion-de-los-trabajadores\/abogado-especialista-en-enfermedades-profesionales\/sanitario-empleado\/","title":{"rendered":"South Carolina Abogado de Enfermedades Profesionales de Empleados de la Salud"},"content":{"rendered":"<h1 class=\"wp-block-heading\"><strong>South Carolina Abogado de Enfermedades Profesionales de Empleados de la Salud<\/strong><\/h1>\n\n\n\n<p><a href=\"https:\/\/www.steinberglawfirm.com\/blog\/healthcare-workers-exposed-to-covid-19\/\" class=\"aioseop-link\" target=\"_blank\" rel=\"noopener\">El personal sanitario se pone desinteresadamente en primera l\u00ednea de la lucha contra el coronavirus, con gran riesgo para su propia salud y seguridad<\/a>. Si no fuera por estos valientes individuos, el coronavirus se cobrar\u00eda sin duda muchas m\u00e1s vidas en todo South Carolina el mundo. Desgraciadamente, <a href=\"https:\/\/www.steinberglawfirm.com\/blog\/healthcare-workers-getting-sicker-from-coronavirus-than-others-due-to-the-nature-of-their-work\/\" class=\"aioseop-link\" target=\"_blank\" rel=\"noopener\">El personal sanitario de Estados Unidos est\u00e1 contrayendo el coronavirus o COVID-19 a un ritmo alarmante<\/a>. Se desconoce el n\u00famero exacto de trabajadores sanitarios que han contra\u00eddo el COVID-19 o que han muerto a causa del virus, porque el Estado no hace un seguimiento de esta informaci\u00f3n. Seg\u00fan un art\u00edculo de la CNN escrito por Kent Sepkowitz, hasta ahora el coronavirus ha infectado al menos a <a href=\"https:\/\/www.cnn.com\/2020\/04\/15\/opinions\/health-care-deaths-sepkowitz-opinion\/index.html\" target=\"_blank\" rel=\"noopener\">9.200 trabajadores sanitarios<\/a> en todo Estados Unidos. Sin embargo, los funcionarios de salud p\u00fablica creen que el n\u00famero real de trabajadores infectados es mucho mayor debido a la falta de pruebas. Lo que s\u00ed se sabe es que muchos de estos casos podr\u00edan haberse evitado si los hospitales hubieran estado mejor preparados.<\/p>\n\n\n\n<p><strong>El personal sanitario corre mayor riesgo de contraer el coronavirus que otras profesiones<\/strong><\/p>\n\n\n\n<ul class=\"wp-block-list\"><li>Hay 2.951.960 enfermeras registradas en Estados Unidos<ul><li>El 93% de las enfermeras est\u00e1n expuestas a enfermedades a lo largo de su jornada laboral<ul><li>Por t\u00e9rmino medio, s\u00f3lo el 19,9% de los trabajadores no sanitarios est\u00e1n expuestos a enfermedades a lo largo de su jornada.<\/li><\/ul><\/li><li>El 98,4 por ciento de los enfermeros tiene frecuentes interacciones cara a cara con los dem\u00e1s.<ul><li>Por t\u00e9rmino medio, s\u00f3lo el 85,3% de los trabajadores no sanitarios tienen una interacci\u00f3n frecuente con otras personas a lo largo de su jornada.<\/li><\/ul><\/li><\/ul><\/li><li>Al menos el 12% de los trabajadores esenciales carecen de asistencia sanitaria.<ul><li>Centros de atenci\u00f3n m\u00e9dica ambulatoria: el 89,8% de los empleados tiene seguro m\u00e9dico<\/li><li>Hospitales: el 95,9% de los empleados tiene seguro m\u00e9dico<\/li><li>Centros de enfermer\u00eda y residencias: el 86,9% de los empleados tiene seguro m\u00e9dico<\/li><\/ul><\/li><\/ul>\n\n\n\n<p><strong>\u00bfQu\u00e9 es el Coronavirus?<\/strong><\/p>\n\n\n\n<p><a href=\"https:\/\/www.steinberglawfirm.com\/coronavirus-covid-19-resource-guide\/\" class=\"aioseop-link\" target=\"_blank\" rel=\"noopener\">COVID-19 es una enfermedad infecciosa<\/a> Se propaga principalmente por el aire. Cuando una persona infectada tose, estornuda o habla, libera peque\u00f1as gotas en el aire. Estas gotitas pueden contener el virus y, si otra persona las respira, puede contraer el virus. El COVID-19 tambi\u00e9n puede propagarse cuando una persona no infectada toca una superficie infectada y luego se toca los ojos, la nariz o la boca.<\/p>\n\n\n\n<p><strong>\u00bfCu\u00e1les son los s\u00edntomas de la COVID-19?<\/strong><\/p>\n\n\n\n<p>Los s\u00edntomas del coronavirus son similares a los de la gripe, e incluyen tos seca, fiebre, dolores, p\u00e9rdida del gusto y del olfato y, en casos graves, dificultad para respirar.<\/p>\n\n\n\n<p><strong>\u00bfQui\u00e9n corre el riesgo de contraer el Coronavirus?<\/strong><\/p>\n\n\n\n<p>Los expertos creen que todo el mundo es susceptible de contraer el coronavirus (COVID-19), y nadie es inmune. Cualquiera que contraiga el COVID-19 corre el riesgo de sufrir lesiones graves o de morir. Sin embargo, muchas de las personas j\u00f3venes y sanas se recuperar\u00e1n si se infectan. Dicho esto, incluso una persona por lo dem\u00e1s sana puede enfermar y podr\u00eda necesitar ser hospitalizada antes de recuperarse. Aunque el n\u00famero de casos es menor, incluso personas j\u00f3venes y sanas han muerto a causa del coronavirus. La enfermedad presenta un mayor riesgo para los mayores de 60 a\u00f1os, los que tienen el sistema inmunitario debilitado y las personas con ciertas afecciones preexistentes. Las condiciones preexistentes problem\u00e1ticas incluyen:<\/p>\n\n\n\n<ul class=\"wp-block-list\"><li>Enfermedades del h\u00edgado<\/li><li>Enfermedad renal<\/li><li>VIH<\/li><li>Asma<\/li><li>Enfermedades del coraz\u00f3n<\/li><li>Afecciones pulmonares<\/li><li>Obesidad<\/li><li>Diabetes<\/li><\/ul>\n\n\n\n<p><strong>Protecci\u00f3n contra la propagaci\u00f3n de COVID-19<\/strong><\/p>\n\n\n\n<p>COVID-19 se propaga tanto por el aire como por el contacto f\u00edsico. La Organizaci\u00f3n Mundial de la Salud recomienda que, para combatir la propagaci\u00f3n de la enfermedad, todo el mundo:<\/p>\n\n\n\n<ul class=\"wp-block-list\"><li>Lavarse las manos regularmente durante al menos 20 segundos con agua y jab\u00f3n l\u00edquido;<\/li><li>Cubrirse la nariz y la boca con un pa\u00f1uelo desechable al toser o estornudar;<\/li><li>Evite el contacto cercano (a menos de dos metros) con quienes puedan tener el virus;<\/li><li>Llevar una m\u00e1scara cuando se est\u00e1 cerca de otras personas; y<\/li><li>Qu\u00e9dese en casa y a\u00edslese si se siente mal<\/li><\/ul>\n\n\n\n<p>El 6 de abril de 2020, el gobernador McMaster emiti\u00f3 una orden ejecutiva que requiere que la mayor\u00eda de los residentes se queden en casa para reducir el ritmo de propagaci\u00f3n del COVID-19. Sin embargo, la orden ejecutiva del Gobernador deja espacio para que muchos negocios \"esenciales\" sigan funcionando. <a href=\"https:\/\/www.steinberglawfirm.com\/practice-areas\/workers-compensation\/who-are-essential-workers-in-south-carolina\/\" class=\"aioseop-link\" target=\"_blank\" rel=\"noopener\">Los empleados que trabajan para estas empresas esenciales<\/a>Dependiendo de sus empleadores, pueden tener que acudir al trabajo. Por supuesto, muchos trabajadores sanitarios son \"empleados esenciales\".<\/p>\n\n\n\n<p>Aunque cualquier persona expuesta al virus puede infectarse, <a href=\"https:\/\/www.steinberglawfirm.com\/blog\/the-number-of-lowcountry-healthcare-workers-infected-with-covid-19-continues-to-rise-and-hospitals-deny-their-employees-are-contracting-the-coronavirus-at-work\/\" class=\"aioseop-link\" target=\"_blank\" rel=\"noopener\">el personal sanitario, incluidos los m\u00e9dicos, las enfermeras, los auxiliares m\u00e9dicos y los farmac\u00e9uticos, es el que corre m\u00e1s riesgo de contraer el COVID-19<\/a>.<\/p>\n\n\n\n<p><a class=\"aioseop-link\" href=\"https:\/\/www.steinberglawfirm.com\/\" target=\"_blank\" rel=\"noopener\">En el Steinberg Law Firm, LLC<\/a>representamos <a class=\"aioseop-link\" href=\"https:\/\/www.steinberglawfirm.com\/practice-areas\/workers-compensation\/essential-worker-injury\/\" target=\"_blank\" rel=\"noopener\">empleados esenciales en las reclamaciones de indemnizaci\u00f3n de los trabajadores<\/a> y <a class=\"aioseop-link\" href=\"https:\/\/www.steinberglawfirm.com\/practice-areas\/personal-injury\/\" target=\"_blank\" rel=\"noopener\">demandas por da\u00f1os personales<\/a> para ayudarles a resarcirse de los da\u00f1os causados por la contracci\u00f3n del coronavirus. Durante casi cien a\u00f1os, nuestro bufete ha sido <a class=\"aioseop-link\" href=\"https:\/\/www.steinberglawfirm.com\/practice-areas\/workers-compensation\/occupational-disease-lawyer\/\" target=\"_blank\" rel=\"noopener\">tramitaci\u00f3n de los siniestros de enfermedad profesional de los trabajadores de South Carolina<\/a>. Poseemos el conocimiento y la profesionalidad para manejar su caso de enfermedad profesional de principio a fin con el mayor cuidado y consideraci\u00f3n.<\/p>\n\n\n\n<p><strong>Los peligros a los que se enfrenta el personal sanitario South Carolina<\/strong><\/p>\n\n\n\n<p>South Carolina's Los trabajadores sanitarios que est\u00e1n en primera l\u00ednea de la lucha contra el coronavirus se enfrentan a enormes riesgos cada vez que van a trabajar. Debido a la r\u00e1pida propagaci\u00f3n del virus, as\u00ed como a la falta de preparaci\u00f3n general, los trabajadores sanitarios se enfrentan a diversos riesgos.<\/p>\n\n\n\n<p>Quiz\u00e1s el riesgo m\u00e1s evidente al que se enfrentan los trabajadores sanitarios es que pasan una cantidad de tiempo considerable cerca de pacientes infectados con COVID-19. Seg\u00fan un estudio reciente, m\u00e1s del 93% de las enfermeras est\u00e1n expuestas con frecuencia a enfermedades, y el 98% est\u00e1n frecuentemente en contacto cara a cara con otras personas, incluidos los pacientes. Dado que el coronavirus puede propagarse f\u00e1cilmente por el aire, los hospitales son un entorno ideal para la propagaci\u00f3n del virus.<\/p>\n\n\n\n<p><strong>Falta de equipos de protecci\u00f3n personal para el personal sanitario<\/strong><\/p>\n\n\n\n<p>A los riesgos a los que se enfrenta el personal sanitario se suma la escasez de equipos de protecci\u00f3n individual (EPI). La falta de disponibilidad o la cantidad limitada de EPP hace que los trabajadores sanitarios corran un riesgo mucho mayor de contraer el virus. Los equipos de protecci\u00f3n personal, como las mascarillas N95, las batas de aislamiento, las mascarillas, los guantes y la protecci\u00f3n ocular, pueden reducir el riesgo de infecci\u00f3n de los trabajadores sanitarios. Sin embargo, este crucial EPP ha escaseado en todo el estado desde el comienzo de la pandemia. Como resultado, muchos de los trabajadores sanitarios de South Carolina han reutilizado equipos que estaban destinados a un solo uso. Algunos profesionales m\u00e9dicos incluso han tenido que crear su propio EPI. Aunque los equipos reutilizados y caseros son mejores que nada, no son un reemplazo aceptable para quienes ya se est\u00e1n poniendo en peligro por atender a otros con COVID-19.<\/p>\n\n\n\n<p>El hecho de que haya escasez de personal sanitario en un momento en el que los hospitales est\u00e1n funcionando al m\u00e1ximo o por encima de su capacidad aumenta los riesgos a los que se enfrenta el personal sanitario. Los profesionales m\u00e9dicos trabajan incansablemente las 24 horas del d\u00eda y, aun con este esfuerzo, los hospitales siguen teniendo poco personal.<\/p>\n\n\n\n<p>Como resultado, se est\u00e1 pidiendo a los trabajadores sanitarios South Carolina que realicen una tarea monumental sin el apoyo y la protecci\u00f3n necesarios para realizar su trabajo con seguridad. No es de extra\u00f1ar que los trabajadores sanitarios de todo el estado se hayan infectado con el coronavirus, y se esperan m\u00e1s infecciones de trabajadores sanitarios. Los trabajadores sanitarios que hayan contra\u00eddo el COVID-19 deben ponerse en contacto con uno de los <a href=\"https:\/\/www.steinberglawfirm.com\/\" class=\"aioseop-link\" target=\"_blank\" rel=\"noopener\">abogados especializados en indemnizaciones por accidentes de trabajo y lesiones personales en el Steinberg Law Firm para obtener asistencia<\/a>.<\/p>\n\n\n\n<p><strong>Recuperaci\u00f3n econ\u00f3mica tras un diagn\u00f3stico de Coronavirus (COVID-19) relacionado con el trabajo<\/strong><\/p>\n\n\n\n<p>Esos <a href=\"https:\/\/www.steinberglawfirm.com\/practice-areas\/workers-compensation\/coronavirus\/\" class=\"aioseop-link\" target=\"_blank\" rel=\"noopener\">South Carolina los trabajadores sanitarios que contrajeron la enfermedad del coronavirus pueden tener derecho a una indemnizaci\u00f3n<\/a>. Dependiendo de las circunstancias de su enfermedad, un trabajador de la salud puede presentar una reclamaci\u00f3n de compensaci\u00f3n de los trabajadores o un caso de lesiones personales. Cada una de estas reclamaciones proporciona compensaci\u00f3n a los trabajadores sanitarios lesionados; sin embargo, son muy diferentes en el tipo de compensaci\u00f3n que est\u00e1 disponible la prueba requerida para ganar en la reclamaci\u00f3n.<\/p>\n\n\n\n<p>Por lo general, las reclamaciones de indemnizaci\u00f3n de los trabajadores ofrecen una forma simplificada de recuperar la indemnizaci\u00f3n tras un accidente laboral. Esto incluye las situaciones en las que un empleado contrae una enfermedad profesional como la COVID-19. South Carolina El sistema de indemnizaci\u00f3n por accidente de trabajo es un sistema sin culpa, lo que significa que el empleado que presenta una reclamaci\u00f3n de indemnizaci\u00f3n por accidente de trabajo no necesita demostrar que su empleador tuvo la culpa. Por otra parte, la indemnizaci\u00f3n por da\u00f1os y perjuicios en una reclamaci\u00f3n de indemnizaci\u00f3n por accidente de trabajo suele limitarse a los gastos m\u00e9dicos y los salarios perdidos. Los reclamantes de la indemnizaci\u00f3n por accidente de trabajo no suelen obtener da\u00f1os no econ\u00f3micos, como la compensaci\u00f3n por el dolor y el sufrimiento.<\/p>\n\n\n\n<p>Un caso de lesiones personales South Carolina puede ser una opci\u00f3n para algunos trabajadores sanitarios que han contra\u00eddo COVID-19). Las reclamaciones por da\u00f1os personales se basan en la negligencia, por lo que para establecer la responsabilidad en una reclamaci\u00f3n por da\u00f1os personales por la South Carolina un empleado infectado debe demostrar que contrajo el coronavirus como resultado de la negligencia de otra persona. Las demandas por da\u00f1os personales derivadas de enfermedades profesionales pueden ser dif\u00edciles por varias razones. En primer lugar, en virtud de las leyes de compensaci\u00f3n de los trabajadores, el \u00fanico recurso de un empleado contra su empleador suele ser una reclamaci\u00f3n de compensaci\u00f3n de los trabajadores. Sin embargo, la disposici\u00f3n de recurso \u00fanico no protege a un empleador de la responsabilidad por lesiones personales cuando un empleador \"participa intencionalmente en una mala conducta sabiendo que es sustancialmente seguro que cause lesiones graves o la muerte.\" Aunque los tribunales nunca han abordado muchas de las cuestiones jur\u00eddicas que ha planteado la pandemia de COVID-19, algunos han sugerido que los hospitales act\u00faan intencionadamente cuando exigen a las enfermeras y a los m\u00e9dicos que trabajen con pacientes de COVID-19 a sabiendas de que disponen de un equipo de protecci\u00f3n personal inadecuado.<\/p>\n\n\n\n<p>Es importante que, tanto en las reclamaciones de indemnizaci\u00f3n de los trabajadores como en los casos de da\u00f1os personales, un empleado sanitario debe poder demostrar que contrajo el virus a trav\u00e9s de su trabajo.<\/p>\n\n\n\n<h2 class=\"wp-block-heading\"><strong>P\u00f3ngase en contacto con un abogado de enfermedades profesionales South Carolina hoy mismo<\/strong><\/h2>\n\n\n\n<p>Si bien cualquier reclamaci\u00f3n por da\u00f1os South Carolina puede ser compleja, esto es especialmente cierto en relaci\u00f3n con la situaci\u00f3n sin precedentes que presenta la crisis del coronavirus. <a href=\"https:\/\/www.steinberglawfirm.com\/attorney\/\" class=\"aioseop-link\" target=\"_blank\" rel=\"noopener\">Los abogados del Steinberg Law Firm, LLP<\/a>Estamos aqu\u00ed para ayudarle a usted y a su familia en este dif\u00edcil momento. <a href=\"https:\/\/www.steinberglawfirm.com\/practice-areas\/workers-compensation\/coronavirus\/\" class=\"aioseop-link\" target=\"_blank\" rel=\"noopener\">Representamos a los trabajadores sanitarios South Carolina y a otros empleados esenciales que han contra\u00eddo COVID-19<\/a>. Incluso si no est\u00e1 seguro de d\u00f3nde ha contra\u00eddo el virus, podemos ayudarle. <a href=\"https:\/\/www.steinberglawfirm.com\/practice-areas\/workers-compensation\/\" class=\"aioseop-link\" target=\"_blank\" rel=\"noopener\">Nuestro compasivo equipo de abogados de compensaci\u00f3n laboral South Carolina<\/a> reconocemos las dificultades a las que se enfrentan todos los trabajadores sanitarios y adaptamos nuestra representaci\u00f3n en consecuencia, asegur\u00e1ndonos de responder a todas sus preguntas de forma directa y comprensible.<\/p>\n\n\n\n<p>En el Steinberg Law Firm, su salud y seguridad son muy importantes para nosotros, especialmente durante la emergencia nacional COVID-19. <a href=\"https:\/\/www.steinberglawfirm.com\/blog\/steinberg-law-firms-announcement-about-covid-19\/\" class=\"aioseop-link\" target=\"_blank\" rel=\"noopener\">Nuestros abogados y asistentes jur\u00eddicos trabajar\u00e1n a distancia<\/a> para garantizar que tanto los clientes nuevos como los existentes sigan recibiendo la asistencia jur\u00eddica que necesitan. Hemos desplegado tecnolog\u00eda de trabajo a distancia y estamos utilizando el tel\u00e9fono y las videoconferencias.<\/p>\n\n\n\n<p>Si necesita nuestra ayuda por cualquier motivo, <a href=\"https:\/\/www.steinberglawfirm.com\/contact-us\/\" class=\"aioseop-link\" target=\"_blank\" rel=\"noopener\">p\u00f3ngase en contacto con nosotros para hablar de su situaci\u00f3n<\/a> y c\u00f3mo podemos ayudarle. <a href=\"https:\/\/www.steinberglawfirm.com\/free-consultation\/\" class=\"aioseop-link\" target=\"_blank\" rel=\"noopener\">Como siempre, ofrecemos consultas gratuitas<\/a>. Durante este periodo a distancia, realizamos las consultas iniciales por tel\u00e9fono, usando FaceTime, o usando Zoom - lo que mejor funcione para usted.<\/p>\n\n\n\n<p>Si tiene alguna pregunta o duda, ll\u00e1menos al 843-720-2800 o env\u00edenos un correo electr\u00f3nico a <a href=\"mailto:info@steinberglawfirm.com\">info@steinberglawfirm.com<\/a>.<\/p>","protected":false},"excerpt":{"rendered":"<p>South Carolina Abogado de Enfermedades Profesionales de Empleados de la Salud Los trabajadores de la salud se ponen desinteresadamente en primera l\u00ednea en la lucha contra el coronavirus, con gran riesgo para su propia salud y seguridad. Si no fuera por estos valientes individuos, el coronavirus se cobrar\u00eda sin duda muchas m\u00e1s vidas en todo South Carolina y en el mundo. Por desgracia, los trabajadores sanitarios de todo el...<\/p>","protected":false},"author":1,"featured_media":11329,"parent":2225,"menu_order":0,"comment_status":"closed","ping_status":"closed","template":"","meta":{"_acf_changed":false,"footnotes":""},"class_list":["post-11327","page","type-page","status-publish","has-post-thumbnail","hentry"],"acf":[],"_links":{"self":[{"href":"https:\/\/steinberglawfirm-staging.clmcloud.app\/es\/wp-json\/wp\/v2\/pages\/11327"}],"collection":[{"href":"https:\/\/steinberglawfirm-staging.clmcloud.app\/es\/wp-json\/wp\/v2\/pages"}],"about":[{"href":"https:\/\/steinberglawfirm-staging.clmcloud.app\/es\/wp-json\/wp\/v2\/types\/page"}],"author":[{"embeddable":true,"href":"https:\/\/steinberglawfirm-staging.clmcloud.app\/es\/wp-json\/wp\/v2\/users\/1"}],"replies":[{"embeddable":true,"href":"https:\/\/steinberglawfirm-staging.clmcloud.app\/es\/wp-json\/wp\/v2\/comments?post=11327"}],"version-history":[{"count":1,"href":"https:\/\/steinberglawfirm-staging.clmcloud.app\/es\/wp-json\/wp\/v2\/pages\/11327\/revisions"}],"predecessor-version":[{"id":21413,"href":"https:\/\/steinberglawfirm-staging.clmcloud.app\/es\/wp-json\/wp\/v2\/pages\/11327\/revisions\/21413"}],"up":[{"embeddable":true,"href":"https:\/\/steinberglawfirm-staging.clmcloud.app\/es\/wp-json\/wp\/v2\/pages\/2225"}],"wp:featuredmedia":[{"embeddable":true,"href":"https:\/\/steinberglawfirm-staging.clmcloud.app\/es\/wp-json\/wp\/v2\/media\/11329"}],"wp:attachment":[{"href":"https:\/\/steinberglawfirm-staging.clmcloud.app\/es\/wp-json\/wp\/v2\/media?parent=11327"}],"curies":[{"name":"wp","href":"https:\/\/api.w.org\/{rel}","templated":true}]}}