{"id":11235,"date":"2020-04-24T20:47:55","date_gmt":"2020-04-24T20:47:55","guid":{"rendered":"https:\/\/www.steinberglawfirm.com\/?page_id=11235"},"modified":"2020-04-24T20:50:56","modified_gmt":"2020-04-24T20:50:56","slug":"mesothelioma","status":"publish","type":"page","link":"https:\/\/steinberglawfirm-staging.clmcloud.app\/es\/indemnizacion-de-los-trabajadores\/mesotelioma\/","title":{"rendered":"Mesotelioma"},"content":{"rendered":"<h1 class=\"wp-block-heading\">South Carolina Abogados especializados en mesotelioma<\/h1>\n\n\n\n<p>El amianto es una fibra resistente al calor que se utiliza como aislante y retardante del fuego. La exposici\u00f3n a este material es frecuente en las industrias de la construcci\u00f3n y la fabricaci\u00f3n. Sin embargo, los trabajadores de otros campos laborales pueden entrar en contacto con el amianto si est\u00e1 presente en los edificios en los que trabajan. Si los trabajadores inhalan amianto, las fibras pueden acumularse en sus pulmones y provocar enfermedades pulmonares, como el mesotelioma.<\/p>\n\n\n\n<p><strong>Causas y s\u00edntomas del mesotelioma&nbsp;<\/strong><\/p>\n\n\n\n<p>El mesotelioma es una forma de c\u00e1ncer que se desarrolla en el mesotelio, que es una fina capa de tejido que cubre los \u00f3rganos internos. La exposici\u00f3n al amianto es uno de los principales factores del mesotelioma. Los s\u00edntomas de la enfermedad dependen de la localizaci\u00f3n del c\u00e1ncer. Los s\u00edntomas m\u00e1s comunes son, entre otros, los siguientes<\/p>\n\n\n\n<ul class=\"wp-block-list\"><li>Dolor en el pecho<\/li><li>Dificultad para respirar<\/li><li>Dolor abdominal<\/li><li>P\u00e9rdida de peso inexplicable<\/li><li>N\u00e1useas<\/li><\/ul>\n\n\n\n<p><strong>South Carolina Demandas e indemnizaciones por mesotelioma&nbsp;<\/strong><\/p>\n\n\n\n<p>Si usted o su ser querido estuvo expuesto al amianto en el lugar de trabajo y recibi\u00f3 un diagn\u00f3stico de mesotelioma, puede ser <a href=\"https:\/\/www.steinberglawfirm.com\/practice-areas\/workers-compensation\/\" class=\"aioseop-link\" target=\"_blank\" rel=\"noopener\">tiene derecho a una indemnizaci\u00f3n por sus lesiones<\/a>Los gastos m\u00e9dicos y los salarios perdidos. Puede presentar una reclamaci\u00f3n por amianto bajo <a href=\"https:\/\/www.scstatehouse.gov\/code\/t44c135.php\" class=\"aioseop-link\" target=\"_blank\" rel=\"noopener\">Ley de Procedimiento de Reclamaciones por Amianto y S\u00edlice de 2006<\/a>. Sin embargo, debe tener pruebas m\u00e9dicas de que se le diagnostic\u00f3 mesotelioma y de que la exposici\u00f3n al amianto lo caus\u00f3. La indemnizaci\u00f3n por da\u00f1os y perjuicios en virtud de la ley puede incluir las facturas m\u00e9dicas, los salarios perdidos y la p\u00e9rdida de la pareja.<\/p>\n\n\n\n<p>Las demandas judiciales llevan mucho tiempo y son complicadas. Los casos de mesotelioma requieren una amplia comprensi\u00f3n y aplicaci\u00f3n de las leyes, la ciencia y la medicina. Lo mejor es contratar a un abogado para que se encargue de su caso.<\/p>\n\n\n\n<p><strong>Contrataci\u00f3n de un abogado&nbsp;<\/strong><\/p>\n\n\n\n<p>Si usted o un ser querido estuvo expuesto al amianto en el lugar de trabajo y se le diagnostic\u00f3 mesotelioma, <a href=\"https:\/\/www.steinberglawfirm.com\/contact-us\/\" class=\"aioseop-link\" target=\"_blank\" rel=\"noopener\">contactar con<\/a> a <a href=\"https:\/\/www.steinberglawfirm.com\/\" class=\"aioseop-link\" target=\"_blank\" rel=\"noopener\">Conocido South Carolina abogado<\/a> en Steinberg Law Firm hoy mismo al (843) 720-2800 para proteger sus derechos.<\/p>","protected":false},"excerpt":{"rendered":"<p>South Carolina Abogados de Mesotelioma El amianto es una fibra resistente al calor que se utiliza como aislante y retardante del fuego. La exposici\u00f3n a este material es frecuente en las industrias de la construcci\u00f3n y la fabricaci\u00f3n. Sin embargo, los trabajadores de otros campos laborales pueden entrar en contacto con el amianto si est\u00e1 presente en los edificios en los que trabajan. Si los trabajadores inhalan amianto, el...<\/p>","protected":false},"author":1,"featured_media":0,"parent":8874,"menu_order":0,"comment_status":"closed","ping_status":"closed","template":"","meta":{"_acf_changed":false,"footnotes":""},"class_list":["post-11235","page","type-page","status-publish","hentry"],"acf":[],"_links":{"self":[{"href":"https:\/\/steinberglawfirm-staging.clmcloud.app\/es\/wp-json\/wp\/v2\/pages\/11235"}],"collection":[{"href":"https:\/\/steinberglawfirm-staging.clmcloud.app\/es\/wp-json\/wp\/v2\/pages"}],"about":[{"href":"https:\/\/steinberglawfirm-staging.clmcloud.app\/es\/wp-json\/wp\/v2\/types\/page"}],"author":[{"embeddable":true,"href":"https:\/\/steinberglawfirm-staging.clmcloud.app\/es\/wp-json\/wp\/v2\/users\/1"}],"replies":[{"embeddable":true,"href":"https:\/\/steinberglawfirm-staging.clmcloud.app\/es\/wp-json\/wp\/v2\/comments?post=11235"}],"version-history":[{"count":0,"href":"https:\/\/steinberglawfirm-staging.clmcloud.app\/es\/wp-json\/wp\/v2\/pages\/11235\/revisions"}],"up":[{"embeddable":true,"href":"https:\/\/steinberglawfirm-staging.clmcloud.app\/es\/wp-json\/wp\/v2\/pages\/8874"}],"wp:attachment":[{"href":"https:\/\/steinberglawfirm-staging.clmcloud.app\/es\/wp-json\/wp\/v2\/media?parent=11235"}],"curies":[{"name":"wp","href":"https:\/\/api.w.org\/{rel}","templated":true}]}}