{"id":11222,"date":"2020-04-23T17:48:02","date_gmt":"2020-04-23T17:48:02","guid":{"rendered":"https:\/\/www.steinberglawfirm.com\/?page_id=11222"},"modified":"2022-04-26T16:12:20","modified_gmt":"2022-04-26T16:12:20","slug":"coronavirus-covid-19-resource-guide","status":"publish","type":"page","link":"https:\/\/steinberglawfirm-staging.clmcloud.app\/es\/guia-de-recursos-de-coronavirus-covid-19\/","title":{"rendered":"Gu\u00eda de recursos del Coronavirus Steinberg Law Firm (COVID-19)"},"content":{"rendered":"<h1>\n\t\tGu\u00eda de recursos del Coronavirus Steinberg Law Firm (COVID-19)\n\t<\/h1>\n\t\t\t<a href=\"https:\/\/www.steinberglawfirm.com\/contact\/\" target=\"_self\" role=\"button\" rel=\"noopener\">\n\t\t\t\t\t\t\tOBTENGA UNA CONSULTA GRATUITA\n\t\t\t\t\t<\/a>\n\t<p>En pocos meses, la crisis de la enfermedad por coronavirus (COVID-19) ha cambiado casi todos los aspectos de nuestras vidas. Mientras nos adaptamos todos juntos a la \"nueva normalidad\", la <a href=\"https:\/\/www.steinberglawfirm.com\/\" target=\"_blank\" rel=\"noopener\">Steinberg Law Firm<\/a> es <a href=\"https:\/\/www.steinberglawfirm.com\/blog\/steinberg-law-firms-announcement-about-covid-19\/\" target=\"_blank\" rel=\"noopener\">comprometidos a ayudar a nuestro personal, clientes y comunidad a mantenerse sanos y seguros en South Carolina<\/a>.<\/p>\n<p>Comprendemos el impacto que la pandemia de coronavirus ha tenido en las vidas de los carolinos y el reto que supone mantenerse al d\u00eda con los r\u00e1pidos cambios de informaci\u00f3n y directrices. Se orden\u00f3 el cierre de las escuelas y los negocios no esenciales y se emitieron \u00f3rdenes de permanecer en casa. Si bien estas medidas son esenciales para frenar la propagaci\u00f3n de esta enfermedad, no son f\u00e1ciles de manejar.<\/p>\n<p>El Steinberg Law Firm est\u00e1 dedicado a ayudar de cualquier manera posible durante estos momentos dif\u00edciles. A continuaci\u00f3n hemos recopilado una lista de recursos que pueden ser \u00fatiles para usted y su familia.<\/p>\n<h2><strong>Informaci\u00f3n general sobre el coronavirus<\/strong><\/h2>\n<p>El COVID-19, tambi\u00e9n conocido en general como coronavirus, es un nuevo tipo de coronavirus f\u00e1cilmente transmisible y potencialmente grave. Algunas personas que contraen el coronavirus no experimentan ning\u00fan s\u00edntoma, lo que se conoce como asintom\u00e1tico, pero pueden transmitir el virus a otras personas. Otras personas que contraen el coronavirus experimentan graves s\u00edntomas respiratorios y de otro tipo, algunas son hospitalizadas y, en los casos m\u00e1s extremos, la enfermedad es mortal.<\/p>\n<p>El Departamento de Salud y Control Ambiental (DHEC) mantiene un sitio web con informaci\u00f3n general sobre la enfermedad por coronavirus en South Carolina. Consulte <a href=\"https:\/\/scdhec.gov\/COVID-19\" target=\"_blank\" rel=\"noopener\">scdhec.gov\/COVID-19<\/a> para ver las actualizaciones y los enlaces a otros recursos, como <a href=\"https:\/\/scdhec.gov\/infectious-diseases\/viruses\/coronavirus-disease-2019-covid-19\/frequently-asked-questions-covid-19\" target=\"_blank\" rel=\"noopener\">Preguntas frecuentes<\/a> y <a href=\"https:\/\/www.scdhec.gov\/infectious-diseases\/viruses\/coronavirus-disease-2019-covid-19\/educational-outreach-materials-2019-ncov\" target=\"_blank\" rel=\"noopener\">Material educativo y de divulgaci\u00f3n<\/a>.<\/p>\n<p>Para ver el n\u00famero de casos de COVID-19 en South Carolina y otra informaci\u00f3n sobre las pruebas y las proyecciones de casos, visite <a href=\"https:\/\/www.scdhec.gov\/infectious-diseases\/viruses\/coronavirus-disease-2019-covid-19\/sc-testing-data-projections-covid-19\" target=\"_blank\" rel=\"noopener\">Datos y proyecciones de las pruebas de SC<\/a>. Este sitio se actualiza diariamente para reflejar los datos actuales.<\/p>\n<p>Los Centros para el Control y la Prevenci\u00f3n de Enfermedades (CDC) ofrecen informaci\u00f3n nacional sobre los coronavirus <a href=\"https:\/\/www.cdc.gov\/coronavirus\/2019-ncov\/index.html\" target=\"_blank\" rel=\"noopener\">aqu\u00ed<\/a>. Los CDC's <a href=\"https:\/\/www.cdc.gov\/coronavirus\/2019-ncov\/faq.html\" target=\"_blank\" rel=\"noopener\">Preguntas frecuentes<\/a> tambi\u00e9n est\u00e1 repleta de informaci\u00f3n \u00fatil.<\/p>\n\n<p>Los cient\u00edficos todav\u00eda est\u00e1n tratando de comprender los detalles de la enfermedad por coronavirus, pero parece que la enfermedad se propaga f\u00e1cilmente entre las personas, incluso las que no se sienten enfermas. Se cree que el coronavirus se transmite principalmente a trav\u00e9s del contacto estrecho con personas infectadas. Las gotitas respiratorias de las personas portadoras del coronavirus se contagian a otras a trav\u00e9s de la tos y los estornudos. El virus tambi\u00e9n puede vivir en las superficies.<\/p>\n<p>M\u00e1s informaci\u00f3n de los CDC en <a href=\"https:\/\/www.cdc.gov\/coronavirus\/2019-ncov\/prevent-getting-sick\/how-covid-spreads.html?CDC_AA_refVal=https%3A%2F%2Fwww.cdc.gov%2Fcoronavirus%2F2019-ncov%2Fabout%2Findex.html\" target=\"_blank\" rel=\"noopener\">c\u00f3mo se propaga COVID-19<\/a>.<\/p>\n\n<p>Los CDC y South Carolina DHEC recomiendan tomar algunas medidas b\u00e1sicas para protegerse y proteger a los dem\u00e1s de la infecci\u00f3n:<\/p>\n<ul>\n<li>Practique el distanciamiento social qued\u00e1ndose en casa tanto como sea posible, evitando los grupos de personas y manteni\u00e9ndose al menos a dos metros de distancia de la gente cuando est\u00e9 en p\u00fablico.<\/li>\n<li>Utiliza una mascarilla cuando est\u00e9s fuera de casa. Una mascarilla casera de tela ofrecer\u00e1 cierta protecci\u00f3n a las personas que te rodean y te ayudar\u00e1 a no tocarte la cara.<\/li>\n<li>L\u00e1vese las manos con frecuencia y durante al menos 20 segundos cada vez.<\/li>\n<li>Qu\u00e9date en casa si te sientes mal.<\/li>\n<li>Desinfectar las superficies que se tocan con frecuencia.<\/li>\n<\/ul>\n\n\n<p>Aunque la mayor\u00eda de las personas experimentan s\u00edntomas leves, algunos individuos tienen un mayor riesgo de tener un caso grave de COVID-19. Estos incluyen:<\/p>\n<ul>\n<li>Personas de 65 a\u00f1os o m\u00e1s<\/li>\n<li>Las personas con problemas de salud subyacentes, como las enfermedades card\u00edacas y la diabetes<\/li>\n<li>Los inmunodeprimidos<\/li>\n<li>Mujeres embarazadas<\/li>\n<li>Personas con asma u otras afecciones respiratorias<\/li>\n<li>Personas infectadas por el VIH<\/li>\n<\/ul>\n\n\n<p>Si se siente mal, es importante que se quede en casa y vigile sus s\u00edntomas. La fiebre, la tos y la dificultad para respirar son s\u00edntomas cl\u00e1sicos del coronavirus. Muchas personas se recuperan de COVID-19 en casa sin intervenci\u00f3n m\u00e9dica, pero algunas tendr\u00e1n complicaciones graves. Busque atenci\u00f3n m\u00e9dica inmediata si tiene problemas para respirar, dolor o presi\u00f3n persistente en el pecho, letargo (cansancio constante) o labios y cara azulados.<\/p>\n\n\n<p>La pandemia de coronavirus ha causado, comprensiblemente, estr\u00e9s y ansiedad a muchas personas. La salud mental es tan importante como la f\u00edsica. Para proteger su bienestar emocional, intente:<\/p>\n<ul>\n<li>Practicar h\u00e1bitos saludables, como una alimentaci\u00f3n equilibrada, dormir lo suficiente y hacer ejercicio.<\/li>\n<li>Evitar las drogas y el alcohol<\/li>\n<li>Descansar de la cobertura informativa estresante y de otras formas de medios de comunicaci\u00f3n que pueden ser perturbadoras, como las redes sociales y la televisi\u00f3n<\/li>\n<li>Conectar con los seres queridos sin dejar de observar el distanciamiento social<\/li>\n<li>Rel\u00e1jese y t\u00f3mese tiempo para disfrutar de las actividades de ocio<\/li>\n<li>Si tiene problemas, busque ayuda; muchos servicios ofrecen opciones de telesalud o telef\u00f3nicas para quienes est\u00e1n en crisis o necesitan atenci\u00f3n de salud mental.<\/li>\n<\/ul>\n\n\n<p>No hay hogar en South Carolina que no haya sido afectado por COVID-19 de alguna manera. Las escuelas han cerrado y los estudiantes est\u00e1n aprendiendo en casa. Millones de personas est\u00e1n sin trabajo en todo el pa\u00eds mientras <a href=\"https:\/\/www.steinberglawfirm.com\/practice-areas\/workers-compensation\/coronavirus\/\" target=\"_blank\" rel=\"noopener\">otros se enfrentan ahora a un riesgo considerable por ir a trabajar a un puesto considerado esencial<\/a>. Para obtener informaci\u00f3n sobre c\u00f3mo afrontar estos cambios y consejos de preparaci\u00f3n y prevenci\u00f3n, consulte Recursos para su hogar y su comunidad y <a href=\"https:\/\/www.cdc.gov\/coronavirus\/2019-ncov\/community\/index.html\" target=\"_blank\" rel=\"noopener\">Recursos comunitarios y escolares de los CDC<\/a>.<\/p>\n\n<p>Los gobiernos federal y estatal promulgaron leyes de ayuda para hacer frente a las dificultades financieras que muchos est\u00e1n experimentando al quedarse sin trabajo.<\/p>\n<p>La deuda estudiantil y los pr\u00e9stamos federales se colocar\u00e1n autom\u00e1ticamente en indulgencia administrativa, lo que significa que no se requerir\u00e1n pagos hasta el 30 de septiembre de 2020.<\/p>\n<ul>\n<li><a href=\"https:\/\/studentaid.gov\/announcements-events\/coronavirus\" target=\"_blank\" rel=\"noopener\">COVID-19 Informaci\u00f3n sobre pr\u00e9stamos para estudiantes<\/a><\/li>\n<li><a href=\"https:\/\/studentaid.gov\/manage-loans\/repayment\/servicers\" target=\"_blank\" rel=\"noopener\">Contactar con los administradores de pr\u00e9stamos estudiantiles<\/a><\/li>\n<li><a href=\"https:\/\/dor.sc.gov\/emergencies\" target=\"_blank\" rel=\"noopener\">Reducci\u00f3n de impuestos en SC<\/a><\/li>\n<li><a href=\"https:\/\/www.schousing.com\/home\/COVID-19-Forbearance\" target=\"_blank\" rel=\"noopener\">Ayuda a la hipoteca en SC<\/a><\/li>\n<li><a href=\"https:\/\/www.irs.gov\/coronavirus-tax-relief-and-economic-impact-payments\" target=\"_blank\" rel=\"noopener\">Alivio fiscal por coronavirus y pagos por impacto econ\u00f3mico<\/a><\/li>\n<li><a href=\"https:\/\/www.irs.gov\/coronavirus\/get-my-payment\" target=\"_blank\" rel=\"noopener\">IRS \"Obtenga mi pago\"<\/a><\/li>\n<\/ul>\n\n<p>Las \u00f3rdenes de permanencia en el hogar pueden ser especialmente problem\u00e1ticas para quienes sufren violencia dom\u00e9stica. Si usted o un ser querido sufren violencia dom\u00e9stica, hay servicios que pueden ayudar incluso durante la crisis del coronavirus. Visite el <a href=\"file:\/\/\/C:\\Users\\equinn\\AppData\\Local\\Microsoft\\Windows\\INetCache\\Content.Outlook\\I024ISUV\\SC Department of Social Services\">Departamento de Servicios Sociales de SC<\/a> para obtener m\u00e1s informaci\u00f3n sobre los recursos disponibles. En los condados de Charleston, Berkeley y Dorchester, p\u00f3ngase en contacto con My Sister's House llamando al 1-800-273-4673 o <a href=\"https:\/\/www.mysistershouse.org\/\" target=\"_blank\" rel=\"noopener\">www.mysistershouse.org<\/a> y ver su lista de recursos: <a href=\"https:\/\/www.mysistershouse.org\/covid-19\" target=\"_blank\" rel=\"noopener\">Recursos para la violencia dom\u00e9stica<\/a>.<\/p>\n\n\n\n<p>Se desaconseja encarecidamente viajar, pero si es inevitable, existen algunas recomendaciones de los CDC para viajar con seguridad. Para saber m\u00e1s, lea <a href=\"https:\/\/www.cdc.gov\/coronavirus\/2019-ncov\/travelers\/index.html\" target=\"_blank\" rel=\"noopener\">Orientaci\u00f3n para los viajeros<\/a>.<\/p>\n\n<p>Las empresas se han visto muy afectadas con cierres forzosos y limitaciones. Se han presentado millones de solicitudes de desempleo en respuesta a la crisis.<\/p>\n\n<ul>\n<li><a href=\"https:\/\/www.sccommerce.com\/covid-19-resources\" target=\"_blank\" rel=\"noopener\">Recursos empresariales<\/a> del Departamento de Comercio South Carolina<\/li>\n<li><a href=\"https:\/\/www.scdhec.gov\/infectious-diseases\/viruses\/coronavirus-disease-2019-covid-19\/businesses-employers-covid-19\" target=\"_blank\" rel=\"noopener\">Recursos para empresas y empleadores<\/a> de South Carolina DHEC<\/li>\n<li><a href=\"https:\/\/www.scdhec.gov\/sites\/default\/files\/media\/document\/Interim_Guidance_for_Businesses_and_Employers-03.11.2020.pdf\" target=\"_blank\" rel=\"noopener\">Orientaci\u00f3n provisional para empresas y empleadores<\/a><\/li>\n<li><a href=\"https:\/\/www.irs.gov\/newsroom\/treasury-irs-and-labor-announce-plan-to-implement-coronavirus-related-paid-leave-for-workers-and-tax-credits-for-small-and-midsize-businesses-to-swiftly-recover-the-cost-of-providing-coronavirus\" target=\"_blank\" rel=\"noopener\">Informaci\u00f3n sobre los permisos retribuidos<\/a><\/li>\n<li>Mejores pr\u00e1cticas para tiendas de alimentos, restaurantes y servicios de recogida y entrega de alimentos durante la pandemia de COVID-19 <a href=\"https:\/\/www.fda.gov\/food\/food-safety-during-emergencies\/best-practices-retail-food-stores-restaurants-and-food-pick-updelivery-services-during-covid-19\" target=\"_blank\" rel=\"noopener\">Directrices para el servicio de alimentos<\/a><\/li>\n<li><a href=\"https:\/\/www.irs.gov\/businesses\/small-businesses-self-employed\" target=\"_blank\" rel=\"noopener\">Centro de Impuestos para Peque\u00f1as Empresas y Aut\u00f3nomos<\/a><\/li>\n<li><a href=\"https:\/\/www.sba.gov\/page\/coronavirus-covid-19-small-business-guidance-loan-resources\" target=\"_blank\" rel=\"noopener\">Recursos de orientaci\u00f3n y pr\u00e9stamos para peque\u00f1as empresas<\/a><\/li>\n<li><a href=\"https:\/\/www.irs.gov\/coronavirus\/coronavirus-tax-relief-for-businesses-and-tax-exempt-entities\" target=\"_blank\" rel=\"noopener\">Alivio fiscal para empresas y entidades exentas de impuestos por el coronavirus<\/a><\/li>\n<\/ul>\n\n<p>El Centro Nacional de Derecho del Consumidor ha publicado una lista creciente de recursos para ayudar a las familias con su situaci\u00f3n financiera durante la pandemia. Puede <a href=\"https:\/\/www.nclc.org\/special-projects\/covid-19-consumer-protections.html\" target=\"_blank\" rel=\"noopener\">vea los recursos dise\u00f1ados para ayudar a la protecci\u00f3n del consumidor durante la pandemia de COVID-19<\/a>.<\/p>\n\n<p>La SC LLR est\u00e1 extendiendo la fecha l\u00edmite de renovaci\u00f3n de licencias para las licencias, registros y permisos programados para renovar durante los meses de abril, mayo, junio, julio y agosto. El nuevo plazo de renovaci\u00f3n se extiende hasta el 30 de septiembre de 2020.<\/p>\n\n\n\n\n<p>El 3 de abril de 2020, el Tribunal Supremo de South Carolina emiti\u00f3 una amplia orden que modifica el funcionamiento de todos los tribunales de primera instancia. La orden, entre otras cosas, complementa y altera \"significativamente\" las pr\u00e1cticas y procedimientos actuales de los tribunales de primera instancia.<\/p>\n\n\n<ul>\n<li><a href=\"https:\/\/www.sccourts.org\/caseSearch\/\" target=\"_blank\" rel=\"noopener\">B\u00fasqueda de casos<\/a><\/li>\n<li><a href=\"https:\/\/berkeleycountysc.gov\/covid19\/\" target=\"_blank\" rel=\"noopener\">Actualizaciones de COVID-19<\/a><\/li>\n<\/ul>\n<p>El condado de Berkeley dispone de una l\u00ednea de informaci\u00f3n al ciudadano que no es de emergencia y que funciona de 10 a.m. a 4 p.m. todos los d\u00edas. Llame al 843-719-4800 para hacer preguntas relacionadas con COVID-19 y las operaciones del Condado de Berkeley. M\u00e1s informaci\u00f3n sobre la l\u00ednea de informaci\u00f3n aqu\u00ed.<\/p>\n\n<p>Todas las mociones del Tribunal de Circuito y los juicios con jurado programados hasta el 1 de mayo de 2020, se posponen en espera de nuevas \u00f3rdenes. Todas las reuniones de la lista de casos, los pases de lista, el Tribunal de Transferencia, los procedimientos del Gran Jurado y otras reuniones grandes se posponen.<\/p>\n<ul>\n<li><a href=\"https:\/\/www.charlestoncounty.org\/departments\/clerk-of-court\/files\/covid19\/Court-Operations-Order.pdf\" target=\"_blank\" rel=\"noopener\">COVID-19 Operaciones judiciales<\/a><\/li>\n<li><a href=\"https:\/\/www.charlestoncounty.org\/covid19.php\" target=\"_blank\" rel=\"noopener\">Actualizaciones de COVID-19<\/a><\/li>\n<li><a href=\"https:\/\/www.charlestoncounty.org\/online-services.php\" target=\"_blank\" rel=\"noopener\">Registros judiciales<\/a><\/li>\n<li><a href=\"https:\/\/www.sccourts.org\/caseSearch\/\" target=\"_blank\" rel=\"noopener\">B\u00fasqueda de casos<\/a><\/li>\n<\/ul>\n\n<p>El Palacio de Justicia del Condado de Dorchester ubicado en 5200 East Jim Bilton Boulevard en St. George y el Tribunal de Familia ubicado en 212 Deming Way en Summerville est\u00e1n cerrados al p\u00fablico. Todos los tribunales y oficinas est\u00e1n disponibles por tel\u00e9fono y correo electr\u00f3nico, durante el horario normal de trabajo.<\/p>\n<ul>\n<li>Operaciones judiciales<\/li>\n<li><a href=\"https:\/\/www.sccourts.org\/caseSearch\/\" target=\"_blank\" rel=\"noopener\">B\u00fasqueda de casos<\/a><\/li>\n<li><a href=\"https:\/\/www.dorchestercountysc.gov\/government\/courts-judicial-services\" target=\"_blank\" rel=\"noopener\">Tribunales y servicios judiciales<\/a><\/li>\n<li>Informaci\u00f3n sobre donaciones<\/li>\n<\/ul>\n<h3>\n\t\tPreguntas frecuentes sobre la indemnizaci\u00f3n de los trabajadores por coronavirus\n\t<\/h3>\n\t\t\t<a href=\"#\" id=\"fl-accordion--label-0\" tabindex=\"0\" aria-controls=\"fl-accordion--panel-0\">\u00bfCubre la indemnizaci\u00f3n laboral el coronavirus en South Carolina?<\/a>\n\t\t\t\t\t\t\t<a href=\"#\" id=\"fl-accordion--icon-0\" tabindex=\"0\" aria-controls=\"fl-accordion--panel-0\"><i>Ampliar<\/i><\/a>\n\t\t<p>Seg\u00fan la ley South Carolina, una enfermedad que surge debido a las condiciones de trabajo es indemnizable si puede demostrar la relaci\u00f3n entre su exposici\u00f3n durante el trabajo y su estado de salud.<\/p>\n<p>Aunque es dif\u00edcil presentar con \u00e9xito una reclamaci\u00f3n de indemnizaci\u00f3n por accidente laboral por una enfermedad contra\u00edda en el trabajo que tambi\u00e9n puede haberse producido en el p\u00fablico en general, los trabajadores sanitarios tienen un mayor riesgo de contraer el coronavirus (Covid-19).<\/p>\n\t\t\t<a href=\"#\" id=\"fl-accordion--label-1\" tabindex=\"0\" aria-controls=\"fl-accordion--panel-1\">\u00bfC\u00f3mo puedo apoyar mi reclamaci\u00f3n de indemnizaci\u00f3n laboral por coronavirus?<\/a>\n\t\t\t\t\t\t\t<a href=\"#\" id=\"fl-accordion--icon-1\" tabindex=\"0\" aria-controls=\"fl-accordion--panel-1\"><i>Ampliar<\/i><\/a>\n<li>Lleva un diario o calendario de eventos.<\/li>\n<li>Conserve los mensajes de correo electr\u00f3nico o de voz que haya recibido sobre la exposici\u00f3n.<\/li>\n<li>Lleve un diario de los s\u00edntomas y copias de los resultados de las pruebas.<\/li>\n<li>Al igual que con todas las lesiones relacionadas con el trabajo, debe informar de su exposici\u00f3n a su supervisor o a la persona designada para informar de las reclamaciones de indemnizaci\u00f3n de los trabajadores.<\/li>\n<li>Documente el nombre, la fecha y la hora de toda comunicaci\u00f3n relacionada con su exposici\u00f3n. Recuerde que la persona que le notifica la exposici\u00f3n puede no ser la misma con la que tiene que ponerse en contacto para informar de una posible reclamaci\u00f3n de indemnizaci\u00f3n de los trabajadores.<\/li>\n\t\t\t<a href=\"#\" id=\"fl-accordion--label-2\" tabindex=\"0\" aria-controls=\"fl-accordion--panel-2\">\u00bfPuedo obtener una indemnizaci\u00f3n laboral en South Carolina por contraer el Coronavirus en el trabajo?<\/a>\n\t\t\t\t\t\t\t<a href=\"#\" id=\"fl-accordion--icon-2\" tabindex=\"0\" aria-controls=\"fl-accordion--panel-2\"><i>Ampliar<\/i><\/a>\n\t\t<p>Para que su caso tenga \u00e9xito, debe ser capaz de demostrar la relaci\u00f3n entre sus condiciones de trabajo y la enfermedad. En otras palabras, tiene que demostrar que sus condiciones normales de trabajo le hicieron m\u00e1s propenso a contraer la enfermedad que el p\u00fablico. Nuestros abogados tienen experiencia en c\u00f3mo documentar las exposiciones relacionadas con el trabajo para obtener los beneficios que necesita y merece.<\/p>\n<h4>\n\t\tBlogs relacionados con el coronavirus (COVID-19)\n\t<\/h4>","protected":false},"excerpt":{"rendered":"<p>Steinberg Law Firm Gu\u00eda de recursos sobre el coronavirus (COVID-19) OBTENGA UNA CONSULTA GRATUITA En s\u00f3lo unos meses, la crisis de la enfermedad del coronavirus (COVID-19) cambi\u00f3 casi todos los aspectos de nuestras vidas. Mientras nos adaptamos todos juntos a la \"nueva normalidad\", el Steinberg Law Firm se compromete a ayudar a nuestro personal, a los clientes y a la comunidad a mantenerse sanos y seguros en...<\/p>","protected":false},"author":1,"featured_media":11161,"parent":0,"menu_order":0,"comment_status":"closed","ping_status":"closed","template":"","meta":{"_acf_changed":false,"footnotes":""},"class_list":["post-11222","page","type-page","status-publish","has-post-thumbnail","hentry"],"acf":[],"_links":{"self":[{"href":"https:\/\/steinberglawfirm-staging.clmcloud.app\/es\/wp-json\/wp\/v2\/pages\/11222"}],"collection":[{"href":"https:\/\/steinberglawfirm-staging.clmcloud.app\/es\/wp-json\/wp\/v2\/pages"}],"about":[{"href":"https:\/\/steinberglawfirm-staging.clmcloud.app\/es\/wp-json\/wp\/v2\/types\/page"}],"author":[{"embeddable":true,"href":"https:\/\/steinberglawfirm-staging.clmcloud.app\/es\/wp-json\/wp\/v2\/users\/1"}],"replies":[{"embeddable":true,"href":"https:\/\/steinberglawfirm-staging.clmcloud.app\/es\/wp-json\/wp\/v2\/comments?post=11222"}],"version-history":[{"count":4,"href":"https:\/\/steinberglawfirm-staging.clmcloud.app\/es\/wp-json\/wp\/v2\/pages\/11222\/revisions"}],"predecessor-version":[{"id":21032,"href":"https:\/\/steinberglawfirm-staging.clmcloud.app\/es\/wp-json\/wp\/v2\/pages\/11222\/revisions\/21032"}],"wp:featuredmedia":[{"embeddable":true,"href":"https:\/\/steinberglawfirm-staging.clmcloud.app\/es\/wp-json\/wp\/v2\/media\/11161"}],"wp:attachment":[{"href":"https:\/\/steinberglawfirm-staging.clmcloud.app\/es\/wp-json\/wp\/v2\/media?parent=11222"}],"curies":[{"name":"wp","href":"https:\/\/api.w.org\/{rel}","templated":true}]}}