{"id":11000,"date":"2020-03-27T20:44:45","date_gmt":"2020-03-27T20:44:45","guid":{"rendered":"https:\/\/www.steinberglawfirm.com\/?page_id=11000"},"modified":"2022-04-27T17:10:58","modified_gmt":"2022-04-27T17:10:58","slug":"covid-19-healthcare-worker","status":"publish","type":"page","link":"https:\/\/steinberglawfirm-staging.clmcloud.app\/es\/lppc\/covid-19-trabajador-sanitario\/","title":{"rendered":"COVID-19 Trabajador de la salud"},"content":{"rendered":"<img decoding=\"async\" src=\"https:\/\/www.steinberglawfirm.com\/wp-content\/uploads\/2022\/04\/Steinberg-Logo.png\" alt=\"Steinberg Law Firm LLC Logotipo\" itemprop=\"image\" title=\"Steinberg Law Firm LLC Logotipo\" onerror=\"this.style.display='none'\"  \/>\n<h6>\n\t\tMientras el resto del mundo da un paso atr\u00e1s, usted da un paso adelante. Gracias a todos los dedicados trabajadores de la salud que sirven en la primera l\u00ednea de la pandemia de COVID-19.\n\t<\/h6>\n\t\t\t\t\t<img decoding=\"async\" src=\"https:\/\/i.ytimg.com\/vi\/kC47Pfm86Xw\/maxresdefault.jpg\" alt=\"\" title=\"\">\n\t\t<h1>\n\t\t\u00bfEs usted un trabajador sanitario y ha contra\u00eddo COVID-19?\n\t<\/h1>\n<h5>\n\t\tLlame al (843) 720-2800\n\t<\/h5>\n<h4>\n\t\tEl personal sanitario tiene un alto riesgo de infectarse con COVID-19\n\t<\/h4>\n\t\t\t\t<img loading=\"lazy\" decoding=\"async\" src=\"https:\/\/www.steinberglawfirm.com\/wp-content\/uploads\/2020\/04\/6903687a-a7dc-11e9-896c-0bef6d6c9301.jpg\" alt=\"6903687a-a7dc-11e9-896c-0bef6d6c9301\" itemprop=\"image\" height=\"628\" width=\"1200\" title=\"6903687a-a7dc-11e9-896c-0bef6d6c9301\" onerror=\"this.style.display='none'\"  \/>\n\t<p><strong>\"Algunos funcionarios locales, incluso en el Charleston, ya han asegurado a los bomberos, polic\u00edas y param\u00e9dicos que el gobierno cubrir\u00e1 una parte o la totalidad de su tiempo libre si se enferman. Pero en los casos m\u00e1s graves de enfermedad -o peores-, los primeros intervinientes pueden verse impedidos de acceder a una protecci\u00f3n clave: las solicitudes de ayuda econ\u00f3mica en el marco de la indemnizaci\u00f3n de los trabajadores.\"<\/strong><\/p>\n\t\t\t\t<img loading=\"lazy\" decoding=\"async\" src=\"https:\/\/www.steinberglawfirm.com\/wp-content\/uploads\/2020\/04\/foxnews-1.png\" alt=\"foxnews (1)\" itemprop=\"image\" height=\"218\" width=\"231\" title=\"foxnews (1)\" onerror=\"this.style.display='none'\"  \/>\n\t<p><strong>\"Los m\u00e9dicos y el personal sanitario tienen que acercarse para tratar a los infectados y limitar la propagaci\u00f3n del virus. Su continua exposici\u00f3n al virus les hace susceptibles de contraerlo\".<\/strong><\/p>\n\t\t\t\t<img loading=\"lazy\" decoding=\"async\" src=\"https:\/\/www.steinberglawfirm.com\/wp-content\/uploads\/2020\/04\/1920px-The_Logo_of_The_Washington_Post_Newspaper.svg-1.png\" alt=\"1920px El logotipo de The Washington Post.svg (1)\" itemprop=\"image\" height=\"299\" width=\"1920\" title=\"1920px El logotipo de The Washington Post.svg (1)\" onerror=\"this.style.display='none'\"  \/>\n\t<p><strong>\"Decenas de trabajadores sanitarios han enfermado de covid-19, y otros m\u00e1s est\u00e1n en cuarentena tras exponerse al virus, un hecho esperado pero preocupante, ya que el sistema sanitario estadounidense se prepara para un previsible aumento de las infecciones.\"<\/strong><\/p>\n<h3>\n\t\tLo que nuestros clientes dicen de nosotros\n\t<\/h3>\n\t\t\t<p><img loading=\"lazy\" decoding=\"async\" src=\"https:\/\/www.steinberglawfirm.com\/wp-content\/uploads\/2018\/04\/stars.png\" alt=\"\" width=\"170\" height=\"30\" title=\"\">\u00a0Fue un placer trabajar con Steven Goldberg y su personal. Mantuvieron un contacto regular para los informes de estado de mi caso y proporcionaron la documentaci\u00f3n necesaria de manera oportuna. Yo recomendar\u00eda esta firma-James<\/p>\t\t\n\t\t\t<p><img loading=\"lazy\" decoding=\"async\" src=\"https:\/\/www.steinberglawfirm.com\/wp-content\/uploads\/2018\/04\/stars.png\" alt=\"\" width=\"170\" height=\"30\" title=\"\">\u00a0Estoy muy satisfecha con mi experiencia y seguir\u00e9 recomendando The Steinberg Law Firm. Han trabajado muy duro en mi nombre.-Sharon<\/p>\t\t\n\t\t\t<p><img loading=\"lazy\" decoding=\"async\" src=\"https:\/\/www.steinberglawfirm.com\/wp-content\/uploads\/2018\/04\/stars.png\" alt=\"\" width=\"170\" height=\"30\" title=\"\">\u00a0Es dif\u00edcil poner por escrito lo mucho que Tom estaba all\u00ed para m\u00ed, realmente hizo un trabajo incre\u00edble. Incluso cuando se hizo el acuerdo, \u00e9l devolvi\u00f3 un texto con una llamada para compartir la alegr\u00eda sobre otro evento m\u00e9dico que est\u00e1bamos pasando, que ten\u00eda un gran resultado. S\u00ed, realmente se preocupan.-Dave<\/p>\t\t\n\t\t\t<p><img loading=\"lazy\" decoding=\"async\" src=\"https:\/\/www.steinberglawfirm.com\/wp-content\/uploads\/2018\/04\/stars.png\" alt=\"\" width=\"170\" height=\"30\" title=\"\">\u00a0Les recomendar\u00eda encarecidamenteDisfrut\u00e9 del hecho de que cada vez que llamaba, alguien me devolv\u00eda la llamada. Me hizo sentir que mi caso importaba, y que yo importaba. Respondieron a todas mis preguntas y preocupaciones de manera oportuna.-Paula<\/p>\t\t\n\t\t\t<p><img loading=\"lazy\" decoding=\"async\" src=\"https:\/\/www.steinberglawfirm.com\/wp-content\/uploads\/2018\/04\/stars.png\" alt=\"\" width=\"170\" height=\"30\" title=\"\">\u00a0David Pearlman y su personal hicieron un trabajo excepcional en mi reclamo. El Sr. Pearlman fue honesto, paciente y me dirigi\u00f3 en la direcci\u00f3n correcta. A'Riel fue siempre agradable y muy \u00fatil. Yo los recomendar\u00eda a todos.-Brenda<\/p>\t\t\n\t\t\t<p><img loading=\"lazy\" decoding=\"async\" src=\"https:\/\/www.steinberglawfirm.com\/wp-content\/uploads\/2018\/04\/stars.png\" alt=\"\" width=\"170\" height=\"30\" title=\"\">\u00a0Los abogados y su personal son muy profesionales y se preocupan por su situaci\u00f3n. Son \u00fanicos en su g\u00e9nero. Consiga esta firma detr\u00e1s de usted y nunca se arrepentir\u00e1 -Dori<\/p>\t\t\n\t\t\t<a href=\"https:\/\/www.steinberglawfirm.com\/testimonials\/\" target=\"_self\" role=\"button\" rel=\"noopener\">\n\t\t\t\t\t\t\tLeer m\u00e1s testimonios\n\t\t\t\t\t<\/a>\n<h4>\n\t\tThe Steinberg Law Firm obtiene resultados en las reclamaciones de indemnizaci\u00f3n de los trabajadores\n\t<\/h4>\n\t\t$1M\n\t<p>Colisi\u00f3n de motos<\/p>\n\t\t$3M\n\t<p>Liquidaci\u00f3n de defectos de productos<\/p>\n\t\t$3M\n\t<p>Liquidaci\u00f3n de accidentes de tr\u00e1fico<\/p>\n\t\t$2M\n\t<p>Accidente de cami\u00f3n<\/p>\n\t\t\t<a href=\"https:\/\/steinberglawfirm-staging.clmcloud.app\/es\/resultados\/\" target=\"_self\" role=\"button\" rel=\"noopener\">\n\t\t\t\t\t\t\tVer resultados\n\t\t\t\t\t<\/a>\n\t<p>Nuestros abogados de compensaci\u00f3n de los trabajadores han sido vistos en los medios de comunicaci\u00f3n, incluyendo:<\/p>\n\t\t\t\t<img decoding=\"async\" src=\"https:\/\/www.steinberglawfirm.com\/wp-content\/uploads\/2018\/12\/media-logos-2.jpg\" alt=\"Los abogados de lesiones personales de Steinberg Law Firm han aparecido en CBS News, ABC, NBC y Fox\" itemprop=\"image\" title=\"Los abogados de lesiones personales de Steinberg Law Firm han aparecido en CBS News, ABC, NBC y Fox\" onerror=\"this.style.display='none'\"  \/>\n<h5>\n\t\tDeja atr\u00e1s a la empresa\n\t<\/h5>\n\t<p>Como uno de los primeros abogados jud\u00edos en Charleston, Steinberg experiment\u00f3 la discriminaci\u00f3n y esto le inspir\u00f3 a ayudar a otro grupo privado de derechos durante ese tiempo: los afroamericanos.<\/p>\n<p>El bufete comenz\u00f3 a ocuparse de casos penales y civiles, y a principios de la d\u00e9cada de 1920, Steinberg se interes\u00f3 por el derecho de indemnizaci\u00f3n de los trabajadores. Sin embargo, en aquella \u00e9poca no exist\u00edan leyes de compensaci\u00f3n laboral. Steinberg y otros abogados de South Carolina reunieron entonces estatutos de otros estados y presionaron para que se a\u00f1adiera una ley similar en South Carolina en 1936.<\/p>\n<h6>\n\t\tCOVID 19 Abogado de indemnizaciones sanitarias que representa a South Carolina\n\t<\/h6>\n\t<p>Si cree que se ha infectado con COVID-19 en su lugar de trabajo en South Carolina, especialmente si es un trabajador sanitario, puede tener derecho a las prestaciones de la compensaci\u00f3n de los trabajadores.<\/p>\n<p>Sea cual sea su funci\u00f3n, ya sea como m\u00e9dico, asistente m\u00e9dico, enfermero, diagnosticador, terapeuta, farmac\u00e9utico, t\u00e9cnico de laboratorio, trabajador de servicios ambientales, param\u00e9dico, param\u00e9dico de emergencia u otro trabajador de la salud, reconocemos los riesgos a los que se enfrenta. Queremos que sepa que, si contrae el virus Covid-19 en el trabajo, el Steinberg Law Firm estar\u00e1 aqu\u00ed para conseguirle el tratamiento m\u00e9dico y la indemnizaci\u00f3n que se merece.<\/p>\n<h6>\n\t\tPara una consulta gratuita llame al (843) 720-2800\n\t<\/h6>\n<h4>\n\t\t\u00bfEs el Covid-19 una lesi\u00f3n o enfermedad laboral si se contrae en el trabajo?\n\t<\/h4>\n\t<p>A menudo nadie sabe cu\u00e1ndo se produce la exposici\u00f3n profesional a una enfermedad infecciosa. Seg\u00fan la ley South Carolina, una enfermedad profesional surge debido a las condiciones de trabajo. Si puede demostrar la relaci\u00f3n entre su exposici\u00f3n durante el trabajo y el deterioro de su salud, estas lesiones o enfermedades profesionales pueden darle derecho a tratamiento m\u00e9dico, prestaciones e indemnizaci\u00f3n.<\/p>\n<p>Las enfermedades profesionales y las exposiciones pueden tener un efecto perjudicial sostenido a largo plazo en su salud y bienestar. La definici\u00f3n de enfermedad profesional del Estado de South Carolina puede dificultar el \u00e9xito de una reclamaci\u00f3n de indemnizaci\u00f3n de los trabajadores por una enfermedad contra\u00edda en el trabajo que tambi\u00e9n ha expuesto al p\u00fablico en general. Sin embargo, puede haber una excepci\u00f3n para los trabajadores sanitarios cuyos entornos de trabajo aumentan su riesgo de contraer el coronavirus (COVID-19). The Steinberg Law Firm ha luchado por ampliar la definici\u00f3n de lesi\u00f3n accidental para incluir el efecto de una exposici\u00f3n, la fiebre, los dolores y la dificultad respiratoria, as\u00ed como la propia exposici\u00f3n.<\/p>\n\t\t\t\t<img decoding=\"async\" src=\"https:\/\/www.steinberglawfirm.com\/wp-content\/uploads\/2022\/04\/BroadStreetAttorneys.jpg\" alt=\"Abogados de lesiones personales frente a la oficina Charleston de Broad Street\" itemprop=\"image\" title=\"BroadStreetAttorneys\" onerror=\"this.style.display='none'\"  \/>\n<h4>\n\t\tDefensores del personal sanitario y de primera intervenci\u00f3n\n\t<\/h4>\n\t\t\t\t<img decoding=\"async\" src=\"https:\/\/www.steinberglawfirm.com\/wp-content\/uploads\/2022\/03\/personal-injury-lawyers-working.jpg\" alt=\"Las abogadas de lesiones personales Annie Andrews y Catie Meehan trabajan en un caso en la oficina\" itemprop=\"image\" title=\"lesiones personales-abogados-trabajo\" onerror=\"this.style.display='none'\"  \/>\n\t\t\t\t<img loading=\"lazy\" decoding=\"async\" src=\"https:\/\/www.steinberglawfirm.com\/wp-content\/uploads\/2017\/06\/TMW-smiling.jpg\" alt=\"TMW sonriendo\" itemprop=\"image\" height=\"689\" width=\"1030\" title=\"TMW sonriendo\" onerror=\"this.style.display='none'\"  \/>\n\t<p>El Steinberg Law Firm tiene una larga historia de protecci\u00f3n de los derechos de los primeros intervinientes. Nuestros abogados, el personal y la administraci\u00f3n de la Steinberg Law Firm dan las gracias a todos los dedicados trabajadores de la salud que prestan servicio en la primera l\u00ednea de la pandemia de coronavirus. Apreciamos los sacrificios que hacen cada d\u00eda para tratar y cuidar a los enfermos y a los vulnerables.  Si desea hablar sobre un posible caso, ll\u00e1menos al 843-720-2800.<\/p>\n<p>Queremos que sepa que los abogados de Steinberg Law Firm tienen los conocimientos, las habilidades y la experiencia para ayudarle en caso de que se infecte con COVID-19. El Steinberg Law Firm tiene una larga historia de protecci\u00f3n y ampliaci\u00f3n de los derechos de los trabajadores de la salud para recibir tratamiento m\u00e9dico y compensaci\u00f3n por las exposiciones relacionadas con el trabajo a las enfermedades infecciosas.<\/p>\n<h6>\n\t\tAbogados para el personal sanitario con COVID-19\n\t<\/h6>\n\t<p>Nuestros abogados de compensaci\u00f3n de trabajadores han manejado miles de casos de compensaci\u00f3n de trabajadores. Perm\u00edtanos usar nuestra experiencia para ayudarlo en este momento problem\u00e1tico. Le ayudaremos en cada paso del camino si se infecta con el coronavirus.<\/p>\n<p>Nuestros pensamientos est\u00e1n con todas las personas afectadas actualmente por el coronavirus y con los profesionales sanitarios que trabajan para atenderlas.<\/p>\n<p>Si usted es un trabajador de la salud que ha contra\u00eddo COVID-19, llame a nuestros experimentados abogados al (843) 720-2800 para una consulta gratuita.<\/p>\n<h6>\n\t\t\u00bfCu\u00e1nto vale su caso de compensaci\u00f3n laboral? Llame al (843) 720-2800\n\t<\/h6>\n<h6>\n\t\tC\u00f3mo elegir el abogado de indemnizaci\u00f3n por accidente de trabajo adecuado\n\t<\/h6>\n\t\t\t\t<p>Tienes un grupo con todos los conocimientos y a\u00f1os... Pero ahora que ha terminado, saber que obtuve el mejor resultado que pod\u00eda haber, saber que me cuidaron es como formar parte de una familia.<\/p>\n<h6>\n\t\tServicios jur\u00eddicos galardonados\n\t<\/h6>\n\t\t\t\t\t<img decoding=\"async\" src=\"https:\/\/i.ytimg.com\/vi\/hyDcapDA1IE\/maxresdefault.jpg\" alt=\"\" title=\"\">\n\t\t\t\t<img decoding=\"async\" src=\"https:\/\/www.steinberglawfirm.com\/wp-content\/uploads\/2018\/04\/logo-4.png\" alt=\"logo-4\" itemprop=\"image\" title=\"logo-4\" onerror=\"this.style.display='none'\"  \/>\n\t\t\t\t<img decoding=\"async\" src=\"https:\/\/www.steinberglawfirm.com\/wp-content\/uploads\/2017\/08\/blf-badge-2016_0.jpg\" alt=\"BLF 2014_Plata_General\" itemprop=\"image\" title=\"BLF 2014_Plata_General\" onerror=\"this.style.display='none'\"  \/>\n\t\t\t\t<img decoding=\"async\" src=\"https:\/\/www.steinberglawfirm.com\/wp-content\/uploads\/2017\/06\/AVVO-1010-Rating.png\" alt=\"AVVO-1010-Calificaci\u00f3n\" itemprop=\"image\" title=\"AVVO-1010-Calificaci\u00f3n\" onerror=\"this.style.display='none'\"  \/>\n\t\t\t\t<img decoding=\"async\" src=\"https:\/\/www.steinberglawfirm.com\/wp-content\/uploads\/2017\/06\/tntltop100_0.png\" alt=\"tntltop100_0\" itemprop=\"image\" title=\"tntltop100_0\" onerror=\"this.style.display='none'\"  \/>\n\t\t\t\t<img decoding=\"async\" src=\"https:\/\/www.steinberglawfirm.com\/wp-content\/uploads\/2017\/06\/superlawyers_0.png\" alt=\"superabogados_0\" itemprop=\"image\" title=\"superabogados_0\" onerror=\"this.style.display='none'\"  \/>","protected":false},"excerpt":{"rendered":"<p>Mientras el resto del mundo da un paso atr\u00e1s, usted da un paso adelante. Gracias a todos los trabajadores de la salud que sirven en la primera l\u00ednea de la pandemia de COVID-19. \u00bfEs usted un trabajador sanitario y ha contra\u00eddo COVID-19? Llame al (843) 720-2800 Los trabajadores de la salud son de alto riesgo de ser infectados con COVID-19 \"Algunos funcionarios locales, incluyendo en Charleston,...<\/p>","protected":false},"author":1,"featured_media":0,"parent":8640,"menu_order":0,"comment_status":"closed","ping_status":"closed","template":"tpl-no-header-footer.php","meta":{"_acf_changed":false,"footnotes":""},"class_list":["post-11000","page","type-page","status-publish","hentry"],"acf":[],"_links":{"self":[{"href":"https:\/\/steinberglawfirm-staging.clmcloud.app\/es\/wp-json\/wp\/v2\/pages\/11000"}],"collection":[{"href":"https:\/\/steinberglawfirm-staging.clmcloud.app\/es\/wp-json\/wp\/v2\/pages"}],"about":[{"href":"https:\/\/steinberglawfirm-staging.clmcloud.app\/es\/wp-json\/wp\/v2\/types\/page"}],"author":[{"embeddable":true,"href":"https:\/\/steinberglawfirm-staging.clmcloud.app\/es\/wp-json\/wp\/v2\/users\/1"}],"replies":[{"embeddable":true,"href":"https:\/\/steinberglawfirm-staging.clmcloud.app\/es\/wp-json\/wp\/v2\/comments?post=11000"}],"version-history":[{"count":2,"href":"https:\/\/steinberglawfirm-staging.clmcloud.app\/es\/wp-json\/wp\/v2\/pages\/11000\/revisions"}],"predecessor-version":[{"id":21256,"href":"https:\/\/steinberglawfirm-staging.clmcloud.app\/es\/wp-json\/wp\/v2\/pages\/11000\/revisions\/21256"}],"up":[{"embeddable":true,"href":"https:\/\/steinberglawfirm-staging.clmcloud.app\/es\/wp-json\/wp\/v2\/pages\/8640"}],"wp:attachment":[{"href":"https:\/\/steinberglawfirm-staging.clmcloud.app\/es\/wp-json\/wp\/v2\/media?parent=11000"}],"curies":[{"name":"wp","href":"https:\/\/api.w.org\/{rel}","templated":true}]}}