{"id":10908,"date":"2020-03-05T22:19:21","date_gmt":"2020-03-05T22:19:21","guid":{"rendered":"https:\/\/www.steinberglawfirm.com\/?page_id=10908"},"modified":"2022-03-14T19:26:40","modified_gmt":"2022-03-14T19:26:40","slug":"musc-health-springview-primary-care","status":"publish","type":"page","link":"https:\/\/steinberglawfirm-staging.clmcloud.app\/es\/hospitales\/musc-health-springview-primary-care\/","title":{"rendered":"MUSC Health Springview Primary Care"},"content":{"rendered":"<h1 class=\"wp-block-heading\"><strong>South Carolina Abogados de lesiones personales cerca de MUSC Health Springview Primary Care en Summerville, South Carolina <\/strong> <\/h1>\n\n\n\n<p>\u00bfHa sido usted o un ser querido atendido en MUSC Health Springview Primary Care en Summerville, South Carolina? \u00bfHa sido usted o un ser querido el <a href=\"https:\/\/www.steinberglawfirm.com\/practice-areas\/dangerous-products\/dangerous-drugs\/\" target=\"_blank\" rel=\"noopener\">v\u00edctima de un error de prescripci\u00f3n o de interacci\u00f3n de medicamentos<\/a>...un diagn\u00f3stico err\u00f3neo, <a href=\"https:\/\/www.steinberglawfirm.com\/practice-areas\/auto-accidents\/pedestrian-accident\/\" target=\"_blank\" rel=\"noopener\">peat\u00f3n<\/a> o <a href=\"https:\/\/www.steinberglawfirm.com\/practice-areas\/bicycle-accidents\/\" target=\"_blank\" rel=\"noopener\">accidente de bicicleta<\/a>? Llame al Steinberg Law Firm lo antes posible <a href=\"https:\/\/www.steinberglawfirm.com\/free-consultation\/\" target=\"_blank\" rel=\"noopener\">para una consulta gratuita<\/a> con un <a href=\"https:\/\/www.steinberglawfirm.com\/practice-areas\/personal-injury\/\" target=\"_blank\" rel=\"noopener\">abogado experto en lesiones personales<\/a>.  <\/p>\n\n\n\n<p>A menudo, los pacientes que se lesionan a causa de las acciones il\u00edcitas de otra persona no son conscientes de que podr\u00edan tener derecho a una indemnizaci\u00f3n. Sin embargo, el proceso legal puede ser abrumador y llevar mucho tiempo. Por lo tanto, si usted es v\u00edctima de un acto il\u00edcito, debe hablar con un <a href=\"https:\/\/www.steinberglawfirm.com\/summerville\/personal-injury-lawyer\/\" target=\"_blank\" rel=\"noopener\">abogado experimentado en lesiones personales Summerville<\/a> para conocer sus derechos legales.  <\/p>\n\n\n\n<p><a href=\"https:\/\/www.steinberglawfirm.com\/contact-us\/\" target=\"_blank\" rel=\"noopener\">Contacte con<\/a> a <a href=\"https:\/\/www.steinberglawfirm.com\/\" target=\"_blank\" rel=\"noopener\">South Carolina abogado de lesiones personales<\/a> cerca de MUSC Health Springview Primary Care en <a href=\"https:\/\/www.steinberglawfirm.com\/summerville\/\" target=\"_blank\" rel=\"noopener\">Summerville, South Carolina<\/a>. Esta es la mejor manera de saber c\u00f3mo debe proceder para obtener una indemnizaci\u00f3n por sus lesiones. Usted no paga nada hasta que su caso se resuelva o gane en el juicio.  <\/p>\n\n\n\n<h2 class=\"wp-block-heading\"><strong>MUSC Health Springview Primary Care Location <\/strong> <\/h2>\n\n\n\n<p>MUSC Health Springview Primary Care es un proveedor de atenci\u00f3n m\u00e9dica de medicina familiar. Se centra en el bienestar de rutina y la atenci\u00f3n preventiva para los pacientes de todas las edades.   <\/p>\n\n\n\n<p>Los objetivos del hospital son promover el bienestar, detectar y gestionar los problemas de salud cr\u00f3nicos y proporcionar una atenci\u00f3n m\u00e9dica eficaz para las enfermedades de aparici\u00f3n repentina. Para lograr sus objetivos, ofrecen servicios de atenci\u00f3n primaria para pediatr\u00eda (desde reci\u00e9n nacidos hasta los veinte a\u00f1os), medicina familiar para todas las edades y medicina interna para adultos a partir de los dieciocho a\u00f1os.  <\/p>\n\n\n\n<p>El hospital est\u00e1 situado en el 87 de Springview Ln., en Summerville, South Carolina, que est\u00e1 a menos de seis millas del Steinberg Law Firm. El Steinberg Law Firm est\u00e1 situado en el 103 de Grandview Drive, en el Summerville.  <\/p>\n\n\n\n<p>MUSC Health Springview Primary Care en South Carolina est\u00e1 certificado como un Hogar M\u00e9dico Centrado en el Paciente (PCMH) por el Centro Nacional de Garant\u00eda de Calidad (NCQA).   <\/p>\n\n\n\n<p>Para ser una consulta de atenci\u00f3n primaria certificada por el PCMH, MUSC Health Springview Primary Care tuvo que cumplir cinco requisitos del NCQA:<\/p>\n\n\n\n<ul class=\"wp-block-list\"><li>Atenci\u00f3n centrada en el paciente  <\/li><li>Atenci\u00f3n integral  <\/li><li>Servicios coordinados  <\/li><li>Servicios accesibles  <\/li><li>Compromiso de alta calidad y seguridad  <\/li><\/ul>","protected":false},"excerpt":{"rendered":"<p>South Carolina Abogados de lesiones personales cerca de MUSC Health Springview Primary Care en Summerville, South Carolina \u00bfHa sido usted o su ser querido tratado en MUSC Health Springview Primary Care en Summerville, South Carolina? \u00bfHa sido usted o un ser querido v\u00edctima de un error de prescripci\u00f3n o de interacci\u00f3n de medicamentos, de un diagn\u00f3stico err\u00f3neo o de un accidente de peat\u00f3n o de bicicleta? Llame...<\/p>","protected":false},"author":1,"featured_media":0,"parent":4266,"menu_order":0,"comment_status":"closed","ping_status":"closed","template":"","meta":{"_acf_changed":false,"footnotes":""},"class_list":["post-10908","page","type-page","status-publish","hentry"],"acf":[],"_links":{"self":[{"href":"https:\/\/steinberglawfirm-staging.clmcloud.app\/es\/wp-json\/wp\/v2\/pages\/10908"}],"collection":[{"href":"https:\/\/steinberglawfirm-staging.clmcloud.app\/es\/wp-json\/wp\/v2\/pages"}],"about":[{"href":"https:\/\/steinberglawfirm-staging.clmcloud.app\/es\/wp-json\/wp\/v2\/types\/page"}],"author":[{"embeddable":true,"href":"https:\/\/steinberglawfirm-staging.clmcloud.app\/es\/wp-json\/wp\/v2\/users\/1"}],"replies":[{"embeddable":true,"href":"https:\/\/steinberglawfirm-staging.clmcloud.app\/es\/wp-json\/wp\/v2\/comments?post=10908"}],"version-history":[{"count":1,"href":"https:\/\/steinberglawfirm-staging.clmcloud.app\/es\/wp-json\/wp\/v2\/pages\/10908\/revisions"}],"predecessor-version":[{"id":14001,"href":"https:\/\/steinberglawfirm-staging.clmcloud.app\/es\/wp-json\/wp\/v2\/pages\/10908\/revisions\/14001"}],"up":[{"embeddable":true,"href":"https:\/\/steinberglawfirm-staging.clmcloud.app\/es\/wp-json\/wp\/v2\/pages\/4266"}],"wp:attachment":[{"href":"https:\/\/steinberglawfirm-staging.clmcloud.app\/es\/wp-json\/wp\/v2\/media?parent=10908"}],"curies":[{"name":"wp","href":"https:\/\/api.w.org\/{rel}","templated":true}]}}