{"id":10796,"date":"2020-02-03T22:46:16","date_gmt":"2020-02-03T22:46:16","guid":{"rendered":"https:\/\/www.steinberglawfirm.com\/?page_id=10796"},"modified":"2024-08-01T20:39:17","modified_gmt":"2024-08-01T20:39:17","slug":"hit-by-a-car-on-a-bicycle","status":"publish","type":"page","link":"https:\/\/steinberglawfirm-staging.clmcloud.app\/es\/lesiones-personales\/accidentes-de-bicicleta\/atropello-en-bicicleta\/","title":{"rendered":"Atropello en bicicleta"},"content":{"rendered":"<h1 class=\"wp-block-heading\">South Carolina Abogado de accidente de coche en bicicleta<\/h1>\n\n\n\n<div style=\"height:15px\" aria-hidden=\"true\" class=\"wp-block-spacer\"><\/div>\n\n\n\n<p>El ciclismo es un pasatiempo popular. La gente de South Carolina utiliza la bicicleta como medio de transporte, forma de ejercicio y actividad recreativa. Sin embargo, el ciclismo lleva asociados muchos peligros. Al compartir la carretera con veh\u00edculos motorizados, las bicicletas corren el riesgo de sufrir accidentes. Los accidentes entre veh\u00edculos y bicicletas suelen provocar lesiones e incluso v\u00edctimas mortales.<\/p>\n\n\n\n<p>Las bicicletas no tienen las mismas protecciones que los coches. Adem\u00e1s, las bicicletas son peque\u00f1as y estrechas, lo que afecta a su visibilidad. El tama\u00f1o y el peso de un veh\u00edculo no s\u00f3lo afectan a la capacidad de maniobra y al tiempo de reacci\u00f3n de los conductores, sino tambi\u00e9n a la gravedad de las lesiones y los da\u00f1os.<\/p>\n\n\n\n<p>Si usted o un ser querido ha sido atropellado por un coche mientras iba en bicicleta, puede tener derecho a una indemnizaci\u00f3n por sus lesiones y da\u00f1os. <a href=\"https:\/\/www.steinberglawfirm.com\/contact-us\/\" target=\"_blank\" rel=\"noopener\">Contacto con el Steinberg Law Firm<\/a> para saber c\u00f3mo podemos ayudar.<\/p>\n\n\n\n<p><strong>South Carolina Leyes sobre bicicletas<\/strong><\/p>\n\n\n\n<p>Las bicicletas y los veh\u00edculos motorizados deben respetar las mismas leyes y normas de tr\u00e1fico. Las bicicletas tienen el mismo derecho a estar en la calzada que los dem\u00e1s veh\u00edculos. Seg\u00fan la ley, los coches deben mantenerse a una distancia segura de los ciclistas. La ley estatal exige que los ciclistas circulen por el carril bici si hay uno. South Carolina no tiene leyes sobre el uso del casco. Esto significa que los ciclistas no est\u00e1n obligados a llevar casco.<\/p>\n\n\n\n<p><strong>Ciclistas atropellados en South Carolina&nbsp;<\/strong><\/p>\n\n\n\n<p>Incluso con leyes y medidas preventivas, se producen accidentes entre veh\u00edculos motorizados y bicicletas. Cuando las bicicletas comparten la carretera con otros veh\u00edculos, incluso cuando las bicicletas tienen su propio carril, siguen ocurriendo accidentes. La ley estatal exige que las bicicletas circulen por los carriles bici si los hay en la carretera. Cuando se circula por los carriles bici, las bicicletas viajan junto a autom\u00f3viles que se mueven a velocidades mucho mayores. En una fracci\u00f3n de segundo, un coche puede chocar con una bicicleta. El accidente puede producirse por:<\/p>\n\n\n\n<ul class=\"wp-block-list\">\n<li>El automovilista no ve la bicicleta <\/li>\n\n\n\n<li>El ciclista no ve el coche <\/li>\n\n\n\n<li>Distraerse al conducir o montar en bicicleta <\/li>\n\n\n\n<li><a href=\"https:\/\/www.steinberglawfirm.com\/personal-injury\/auto-accidents\/drunk-driving-accident\/\" target=\"_blank\" rel=\"noopener\">Conducci\u00f3n bajo los efectos del alcohol<\/a><\/li>\n\n\n\n<li>Se\u00f1alizaci\u00f3n o cambio de carril inadecuados <\/li>\n<\/ul>\n\n\n\n<p>Sin equipo de protecci\u00f3n, los ciclistas corren el riesgo de sufrir lesiones graves e incluso de morir. Las v\u00edctimas mortales de los ciclistas en South Carolina son una media de aproximadamente 20 personas al a\u00f1o. El impacto de un coche contra una bicicleta puede causar las siguientes lesiones graves:<\/p>\n\n\n\n<ul class=\"wp-block-list\">\n<li>Conmociones cerebrales <\/li>\n\n\n\n<li>Contusiones <\/li>\n\n\n\n<li>Lesiones en el cuello <\/li>\n\n\n\n<li>Abrasiones <\/li>\n\n\n\n<li>Laceraciones <\/li>\n\n\n\n<li>Cepas <\/li>\n\n\n\n<li>Fracturas <\/li>\n\n\n\n<li>Erupci\u00f3n en la carretera <\/li>\n<\/ul>\n\n\n\n<p><strong>Determinaci\u00f3n de la culpa en un accidente de bicicleta South Carolina<\/strong><\/p>\n\n\n\n<p>Si el conductor de un veh\u00edculo atropella a una bicicleta, la v\u00edctima puede interponer una demanda para compensar sus lesiones y da\u00f1os. Las v\u00edctimas de un accidente de este tipo deben demostrar que el conductor culpable fue negligente en sus acciones. En caso de fallecimiento del ciclista, los familiares o un representante de la herencia de la v\u00edctima fallecida pueden tratar de obtener una indemnizaci\u00f3n de la parte culpable.<\/p>\n\n\n\n<p>A veces ambas partes implicadas en el accidente pueden ser responsables del mismo. A veces, el responsable del accidente es el ciclista. En estos casos, las acciones del ciclista durante y antes del accidente pueden afectar a la cuant\u00eda de la indemnizaci\u00f3n recibida.<\/p>\n\n\n\n<p>Seg\u00fan la ley South Carolina, la negligencia contributiva y la negligencia comparativa se aplican cuando m\u00e1s de una parte contribuye a un accidente. La negligencia contributiva puede impedir que un ciclista cobre una indemnizaci\u00f3n por sus lesiones si es m\u00e1s culpable del accidente que el conductor del veh\u00edculo que le golpe\u00f3. El ciclista puede seguir recibiendo una indemnizaci\u00f3n legal si su contribuci\u00f3n al accidente es igual o menor que la del conductor. La negligencia comparativa decide el grado de negligencia de cada parte en el accidente. El ciclista recibe una indemnizaci\u00f3n menos el porcentaje de culpa que tuvo en el accidente.<\/p>\n\n\n\n<p><strong>Presentaci\u00f3n de una demanda<\/strong><\/p>\n\n\n\n<p>Cuando usted o un ser querido ha sido atropellado por un coche mientras montaba en bicicleta, puede tener derecho a recibir una indemnizaci\u00f3n por sus lesiones y a recuperar da\u00f1os y perjuicios por cosas como:<\/p>\n\n\n\n<ul class=\"wp-block-list\">\n<li>Salarios perdidos <\/li>\n\n\n\n<li>Tiempo libre en el trabajo o en la escuela <\/li>\n\n\n\n<li>Matr\u00edcula <\/li>\n\n\n\n<li>Dolor y sufrimiento <\/li>\n\n\n\n<li>Angustia emocional <\/li>\n\n\n\n<li>Tratamiento m\u00e9dico continuado <\/li>\n<\/ul>\n\n\n\n<p>Es posible que tenga que presentar una demanda para obtener una indemnizaci\u00f3n por da\u00f1os y perjuicios. Con frecuencia, las demandas son complejas y llevan mucho tiempo. El proceso legal requiere conocimientos de la ley, procedimientos judiciales y an\u00e1lisis jur\u00eddicos. Para ayudarle a navegar por el complicado panorama legal, debe contratar a un <a href=\"https:\/\/www.steinberglawfirm.com\/practice-areas\/bicycle-accidents\/\" target=\"_blank\" rel=\"noopener\">abogado con experiencia en accidentes de bicicleta<\/a> del Steinberg Law Firm.<\/p>\n\n\n\n<p><strong>Contrataci\u00f3n de un abogado<\/strong><\/p>\n\n\n\n<p>Si usted o un ser querido fue atropellado por un coche mientras montaba en bicicleta, puede tener derecho a una indemnizaci\u00f3n y a da\u00f1os y perjuicios. Para ayudarle a entender sus derechos, el Steinberg Law Firm est\u00e1 preparado para ayudarle. P\u00f3ngase en contacto con el <a href=\"https:\/\/www.steinberglawfirm.com\/\" target=\"_blank\" rel=\"noopener\">abogados con experiencia South Carolina<\/a> de la Steinberg Law Firm al (843) 720-2800 para proteger sus derechos y ayudarle con su caso.<\/p>","protected":false},"excerpt":{"rendered":"<p>South Carolina Abogado de accidente de coche en bicicleta El ciclismo es un pasatiempo popular. La gente de South Carolina utiliza la bicicleta como un medio de transporte, una forma de ejercicio y una actividad recreativa. Sin embargo, el ciclismo tiene muchos peligros asociados. Al compartir la carretera con veh\u00edculos motorizados, las bicicletas corren el riesgo de sufrir accidentes....<\/p>","protected":false},"author":1,"featured_media":15161,"parent":10706,"menu_order":0,"comment_status":"closed","ping_status":"closed","template":"","meta":{"_acf_changed":false,"footnotes":""},"class_list":["post-10796","page","type-page","status-publish","has-post-thumbnail","hentry"],"acf":[],"_links":{"self":[{"href":"https:\/\/steinberglawfirm-staging.clmcloud.app\/es\/wp-json\/wp\/v2\/pages\/10796"}],"collection":[{"href":"https:\/\/steinberglawfirm-staging.clmcloud.app\/es\/wp-json\/wp\/v2\/pages"}],"about":[{"href":"https:\/\/steinberglawfirm-staging.clmcloud.app\/es\/wp-json\/wp\/v2\/types\/page"}],"author":[{"embeddable":true,"href":"https:\/\/steinberglawfirm-staging.clmcloud.app\/es\/wp-json\/wp\/v2\/users\/1"}],"replies":[{"embeddable":true,"href":"https:\/\/steinberglawfirm-staging.clmcloud.app\/es\/wp-json\/wp\/v2\/comments?post=10796"}],"version-history":[{"count":6,"href":"https:\/\/steinberglawfirm-staging.clmcloud.app\/es\/wp-json\/wp\/v2\/pages\/10796\/revisions"}],"predecessor-version":[{"id":31590,"href":"https:\/\/steinberglawfirm-staging.clmcloud.app\/es\/wp-json\/wp\/v2\/pages\/10796\/revisions\/31590"}],"up":[{"embeddable":true,"href":"https:\/\/steinberglawfirm-staging.clmcloud.app\/es\/wp-json\/wp\/v2\/pages\/10706"}],"wp:featuredmedia":[{"embeddable":true,"href":"https:\/\/steinberglawfirm-staging.clmcloud.app\/es\/wp-json\/wp\/v2\/media\/15161"}],"wp:attachment":[{"href":"https:\/\/steinberglawfirm-staging.clmcloud.app\/es\/wp-json\/wp\/v2\/media?parent=10796"}],"curies":[{"name":"wp","href":"https:\/\/api.w.org\/{rel}","templated":true}]}}