{"id":10792,"date":"2020-02-03T22:35:27","date_gmt":"2020-02-03T22:35:27","guid":{"rendered":"https:\/\/www.steinberglawfirm.com\/?page_id=10792"},"modified":"2022-04-20T23:29:06","modified_gmt":"2022-04-20T23:29:06","slug":"fatal-bike-accidents","status":"publish","type":"page","link":"https:\/\/steinberglawfirm-staging.clmcloud.app\/es\/lesiones-personales\/muerte-por-negligencia\/accidentes-mortales-en-bicicleta\/","title":{"rendered":"Accidentes mortales de bicicleta"},"content":{"rendered":"<h1 class=\"wp-block-heading\">South Carolina Abogado de accidentes mortales de bicicleta<\/h1>\n\n\n\n<div style=\"height:15px\" aria-hidden=\"true\" class=\"wp-block-spacer\"><\/div>\n\n\n\n<p>Millones de personas montan en bicicleta. La bicicleta es una gran fuente de ejercicio, recreo y transporte, y una actividad que pueden disfrutar personas de casi todas las edades.<\/p>\n\n\n\n<p>A menudo las bicicletas ocupan las mismas carreteras que los veh\u00edculos de motor. Las bicicletas y los autom\u00f3viles se enfrentan a retos cuando coexisten en las mismas carreteras. Los coches y los camiones tienen m\u00e1s dificultades para maniobrar con la misma rapidez que las bicicletas. Los conductores tambi\u00e9n pueden tener problemas para ver a los ciclistas. Estas dificultades pueden provocar colisiones entre ambos tipos de veh\u00edculos. Muchos accidentes entre autom\u00f3viles y bicicletas provocan lesiones a las partes implicadas. Sin embargo, los ciclistas sufren consecuencias mucho m\u00e1s graves en las colisiones.<\/p>\n\n\n\n<p>Si su ser querido se lesion\u00f3 o muri\u00f3 en un accidente de bicicleta, <a href=\"https:\/\/www.steinberglawfirm.com\/personal-injury\/bicycle-accidents\/\" target=\"_blank\" rel=\"noopener\">p\u00f3ngase en contacto con los abogados expertos en accidentes de bicicleta South Carolina<\/a> en el Steinberg Law Firm al (843) 720-2800.<\/p>\n\n\n\n<h3 class=\"wp-block-heading\"><strong>South Carolina Leyes sobre bicicletas<\/strong><\/h3>\n\n\n\n<p>La ley South Carolina define a las bicicletas como veh\u00edculos. Por lo tanto, deben obedecer y seguir las mismas leyes que los dem\u00e1s veh\u00edculos de motor. No obstante, se producen accidentes entre coches y bicicletas.<\/p>\n\n\n\n<p>Los ciclistas son vulnerables en caso de accidente. Al no tener una cubierta protectora dura para sus cuerpos, los ciclistas tienen la opci\u00f3n de usar un casco para proteger sus cabezas, pero South Carolina no exige que los ciclistas usen cascos.<\/p>\n\n\n\n<h2 class=\"wp-block-heading\">\u00bfCu\u00e1les son algunas <strong>Causas de los accidentes mortales de bicicleta<\/strong> en South Carolina?<\/h2>\n\n\n\n<p>En los \u00faltimos cinco a\u00f1os, se produjeron en Estados Unidos una media de 800 choques de bicicletas con autom\u00f3viles. En South Carolina, unas 20 personas murieron mientras montaban en bicicleta en los \u00faltimos dos a\u00f1os. Cuando los coches y las bicicletas comparten la carretera, es inevitable que se produzcan accidentes; sin embargo, la mayor\u00eda son evitables. Algunas de las causas m\u00e1s frecuentes de los accidentes mortales en bicicleta son:<\/p>\n\n\n\n<ul class=\"wp-block-list\"><li>No ceder el paso <\/li><li>Falta de se\u00f1alizaci\u00f3n <\/li><li>Se\u00f1ales de giro manuales inadecuadas <\/li><li><a href=\"https:\/\/www.steinberglawfirm.com\/personal-injury\/auto-accidents\/distracted-driving-accidents\/\" target=\"_blank\" rel=\"noopener\">Distraerse al conducir o montar en bicicleta <\/a><\/li><li><a href=\"https:\/\/www.steinberglawfirm.com\/personal-injury\/auto-accidents\/speeding-car-accidents\/\" target=\"_blank\" rel=\"noopener\">Exceso de velocidad<\/a> <\/li><li><a href=\"https:\/\/www.steinberglawfirm.com\/personal-injury\/auto-accidents\/drunk-driving-accident\/\" target=\"_blank\" rel=\"noopener\">DUI <\/a><\/li><li>Cambio de carril incorrecto <\/li><\/ul>\n\n\n\n<p><strong>Muerte por negligencia y acci\u00f3n de supervivencia<\/strong><\/p>\n\n\n\n<p>Muchos accidentes mortales de bicicleta se producen cuando un veh\u00edculo de motor golpea a una persona que va en bicicleta. Aunque estos accidentes pueden haber sido involuntarios, sus resultados son graves e irreversibles. Por lo tanto, los conductores culpables pueden enfrentarse a varias consecuencias penales y civiles por causar accidentes mortales.<\/p>\n\n\n\n<p>El conductor culpable puede recibir un cargo criminal de homicidio vehicular si el conductor condujo con desprecio imprudente por la seguridad de otros y mat\u00f3 al ciclista. Si el conductor es encontrado culpable del delito, su licencia de conducir ser\u00e1 revocada por cinco a\u00f1os, y recibir\u00e1:<\/p>\n\n\n\n<ul class=\"wp-block-list\"><li>Una multa de $1000 a $5000; <\/li><li>Prisi\u00f3n de no m\u00e1s de 10 a\u00f1os; o <\/li><li>Tanto la multa como la prisi\u00f3n <\/li><\/ul>\n\n\n\n<p>Tanto si el conductor culpable recibe un veredicto de culpabilidad como si no, la familia del ciclista fallecido puede presentar una demanda civil. Pueden aplicarse dos tipos de demandas: muerte por negligencia y acci\u00f3n de supervivencia.<\/p>\n\n\n\n<p>Los miembros de la familia o un representante personal de la sucesi\u00f3n del fallecido podr\u00edan presentar una <a href=\"https:\/\/www.steinberglawfirm.com\/practice-areas\/wrongful-death\/\" target=\"_blank\" rel=\"noopener\">demanda de muerte por negligencia<\/a> si la muerte se debi\u00f3 a la negligencia o a las acciones intencionadas de la parte culpable. Si un ser querido muri\u00f3 en un accidente de bicicleta fatal, entonces usted tiene tres a\u00f1os a partir de la fecha de la muerte para presentar una demanda por muerte injusta.<\/p>\n\n\n\n<p>A menudo, un accidente entre una bicicleta y un autom\u00f3vil no se traduce inmediatamente en v\u00edctimas mortales. A veces los ciclistas sucumben a sus lesiones d\u00edas, semanas o meses despu\u00e9s. Si ese es el caso, un representante personal de la herencia del fallecido puede presentar una acci\u00f3n de supervivencia por las lesiones y el dolor que el fallecido soport\u00f3 hasta el momento de la muerte. Mientras que las indemnizaciones por muerte por negligencia van a los supervivientes del fallecido, la compensaci\u00f3n de una acci\u00f3n de supervivencia va a la herencia del fallecido.<\/p>\n\n\n\n<p><strong>Proceso para obtener una indemnizaci\u00f3n por accidente mortal en bicicleta<\/strong><\/p>\n\n\n\n<p>Despu\u00e9s de un accidente mortal entre una bicicleta y un autom\u00f3vil, la familia o el patrimonio del fallecido pueden presentar una demanda contra el conductor culpable. Para ello, la familia o la herencia deben presentar una demanda ante el tribunal. Factores como la edad, el estado civil y los documentos testamentarios del fallecido pueden requerir pasos adicionales en el proceso legal, incluyendo:<\/p>\n\n\n\n<ul class=\"wp-block-list\"><li>Abrir una sucesi\u00f3n testamentaria <\/li><li>Obtenci\u00f3n de la tutela o curatela si el superviviente del fallecido es menor de edad <\/li><li>Conseguir una fianza <\/li><\/ul>\n\n\n\n<p>Si un ser querido muri\u00f3 mientras montaba en bicicleta, el conductor culpable podr\u00eda ser responsable de su muerte. La familia del fallecido puede tener derecho a una indemnizaci\u00f3n si el conductor culpable fue negligente o condujo de forma imprudente y caus\u00f3 la instalaci\u00f3n. La indemnizaci\u00f3n para la familia superviviente y\/o en nombre del fallecido puede venir en forma de:<\/p>\n\n\n\n<ul class=\"wp-block-list\"><li>Da\u00f1os a la propiedad <\/li><li>Facturas m\u00e9dicas <\/li><li>Gastos funerarios <\/li><li>P\u00e9rdida de consorcio <\/li><li>Angustia emocional <\/li><li>Dolor y sufrimiento <\/li><\/ul>\n\n\n\n<p>Las demandas por homicidio culposo suelen ser largas y complicadas. En estos duros momentos, es necesario contratar a un <a href=\"https:\/\/www.steinberglawfirm.com\/\" target=\"_blank\" rel=\"noopener\">Conocido South Carolina abogado<\/a> para llevar su caso.<\/p>\n\n\n\n<p><strong>Contrataci\u00f3n de un abogado<\/strong><\/p>\n\n\n\n<p>Si su ser querido muri\u00f3 en un accidente de bicicleta, p\u00f3ngase en contacto con el Steinberg Law Firm en (843) 720-2800 y contratar a un experimentado <a href=\"https:\/\/www.steinberglawfirm.com\/practice-areas\/bicycle-accidents\/\" target=\"_blank\" rel=\"noopener\">South Carolina abogado de accidentes de bicicleta<\/a> para ayudarle con su caso. Estamos all\u00ed para usted en cada paso del camino. Nuestro equipo de abogados luchar\u00e1 por la compensaci\u00f3n que usted merece.<\/p>","protected":false},"excerpt":{"rendered":"<p>South Carolina Abogado de Accidentes de Bicicleta Fatales Millones de personas montan en bicicleta. Las bicicletas son una gran fuente de ejercicio, recreaci\u00f3n y transporte y una actividad que pueden disfrutar personas de casi todas las edades. A menudo las bicicletas ocupan las mismas carreteras que los veh\u00edculos de motor. Las bicicletas y los autom\u00f3viles se enfrentan a retos cuando coexisten en las mismas carreteras. Los coches y los camiones tienen...<\/p>","protected":false},"author":1,"featured_media":19451,"parent":177,"menu_order":0,"comment_status":"closed","ping_status":"closed","template":"","meta":{"_acf_changed":false,"footnotes":""},"class_list":["post-10792","page","type-page","status-publish","has-post-thumbnail","hentry"],"acf":[],"_links":{"self":[{"href":"https:\/\/steinberglawfirm-staging.clmcloud.app\/es\/wp-json\/wp\/v2\/pages\/10792"}],"collection":[{"href":"https:\/\/steinberglawfirm-staging.clmcloud.app\/es\/wp-json\/wp\/v2\/pages"}],"about":[{"href":"https:\/\/steinberglawfirm-staging.clmcloud.app\/es\/wp-json\/wp\/v2\/types\/page"}],"author":[{"embeddable":true,"href":"https:\/\/steinberglawfirm-staging.clmcloud.app\/es\/wp-json\/wp\/v2\/users\/1"}],"replies":[{"embeddable":true,"href":"https:\/\/steinberglawfirm-staging.clmcloud.app\/es\/wp-json\/wp\/v2\/comments?post=10792"}],"version-history":[{"count":5,"href":"https:\/\/steinberglawfirm-staging.clmcloud.app\/es\/wp-json\/wp\/v2\/pages\/10792\/revisions"}],"predecessor-version":[{"id":20501,"href":"https:\/\/steinberglawfirm-staging.clmcloud.app\/es\/wp-json\/wp\/v2\/pages\/10792\/revisions\/20501"}],"up":[{"embeddable":true,"href":"https:\/\/steinberglawfirm-staging.clmcloud.app\/es\/wp-json\/wp\/v2\/pages\/177"}],"wp:featuredmedia":[{"embeddable":true,"href":"https:\/\/steinberglawfirm-staging.clmcloud.app\/es\/wp-json\/wp\/v2\/media\/19451"}],"wp:attachment":[{"href":"https:\/\/steinberglawfirm-staging.clmcloud.app\/es\/wp-json\/wp\/v2\/media?parent=10792"}],"curies":[{"name":"wp","href":"https:\/\/api.w.org\/{rel}","templated":true}]}}