{"id":10786,"date":"2020-02-03T22:14:51","date_gmt":"2020-02-03T22:14:51","guid":{"rendered":"https:\/\/www.steinberglawfirm.com\/?page_id=10786"},"modified":"2022-03-14T19:26:41","modified_gmt":"2022-03-14T19:26:41","slug":"summerville-medical-center","status":"publish","type":"page","link":"https:\/\/steinberglawfirm-staging.clmcloud.app\/es\/hospitales\/summerville-medical-center\/","title":{"rendered":"Summerville Centro M\u00e9dico"},"content":{"rendered":"<h1 class=\"wp-block-heading\"><strong>South Carolina Abogado de lesiones personales cerca del centro m\u00e9dico Summerville en Summerville, South Carolin<\/strong>a<\/h1>\n\n\n\n<p>\u00bfHa sido usted o su ser querido atendido en el Centro M\u00e9dico Summerville en Summerville, South Carolina? \u00bfHa sido usted v\u00edctima de <a href=\"https:\/\/www.steinberglawfirm.com\/practice-areas\/medical-malpractice\/\" target=\"_blank\" rel=\"noopener\">negligencia m\u00e9dica<\/a>, <a href=\"https:\/\/www.steinberglawfirm.com\/practice-areas\/truck-accidents\/\" target=\"_blank\" rel=\"noopener\">accidente de cami\u00f3n<\/a> o accidente de moto? <a href=\"https:\/\/www.steinberglawfirm.com\/contact-us\/\" target=\"_blank\" rel=\"noopener\">P\u00f3ngase en contacto con el Steinberg Law Firm hoy mismo para una consulta gratuita<\/a> con un abogado experto en lesiones personales.   <\/p>\n\n\n\n<p>Tras una lesi\u00f3n o accidente, las v\u00edctimas pueden no saber qu\u00e9 pasos dar para obtener una indemnizaci\u00f3n por sus lesiones. Adem\u00e1s, cuando alguien se lesiona en un hospital, las compa\u00f1\u00edas de seguros se involucran. Si presenta una reclamaci\u00f3n a un proveedor de seguros por su cuenta, es posible que obtenga una indemnizaci\u00f3n menor que la que podr\u00eda recuperar con la ayuda de un abogado. <a href=\"https:\/\/www.steinberglawfirm.com\/practice-areas\/personal-injury\/\" target=\"_blank\" rel=\"noopener\">Hable con un abogado experto en lesiones personales<\/a> para conocer sus derechos legales.   <\/p>\n\n\n\n<p>Contactar con un <a href=\"https:\/\/www.steinberglawfirm.com\/\" target=\"_blank\" rel=\"noopener\">South Carolina abogado de lesiones personales<\/a> cerca del Centro M\u00e9dico Summerville es la mejor manera de informarse para obtener una indemnizaci\u00f3n por sus lesiones. Usted no paga nada hasta que su caso se resuelva o gane en el juicio.  <\/p>\n\n\n\n<p><strong>Summerville Ubicaci\u00f3n del centro m\u00e9dico <\/strong> <\/p>\n\n\n\n<p>El Centro M\u00e9dico Summerville comenz\u00f3 como una sala de urgencias independiente en Summerville, South Carolina, en 1993 como parte de la Hospital Corporation of America. Ese mismo a\u00f1o, el edificio pas\u00f3 de tener una sola planta a una estructura de tres pisos. Contaba con 82 camas, servicios ambulatorios y una unidad de rehabilitaci\u00f3n de 12 camas.   <\/p>\n\n\n\n<p>Con el tiempo, el Centro M\u00e9dico Summerville se ampli\u00f3. Ahora, el hospital ofrece una unidad de rehabilitaci\u00f3n card\u00edaca, servicios de obstetricia y ginecolog\u00eda 24 horas al d\u00eda, diagn\u00f3stico por imagen, cirug\u00eda bari\u00e1trica, atenci\u00f3n de urgencias pedi\u00e1tricas 24 horas al d\u00eda y cirug\u00eda rob\u00f3tica.   <\/p>\n\n\n\n<p>El hospital est\u00e1 situado en el 295 de Midland Parkway, en Summerville, South Carolina, que est\u00e1 aproximadamente a cinco millas de distancia del Steinberg Law Firm. El Steinberg Law Firm est\u00e1 situado en el 103 de Grandview Drive, en el Summerville.  <\/p>\n\n\n\n<p>El Centro M\u00e9dico Summerville ha recibido varios premios a la calidad hospitalaria y a la calidad cl\u00ednica especial. Healthgrades.com informa que:<\/p>\n\n\n\n<ul class=\"wp-block-list\"><li>El Centro M\u00e9dico Summerville fue nombrado entre el 10 por ciento m\u00e1s alto de la naci\u00f3n por la seguridad de los pacientes en 2018 y 2019.   <\/li><li>El hospital recibi\u00f3 el Premio a la Excelencia en Seguridad del Paciente de Healthgrades en 2018 y 2019.  <\/li><li>El Centro M\u00e9dico Summerville recibi\u00f3 el premio America's 50 Best Hospitals for Vascular Surgery\u2122 en 2018, 2019 y 2020,   <\/li><li>El hospital recibi\u00f3 el premio America's 100 Best Hospitals for Prostate Surgery\u2122 en 2019.  <\/li><li>El centro recibi\u00f3 el premio America's 100 Best Hospitals for Spine Surgery\u2122 en 2018.  <\/li><li>El Centro M\u00e9dico Summerville ha tenido 0 incidencias de objetos peligrosos dejados en el cuerpo de un paciente durante una cirug\u00eda o procedimiento.  <\/li><\/ul>","protected":false},"excerpt":{"rendered":"<p>South Carolina Abogado de lesiones personales cerca de Summerville Medical Center en Summerville, South Carolina \u00bfHa sido usted o su ser querido tratado en Summerville Medical Center en Summerville, South Carolina? \u00bfHa sido v\u00edctima de una negligencia m\u00e9dica, un accidente de cami\u00f3n o un accidente de scooter? P\u00f3ngase en contacto con el Steinberg Law Firm hoy para una consulta gratuita con un experimentado...<\/p>","protected":false},"author":1,"featured_media":0,"parent":4266,"menu_order":0,"comment_status":"closed","ping_status":"closed","template":"","meta":{"_acf_changed":false,"footnotes":""},"class_list":["post-10786","page","type-page","status-publish","hentry"],"acf":[],"_links":{"self":[{"href":"https:\/\/steinberglawfirm-staging.clmcloud.app\/es\/wp-json\/wp\/v2\/pages\/10786"}],"collection":[{"href":"https:\/\/steinberglawfirm-staging.clmcloud.app\/es\/wp-json\/wp\/v2\/pages"}],"about":[{"href":"https:\/\/steinberglawfirm-staging.clmcloud.app\/es\/wp-json\/wp\/v2\/types\/page"}],"author":[{"embeddable":true,"href":"https:\/\/steinberglawfirm-staging.clmcloud.app\/es\/wp-json\/wp\/v2\/users\/1"}],"replies":[{"embeddable":true,"href":"https:\/\/steinberglawfirm-staging.clmcloud.app\/es\/wp-json\/wp\/v2\/comments?post=10786"}],"version-history":[{"count":1,"href":"https:\/\/steinberglawfirm-staging.clmcloud.app\/es\/wp-json\/wp\/v2\/pages\/10786\/revisions"}],"predecessor-version":[{"id":14004,"href":"https:\/\/steinberglawfirm-staging.clmcloud.app\/es\/wp-json\/wp\/v2\/pages\/10786\/revisions\/14004"}],"up":[{"embeddable":true,"href":"https:\/\/steinberglawfirm-staging.clmcloud.app\/es\/wp-json\/wp\/v2\/pages\/4266"}],"wp:attachment":[{"href":"https:\/\/steinberglawfirm-staging.clmcloud.app\/es\/wp-json\/wp\/v2\/media?parent=10786"}],"curies":[{"name":"wp","href":"https:\/\/api.w.org\/{rel}","templated":true}]}}