{"id":10773,"date":"2020-01-28T19:52:55","date_gmt":"2020-01-28T19:52:55","guid":{"rendered":"https:\/\/www.steinberglawfirm.com\/?page_id=10773"},"modified":"2020-01-28T19:54:08","modified_gmt":"2020-01-28T19:54:08","slug":"what-do-i-need-to-know-about-my-south-carolina-accident-report","status":"publish","type":"page","link":"https:\/\/steinberglawfirm-staging.clmcloud.app\/es\/faq\/faq-accidente-de-coche\/que-necesito-saber-sobre-mi-informe-de-accidente-de-carolina-sur\/","title":{"rendered":"\u00bfQu\u00e9 debo saber sobre mi parte de accidente South Carolina?"},"content":{"rendered":"<h1 class=\"wp-block-heading\"><strong>\u00bfQu\u00e9 debo saber sobre mi parte de accidente South Carolina?<\/strong><\/h1>\n\n\n\n<p>Los partes de accidente South Carolina los rellena el personal de las fuerzas de seguridad. Sin embargo, es conveniente comprobar la informaci\u00f3n que contiene el informe.   <\/p>\n\n\n\n<p>Las partes m\u00e1s cr\u00edticas que hay que comprobar son:<\/p>\n\n\n\n<ul class=\"wp-block-list\"><li><strong>Informaci\u00f3n para conductores y peatones<\/strong> - Esto incluye los nombres, la informaci\u00f3n de contacto y la informaci\u00f3n del veh\u00edculo de todos los conductores implicados. Otros datos son la informaci\u00f3n del permiso de conducir, los n\u00fameros de identificaci\u00f3n del veh\u00edculo, la informaci\u00f3n de la compa\u00f1\u00eda de seguros, la marca del veh\u00edculo y si un conductor contribuy\u00f3 o no al accidente. Puede haber un registro de la velocidad de los conductores, el l\u00edmite de velocidad establecido y si los conductores fueron detenidos en el lugar del accidente. Compruebe si hubo alcohol o drogas y si los otros conductores deb\u00edan tener un permiso de conducir comercial.  <\/li><li><strong>Estimaci\u00f3n de da\u00f1os materiales<\/strong> - Esta secci\u00f3n muestra una estimaci\u00f3n del n\u00famero de da\u00f1os implicados y la informaci\u00f3n de los testigos oculares. Una vez que el equipo de reconstrucci\u00f3n del accidente ha terminado, la polic\u00eda dibuja un diagrama de c\u00f3mo ocurri\u00f3 el accidente y escribe una descripci\u00f3n de la colisi\u00f3n. Revise esta secci\u00f3n para ver si hay detalles que se hayan perdido. Esta secci\u00f3n puede ayudar a un abogado a determinar qui\u00e9n tuvo la culpa del accidente.  <\/li><li><strong>Informaci\u00f3n personal<\/strong> - En esta secci\u00f3n se enumeran todas las lesiones, y su gravedad, de los implicados en el accidente. Otros detalles son si se desplegaron los airbags, si se abrocharon los cinturones de seguridad y si alguien sali\u00f3 despedido en el impacto. <\/li><li><strong>Secuencia de eventos<\/strong> - La polic\u00eda detalla c\u00f3mo parece haber ocurrido el accidente y qu\u00e9 veh\u00edculos colisionaron, c\u00f3mo ocurri\u00f3 (choque frontal, choque en T, choque por detr\u00e1s) y qu\u00e9 ocurri\u00f3 antes del choque. En este apartado se registran todas las pruebas realizadas en el lugar del accidente con sus resultados. <\/li><li><strong>Detalles del accidente <\/strong>- Esta secci\u00f3n incluye las condiciones de la carretera, del tiempo y de la luz. Tambi\u00e9n enumera los posibles factores que contribuyeron al accidente, como la conducci\u00f3n bajo los efectos del alcohol, la conducci\u00f3n distra\u00edda, los defectos del veh\u00edculo y el incumplimiento de las se\u00f1ales de tr\u00e1fico.  <\/li><\/ul>\n\n\n\n<h3>Otras preguntas frecuentes sobre accidentes de tr\u00e1fico:<\/h3>\n<ul class=\"list-pages-shortcode sibling-pages\"><li class=\"page_item page-item-12190\"><a href=\"https:\/\/steinberglawfirm-staging.clmcloud.app\/es\/faq\/faq-accidente-de-coche\/soy-responsable-si-empiezo-a-golpear-el-coche-delante-de-mi-despues-de-ser-choque-posterior-de-otro-conductor\/\">\u00bfSoy responsable si golpeo el coche que tengo delante despu\u00e9s de que otro conductor me haya embestido por detr\u00e1s?<\/a><\/li>\n<li class=\"page_item page-item-9475\"><a href=\"https:\/\/steinberglawfirm-staging.clmcloud.app\/es\/faq\/faq-accidente-de-coche\/puedo-demandar-despues-de-un-accidente-de-coche-si-no-estaba-usando-mi-cinturon-de-asiento\/\">\u00bfPuedo demandar tras un accidente de tr\u00e1fico si no llevaba puesto el cintur\u00f3n de seguridad?<\/a><\/li>\n<li class=\"page_item page-item-15380\"><a href=\"https:\/\/steinberglawfirm-staging.clmcloud.app\/es\/faq\/faq-accidente-de-coche\/debo-llamar-a-la-policia-despues-de-un-accidente-de-trafico\/\">\u00bfTengo que llamar a la polic\u00eda tras un accidente de tr\u00e1fico?<\/a><\/li>\n<li class=\"page_item page-item-15383\"><a href=\"https:\/\/steinberglawfirm-staging.clmcloud.app\/es\/faq\/faq-accidente-de-coche\/necesito-un-abogado-de-accidentes-de-trafico\/\">\u00bfNecesito un abogado de accidentes de tr\u00e1fico?<\/a><\/li>\n<li class=\"page_item page-item-10767\"><a href=\"https:\/\/steinberglawfirm-staging.clmcloud.app\/es\/faq\/faq-accidente-de-coche\/utiliza-carolina-del-sur-un-sistema-basado-en-la-culpa-para-los-accidentes-de-trafico-que-significa-eso-para-una-persona-implicada-en-un-accidente-de-trafico\/\">\u00bfUtiliza el South un sistema basado en la culpa para los accidentes de tr\u00e1fico? \u00bfQu\u00e9 significa eso para alguien involucrado en un accidente de coche?<\/a><\/li>\n<li class=\"page_item page-item-10775\"><a href=\"https:\/\/steinberglawfirm-staging.clmcloud.app\/es\/faq\/faq-accidente-de-coche\/como-se-determinan-los-fallos-en-carolina-del-sur\/\">\u00bfC\u00f3mo se determina el fallo en el South Carolina?<\/a><\/li>\n<li class=\"page_item page-item-13133\"><a href=\"https:\/\/steinberglawfirm-staging.clmcloud.app\/es\/faq\/faq-accidente-de-coche\/cuanto-tiempo-tengo-que-presentar-una-reclamacion-por-accidente-de-trafico\/\">\u00bfDe cu\u00e1nto tiempo dispongo para presentar una reclamaci\u00f3n por accidente de tr\u00e1fico?<\/a><\/li>\n<li class=\"page_item page-item-9467\"><a href=\"https:\/\/steinberglawfirm-staging.clmcloud.app\/es\/faq\/faq-accidente-de-coche\/cuantos-accidentes-de-trafico-se-producen-en-carolina-del-sur-cada-ano\/\">\u00bfCu\u00e1ntos accidentes de tr\u00e1fico se producen en South Carolina cada a\u00f1o?<\/a><\/li>\n<li class=\"page_item page-item-9473\"><a href=\"https:\/\/steinberglawfirm-staging.clmcloud.app\/es\/faq\/faq-accidente-de-coche\/cuantos-accidentes-de-trafico-mortales-se-producen-en-carolina-del-sur-cada-ano\/\">\u00bfCu\u00e1ntos accidentes de tr\u00e1fico mortales se producen en South Carolina cada a\u00f1o?<\/a><\/li>\n<li class=\"page_item page-item-15384\"><a href=\"https:\/\/steinberglawfirm-staging.clmcloud.app\/es\/faq\/faq-accidente-de-coche\/que-indemnizacion-puedo-obtener-tras-un-accidente-de-coche\/\">\u00bfQu\u00e9 indemnizaci\u00f3n puedo obtener tras un accidente de tr\u00e1fico?<\/a><\/li>\n<li class=\"page_item page-item-11983\"><a href=\"https:\/\/steinberglawfirm-staging.clmcloud.app\/es\/faq\/faq-accidente-de-coche\/que-hago-si-estoy-en-un-accidente-de-coche-y-el-conductor-culpable-no-tiene-seguro\/\">\u00bfQu\u00e9 hago si tengo un accidente de tr\u00e1fico y el conductor culpable no tiene seguro?<\/a><\/li>\n<li class=\"page_item page-item-12015\"><a href=\"https:\/\/steinberglawfirm-staging.clmcloud.app\/es\/faq\/faq-accidente-de-coche\/que-hago-si-mis-danos-son-mas-que-los-limites-de-la-poliza-de-seguro-del-conductor-culpable-que-me-impacto-en-un-accidente-de-coche\/\">\u00bfQu\u00e9 hago si mis da\u00f1os superan los l\u00edmites de la p\u00f3liza de seguro del conductor culpable que me atropell\u00f3 en un accidente de tr\u00e1fico?<\/a><\/li>\n<li class=\"page_item page-item-10773\"><a href=\"https:\/\/steinberglawfirm-staging.clmcloud.app\/es\/faq\/faq-accidente-de-coche\/que-necesito-saber-sobre-mi-informe-de-accidente-de-carolina-sur\/\">\u00bfQu\u00e9 debo saber sobre mi parte de accidente South Carolina?<\/a><\/li>\n<li class=\"page_item page-item-10770\"><a href=\"https:\/\/steinberglawfirm-staging.clmcloud.app\/es\/faq\/faq-accidente-de-coche\/que-significa-la-falta-comparativa-cuando-se-relaciona-con-un-accidente-de-coche-en-carolina-del-sur\/\">\u00bfQu\u00e9 significa la culpa comparativa en relaci\u00f3n con un accidente de tr\u00e1fico?<\/a><\/li>\n<li class=\"page_item page-item-13281\"><a href=\"https:\/\/steinberglawfirm-staging.clmcloud.app\/es\/faq\/faq-accidente-de-coche\/que-debo-hacer-tras-un-accidente-de-coche\/\">\u00bfQu\u00e9 debo hacer despu\u00e9s de un accidente de tr\u00e1fico?<\/a><\/li>\n<\/ul>","protected":false},"excerpt":{"rendered":"<p>\u00bfQu\u00e9 debo saber sobre mi parte de accidente South Carolina? Los partes de accidente South Carolina son rellenados por el personal de las fuerzas de seguridad. Sin embargo, es conveniente comprobar la informaci\u00f3n que contiene el informe. Las partes m\u00e1s cr\u00edticas para comprobar son: Informaci\u00f3n del conductor\/peat\u00f3n - Esto incluye nombres, informaci\u00f3n de contacto e informaci\u00f3n del veh\u00edculo...<\/p>","protected":false},"author":1,"featured_media":0,"parent":9461,"menu_order":0,"comment_status":"closed","ping_status":"closed","template":"","meta":{"_acf_changed":false,"footnotes":""},"class_list":["post-10773","page","type-page","status-publish","hentry"],"acf":[],"_links":{"self":[{"href":"https:\/\/steinberglawfirm-staging.clmcloud.app\/es\/wp-json\/wp\/v2\/pages\/10773"}],"collection":[{"href":"https:\/\/steinberglawfirm-staging.clmcloud.app\/es\/wp-json\/wp\/v2\/pages"}],"about":[{"href":"https:\/\/steinberglawfirm-staging.clmcloud.app\/es\/wp-json\/wp\/v2\/types\/page"}],"author":[{"embeddable":true,"href":"https:\/\/steinberglawfirm-staging.clmcloud.app\/es\/wp-json\/wp\/v2\/users\/1"}],"replies":[{"embeddable":true,"href":"https:\/\/steinberglawfirm-staging.clmcloud.app\/es\/wp-json\/wp\/v2\/comments?post=10773"}],"version-history":[{"count":0,"href":"https:\/\/steinberglawfirm-staging.clmcloud.app\/es\/wp-json\/wp\/v2\/pages\/10773\/revisions"}],"up":[{"embeddable":true,"href":"https:\/\/steinberglawfirm-staging.clmcloud.app\/es\/wp-json\/wp\/v2\/pages\/9461"}],"wp:attachment":[{"href":"https:\/\/steinberglawfirm-staging.clmcloud.app\/es\/wp-json\/wp\/v2\/media?parent=10773"}],"curies":[{"name":"wp","href":"https:\/\/api.w.org\/{rel}","templated":true}]}}