{"id":10644,"date":"2019-12-16T23:10:30","date_gmt":"2019-12-16T23:10:30","guid":{"rendered":"https:\/\/www.steinberglawfirm.com\/?page_id=10644"},"modified":"2023-02-24T21:14:21","modified_gmt":"2023-02-24T21:14:21","slug":"workers-compensation-mobile","status":"publish","type":"page","link":"https:\/\/steinberglawfirm-staging.clmcloud.app\/es\/lppc\/indemnizacion-laboral-movil\/","title":{"rendered":"Indemnizaci\u00f3n por accidente de trabajo m\u00f3vil"},"content":{"rendered":"<img loading=\"lazy\" decoding=\"async\" src=\"https:\/\/www.steinberglawfirm.com\/wp-content\/uploads\/2022\/04\/Steinberg-Logo.png\" alt=\"Steinberg Law Firm LLC Logotipo\" itemprop=\"image\" height=\"2018\" width=\"10330\" title=\"Steinberg Law Firm LLC Logotipo\" onerror=\"this.style.display='none'\"  \/>\n\t\u00a0<br \/>\n\u00a0\n<strong>Inicie su consulta gratuita<\/strong><br \/>\n<strong>Llame a <a href=\"tel:1-843-920-4180\">(843) 920-4180<\/a><\/strong>\n<h2>\n\t\tComience con su consulta gratuita\n\t<\/h2>\n<h4>\n\t\tLo que nuestros clientes dicen de nosotros\n\t<\/h4>\n\t\t\t<p><img loading=\"lazy\" decoding=\"async\" src=\"https:\/\/www.steinberglawfirm.com\/wp-content\/uploads\/2018\/04\/stars.png\" alt=\"\" width=\"170\" height=\"30\" title=\"\"><\/p>\n<p>Fue un placer trabajar con Steven Goldberg y su personal<\/p>\n<p>Fueron corteses y profesionales. Mantuvieron un contacto regular para informar del estado de mi caso y proporcionaron la documentaci\u00f3n necesaria de forma oportuna. Yo recomendar\u00eda esta empresa<\/p>\n<p>-James<\/p>\n\t\t\t<p><img loading=\"lazy\" decoding=\"async\" src=\"https:\/\/www.steinberglawfirm.com\/wp-content\/uploads\/2018\/04\/stars.png\" alt=\"\" width=\"170\" height=\"30\" title=\"\"><\/p>\n<p>Estoy muy satisfecho con mi experiencia<\/p>\n<p>He recomendado y seguir\u00e9 recomendando el Steinberg Law Firm. Han trabajado muy duro en mi nombre.<\/p>\n<p>-Sharon<\/p>\n\t\t\t<p><img loading=\"lazy\" decoding=\"async\" src=\"https:\/\/www.steinberglawfirm.com\/wp-content\/uploads\/2018\/04\/stars.png\" alt=\"\" width=\"170\" height=\"30\" title=\"\"><\/p>\n<p>Es dif\u00edcil poner por escrito lo mucho que Tom estuvo ah\u00ed para m\u00ed<\/p>\n<p>Realmente hizo un trabajo incre\u00edble. Incluso cuando se hizo el acuerdo, devolvi\u00f3 un texto con una llamada para compartir la alegr\u00eda por otro evento m\u00e9dico que est\u00e1bamos pasando, que tuvo un gran resultado. S\u00ed, realmente se preocupan.<\/p>\n<p>-Dave<\/p>\n\t\t\t<p><img loading=\"lazy\" decoding=\"async\" src=\"https:\/\/www.steinberglawfirm.com\/wp-content\/uploads\/2018\/04\/stars.png\" alt=\"\" width=\"170\" height=\"30\" title=\"\"><\/p>\n<p>Los recomiendo encarecidamente<\/p>\n<p>Disfrut\u00e9 del hecho de que cada vez que llamaba, alguien me devolv\u00eda la llamada. Me hizo sentir que mi caso importaba y que yo importaba. Respondieron a todas mis preguntas y preocupaciones de manera oportuna.<\/p>\n<p>-Paula<\/p>\n\t\t\t<p><img loading=\"lazy\" decoding=\"async\" src=\"https:\/\/www.steinberglawfirm.com\/wp-content\/uploads\/2018\/04\/stars.png\" alt=\"\" width=\"170\" height=\"30\" title=\"\"><\/p>\n<p>Se esforzar\u00e1n al m\u00e1ximo por usted<\/p>\n<p>David Pearlman y su personal hicieron un trabajo excepcional en mi reclamo. El Sr. Pearlman fue honesto, paciente y me dirigi\u00f3 en la direcci\u00f3n correcta. A'Riel fue siempre agradable y muy \u00fatil. Yo los recomendar\u00eda a todos.<\/p>\n<p>-Brenda<\/p>\n\t\t\t<p><img loading=\"lazy\" decoding=\"async\" src=\"https:\/\/www.steinberglawfirm.com\/wp-content\/uploads\/2018\/04\/stars.png\" alt=\"\" width=\"170\" height=\"30\" title=\"\"><\/p>\n<p>Nunca buscar\u00eda ayuda de ninguna empresa.<\/p>\n<p>Los abogados y su personal son muy profesionales y se preocupan por su situaci\u00f3n. Son \u00fanicos en su g\u00e9nero. \u00a1Consiga esta Firma detr\u00e1s de usted y nunca se arrepentir\u00e1!<\/p>\n<p>-Dori<\/p>\n\t<h6>M\u00e1s de 170 a\u00f1os de experiencia legal combinada<\/h6>\t\t\n\t<h6>Hemos recuperado m\u00e1s de $500 millones<\/h6>\t\t\n\t<h6>Servicios jur\u00eddicos galardonados<\/h6>\t\t\n\t<h6>Usted no paga si no ganamos<\/h6>\t\t\n<h2>\n\t\tHable con un abogado de compensaci\u00f3n laboral ahora. Llame a <a href=\"tel:1-843-920-4180\">(843) 920-4180<\/a>\n\t<\/h2>\n\t\t\t\t\t<a href=\"#\" id=\"fl-accordion--label-0\" tabindex=\"0\" aria-controls=\"fl-accordion--panel-0\">Abogado de indemnizaci\u00f3n laboral que representa a Charleston y \u00e1reas cercanas de South Carolina<\/a>\n\t\t\t\t\t\t\t\t\t\t\t<a href=\"#\" id=\"fl-accordion--icon-0\" tabindex=\"0\" aria-controls=\"fl-accordion--panel-0\"><i>Ampliar<\/i><\/a>\n\t\t\t\t\t<p>\u00bfSe ha lesionado en el trabajo? Sufrir una lesi\u00f3n en el trabajo puede ser una experiencia muy dif\u00edcil para cualquier trabajador. Adem\u00e1s del dolor y el sufrimiento causados por una lesi\u00f3n en el lugar de trabajo, es posible que tenga que hacer frente a dificultades financieras como resultado de sus lesiones; los costes del tratamiento m\u00e9dico y el tiempo que pasa fuera del trabajo pueden sumarse r\u00e1pidamente. Quiz\u00e1 se pregunte c\u00f3mo va a mantenerse a s\u00ed mismo o a su familia. El sistema de indemnizaci\u00f3n por accidente de trabajo South Carolina existe para ayudar a aliviar esta carga.<\/p>\n<p>Por desgracia, a demasiados trabajadores se les niegan injustamente las prestaciones de compensaci\u00f3n laboral que tanto necesitan. En estas circunstancias, la acci\u00f3n legal puede ayudar a los trabajadores a acceder a las prestaciones a las que tienen derecho. Recuerde, usted podr\u00eda ser elegible para los beneficios de compensaci\u00f3n de los trabajadores, incluso si el accidente de trabajo es su culpa. Nuestros experimentados y compasivos abogados de compensaci\u00f3n laboral South Carolina saben c\u00f3mo navegar por estos casos, a veces complejos, para conseguir la m\u00e1xima compensaci\u00f3n en su nombre.<\/p>\n<p>Si necesita ayuda para recibir los beneficios de compensaci\u00f3n de los trabajadores en Charleston, los abogados de compensaci\u00f3n de los trabajadores de Steinberg Law Firm saben lo dif\u00edcil que puede ser su situaci\u00f3n, y trabajamos diligentemente en nombre de los trabajadores lesionados para ayudar a que se haga justicia.<\/p>\n\t\t\t\t\t<a href=\"#\" id=\"fl-accordion--label-1\" tabindex=\"0\" aria-controls=\"fl-accordion--panel-1\">Lo que nuestros abogados de compensaci\u00f3n laboral pueden hacer por usted<\/a>\n\t\t\t\t\t\t\t\t\t\t\t<a href=\"#\" id=\"fl-accordion--icon-1\" tabindex=\"0\" aria-controls=\"fl-accordion--panel-1\"><i>Ampliar<\/i><\/a>\n\t\t\t\t\t<p>Si se ha lesionado en un accidente laboral, no le aconsejamos que intente manejar la situaci\u00f3n usted mismo. Con el Steinberg Law Firm, usted tiene un equipo de abogados de compensaci\u00f3n de trabajadores de su lado, luchando para conseguir todo lo que se merece. Nuestros abogados de indemnizaci\u00f3n laboral pueden ayudarle:<\/p>\n<ul>\n<li>Gestionar todo el papeleo y los tr\u00e1mites burocr\u00e1ticos que se interponen entre usted y la indemnizaci\u00f3n que merece<\/li>\n<li>Negociar directamente con las compa\u00f1\u00edas de seguros en su nombre<\/li>\n<li>Encontrar los profesionales sanitarios adecuados para tratar sus lesiones<\/li>\n<li>Consigue todo lo que necesitas para recuperarte<\/li>\n<\/ul>\n<p>Nuestros experimentados abogados de compensaci\u00f3n de trabajadores saben c\u00f3mo construir su caso para buscar el mejor resultado posible para usted y su familia. Tenemos los recursos y el conocimiento para investigar las circunstancias de su lesi\u00f3n, y para tratar con las compa\u00f1\u00edas de seguros intimidantes y poderosas para que usted no tenga que hacerlo. Nos comprometemos personalmente a ofrecer a cada uno de nuestros clientes una representaci\u00f3n legal de alta calidad.<\/p>\n\t\t\t\t\t<a href=\"#\" id=\"fl-accordion--label-2\" tabindex=\"0\" aria-controls=\"fl-accordion--panel-2\">Recuperar la indemnizaci\u00f3n tras un accidente<\/a>\n\t\t\t\t\t\t\t\t\t\t\t<a href=\"#\" id=\"fl-accordion--icon-2\" tabindex=\"0\" aria-controls=\"fl-accordion--panel-2\"><i>Ampliar<\/i><\/a>\n\t\t\t\t\t<p>Nuestros abogados de lesiones laborales saben que el proceso de recuperaci\u00f3n puede ser largo, estresante y costoso. Nuestros abogados de lesiones de trabajo pueden ser capaces de ayudarle a recuperar la compensaci\u00f3n por los da\u00f1os causados por la lesi\u00f3n, incluyendo:<\/p>\n<ul>\n<li>Gastos m\u00e9dicos y costes sanitarios continuos para tratar las lesiones de larga duraci\u00f3n<\/li>\n<li>P\u00e9rdida de salario por falta de trabajo<\/li>\n<li>Angustia mental, dolor y sufrimiento<\/li>\n<li>Da\u00f1o f\u00edsico permanente<\/li>\n<li>Otros gastos de bolsillo<\/li>\n<li>Modificaciones en el hogar y en el estilo de vida debido a la discapacidad<\/li>\n<li>Atenci\u00f3n m\u00e9dica continua y\/o terapia de rehabilitaci\u00f3n<\/li>\n<li>P\u00e9rdida de compa\u00f1\u00eda (en caso de accidente mortal)<\/li>\n<\/ul>\n<p>Despu\u00e9s de un accidente de trabajo que causa lesiones, estos son algunos de los numerosos da\u00f1os por los que usted puede buscar compensaci\u00f3n. Nuestros abogados especializados en lesiones laborales entienden que estas dificultades pueden impedir que usted y su familia se mantengan, y afortunadamente, tenemos el conocimiento legal y la habilidad para ayudarle a buscar una compensaci\u00f3n financiera de la persona responsable de su dolor y sufrimiento innecesarios.<\/p>\n<h2>\n\t\tM\u00e1s informaci\u00f3n sobre el Steinberg Law Firm\n\t<\/h2>\n\t\t\t<a href=\"https:\/\/www.steinberglawfirm.com\" target=\"_self\" role=\"button\" rel=\"noopener\">\n\t\t\t\t\t\t\tVer m\u00e1s\n\t\t\t\t\t<\/a>\n\t<p>La informaci\u00f3n presentada en este sitio web no debe interpretarse como asesoramiento jur\u00eddico formal ni como la formaci\u00f3n de una relaci\u00f3n abogado o abogado-cliente. Por favor, p\u00f3ngase en contacto con un abogado de lesiones personales South Carolina en The Steinberg Law Firm para una consulta sobre su situaci\u00f3n legal particular. La informaci\u00f3n sobre veredictos y acuerdos presentada en este sitio web refleja cifras brutas, antes de deducir honorarios de abogados, costas y gastos. Cualquier resultado que el abogado o el bufete puedan haber obtenido en nombre de un cliente en un asunto no indica necesariamente que puedan obtenerse resultados similares para otros clientes. Los casos ser\u00e1n atendidos por el abogado en The Steinberg Law Firm, que ejerce en 61 Broad Street, Charleston SC; 118 Goose Creek Blvd S, Goose Creek SC; o 103 Grandview Drive, Summerville, SC.<\/p>","protected":false},"excerpt":{"rendered":"<p>\u00a0 \u00a0 Comience su consulta gratuita Llame al (843) 920-4180 Comience su consulta gratuita Lo que nuestros clientes dicen de nosotros Fue un placer trabajar con Steven Goldberg y su personal Fueron corteses y profesionales. Ellos mantuvieron contacto regular para los informes de estado en mi caso y proporcion\u00f3 la documentaci\u00f3n necesaria en una base oportuna....<\/p>","protected":false},"author":1,"featured_media":0,"parent":8640,"menu_order":0,"comment_status":"closed","ping_status":"closed","template":"tpl-no-header-footer.php","meta":{"_acf_changed":false,"footnotes":""},"class_list":["post-10644","page","type-page","status-publish","hentry"],"acf":[],"_links":{"self":[{"href":"https:\/\/steinberglawfirm-staging.clmcloud.app\/es\/wp-json\/wp\/v2\/pages\/10644"}],"collection":[{"href":"https:\/\/steinberglawfirm-staging.clmcloud.app\/es\/wp-json\/wp\/v2\/pages"}],"about":[{"href":"https:\/\/steinberglawfirm-staging.clmcloud.app\/es\/wp-json\/wp\/v2\/types\/page"}],"author":[{"embeddable":true,"href":"https:\/\/steinberglawfirm-staging.clmcloud.app\/es\/wp-json\/wp\/v2\/users\/1"}],"replies":[{"embeddable":true,"href":"https:\/\/steinberglawfirm-staging.clmcloud.app\/es\/wp-json\/wp\/v2\/comments?post=10644"}],"version-history":[{"count":4,"href":"https:\/\/steinberglawfirm-staging.clmcloud.app\/es\/wp-json\/wp\/v2\/pages\/10644\/revisions"}],"predecessor-version":[{"id":24182,"href":"https:\/\/steinberglawfirm-staging.clmcloud.app\/es\/wp-json\/wp\/v2\/pages\/10644\/revisions\/24182"}],"up":[{"embeddable":true,"href":"https:\/\/steinberglawfirm-staging.clmcloud.app\/es\/wp-json\/wp\/v2\/pages\/8640"}],"wp:attachment":[{"href":"https:\/\/steinberglawfirm-staging.clmcloud.app\/es\/wp-json\/wp\/v2\/media?parent=10644"}],"curies":[{"name":"wp","href":"https:\/\/api.w.org\/{rel}","templated":true}]}}