{"id":10265,"date":"2019-11-01T22:09:07","date_gmt":"2019-11-01T22:09:07","guid":{"rendered":"https:\/\/www.steinberglawfirm.com\/?page_id=10265"},"modified":"2024-02-01T22:25:29","modified_gmt":"2024-02-01T22:25:29","slug":"no-fee-unless-you-win","status":"publish","type":"page","link":"https:\/\/steinberglawfirm-staging.clmcloud.app\/es\/no-hay-que-pagar-si-no-se-gana\/","title":{"rendered":"Abogado de lesiones personales sin honorarios a menos que gane en South Carolina"},"content":{"rendered":"<h1 class=\"wp-block-heading\">Abogado de lesiones personales sin honorarios a menos que gane en South Carolina<\/h1>\n\n\n\n<div style=\"height:20px\" aria-hidden=\"true\" class=\"wp-block-spacer\"><\/div>\n\n\n\n<p>\u00bfNecesita ayuda jur\u00eddica tras sufrir un accidente de coche, un accidente laboral u otro tipo de lesi\u00f3n personal, pero le preocupa no poder permitirse un abogado?&nbsp;<\/p>\n\n\n\n<h3 class=\"wp-block-heading\">Puede permitirse un equipo completo de abogados especializados en lesiones personales<\/h3>\n\n\n\n<p>En <a href=\"https:\/\/www.steinberglawfirm.com\/\" target=\"_blank\" rel=\"noopener\">Steinberg Law Firm<\/a>Puede contratar al bufete sin pagar ning\u00fan coste ni honorario hasta que recuperemos una indemnizaci\u00f3n para usted. Puede contratar a un abogado sin pagar nada de su bolsillo si ha sufrido lesiones. En un <a href=\"https:\/\/www.steinberglawfirm.com\/video-center\/video-faqs\/what-is-contingency-and-how-does-it-work\/\" target=\"_blank\" rel=\"noopener\">acuerdo de honorarios condicionales<\/a>Nuestros abogados de lesiones personales le representar\u00e1n sin cobrar honorarios hasta que recuperen dinero para usted.<br><br>Usted no paga nada, incluidos los honorarios del abogado, si \u00e9ste no recupera nada para usted.&nbsp;<\/p>\n\n\n\n<h3 class=\"wp-block-heading\">\u00bfQu\u00e9 son los honorarios de contingencia?<\/h3>\n\n\n\n<p>Un acuerdo de honorarios condicionales establece normas sobre la forma en que usted pagar\u00e1 a su abogado y la forma en que \u00e9ste percibir\u00e1 sus honorarios. En la mayor\u00eda de los acuerdos de honorarios condicionales, el abogado acepta representar al cliente, y el cliente acepta pagar al abogado un porcentaje del dinero obtenido en nombre del cliente. Este dinero puede recuperarse a trav\u00e9s de un acuerdo antes o despu\u00e9s de presentar una demanda o a trav\u00e9s de un veredicto en el juicio.<\/p>\n\n\n\n<p>La palabra \"contingencia\" describe la naturaleza \"si\" del acuerdo. Si el abogado recupera dinero para usted, el abogado recibe parte de ese dinero como honorarios. Si el abogado no recupera dinero, no percibe honorarios.&nbsp;<\/p>\n\n\n\n<p>Este acuerdo permite a las personas que buscan abogados especialistas en accidentes de trabajo, lesiones personales y otro tipo de asistencia jur\u00eddica en Charleston recibir la representaci\u00f3n que necesitan sin tener que pagar de su bolsillo.&nbsp;<\/p>\n\n\n\n<h3 class=\"wp-block-heading\">\u00bfC\u00f3mo funciona un acuerdo de cuota litis con un abogado en South Carolina?<\/h3>\n\n\n\n<p>Cuando un abogado de lesiones personales le representa bajo un acuerdo de honorarios contingentes, usted no paga al abogado una tarifa por hora. Usted no recibe ninguna factura por el trabajo del abogado hasta el final, cuando el abogado le proporcionar\u00e1 una lista de los gastos que se extendi\u00f3 en su nombre mientras trabajaba en su caso.&nbsp;<\/p>\n\n\n\n<p>En cambio, el abogado s\u00f3lo cobra si lucha por su caso y llega a un acuerdo deseable o va a juicio. Su abogado deduce entonces sus honorarios y cualquier otro coste adicional del dinero total recibido por su caso. Usted recibe entonces el saldo restante del caso. Si su acuerdo asciende a $0, su abogado tambi\u00e9n recibe $0 en concepto de honorarios. Adem\u00e1s, su abogado ha extendido dinero en su nombre que no recuperar\u00e1.&nbsp;<\/p>\n\n\n\n<p>Los acuerdos de honorarios contingentes suelen estar disponibles para los siguientes tipos de reclamaciones:<\/p>\n\n\n\n<ul class=\"wp-block-list\">\n<li><a href=\"https:\/\/www.steinberglawfirm.com\/personal-injury\/personal-injury-lawyers\/\" target=\"_blank\" rel=\"noopener\">Lesiones personales<\/a><\/li>\n\n\n\n<li><a href=\"https:\/\/www.steinberglawfirm.com\/workers-compensation\/\" target=\"_blank\" rel=\"noopener\">Indemnizaci\u00f3n por accidente de trabajo<\/a><\/li>\n\n\n\n<li><a href=\"https:\/\/www.steinberglawfirm.com\/personal-injury\/auto-accidents\/\" target=\"_blank\" rel=\"noopener\">Accidente de tr\u00e1fico<\/a><\/li>\n\n\n\n<li><a href=\"https:\/\/www.steinberglawfirm.com\/personal-injury\/dangerous-products\/\" target=\"_blank\" rel=\"noopener\">Responsabilidad por productos defectuosos<\/a><\/li>\n\n\n\n<li><a href=\"https:\/\/www.steinberglawfirm.com\/personal-injury\/truck-accidents\/\" target=\"_blank\" rel=\"noopener\">Naufragio de un cami\u00f3n<\/a><\/li>\n\n\n\n<li><a href=\"https:\/\/www.steinberglawfirm.com\/personal-injury\/auto-accidents\/pedestrian-accident\/\" target=\"_blank\" rel=\"noopener\">Accidentes de peatones<\/a><\/li>\n\n\n\n<li><a href=\"https:\/\/www.steinberglawfirm.com\/personal-injury\/motorcycle-accidents\/\" target=\"_blank\" rel=\"noopener\">Motocicleta<\/a><\/li>\n\n\n\n<li><a href=\"https:\/\/www.steinberglawfirm.com\/personal-injury\/premises-liability\/\" target=\"_blank\" rel=\"noopener\">Responsabilidad de los locales<\/a> y <a href=\"https:\/\/www.steinberglawfirm.com\/personal-injury\/premises-liability\/slip-and-fall\/\" target=\"_blank\" rel=\"noopener\">Resbalones, tropiezos y ca\u00eddas<\/a><\/li>\n<\/ul>\n\n\n\n<p><a href=\"https:\/\/www.sccourts.org\/courtreg\/displayRule.cfm?ruleID=407.0&amp;subRuleID=RULE%201%2E5&amp;ruleType=APP\" target=\"_blank\" rel=\"noreferrer noopener\">La ley South Carolina proh\u00edbe los acuerdos de honorarios condicionales en los casos de relaciones dom\u00e9sticas (divorcio, custodia, etc.) y penales<\/a>pero los acuerdos de cuota litis son posibles en la mayor\u00eda de los dem\u00e1s casos. Para saber m\u00e1s sobre si puede contratar a un abogado en virtud de un acuerdo de honorarios condicionales, hable hoy mismo con un abogado experto en lesiones Charleston.&nbsp;<\/p>\n\n\n\n<h3 class=\"wp-block-heading\">Sin riesgo para los clientes<\/h3>\n\n\n\n<p>Con un acuerdo de honorarios condicionales, su riesgo es bajo. No tiene que pagar los honorarios del abogado de su bolsillo. O bien los honorarios provendr\u00e1n del dinero que recupere en su caso, o bien los honorarios ser\u00e1n $0. Los gastos relacionados con su caso, como el franqueo de los documentos legales, suelen ser bastante bajos. Si le preocupan estos costes, p\u00f3ngase en contacto con un abogado de accidentes y lesiones Charleston para preguntarle qu\u00e9 puede esperar de su caso.&nbsp;<\/p>\n\n\n\n<p>En un acuerdo de honorarios condicionales, la mayor parte del riesgo financiero corresponde al abogado. Su abogado Charleston debe resolver su caso para recibir el pago por su trabajo. Como resultado, los acuerdos de honorarios condicionales animan a los abogados a aceptar casos en los que creen que pueden obtener un acuerdo satisfactorio para sus clientes.&nbsp;<\/p>\n\n\n\n<p>En casos complejos, como choques de m\u00faltiples veh\u00edculos con lesiones graves de por vida, su abogado puede necesitar incurrir en una variedad de gastos en su nombre para presentar el mejor caso posible. Esto puede incluir la contrataci\u00f3n de m\u00e9dicos para testificar a su favor, expertos en reconstrucci\u00f3n de accidentes y expertos en proyecci\u00f3n financiera. Una vez m\u00e1s, usted no pagar\u00e1 nada por esto a menos que y hasta que aseguremos la compensaci\u00f3n para usted en su caso.<\/p>\n\n\n\n<h3 class=\"wp-block-heading\">\u00bfQu\u00e9 ocurre despu\u00e9s de que se resuelva el pleito o usted gane?<\/h3>\n\n\n\n<p>Conseguir una compensaci\u00f3n econ\u00f3mica en su caso suele hacerse de dos maneras: Su abogado puede tener \u00e9xito en una negociaci\u00f3n o ganar un juicio. En ambos casos, puede recibir <a href=\"https:\/\/www.steinberglawfirm.com\/results\/\" target=\"_blank\" rel=\"noopener\">compensaci\u00f3n<\/a> las facturas m\u00e9dicas, los salarios perdidos y otras p\u00e9rdidas que haya sufrido.&nbsp;<\/p>\n\n\n\n<p>Su acuerdo de honorarios condicionales establece lo que recibir\u00e1 su abogado \u4e00 el porcentaje fijo que se acord\u00f3 entre usted y su abogado. Cualquiera que sea la cantidad de dinero que se le conceda determina la cantidad que su abogado recibe por su trabajo legal. Los honorarios oscilan entre aproximadamente un tercio si su caso se resuelve sin ir a juicio y un poco m\u00e1s si su caso va a juicio debido al tiempo adicional requerido para las deposiciones, la preparaci\u00f3n de testigos y la preparaci\u00f3n de documentos.<\/p>\n\n\n\n<p>Adem\u00e1s del porcentaje del abogado, es posible que le pidan que pague las costas de su caso en las que se haya incurrido para poder llevar adelante un caso s\u00f3lido. Las costas son independientes de los honorarios. Incluyen elementos que cada caso judicial requiere, como:<\/p>\n\n\n\n<ul class=\"wp-block-list\">\n<li>Tasas y costes judiciales<\/li>\n\n\n\n<li>Honorarios de los agentes judiciales<\/li>\n\n\n\n<li>Honorarios de los peritos<\/li>\n\n\n\n<li>Gastos de declaraci\u00f3n y transcripci\u00f3n<\/li>\n\n\n\n<li>Gastos de hotel y de viaje<\/li>\n<\/ul>\n\n\n\n<p>El acuerdo de honorarios condicionales entre usted y su abogado le explicar\u00e1 exactamente qu\u00e9 costes puede tener que pagar. Tambi\u00e9n explicar\u00e1 c\u00f3mo deben calcularse esos costes y deducirse de su acuerdo o veredicto.<\/p>\n\n\n\n<h2 class=\"wp-block-heading\">Contrataci\u00f3n de un abogado de lesiones personales<\/h2>\n\n\n\n<p>Los pleitos son largos y complejos. El coste de litigar un caso puede ser elevado. Sin embargo, no tiene por qu\u00e9 pagar esta cantidad de su bolsillo. Si necesita un abogado pero teme no poder permit\u00edrselo, <a href=\"https:\/\/www.steinberglawfirm.com\/contact-us\/\" target=\"_blank\" rel=\"noopener\">contactar con el Steinberg Law Firm<\/a> en <a href=\"tel:1-843-720-2800\">(843) 720-2800<\/a> para un <a href=\"https:\/\/www.steinberglawfirm.com\/free-consultation\/\" target=\"_blank\" rel=\"noopener\">consulta gratuita<\/a> con un <a href=\"https:\/\/www.steinberglawfirm.com\/attorney\/\" target=\"_blank\" rel=\"noopener\">abogado experimentado South Carolina<\/a>. Si su caso re\u00fane los requisitos para un acuerdo de honorarios condicionales, no pagar\u00e1 honorarios a menos que ganemos. Esa es nuestra promesa para usted.<\/p>","protected":false},"excerpt":{"rendered":"<p>Sin honorarios a menos que gane Abogado de lesiones personales en South Carolina \u00bfNecesita ayuda legal despu\u00e9s de un accidente automovil\u00edstico, una lesi\u00f3n laboral o sufrir otro tipo de lesi\u00f3n personal, pero le preocupa no poder pagar un abogado?  Puede permitirse todo un equipo de abogados de lesiones personales En Steinberg Law Firm, puede poner el bufete...<\/p>","protected":false},"author":1,"featured_media":18212,"parent":0,"menu_order":0,"comment_status":"closed","ping_status":"closed","template":"","meta":{"_acf_changed":false,"footnotes":""},"class_list":["post-10265","page","type-page","status-publish","has-post-thumbnail","hentry"],"acf":[],"_links":{"self":[{"href":"https:\/\/steinberglawfirm-staging.clmcloud.app\/es\/wp-json\/wp\/v2\/pages\/10265"}],"collection":[{"href":"https:\/\/steinberglawfirm-staging.clmcloud.app\/es\/wp-json\/wp\/v2\/pages"}],"about":[{"href":"https:\/\/steinberglawfirm-staging.clmcloud.app\/es\/wp-json\/wp\/v2\/types\/page"}],"author":[{"embeddable":true,"href":"https:\/\/steinberglawfirm-staging.clmcloud.app\/es\/wp-json\/wp\/v2\/users\/1"}],"replies":[{"embeddable":true,"href":"https:\/\/steinberglawfirm-staging.clmcloud.app\/es\/wp-json\/wp\/v2\/comments?post=10265"}],"version-history":[{"count":11,"href":"https:\/\/steinberglawfirm-staging.clmcloud.app\/es\/wp-json\/wp\/v2\/pages\/10265\/revisions"}],"predecessor-version":[{"id":30486,"href":"https:\/\/steinberglawfirm-staging.clmcloud.app\/es\/wp-json\/wp\/v2\/pages\/10265\/revisions\/30486"}],"wp:featuredmedia":[{"embeddable":true,"href":"https:\/\/steinberglawfirm-staging.clmcloud.app\/es\/wp-json\/wp\/v2\/media\/18212"}],"wp:attachment":[{"href":"https:\/\/steinberglawfirm-staging.clmcloud.app\/es\/wp-json\/wp\/v2\/media?parent=10265"}],"curies":[{"name":"wp","href":"https:\/\/api.w.org\/{rel}","templated":true}]}}