{"id":10139,"date":"2019-10-10T21:47:21","date_gmt":"2019-10-10T21:47:21","guid":{"rendered":"https:\/\/www.steinberglawfirm.com\/?page_id=10139"},"modified":"2022-04-20T23:18:23","modified_gmt":"2022-04-20T23:18:23","slug":"slip-and-fall-at-ross-dress-for-less","status":"publish","type":"page","link":"https:\/\/steinberglawfirm-staging.clmcloud.app\/es\/lesiones-personales\/responsabilidad-civil-de-los-locales\/resbalones-y-caidas\/resbalon-y-caida-en-el-vestido-por-menos\/","title":{"rendered":"Resbal\u00f3n y ca\u00edda en Ross Dress for Less"},"content":{"rendered":"<h1 class=\"wp-block-heading\"><strong>\u00bfResbal\u00f3n y ca\u00edda en Ross Dress for Less en South Carolina? Deje que nuestros abogados pueden ayudar <\/strong><\/h1>\n\n\n\n<p>Con m\u00e1s de 1.500 tiendas, Ross Dress for Less es la mayor cadena de ropa de descuento y moda para el hogar de los Estados Unidos. Los bajos precios tambi\u00e9n atraen a una cantidad abrumadora de clientes a los locales de Ross Dress for Less. A medida que los compradores rebuscan en las estanter\u00edas y los estantes, los suelos de las tiendas pueden quedar llenos de ropa y otros art\u00edculos. Es el deber de los empleados de la tienda inspeccionar regularmente la tienda y mantenerla limpia y segura. Con m\u00e1s clientes que empleados en las tiendas Ross Dress for Less en South Carolina, los riesgos de resbalones y ca\u00eddas, como los derrames y los art\u00edculos ca\u00eddos, pueden ocurrir con m\u00e1s frecuencia y pasar desapercibidos por los empleados. Si un cliente se resbala y se cae en la tienda porque Ross Dress for Less no protegi\u00f3 y advirti\u00f3 de un peligro, la tienda puede ser considerada responsable de las lesiones resultantes del cliente.  <\/p>\n\n\n\n<p>Si usted se lesion\u00f3 mientras compraba en Ross Dress for Less, llame al Steinberg Law Firm al (843) 720-2800 para una <a href=\"https:\/\/www.steinberglawfirm.com\/free-consultation\/\" target=\"_blank\" rel=\"noopener\">consulta gratuita<\/a> con un experimentado <a href=\"https:\/\/www.steinberglawfirm.com\/practice-areas\/premises-liability\/slip-and-fall\/\" target=\"_blank\" rel=\"noopener\">abogado de resbalones y ca\u00eddas en South Carolina<\/a>.<\/p>\n\n\n\n<p>  <strong>Lesiones por resbalones y ca\u00eddas en las tiendas Ross Dress for Less South Carolina<\/strong><\/p>\n\n\n\n<p>Muchos resbalones y ca\u00eddas son evitables. Por ejemplo, los suelos mojados son habituales en las tiendas minoristas. Los clientes de Ross Dress for Less en South Carolina pueden rastrear el agua en sus zapatos o paraguas en los d\u00edas de lluvia cuando entran en la tienda. Este es un riesgo previsible de que un cliente resbale y se caiga. Un cliente puede evitar resbalar y caer en el suelo mojado si la tienda coloca una se\u00f1al de suelo mojado en un lugar visible. No obstante, puede producirse un resbal\u00f3n y una ca\u00edda debido a:<\/p>\n\n\n\n<ul class=\"wp-block-list\"><li>Ca\u00edda de la mercanc\u00eda de las estanter\u00edas  <\/li><li>Suelos rotos y desiguales  <\/li><li>Vertidos <\/li><li>Obst\u00e1culos en el pasillo <\/li><li>Mala iluminaci\u00f3n  <\/li><li>Pelda\u00f1os o escaleras rotas  <\/li><\/ul>\n\n\n\n<p>Tanto si las lesiones producidas por un resbal\u00f3n o una ca\u00edda son leves como graves, suponen un inconveniente y un trastorno para la vida de la persona lesionada. <a href=\"https:\/\/www.steinberglawfirm.com\/articles\/injuries-associated-with-slip-and-fall-accidents\/\" class=\"wpil_internal_link\" target=\"_blank\" rel=\"noopener\">Las lesiones m\u00e1s comunes por resbalones y ca\u00eddas incluyen:<\/a><\/p>\n\n\n\n<ul class=\"wp-block-list\"><li>Lesiones en el cuello  <\/li><li>Lesiones en la espalda  <\/li><li>Lesiones faciales  <\/li><li><a href=\"https:\/\/www.steinberglawfirm.com\/practice-areas\/serious-injury-cases\/traumatic-brain-injury\/\" class=\"wpil_internal_link\" target=\"_blank\" rel=\"noopener\">Lesiones cerebrales traum\u00e1ticas (TBI)<\/a> <\/li><li>Fracturas y huesos rotos <\/li><li>Cortes y abrasiones <\/li><\/ul>\n\n\n\n<p>Si usted se resbala y se cae en Ross Dress for Less, puede buscar da\u00f1os y perjuicios por la negligencia de la tienda en mantener las instalaciones seguras. Tambi\u00e9n puede ver una compensaci\u00f3n por sus lesiones, que puede incluir:<\/p>\n\n\n\n<ul class=\"wp-block-list\"><li>Gastos m\u00e9dicos pasados y futuros <\/li><li>Salarios perdidos y salarios futuros  <\/li><li>Dolor y sufrimiento <\/li><li>Angustia mental  <\/li><li>P\u00e9rdida de la capacidad de ganancia  <\/li><li>Da\u00f1os a los bienes personales  <\/li><\/ul>\n\n\n\n<h2 class=\"wp-block-heading\"><strong>Qu\u00e9 hacer despu\u00e9s de un accidente por resbal\u00f3n y ca\u00edda en Ross Dress for Less en South Carolina:<\/strong><\/h2>\n\n\n\n<p>Despu\u00e9s de un resbal\u00f3n y ca\u00edda en Ross Dress for Less, es posible que no sepa qu\u00e9 hacer a continuaci\u00f3n. Aqu\u00ed hay algunos pasos a seguir despu\u00e9s de su resbal\u00f3n y ca\u00edda en Ross Dress for Less.<\/p>\n\n\n\n<p>1. Busque atenci\u00f3n m\u00e9dica inmediatamente despu\u00e9s de la ca\u00edda. <\/p>\n\n\n\n<p>2. No d\u00e9 ninguna declaraci\u00f3n ni firme ning\u00fan documento de ning\u00fan empleado o representante de Ross Dress for Less. <\/p>\n\n\n\n<p>3. Obtenga un informe del incidente del gerente de la tienda. <\/p>\n\n\n\n<p>4. Documente todo lo relacionado con el accidente, incluyendo:<\/p>\n\n\n\n<ul class=\"wp-block-list\"><li>Fecha, hora y lugar de su resbal\u00f3n y ca\u00edda <\/li><li>Detalles sobre su ca\u00edda <\/li><li>Fotograf\u00edas de sus lesiones inmediatamente despu\u00e9s y d\u00edas despu\u00e9s de la ca\u00edda <\/li><li>Nombres de los testigos, si es posible o si hay alguno <\/li><\/ul>\n\n\n\n<p>5. Conserve todos los registros relativos a su ca\u00edda, incluidos los informes m\u00e9dicos y las facturas.  <\/p>\n\n\n\n<p><a href=\"https:\/\/www.steinberglawfirm.com\/contact-us\/\" target=\"_blank\" rel=\"noopener\">Contactar con un abogado<\/a> para manejar su caso y proteger sus derechos. Llame al Steinberg Law Firm al (843) 720-2800 y contrate a un experimentado <a href=\"https:\/\/www.steinberglawfirm.com\" target=\"_blank\" rel=\"noopener\">South Carolina abogado de lesiones personales<\/a>.<\/p>","protected":false},"excerpt":{"rendered":"<p>\u00bfResbal\u00f3n y ca\u00edda en Ross Dress for Less en South Carolina? Deje que nuestros abogados pueden ayudar Con m\u00e1s de 1.500 tiendas, Ross Dress for Less la mayor cadena de ropa de descuento y la moda del hogar en los Estados Unidos. Los precios bajos tambi\u00e9n traen una cantidad abrumadora de clientes a las ubicaciones de Ross Dress for Less South Carolina....<\/p>","protected":false},"author":1,"featured_media":0,"parent":2281,"menu_order":0,"comment_status":"closed","ping_status":"closed","template":"","meta":{"_acf_changed":false,"footnotes":""},"class_list":["post-10139","page","type-page","status-publish","hentry"],"acf":[],"_links":{"self":[{"href":"https:\/\/steinberglawfirm-staging.clmcloud.app\/es\/wp-json\/wp\/v2\/pages\/10139"}],"collection":[{"href":"https:\/\/steinberglawfirm-staging.clmcloud.app\/es\/wp-json\/wp\/v2\/pages"}],"about":[{"href":"https:\/\/steinberglawfirm-staging.clmcloud.app\/es\/wp-json\/wp\/v2\/types\/page"}],"author":[{"embeddable":true,"href":"https:\/\/steinberglawfirm-staging.clmcloud.app\/es\/wp-json\/wp\/v2\/users\/1"}],"replies":[{"embeddable":true,"href":"https:\/\/steinberglawfirm-staging.clmcloud.app\/es\/wp-json\/wp\/v2\/comments?post=10139"}],"version-history":[{"count":2,"href":"https:\/\/steinberglawfirm-staging.clmcloud.app\/es\/wp-json\/wp\/v2\/pages\/10139\/revisions"}],"predecessor-version":[{"id":20475,"href":"https:\/\/steinberglawfirm-staging.clmcloud.app\/es\/wp-json\/wp\/v2\/pages\/10139\/revisions\/20475"}],"up":[{"embeddable":true,"href":"https:\/\/steinberglawfirm-staging.clmcloud.app\/es\/wp-json\/wp\/v2\/pages\/2281"}],"wp:attachment":[{"href":"https:\/\/steinberglawfirm-staging.clmcloud.app\/es\/wp-json\/wp\/v2\/media?parent=10139"}],"curies":[{"name":"wp","href":"https:\/\/api.w.org\/{rel}","templated":true}]}}