{"id":10137,"date":"2019-10-10T21:43:06","date_gmt":"2019-10-10T21:43:06","guid":{"rendered":"https:\/\/www.steinberglawfirm.com\/?page_id=10137"},"modified":"2023-08-21T19:11:03","modified_gmt":"2023-08-21T19:11:03","slug":"slip-and-fall-at-red-lobster","status":"publish","type":"page","link":"https:\/\/steinberglawfirm-staging.clmcloud.app\/es\/lesiones-personales\/responsabilidad-civil-de-los-locales\/resbalones-y-caidas\/resbalon-y-caida-en-la-langosta\/","title":{"rendered":"Resbal\u00f3n y ca\u00edda en Red Lobster"},"content":{"rendered":"<h1 class=\"wp-block-heading\"><strong>\u00bfSe resbal\u00f3 y cay\u00f3 en Red Lobster? Deje que nuestros abogados le ayuden<\/strong><\/h1>\n\n\n\n<p>Red Lobster es un restaurante de comida informal especializado en marisco. Cuenta con 705 establecimientos en todo el mundo, incluidos Charleston, South Carolina. Como restaurante de comida informal, Red Lobster ofrece servicio de mesa con camareros y camareras que llevan la comida y la bebida a la mesa del cliente. Los camareros pueden <a href=\"https:\/\/www.steinberglawfirm.com\/blog\/case-result-slip-fall-525000-south-carolina-restaurant-wet-floor\/\" target=\"_blank\" rel=\"noopener\">derrames al llevar la comida y la bebida a la mesa<\/a> o al llevar los platos a la cocina. Adem\u00e1s, los clientes pueden provocar derrames. En ambos casos, <a class=\"wpil_internal_link\" href=\"https:\/\/www.steinberglawfirm.com\/blog\/i-slipped-and-fell-in-the-store-because-of-a-wet-floor-and-there-was-no-proper-warning-who-is-liable-for-my-injury-from-the-fall\/\" target=\"_blank\" rel=\"noopener\">los invitados pueden acabar resbalando y cayendo en los suelos mojados.<\/a> Aunque puede ser un reto para los empleados ver los derrames, los empleados de Red Lobster deben mantener los locales y mantenerlos a salvo de posibles peligros.<\/p>\n\n\n\n<p>Si se lesion\u00f3 en un resbal\u00f3n y ca\u00edda en Red Lobster, llame al Steinberg Law Firm al <a href=\"tel:1-843-720-2800\">(843) 720-2800<\/a> para un <a href=\"https:\/\/www.steinberglawfirm.com\/free-consultation\/\" target=\"_blank\" rel=\"noopener\">consulta gratuita<\/a> con un experimentado <a href=\"https:\/\/www.steinberglawfirm.com\/practice-areas\/premises-liability\/slip-and-fall\/\" target=\"_blank\" rel=\"noopener\">South Carolina abogado de resbalones y ca\u00eddas<\/a>.<\/p>\n\n\n\n<p><strong>Lesiones por resbalones y ca\u00eddas de clientes en Red Lobster <\/strong><\/p>\n\n\n\n<p>El uso diario del edificio y los locales de Red Lobster puede provocar el desgaste natural del lugar. Los suelos desiguales, las baldosas sueltas o el deshilachado de los hilos de la moqueta son signos de desgaste. Estos cambios pueden pasar desapercibidos para los empleados de Red Lobster y provocar ca\u00eddas en los clientes. Los clientes de Red Lobster esperan que los suelos del establecimiento tengan una elevaci\u00f3n constante, est\u00e9n secos y no tengan residuos. Red Lobster tiene la obligaci\u00f3n de inspeccionar, reparar y limpiar los suelos para garantizar la seguridad de los clientes. Los resbalones y las ca\u00eddas pueden seguir ocurriendo si Red Lobster incumple ese deber. Entre las causas de los accidentes por resbalones y ca\u00eddas debidos a un mantenimiento inadecuado de los suelos se encuentran las siguientes<\/p>\n\n\n\n<ul class=\"wp-block-list\">\n<li>Trapear los pisos sin una se\u00f1al de advertencia  <\/li>\n\n\n\n<li>L\u00edquidos y alimentos derramados <\/li>\n\n\n\n<li>Hilos sueltos en la moqueta  <\/li>\n\n\n\n<li>Suelos irregulares  <\/li>\n\n\n\n<li>Barandillas rotas o sueltas  <\/li>\n<\/ul>\n\n\n\n<p>Hay un <a href=\"https:\/\/www.steinberglawfirm.com\/articles\/injuries-associated-with-slip-and-fall-accidents\/\" class=\"wpil_internal_link\" target=\"_blank\" rel=\"noopener\">gran variedad de lesiones que puede sufrir si resbala y se cae<\/a> en Red Lobster, como:<\/p>\n\n\n\n<ul class=\"wp-block-list\">\n<li>Conmociones cerebrales  <\/li>\n\n\n\n<li>Lesiones faciales <\/li>\n\n\n\n<li>Esguinces de tobillo y mu\u00f1eca  <\/li>\n\n\n\n<li>Roturas y fracturas de huesos  <\/li>\n\n\n\n<li>Hinchaz\u00f3n  <\/li>\n\n\n\n<li>Cortes y contusiones  <\/li>\n<\/ul>\n\n\n\n<p>Si se resbala y se cae en Red Lobster, puede recibir una indemnizaci\u00f3n por el accidente y sus lesiones. Estos da\u00f1os incluyen:<\/p>\n\n\n\n<ul class=\"wp-block-list\">\n<li>Gastos m\u00e9dicos <\/li>\n\n\n\n<li>Salarios perdidos y salarios futuros  <\/li>\n\n\n\n<li>Dolor y sufrimiento <\/li>\n\n\n\n<li>Angustia emocional <\/li>\n\n\n\n<li>P\u00e9rdida de consorcio  <\/li>\n<\/ul>\n\n\n\n<p><strong>Qu\u00e9 hacer despu\u00e9s de un accidente de resbal\u00f3n y ca\u00edda en Red Lobster:<\/strong><\/p>\n\n\n\n<p>No se puede prever que se resbale y se caiga mientras cena en Red Lobster. Si se produce un accidente, es importante saber qu\u00e9 pasos hay que dar despu\u00e9s de la ca\u00edda. Entre ellos:  <\/p>\n\n\n\n<p>1. Obtenga atenci\u00f3n m\u00e9dica inmediatamente despu\u00e9s de su accidente. <\/p>\n\n\n\n<p>2. No haga ninguna declaraci\u00f3n ni firme ning\u00fan documento de ning\u00fan empleado o representante de Red Lobster. <\/p>\n\n\n\n<p>3. Documente todo lo relacionado con el accidente, incluyendo:<\/p>\n\n\n\n<ul class=\"wp-block-list\">\n<li>Fecha, hora y lugar de su resbal\u00f3n y ca\u00edda <\/li>\n\n\n\n<li>Detalles sobre su ca\u00edda <\/li>\n\n\n\n<li>Fotograf\u00edas de sus lesiones inmediatamente despu\u00e9s y d\u00edas despu\u00e9s de la ca\u00edda <\/li>\n\n\n\n<li>Nombres de los testigos, si es posible o si hay alguno <\/li>\n<\/ul>\n\n\n\n<p>4. Conserve todos los registros relativos a su ca\u00edda, incluidos los informes m\u00e9dicos y las facturas.  <\/p>\n\n\n\n<p><a href=\"https:\/\/www.steinberglawfirm.com\/contact-us\/\" target=\"_blank\" rel=\"noopener\">Contactar con un abogado<\/a> para llevar su caso y proteger sus derechos. Llame al Steinberg Law Firm al <a href=\"tel:1-843-720-2800\">(843) 720-2800<\/a> y contratar a un <a href=\"https:\/\/www.steinberglawfirm.com\" target=\"_blank\" rel=\"noopener\">South Carolina abogado de lesiones personales<\/a>.<\/p>","protected":false},"excerpt":{"rendered":"<p>\u00bfSe resbal\u00f3 y cay\u00f3 en Red Lobster? Deje que nuestros abogados le ayuden Red Lobster es un restaurante de comida casual que se especializa en mariscos. Tiene 705 locales en todo el mundo, incluyendo Charleston, South Carolina. Como restaurante de comida informal, Red Lobster ofrece servicio de mesa con camareros y camareras que llevan la comida y la bebida a la mesa del cliente....<\/p>","protected":false},"author":1,"featured_media":0,"parent":2281,"menu_order":0,"comment_status":"closed","ping_status":"closed","template":"","meta":{"_acf_changed":false,"footnotes":""},"class_list":["post-10137","page","type-page","status-publish","hentry"],"acf":[],"_links":{"self":[{"href":"https:\/\/steinberglawfirm-staging.clmcloud.app\/es\/wp-json\/wp\/v2\/pages\/10137"}],"collection":[{"href":"https:\/\/steinberglawfirm-staging.clmcloud.app\/es\/wp-json\/wp\/v2\/pages"}],"about":[{"href":"https:\/\/steinberglawfirm-staging.clmcloud.app\/es\/wp-json\/wp\/v2\/types\/page"}],"author":[{"embeddable":true,"href":"https:\/\/steinberglawfirm-staging.clmcloud.app\/es\/wp-json\/wp\/v2\/users\/1"}],"replies":[{"embeddable":true,"href":"https:\/\/steinberglawfirm-staging.clmcloud.app\/es\/wp-json\/wp\/v2\/comments?post=10137"}],"version-history":[{"count":3,"href":"https:\/\/steinberglawfirm-staging.clmcloud.app\/es\/wp-json\/wp\/v2\/pages\/10137\/revisions"}],"predecessor-version":[{"id":26921,"href":"https:\/\/steinberglawfirm-staging.clmcloud.app\/es\/wp-json\/wp\/v2\/pages\/10137\/revisions\/26921"}],"up":[{"embeddable":true,"href":"https:\/\/steinberglawfirm-staging.clmcloud.app\/es\/wp-json\/wp\/v2\/pages\/2281"}],"wp:attachment":[{"href":"https:\/\/steinberglawfirm-staging.clmcloud.app\/es\/wp-json\/wp\/v2\/media?parent=10137"}],"curies":[{"name":"wp","href":"https:\/\/api.w.org\/{rel}","templated":true}]}}