{"id":10134,"date":"2019-10-10T21:39:16","date_gmt":"2019-10-10T21:39:16","guid":{"rendered":"https:\/\/www.steinberglawfirm.com\/?page_id=10134"},"modified":"2023-08-21T19:08:17","modified_gmt":"2023-08-21T19:08:17","slug":"slip-and-fall-at-mcdonalds","status":"publish","type":"page","link":"https:\/\/steinberglawfirm-staging.clmcloud.app\/es\/lesiones-personales\/responsabilidad-civil-de-los-locales\/resbalones-y-caidas\/resbalon-y-caida-en-el-mcdonalds\/","title":{"rendered":"Resbal\u00f3n y ca\u00edda en McDonald's"},"content":{"rendered":"<h1 class=\"wp-block-heading\"><strong>\u00bfSe resbal\u00f3 y cay\u00f3 en McDonald's en Charleston, South Carolina? Deje que nuestros abogados le ayuden<\/strong><\/h1>\n\n\n\n<p>McDonald's es una de las mayores cadenas de restaurantes de comida r\u00e1pida del mundo y cuenta con m\u00e1s de 37.000 locales en todo el mundo. La cadena tiene varios locales en la zona de Charleston, South Carolina. Cada d\u00eda miles de clientes acuden a los locales de McDonald's en Charleston. Muchos clientes cenan en el interior de McDonald's, donde <a href=\"https:\/\/www.steinberglawfirm.com\/blog\/case-result-slip-fall-525000-south-carolina-restaurant-wet-floor\/\" target=\"_blank\" rel=\"noopener\">las bebidas y la comida pueden derramarse y caer al suelo<\/a>. Los empleados de McDonald's pueden no llegar a los derrames lo suficientemente r\u00e1pido como para limpiarlos antes de que un cliente resbale y caiga. Con un alto volumen de clientes en Charleston McDonald's el restaurante y sus empleados deben mantener las instalaciones seguras para cualquier peligro obvio o potencial. El incumplimiento de esta norma puede dar lugar a que McDonald's sea responsable del accidente por resbal\u00f3n y ca\u00edda de un cliente.   <\/p>\n\n\n\n<p>Si se ha lesionado mientras cenaba en McDonald's, llame al Steinberg Law Firm al <a href=\"tel:1-843-720-2800\">(843) 720-2800<\/a> para un <a href=\"https:\/\/www.steinberglawfirm.com\/free-consultation\/\" target=\"_blank\" rel=\"noopener\">consulta gratuita<\/a> con un experimentado <a href=\"https:\/\/www.steinberglawfirm.com\/practice-areas\/premises-liability\/slip-and-fall\/\" target=\"_blank\" rel=\"noopener\">South Carolina abogado de resbalones y ca\u00eddas<\/a>.<\/p>\n\n\n\n<p><strong>Lesiones por resbalones y ca\u00eddas de clientes en McDonald's en Charleston, South Carolina <\/strong><\/p>\n\n\n\n<p>El McDonald's de Charleston puede contener varias zonas de riesgo que pueden hacer que los clientes resbalen y se caigan. Los aparcamientos pueden tener trozos de hormig\u00f3n rotos y expuestos que pueden hacer que los clientes se caigan. Aunque no sea una opci\u00f3n para los empleados reparar el estacionamiento, pueden evitar que los clientes tengan acceso a las \u00e1reas da\u00f1adas. Los accidentes de resbalones y ca\u00eddas que ocurren en McDonald's pueden ocurrir debido a:<\/p>\n\n\n\n<ul class=\"wp-block-list\">\n<li>Basura y otros residuos en los pasillos <\/li>\n\n\n\n<li>Derrame de l\u00edquidos y ca\u00edda de alimentos  <\/li>\n\n\n\n<li>Hielo o nieve en el aparcamiento <\/li>\n\n\n\n<li>Mala iluminaci\u00f3n  <\/li>\n<\/ul>\n\n\n\n<p>Hay un <a href=\"https:\/\/www.steinberglawfirm.com\/articles\/injuries-associated-with-slip-and-fall-accidents\/\" class=\"wpil_internal_link\" target=\"_blank\" rel=\"noopener\">gran variedad de lesiones que puede sufrir si resbala y se cae<\/a> en McDonald's como:<\/p>\n\n\n\n<ul class=\"wp-block-list\">\n<li>Conmociones cerebrales  <\/li>\n\n\n\n<li>Lesiones de la espalda y de la m\u00e9dula espinal <\/li>\n\n\n\n<li>Esguinces de tobillo y mu\u00f1eca  <\/li>\n\n\n\n<li>Roturas y fracturas de huesos  <\/li>\n\n\n\n<li>Hinchaz\u00f3n  <\/li>\n\n\n\n<li>Cortes y contusiones  <\/li>\n<\/ul>\n\n\n\n<p>Si usted <a href=\"https:\/\/www.steinberglawfirm.com\/charleston\/slip-and-fall-accidents-lawyers\/\" class=\"wpil_internal_link\" target=\"_blank\" rel=\"noopener\">resbal\u00f3n y ca\u00edda en un McDonald's en Charleston,<\/a> South Carolina, puede recibir una indemnizaci\u00f3n por el accidente y sus lesiones. Estos da\u00f1os incluyen:<\/p>\n\n\n\n<ul class=\"wp-block-list\">\n<li>Gastos m\u00e9dicos <\/li>\n\n\n\n<li>Coste de la medicaci\u00f3n <\/li>\n\n\n\n<li>Salarios perdidos y salarios futuros  <\/li>\n\n\n\n<li>Dolor y sufrimiento <\/li>\n\n\n\n<li>Angustia emocional <\/li>\n\n\n\n<li>Terapia f\u00edsica y rehabilitaci\u00f3n  <\/li>\n<\/ul>\n\n\n\n<h2 class=\"wp-block-heading\"><strong>Qu\u00e9 hacer despu\u00e9s de un accidente de resbal\u00f3n y ca\u00edda en McDonald's:<\/strong><\/h2>\n\n\n\n<p>No es de esperar que te caigas mientras est\u00e1s en un McDonald's en Charleston. Sin embargo, es importante saber qu\u00e9 medidas hay que tomar despu\u00e9s de una ca\u00edda. Entre ellas se encuentran:<\/p>\n\n\n\n<p>1. Busque atenci\u00f3n m\u00e9dica inmediatamente despu\u00e9s de la ca\u00edda. <\/p>\n\n\n\n<p>2. No hagas ninguna declaraci\u00f3n ni firmes ning\u00fan documento de ning\u00fan empleado o representante de McDonald's. <\/p>\n\n\n\n<p>3. Documente todo lo relacionado con el accidente, incluyendo:<\/p>\n\n\n\n<ul class=\"wp-block-list\">\n<li>Fecha, hora y lugar de su resbal\u00f3n y ca\u00edda <\/li>\n\n\n\n<li>Detalles sobre su ca\u00edda <\/li>\n\n\n\n<li>Fotograf\u00edas de sus lesiones inmediatamente despu\u00e9s y d\u00edas despu\u00e9s de la ca\u00edda <\/li>\n\n\n\n<li>Nombres de los testigos, si es posible o si hay alguno<\/li>\n<\/ul>\n\n\n\n<p>4. Conserve todos los registros relativos a su ca\u00edda, incluidos los informes m\u00e9dicos y las facturas.  <\/p>\n\n\n\n<p>5. <a href=\"https:\/\/www.steinberglawfirm.com\/contact-us\/\" target=\"_blank\" rel=\"noopener\">Contactar con un abogado<\/a> para llevar su caso y proteger sus derechos. Llame al Steinberg Law Firm al <a href=\"tel:1-843-720-2800\">(843) 720-2800<\/a> y contrate a alguien con experiencia <a href=\"https:\/\/www.steinberglawfirm.com\" target=\"_blank\" rel=\"noopener\">South Carolina abogado de lesiones personales<\/a>.<\/p>","protected":false},"excerpt":{"rendered":"<p>\u00bfSe resbal\u00f3 y cay\u00f3 en McDonald's en Charleston, South Carolina? Deje que nuestros abogados le ayuden McDonald's es una de las cadenas de restaurantes de comida r\u00e1pida m\u00e1s grandes del mundo y tiene m\u00e1s de 37.000 locales en todo el mundo. La cadena tiene varios locales en el \u00e1rea de Charleston, South Carolina. Cada d\u00eda miles de clientes acuden a los locales de McDonald's en Charleston....<\/p>","protected":false},"author":1,"featured_media":0,"parent":2281,"menu_order":0,"comment_status":"closed","ping_status":"closed","template":"","meta":{"_acf_changed":false,"footnotes":""},"class_list":["post-10134","page","type-page","status-publish","hentry"],"acf":[],"_links":{"self":[{"href":"https:\/\/steinberglawfirm-staging.clmcloud.app\/es\/wp-json\/wp\/v2\/pages\/10134"}],"collection":[{"href":"https:\/\/steinberglawfirm-staging.clmcloud.app\/es\/wp-json\/wp\/v2\/pages"}],"about":[{"href":"https:\/\/steinberglawfirm-staging.clmcloud.app\/es\/wp-json\/wp\/v2\/types\/page"}],"author":[{"embeddable":true,"href":"https:\/\/steinberglawfirm-staging.clmcloud.app\/es\/wp-json\/wp\/v2\/users\/1"}],"replies":[{"embeddable":true,"href":"https:\/\/steinberglawfirm-staging.clmcloud.app\/es\/wp-json\/wp\/v2\/comments?post=10134"}],"version-history":[{"count":3,"href":"https:\/\/steinberglawfirm-staging.clmcloud.app\/es\/wp-json\/wp\/v2\/pages\/10134\/revisions"}],"predecessor-version":[{"id":26916,"href":"https:\/\/steinberglawfirm-staging.clmcloud.app\/es\/wp-json\/wp\/v2\/pages\/10134\/revisions\/26916"}],"up":[{"embeddable":true,"href":"https:\/\/steinberglawfirm-staging.clmcloud.app\/es\/wp-json\/wp\/v2\/pages\/2281"}],"wp:attachment":[{"href":"https:\/\/steinberglawfirm-staging.clmcloud.app\/es\/wp-json\/wp\/v2\/media?parent=10134"}],"curies":[{"name":"wp","href":"https:\/\/api.w.org\/{rel}","templated":true}]}}