{"id":10132,"date":"2019-10-10T21:33:55","date_gmt":"2019-10-10T21:33:55","guid":{"rendered":"https:\/\/www.steinberglawfirm.com\/?page_id=10132"},"modified":"2022-04-20T23:17:37","modified_gmt":"2022-04-20T23:17:37","slug":"slip-and-fall-at-mod-pizza","status":"publish","type":"page","link":"https:\/\/steinberglawfirm-staging.clmcloud.app\/es\/lesiones-personales\/responsabilidad-civil-de-los-locales\/resbalones-y-caidas\/resbalon-y-caida-en-la-pizza\/","title":{"rendered":"Resbal\u00f3n y ca\u00edda en MOD Pizza"},"content":{"rendered":"<h1 class=\"wp-block-heading\"><strong>\u00bfSe resbal\u00f3 y cay\u00f3 en MOD Pizza en Charleston, South Carolina? Deje que nuestros abogados le ayuden <\/strong><\/h1>\n\n\n\n<p>MOD Pizza es una pizzer\u00eda r\u00e1pida e informal con m\u00e1s de 400 locales, incluyendo un par de establecimientos en Charleston, South Carolina. Cuando los clientes cenan o llevan su comida, los l\u00edquidos y la comida pueden derramarse. Con la afluencia de clientes que entran y salen de MOD Pizza, la comida y la bebida en el suelo pueden pasar desapercibidas hasta que un cliente se resbala y cae sobre ellas. Si bien puede ser dif\u00edcil detectar un derrame tan pronto como se produce, MOD Pizza tiene el deber de mantener las instalaciones y mantenerlas libres de derrames y otros peligros potenciales. MOD Pizza puede ser responsable de un accidente de resbal\u00f3n y ca\u00edda de un cliente como resultado de su incumplimiento del deber de mantener un restaurante seguro.  <\/p>\n\n\n\n<p>Si se ha lesionado mientras cenaba en MOD Pizza, llame al Steinberg Law Firm al (843) 720-2800 para una <a href=\"https:\/\/www.steinberglawfirm.com\/free-consultation\/\" target=\"_blank\" rel=\"noopener\">consulta gratuita<\/a> con un experimentado <a href=\"https:\/\/www.steinberglawfirm.com\/practice-areas\/premises-liability\/slip-and-fall\/\" target=\"_blank\" rel=\"noopener\">South Carolina abogado de resbalones y ca\u00eddas<\/a>.<\/p>\n\n\n\n<p><strong>Lesiones por resbalones y ca\u00eddas de clientes en MOD Pizza en Charleston, South Carolina<\/strong><\/p>\n\n\n\n<p>Incluso cuando los accidentes de resbalones y ca\u00eddas no son fatales, las lesiones por ca\u00eddas pueden ser graves y resultar un inconveniente para la parte lesionada. Los accidentes de resbalones y ca\u00eddas en MOD Pizza son muy probablemente prevenibles y ocurren debido a la negligencia de sus empleados para mantener la limpieza y seguridad del restaurante. Las causas m\u00e1s comunes de los accidentes por resbalones y ca\u00eddas incluyen:<\/p>\n\n\n\n<ul class=\"wp-block-list\"><li>Trapear los pisos sin una se\u00f1al de advertencia  <\/li><li>L\u00edquidos y alimentos derramados <\/li><li>Restos de hielo o nieve <\/li><li>Suelos irregulares  <\/li><li>Barandillas rotas o sueltas  <\/li><\/ul>\n\n\n\n<p>Las lesiones por resbalones y ca\u00eddas van de leves a graves. Hay un <a href=\"https:\/\/www.steinberglawfirm.com\/blog\/i-slipped-and-fell-in-the-store-because-of-a-wet-floor-and-there-was-no-proper-warning-who-is-liable-for-my-injury-from-the-fall\/\" class=\"wpil_internal_link\" target=\"_blank\" rel=\"noopener\">gran variedad de lesiones que puede sufrir por un resbal\u00f3n y una ca\u00edda<\/a> en MOD Pizza, como:<\/p>\n\n\n\n<ul class=\"wp-block-list\"><li>Conmociones cerebrales  <\/li><li>Lesiones de la espalda y de la m\u00e9dula espinal <\/li><li>Esguinces de tobillo y mu\u00f1eca  <\/li><li>Roturas y fracturas de huesos  <\/li><li>Hinchaz\u00f3n  <\/li><li>Cortes y contusiones  <\/li><\/ul>\n\n\n\n<p>Si usted <a href=\"https:\/\/www.steinberglawfirm.com\/charleston\/slip-and-fall-accidents-lawyers\/\" class=\"wpil_internal_link\" target=\"_blank\" rel=\"noopener\">resbal\u00f3n y ca\u00edda en MOD Pizza en Charleston,<\/a> puede recibir una indemnizaci\u00f3n por el accidente y sus lesiones. Estos da\u00f1os incluyen:<\/p>\n\n\n\n<ul class=\"wp-block-list\"><li>Gastos m\u00e9dicos <\/li><li>Salarios perdidos y salarios futuros  <\/li><li>Dolor y sufrimiento <\/li><li>Angustia emocional <\/li><li>P\u00e9rdida de consorcio  <\/li><\/ul>\n\n\n\n<p><strong>Qu\u00e9 hacer despu\u00e9s de un accidente por resbal\u00f3n y ca\u00edda en MOD Pizza:<\/strong><\/p>\n\n\n\n<p>No se puede prever un accidente de resbal\u00f3n y ca\u00edda mientras se est\u00e1 cenando en MOD Pizza en Charleston. Sin embargo, si ocurre, es importante saber qu\u00e9 pasos hay que dar despu\u00e9s de la ca\u00edda. Entre ellas se encuentran:<\/p>\n\n\n\n<p>1. Busque atenci\u00f3n m\u00e9dica inmediatamente despu\u00e9s de la ca\u00edda. <\/p>\n\n\n\n<p>2. No haga ninguna declaraci\u00f3n ni firme ning\u00fan documento de ning\u00fan empleado o representante de MOD Pizza. <\/p>\n\n\n\n<p>3. Documente todo lo relacionado con el accidente, incluyendo:<\/p>\n\n\n\n<ul class=\"wp-block-list\"><li>Fecha, hora y lugar de su resbal\u00f3n y ca\u00edda <\/li><li>Detalles sobre su ca\u00edda <\/li><li>Fotograf\u00edas de sus lesiones inmediatamente despu\u00e9s y d\u00edas despu\u00e9s de la ca\u00edda <\/li><li>Nombres de los testigos, si es posible o si hay alguno<\/li><\/ul>\n\n\n\n<p>4. Conserve todos los registros relativos a su ca\u00edda, incluidos los informes m\u00e9dicos y las facturas.  <\/p>\n\n\n\n<p>5. <a href=\"https:\/\/www.steinberglawfirm.com\/contact-us\/\" target=\"_blank\" rel=\"noopener\">Contactar con un abogado<\/a> para manejar su caso y proteger sus derechos. Llame al Steinberg Law Firm al (843) 720-2800 y contrate a un experimentado <a href=\"https:\/\/www.steinberglawfirm.com\" target=\"_blank\" rel=\"noopener\">South Carolina abogado de lesiones personales<\/a>.<\/p>","protected":false},"excerpt":{"rendered":"<p>\u00bfSe resbal\u00f3 y cay\u00f3 en MOD Pizza en Charleston, South Carolina? Deje que nuestros abogados le ayuden MOD Pizza es una pizzer\u00eda r\u00e1pida e informal con m\u00e1s de 400 locales, incluyendo un par de establecimientos en Charleston, South Carolina. Cuando los clientes cenan o llevan su comida, los l\u00edquidos y los alimentos pueden derramarse. Con una afluencia de clientes en...<\/p>","protected":false},"author":1,"featured_media":0,"parent":2281,"menu_order":0,"comment_status":"closed","ping_status":"closed","template":"","meta":{"_acf_changed":false,"footnotes":""},"class_list":["post-10132","page","type-page","status-publish","hentry"],"acf":[],"_links":{"self":[{"href":"https:\/\/steinberglawfirm-staging.clmcloud.app\/es\/wp-json\/wp\/v2\/pages\/10132"}],"collection":[{"href":"https:\/\/steinberglawfirm-staging.clmcloud.app\/es\/wp-json\/wp\/v2\/pages"}],"about":[{"href":"https:\/\/steinberglawfirm-staging.clmcloud.app\/es\/wp-json\/wp\/v2\/types\/page"}],"author":[{"embeddable":true,"href":"https:\/\/steinberglawfirm-staging.clmcloud.app\/es\/wp-json\/wp\/v2\/users\/1"}],"replies":[{"embeddable":true,"href":"https:\/\/steinberglawfirm-staging.clmcloud.app\/es\/wp-json\/wp\/v2\/comments?post=10132"}],"version-history":[{"count":2,"href":"https:\/\/steinberglawfirm-staging.clmcloud.app\/es\/wp-json\/wp\/v2\/pages\/10132\/revisions"}],"predecessor-version":[{"id":20469,"href":"https:\/\/steinberglawfirm-staging.clmcloud.app\/es\/wp-json\/wp\/v2\/pages\/10132\/revisions\/20469"}],"up":[{"embeddable":true,"href":"https:\/\/steinberglawfirm-staging.clmcloud.app\/es\/wp-json\/wp\/v2\/pages\/2281"}],"wp:attachment":[{"href":"https:\/\/steinberglawfirm-staging.clmcloud.app\/es\/wp-json\/wp\/v2\/media?parent=10132"}],"curies":[{"name":"wp","href":"https:\/\/api.w.org\/{rel}","templated":true}]}}