{"id":10130,"date":"2019-10-10T21:29:26","date_gmt":"2019-10-10T21:29:26","guid":{"rendered":"https:\/\/www.steinberglawfirm.com\/?page_id=10130"},"modified":"2023-08-21T19:12:13","modified_gmt":"2023-08-21T19:12:13","slug":"slip-and-fall-at-wendys","status":"publish","type":"page","link":"https:\/\/steinberglawfirm-staging.clmcloud.app\/es\/lesiones-personales\/responsabilidad-civil-de-los-locales\/resbalones-y-caidas\/resbalon-y-caida-en-wendys\/","title":{"rendered":"Resbal\u00f3n y ca\u00edda en Wendy's"},"content":{"rendered":"<h1 class=\"wp-block-heading\"><strong>\u00bfSe resbal\u00f3 y cay\u00f3 en Wendy's en Charleston, South Carolina? Deje que nuestros abogados le ayuden <\/strong><\/h1>\n\n\n\n<p>Wendy's es un restaurante de comida r\u00e1pida con aproximadamente 6.700 establecimientos, la mayor\u00eda de ellos en Estados Unidos. De estos locales, casi 20 establecimientos Wendy's se encuentran en la zona Charleston, South Carolina. Cada local atiende a miles de clientes de forma regular.  Como los clientes entran y salen continuamente del edificio y de los locales, pueden producirse accidentes por resbalones y ca\u00eddas. Derrames, <a href=\"https:\/\/www.steinberglawfirm.com\/blog\/case-result-slip-fall-525000-south-carolina-restaurant-wet-floor\/\" target=\"_blank\" rel=\"noopener\">suelos mojados<\/a>Los empleados de Wendy's tienen la obligaci\u00f3n de reparar y limpiar cualquier suciedad en su local de comida r\u00e1pida. Los empleados de Wendy's tienen el deber de reparar y limpiar cualquier desorden en su local de comida r\u00e1pida. Con una afluencia de clientes, puede ser m\u00e1s dif\u00edcil para los empleados mantener las instalaciones y mantenerlas libres de peligros. Sin embargo, todos los locales de Wendy's en Charleston tienen el deber de proporcionar un cuidado razonable a sus clientes inspeccionando y reparando cualquier peligro en los establecimientos. Si un Wendy's en Charleston no cumple esta norma, puede provocar que un cliente sufra un accidente por resbal\u00f3n y ca\u00edda.   <\/p>\n\n\n\n<p>Si se ha lesionado mientras cenaba en Wendy's, llame al Steinberg Law Firm al <a href=\"tel:1-843-720-2800\">(843) 720-2800<\/a> para un <a href=\"https:\/\/www.steinberglawfirm.com\/free-consultation\/\" target=\"_blank\" rel=\"noopener\">consulta gratuita<\/a> con un experimentado <a href=\"https:\/\/www.steinberglawfirm.com\/practice-areas\/premises-liability\/slip-and-fall\/\" target=\"_blank\" rel=\"noopener\">South Carolina abogado de resbalones y ca\u00eddas<\/a>.<\/p>\n\n\n\n<p><strong>Lesiones por resbalones y ca\u00eddas de clientes en Wendy's en Charleston, South Carolina <\/strong><\/p>\n\n\n\n<p>Con muchos clientes en los locales de Wendy's en Charleston yendo y viniendo cada d\u00eda, el aparcamiento y los suelos del interior pueden desgastarse con el tiempo. Algunas partes del aparcamiento pueden romperse y llenarse de baches. O, el suelo dentro de un Wendy's puede desgastarse o romperse. Si los empleados de un Wendy's no reparan o mantienen el suelo, los clientes pueden resbalar y caer como resultado. Todos los locales de Wendy's en Charleston tienen la obligaci\u00f3n de asegurarse de que los locales son seguros frente a los peligros que conocen o deber\u00edan conocer. Las causas m\u00e1s comunes de los accidentes por resbalones y ca\u00eddas incluyen:<\/p>\n\n\n\n<ul class=\"wp-block-list\">\n<li>Suelos grasos <\/li>\n\n\n\n<li>Derrame de l\u00edquidos y ca\u00edda de alimentos <\/li>\n\n\n\n<li>Hielo o nieve en el aparcamiento o en las entradas <\/li>\n\n\n\n<li>Escaleras rotas <\/li>\n\n\n\n<li>Suelos reci\u00e9n fregados sin se\u00f1al de suelo mojado <\/li>\n<\/ul>\n\n\n\n<p>Un golpe y una ca\u00edda pueden dar lugar a una o varias de las siguientes lesiones:<\/p>\n\n\n\n<ul class=\"wp-block-list\">\n<li><a href=\"https:\/\/www.steinberglawfirm.com\/practice-areas\/serious-injury-cases\/traumatic-brain-injury\/\" class=\"wpil_internal_link\" target=\"_blank\" rel=\"noopener\">Lesi\u00f3n cerebral traum\u00e1tica (TBI)<\/a> <\/li>\n\n\n\n<li>Lesiones de la espalda y de la m\u00e9dula espinal <\/li>\n\n\n\n<li>Esguinces de tobillo y mu\u00f1eca  <\/li>\n\n\n\n<li>Roturas y fracturas de huesos  <\/li>\n\n\n\n<li>Hinchaz\u00f3n  <\/li>\n\n\n\n<li>Cortes y contusiones  <\/li>\n<\/ul>\n\n\n\n<p>Si usted <a href=\"https:\/\/www.steinberglawfirm.com\/articles\/injuries-associated-with-slip-and-fall-accidents\/\" class=\"wpil_internal_link\" target=\"_blank\" rel=\"noopener\">resbal\u00f3n y ca\u00edda en un Wendy's en Charleston puede recibir una indemnizaci\u00f3n por el accidente y sus lesiones.<\/a> La indemnizaci\u00f3n puede cubrir los da\u00f1os y perjuicios y los costes por:<\/p>\n\n\n\n<ul class=\"wp-block-list\">\n<li>Gastos m\u00e9dicos <\/li>\n\n\n\n<li>Coste de la medicaci\u00f3n <\/li>\n\n\n\n<li>Salarios perdidos y salarios futuros  <\/li>\n\n\n\n<li>Dolor y sufrimiento <\/li>\n\n\n\n<li>Angustia emocional <\/li>\n\n\n\n<li>Terapia f\u00edsica y rehabilitaci\u00f3n  <\/li>\n<\/ul>\n\n\n\n<p><strong>Qu\u00e9 hacer despu\u00e9s de un accidente de resbal\u00f3n y ca\u00edda en Wendy's:<\/strong><\/p>\n\n\n\n<p>No esperes <a href=\"https:\/\/www.steinberglawfirm.com\/charleston\/slip-and-fall-accidents-lawyers\/\" class=\"wpil_internal_link\" target=\"_blank\" rel=\"noopener\">resbalar y caer mientras est\u00e1s en un Wendy's en Charleston.<\/a> Si te resbalas y te caes, hay pasos importantes que debes seguir despu\u00e9s del accidente. Entre ellas se encuentran:<\/p>\n\n\n\n<p>1. Busque atenci\u00f3n m\u00e9dica inmediatamente despu\u00e9s de la ca\u00edda. <\/p>\n\n\n\n<p>2. No hagas ninguna declaraci\u00f3n ni firmes ning\u00fan documento de ning\u00fan empleado o representante de Wendy's. <\/p>\n\n\n\n<p>3. Documente todo lo relacionado con el accidente, incluyendo:<\/p>\n\n\n\n<ul class=\"wp-block-list\">\n<li>Fecha, hora y lugar de su resbal\u00f3n y ca\u00edda <\/li>\n\n\n\n<li>Detalles sobre su ca\u00edda <\/li>\n\n\n\n<li>Fotograf\u00edas de sus lesiones inmediatamente despu\u00e9s y d\u00edas despu\u00e9s de la ca\u00edda <\/li>\n\n\n\n<li>Nombres de los testigos, si es posible o si hay alguno <\/li>\n<\/ul>\n\n\n\n<p>4. Conserve todos los registros relativos a su ca\u00edda, incluidos los informes m\u00e9dicos y las facturas.  <\/p>\n\n\n\n<p>5. <a href=\"https:\/\/www.steinberglawfirm.com\/contact-us\/\" target=\"_blank\" rel=\"noopener\">Contactar con un abogado<\/a> para llevar su caso y proteger sus derechos. Llame al Steinberg Law Firm al <a href=\"tel:1-843-720-2800\">(843) 720-2800<\/a> y contrate a alguien con experiencia <a href=\"https:\/\/www.steinberglawfirm.com\" target=\"_blank\" rel=\"noopener\">South Carolina abogado de lesiones personales<\/a>. <\/p>","protected":false},"excerpt":{"rendered":"<p>\u00bfSe resbal\u00f3 y cay\u00f3 en Wendy's en Charleston, South Carolina? Deje que nuestros abogados le ayuden Wendy's es un restaurante de comida r\u00e1pida con aproximadamente 6,700 locales con la mayor\u00eda de ellos ubicados en los Estados Unidos. De estos lugares, casi 20 establecimientos de Wendy's est\u00e1n en el \u00e1rea de Charleston, South Carolina. Cada local sirve a miles de clientes...<\/p>","protected":false},"author":1,"featured_media":0,"parent":2281,"menu_order":0,"comment_status":"closed","ping_status":"closed","template":"","meta":{"_acf_changed":false,"footnotes":""},"class_list":["post-10130","page","type-page","status-publish","hentry"],"acf":[],"_links":{"self":[{"href":"https:\/\/steinberglawfirm-staging.clmcloud.app\/es\/wp-json\/wp\/v2\/pages\/10130"}],"collection":[{"href":"https:\/\/steinberglawfirm-staging.clmcloud.app\/es\/wp-json\/wp\/v2\/pages"}],"about":[{"href":"https:\/\/steinberglawfirm-staging.clmcloud.app\/es\/wp-json\/wp\/v2\/types\/page"}],"author":[{"embeddable":true,"href":"https:\/\/steinberglawfirm-staging.clmcloud.app\/es\/wp-json\/wp\/v2\/users\/1"}],"replies":[{"embeddable":true,"href":"https:\/\/steinberglawfirm-staging.clmcloud.app\/es\/wp-json\/wp\/v2\/comments?post=10130"}],"version-history":[{"count":3,"href":"https:\/\/steinberglawfirm-staging.clmcloud.app\/es\/wp-json\/wp\/v2\/pages\/10130\/revisions"}],"predecessor-version":[{"id":26924,"href":"https:\/\/steinberglawfirm-staging.clmcloud.app\/es\/wp-json\/wp\/v2\/pages\/10130\/revisions\/26924"}],"up":[{"embeddable":true,"href":"https:\/\/steinberglawfirm-staging.clmcloud.app\/es\/wp-json\/wp\/v2\/pages\/2281"}],"wp:attachment":[{"href":"https:\/\/steinberglawfirm-staging.clmcloud.app\/es\/wp-json\/wp\/v2\/media?parent=10130"}],"curies":[{"name":"wp","href":"https:\/\/api.w.org\/{rel}","templated":true}]}}